{"id":1999,"date":"2022-03-26T19:26:17","date_gmt":"2022-03-26T18:26:17","guid":{"rendered":"https:\/\/balkan-history.org\/neuigkeiten-neuigkeiten\/"},"modified":"2022-03-26T19:27:58","modified_gmt":"2022-03-26T18:27:58","slug":"neuigkeiten-neuigkeiten","status":"publish","type":"page","link":"https:\/\/balkan-history.org\/de\/neuigkeiten-neuigkeiten\/","title":{"rendered":"Neuigkeiten"},"content":{"rendered":"<p>[vc_section el_name=&#8221;Novosti&#8221;][vc_row full_width=&#8221;&#8221;][vc_column][vc_column_text]<\/p>\n<h4 class=\"title\">ZNATE LI \u0160TO SE DANAS OBILJE\u017dAVA? \u2018Dan spomena na hrvatske \u017ertve u borbi za slobodu i nezavisnost\u2019. Ne misli se na Domovinski rat<\/h4>\n<p>Zakon o blagdanima, spomendanima i neradnim danima je donesen jo\u0161 1996. godine, mijenjao se, ali ovaj spomendan nitko nije mijenjao.<\/p>\n<p>Pro\u010ditajte vi\u0161e na\u00a0<a href=\"https:\/\/net.hr\/danas\/hrvatska\/znate-li-sto-se-danas-obiljezava-dan-spomena-na-hrvatske-zrtve-u-borbi-za-slobodu-i-nezavisnost-i-ne-ne-misli-se-tu-na-domovinski-rat\/\" target=\"_blank\" rel=\"noopener\">net.hr<\/a>[\/vc_column_text][vc_separator color=&#8221;black&#8221;][vc_column_text]<\/p>\n<h4 class=\"article__title\">Komemoracija za Bleibur\u0161ku tragediju bit \u0107e na 3 lokacije: U Austriji, na Mirogoju i Udbini<\/h4>\n<p class=\"full\">Komemoracija u povodu 76. obljetnice Bleibur\u0161ke tragedije odr\u017eat \u0107e se na Bleibur\u0161kom polju u Austriji te na Mirogoju i Udbini uz po\u0161tivanje epidemiolo\u0161kih mjera, izvijestili su iz Po\u010dasnog bleibur\u0161kog voda (PBV).<\/p>\n<p>Pro\u010ditajte vi\u0161e na\u00a0<a href=\"https:\/\/www.24sata.hr\/news\/komemoracija-za-bleibursku-tragediju-bit-ce-na-3-lokacije-u-austriji-na-mirogoju-i-udbini-761427\" target=\"_blank\" rel=\"noopener\">24sata<\/a>[\/vc_column_text][vc_separator color=&#8221;black&#8221;][vc_column_text]<\/p>\n<h4 class=\"full\">Za\u0161to je Andreju Plenkovi\u0107u toliki problem slaviti pobjedu Hrvatske u Drugom svjetskom ratu<\/h4>\n<p class=\"full\">Hrvatska je jedina dr\u017eava na svijetu koja, u razmaku od nekoliko dana, obilje\u017eava pobjedu nad fa\u0161izmom i one koji su pali u obrani fa\u0161izma.<\/p>\n<p>Pro\u010ditajte vi\u0161e na\u00a0<a href=\"https:\/\/www.telegram.hr\/politika-kriminal\/zasto-je-andreju-plenkovicu-toliki-problem-slaviti-pobjedu-hrvatske-u-drugom-svjetskom-ratu\/\" target=\"_blank\" rel=\"noopener\">Telegram<\/a>[\/vc_column_text][vc_separator color=&#8221;black&#8221;][vc_column_text]<\/p>\n<h4>I ove \u0107e godine Hrvatski sabor biti pokrovitelj komemoracije \u017ertava Bleiburga<\/h4>\n<p>Kao i prija\u0161njih godina, Hrvatski sabor pokrovitelj je i ovogodi\u0161njeg obilje\u017eavanja sredi\u0161nje komemoracije \u017ertava Bleibur\u0161ke tragedije i Hrvatskog kri\u017enog puta, priop\u0107eno je iz Ureda predsjednika Sabora, Gordana Jandrokovi\u0107a.<\/p>\n<p>Pro\u010ditajte vi\u0161e na\u00a0<a href=\"https:\/\/hr.n1info.com\/vijesti\/i-ove-ce-godine-sabor-biti-pokrovitelj-komemoracije-zrtava-bleiburske-tragedije\/\" target=\"_blank\" rel=\"noopener\">N1<\/a>[\/vc_column_text][vc_separator color=&#8221;black&#8221;][vc_column_text]<\/p>\n<h4 class=\"article__title\">Sastanak u Saboru: Komemoracija za \u017ertve Bleibur\u0161ke tragedije 15. svibnja<\/h4>\n<p>Prema programu, predvi\u0111eno je polaganje vijenaca i molitva na Lojba\u0161kom polju kod Bleiburga u nazo\u010dnosti hrvatskog veleposlanika u Austriji, polaganje vijenaca i odavanje po\u010dasti \u017ertvama kod Sredi\u0161njeg kri\u017ea na zagreba\u010dkom groblju Mirogoj i sveta misa koja \u0107e se slu\u017eiti u Sveti\u0161tu hrvatskih mu\u010denika u Udbini, sukladno prijedlogu Hrvatske biskupske konferencije<\/p>\n<p>Pro\u010ditajte vi\u0161e na\u00a0<a href=\"https:\/\/www.vecernji.hr\/vijesti\/sastanak-u-saboru-komemoracija-za-zrtve-bleiburske-tragedije-15-svibnja-1484736\" target=\"_blank\" rel=\"noopener\">Ve\u010dernji list<\/a>[\/vc_column_text][vc_separator color=&#8221;black&#8221;][vc_column_text]<\/p>\n<h4 class=\"article__title\">Goldstein: Bleiburg i Jasenovac nisu isto; Hasanbegovi\u0107: Ovo \u0161to danas imamo je obezvrje\u0111ivanje \u017ertve<\/h4>\n<p>Ministrica Obuljen Kor\u017einek ustvrdila je kako treba raditi na\u00a0obrazovanju i njegovanju kulture sje\u0107anja<\/p>\n<p>Pro\u010ditajte vi\u0161e na\u00a0<a href=\"https:\/\/www.vecernji.hr\/vijesti\/goldstein-bleiburg-i-jasenovac-nisu-isto-hasanbegovic-ovo-sto-danas-imamo-je-obezvrjedivanje-zrtve-1486784\" target=\"_blank\" rel=\"noopener\">Ve\u010dernji list<\/a>[\/vc_column_text][vc_separator color=&#8221;black&#8221;][vc_column_text]<\/p>\n<h4>U Argentini objavljena nova knjiga o Bleiburgu<\/h4>\n<p>MiCarmen Vrlji\u010dak je jedina Hrvatica koja je primljena u Argentinsku akademiju znanosti i umjetnosti. Autorica je 15 knjiga, od kojih je polovica s hrvatskim temama, a i jedan njezin roman bio je bestseler u Argentini.<\/p>\n<p>Pro\u010ditajte vi\u0161e na\u00a0<a href=\"https:\/\/kamenjar.com\/u-argentini-objavljena-nova-knjiga-o-bleiburgu\/\" target=\"_blank\" rel=\"noopener\">Kamenjar.com<\/a>[\/vc_column_text][vc_separator color=&#8221;black&#8221;][vc_column_text]<\/p>\n<h4>Na Udbini 15. svibnja 2021. sredi\u0161nja komemoracija \u017ertava Bleibur\u0161ke tragedije<\/h4>\n<p>Predsjednik Hrvatskoga sabora Gordan Jandrokovi\u0107 odr\u017eao je 15. travnja u Zagrebu radni sastanak s predstavnicima Hrvatske biskupske konferencije i Po\u010dasnoga bleibur\u0161kog voda o obilje\u017eavanju sredi\u0161nje komemoracije \u017ertava Bleibur\u0161ke tragedije i Hrvatskoga kri\u017enog puta, priop\u0107eno je iz Hrvatskoga sabora.<\/p>\n<p>Pro\u010ditajte vi\u0161e na\u00a0<a href=\"https:\/\/gospicko-senjska-biskupija.hr\/vijesti\/detaljnije\/na-udbini-15.-svibnja-2021.-obiljezavanje-sredisnje-komemoracije-zrtava-ble\" target=\"_blank\" rel=\"noopener\">Gospi\u0107ko-senjska biskupija<\/a>[\/vc_column_text][vc_separator color=&#8221;black&#8221;][vc_column_text]<\/p>\n<h4>Jugoslavija<\/h4>\n<p>Iz Jugoslavije je proizi\u0161lo nekoliko samostalnih dr\u017eava: Hrvatska, Slovenija, Bosna i Hercegovina, Srbija, Crna Gora, Makedonija i Kosovo.<\/p>\n<p>Pro\u010ditajte vi\u0161e na\u00a0<a href=\"https:\/\/www.dw.com\/hr\/jugoslavija\/t-49518783\" target=\"_blank\" rel=\"noopener\">DW.com<\/a>[\/vc_column_text][vc_separator color=&#8221;black&#8221;][vc_column_text]<\/p>\n<h4 class=\"full\">Osamdeset godina kasnije, Hrvatska je jo\u0161 uvijek podijeljena oko NDH. Mi ne mo\u017eemo van iz ove politi\u010dke shizofrenije<\/h4>\n<p>Kako je mogu\u0107e da dobar dio na\u0161eg naroda, usprkos rasnim zakonima, koncentracijskim logorima i Hitleru i dalje ima pozitivne osje\u0107aje prema NDH? Rije\u010d je o pitanju koje sve do danas zna\u010dajno utje\u010de na hrvatski politi\u010dki \u017eivot, od svakodnevnih, lokalnih prijepora, do visoke dr\u017eavne politike<\/p>\n<p>Pro\u010ditajte vi\u0161e na\u00a0<a href=\"https:\/\/www.telegram.hr\/politika-kriminal\/osamdeset-godina-kasnije-hrvatska-je-jos-uvijek-podijeljena-oko-ndh-mi-ne-mozemo-van-iz-ove-politicke-shizofrenije\/\" target=\"_blank\" rel=\"noopener\">Telegram<\/a>[\/vc_column_text][vc_separator color=&#8221;black&#8221;][vc_column_text]<\/p>\n<h4 class=\"title g10\">Mjesec dana uo\u010di obljetnice u tijeku su pripreme za obilje\u017eavanje Bleibur\u0161ke tragedije<\/h4>\n<p>Uo\u010di obilje\u017eavanja Bleibur\u0161ke tragedije, predsjednik Hrvatskog sabora Gordan Jandrokovi\u0107 sastao se s predstavnicima Hrvatske biskupske konferencije i Po\u010dasnog bleibur\u0161kog voda.<\/p>\n<p>Pro\u010ditajte vi\u0161e na\u00a0<a href=\"https:\/\/dnevnik.hr\/vijesti\/hrvatska\/mjesec-dana-uoci-obljetnice-u-tijeku-su-pripreme-za-obiljezavanje-bleiburske-tragedije---648133.html\" target=\"_blank\" rel=\"noopener\">Dnevnik.hr<\/a>[\/vc_column_text][vc_separator color=&#8221;black&#8221;][vc_column_text]<\/p>\n<h4>Schatz: &#8220;The Usta\u0161a meeting in Bleiburg must finally be banned!&#8221;<\/h4>\n<p>Wien (OTS\/SK)\u00a0&#8211;\u00a0Wien (SK) Sabine Schatz, SP\u00d6-Sprecherin f\u00fcr Gedenkkultur, k\u00e4mpft seit Jahren f\u00fcr ein Verbot der Usta\u0161a-Veranstaltung in Bleiburg\/Pliberk, das als eines der gr\u00f6\u00dften Treffen von Faschisten und Neonazis in Europa gilt.<\/p>\n<p>Pro\u010ditajte vi\u0161e na\u00a0<a href=\"https:\/\/www.ots.at\/presseaussendung\/OTS_20210424_OTS0029\/schatz-ustaa-treffen-in-bleiburg-muss-endlich-untersagt-werden\" target=\"_blank\" rel=\"noopener\">Ots.at<\/a>[\/vc_column_text][vc_separator color=&#8221;black&#8221;][vc_column_text]<\/p>\n<h4>Kroatentreffen in Bleiburg: Stadt ruft Dialogtage ins Leben<\/h4>\n<p>Angesichts des sogenannten Kroatenteffens in Bleiburg, das in den vergangenen Jahren auch immer wieder rechtsextreme Teilnehmer angezogen hatte, ruft die Stadt die Bleiburger &#8220;Dialogtage&#8221; ins Leben. Wie die Verantwortlichen am Freitag bei einer Pressekonferenz sagten, soll dabei beleuchtet werden, wie man geschichtliche Ereignisse aufarbeitet, ohne sich politisch vereinnahmen zu lassen. Die dreit\u00e4gige Veranstaltung soll im Sp\u00e4tsommer stattfinden.<\/p>\n<p>Pro\u010ditajte vi\u0161e na\u00a0<a href=\"https:\/\/science.apa.at\/power-search\/9452589379051698667\" target=\"_blank\" rel=\"noopener\">Science.apa.at<\/a>[\/vc_column_text][vc_separator color=&#8221;black&#8221;][vc_column_text]<\/p>\n<h4 class=\"article-title\">Unklarheiten rund um Faschistentreffen in Bleiburg\/Pliberk<\/h4>\n<p>F\u00fcr gew\u00f6hnlich halten sich FP\u00d6-Politiker mit dem Begriff zur\u00fcck \u2013 doch selbst sie nennen die Teilnehmer und Teilnehmerinnen der Veranstaltung &#8220;Faschisten&#8221;. Allerdings betonen die Freiheitlichen, dass es sich dabei nur um &#8220;eine kleine Minderheit&#8221; der Besucher und Besucherinnen handle.<\/p>\n<p>Pro\u010ditajte vi\u0161e na\u00a0<a href=\"https:\/\/www.derstandard.at\/story\/2000126013689\/unklarheiten-rund-um-faschistentreffen-in-bleiburgpliberk\" target=\"_blank\" rel=\"noopener\">Derstandard.at<\/a>[\/vc_column_text][\/vc_column][\/vc_row][\/vc_section]<\/p>\n","protected":false},"excerpt":{"rendered":"<p>[vc_section el_name=&#8221;Novosti&#8221;][vc_row full_width=&#8221;&#8221;][vc_column][vc_column_text] ZNATE LI \u0160TO SE DANAS OBILJE\u017dAVA? \u2018Dan spomena na hrvatske \u017ertve u borbi za slobodu i nezavisnost\u2019. Ne misli se na Domovinski rat Zakon o blagdanima, spomendanima i neradnim danima je donesen jo\u0161 1996. godine, mijenjao se, ali ovaj spomendan nitko nije mijenjao. Pro\u010ditajte vi\u0161e na\u00a0net.hr[\/vc_column_text][vc_separator color=&#8221;black&#8221;][vc_column_text] Komemoracija za Bleibur\u0161ku tragediju bit [&hellip;]<\/p>\n","protected":false},"author":1,"featured_media":0,"parent":0,"menu_order":0,"comment_status":"closed","ping_status":"closed","template":"","meta":{"footnotes":""},"class_list":["post-1999","page","type-page","status-publish","hentry"],"_links":{"self":[{"href":"https:\/\/balkan-history.org\/de\/wp-json\/wp\/v2\/pages\/1999","targetHints":{"allow":["GET"]}}],"collection":[{"href":"https:\/\/balkan-history.org\/de\/wp-json\/wp\/v2\/pages"}],"about":[{"href":"https:\/\/balkan-history.org\/de\/wp-json\/wp\/v2\/types\/page"}],"author":[{"embeddable":true,"href":"https:\/\/balkan-history.org\/de\/wp-json\/wp\/v2\/users\/1"}],"replies":[{"embeddable":true,"href":"https:\/\/balkan-history.org\/de\/wp-json\/wp\/v2\/comments?post=1999"}],"version-history":[{"count":1,"href":"https:\/\/balkan-history.org\/de\/wp-json\/wp\/v2\/pages\/1999\/revisions"}],"predecessor-version":[{"id":2002,"href":"https:\/\/balkan-history.org\/de\/wp-json\/wp\/v2\/pages\/1999\/revisions\/2002"}],"wp:attachment":[{"href":"https:\/\/balkan-history.org\/de\/wp-json\/wp\/v2\/media?parent=1999"}],"curies":[{"name":"wp","href":"https:\/\/api.w.org\/{rel}","templated":true}]}}