{"id":2009,"date":"2022-03-28T14:52:03","date_gmt":"2022-03-28T12:52:03","guid":{"rendered":"https:\/\/balkan-history.org\/bleiburg\/"},"modified":"2022-03-29T23:46:24","modified_gmt":"2022-03-29T21:46:24","slug":"bleiburg","status":"publish","type":"page","link":"https:\/\/balkan-history.org\/de\/bleiburg\/","title":{"rendered":"Bleiburg"},"content":{"rendered":"<p>[vc_section el_name=&#8221;Text&#8221;][vc_row][vc_column][vc_column_text]Die Ereignisse vom Mai 1945 in Bleiburg werden noch heute viel diskutiert. Einige sehen diesen Moment, in dem das kroatische Volk sein brutalstes Leid erlebte, als das dunkelste Kapitel seiner Geschichte. Andere sehen darin eine exzessive Gewaltanwendung im Rachefeldzug der Siegerm\u00e4chte, wie sie im befreiten Europa in jenen Tagen des Jahres 1945 \u00fcblich war. Eine au\u00dfergerichtliche Bestrafung, ein Verbrechen oder Gerechtigkeit? Wer waren all die Menschen, die beim Massenmord nach der Kapitulation der Armee des Unabh\u00e4ngigen Staates Kroatien (Nezavisna Dr\u017eava Hrvatska, NDH) in Bleiburg umkamen? Was geschah wirklich in jenen Tagen und Wochen des Mai 1945?[\/vc_column_text][\/vc_column][\/vc_row][\/vc_section][vc_row full_width=&#8221;stretch_row_content_no_spaces&#8221; el_name=&#8221;Links&#8221; css=&#8221;.vc_custom_1619980608999{margin-top: 0px !important;}&#8221;][vc_column width=&#8221;1\/6&#8243; css=&#8221;.vc_custom_1525096300190{margin-bottom: 0px !important;}&#8221;]<style type=\"text\/css\">#ut_fancy_image_69debd5d56f48 .ut-fancy-image figcaption h3 { color: #ffffff; }#ut_fancy_image_69debd5d56f48 .ut-fancy-image { background: #141618; }#ut_fancy_image_69debd5d56f48.ut-fancy-image-wrap { margin-bottom: 0px; }<\/style><div id=\"ut_fancy_image_69debd5d56f48\" class=\"ut-fancy-image-wrap \"><a target=\"_self\" href=\"https:\/\/balkan-history.org\/de\/ndh\/\" ><figure class=\"ut-fancy-image\">\r\n        <img loading=\"lazy\" decoding=\"async\" data-adaptive-images=\"{&quot;300&quot;:&quot;https:\\\/\\\/balkan-history.org\\\/wp-content\\\/uploads\\\/2021\\\/05\\\/menu_img_01-300x169.png&quot;,&quot;500&quot;:&quot;https:\\\/\\\/balkan-history.org\\\/wp-content\\\/uploads\\\/2021\\\/05\\\/menu_img_01-500x281.png&quot;,&quot;750&quot;:&quot;https:\\\/\\\/balkan-history.org\\\/wp-content\\\/uploads\\\/2021\\\/05\\\/menu_img_01-750x422.png&quot;,&quot;1000&quot;:&quot;https:\\\/\\\/balkan-history.org\\\/wp-content\\\/uploads\\\/2021\\\/05\\\/menu_img_01-1000x562.png&quot;,&quot;1500&quot;:&quot;https:\\\/\\\/balkan-history.org\\\/wp-content\\\/uploads\\\/2021\\\/05\\\/menu_img_01-1500x843.png&quot;,&quot;2500&quot;:&quot;https:\\\/\\\/balkan-history.org\\\/wp-content\\\/uploads\\\/2021\\\/05\\\/menu_img_01-2500x1406.png&quot;}\" src=\"data:image\/svg+xml;charset=utf-8,%3Csvg xmlns%3D'http%3A%2F%2Fwww.w3.org%2F2000%2Fsvg' viewBox%3D'0 0 1500 843'%2F%3E\" width=\"1500\" height=\"843\" data-src=\"https:\/\/balkan-history.org\/wp-content\/uploads\/2021\/05\/menu_img_01-1500x843.png\" data-image-id=\"1122\" class=\"ut-adaptive-image wp-post-image skip-lazy \">\r\n\r\n        <figcaption><h3>1. NDH<\/h3><\/figcaption><\/figure><\/a><\/div>[\/vc_column][vc_column width=&#8221;1\/6&#8243;]<style type=\"text\/css\">#ut_fancy_image_69debd5d5d14f .ut-fancy-image figcaption h3 { color: #ffffff; }#ut_fancy_image_69debd5d5d14f .ut-fancy-image { background: #141618; }#ut_fancy_image_69debd5d5d14f.ut-fancy-image-wrap { margin-bottom: 0px; }<\/style><div id=\"ut_fancy_image_69debd5d5d14f\" class=\"ut-fancy-image-wrap \"><a target=\"_self\" href=\"https:\/\/balkan-history.org\/de\/zagreb-bis-bleiburg\/\" ><figure class=\"ut-fancy-image\">\r\n        <img loading=\"lazy\" decoding=\"async\" data-adaptive-images=\"{&quot;300&quot;:&quot;https:\\\/\\\/balkan-history.org\\\/wp-content\\\/uploads\\\/2021\\\/05\\\/menu_img_02-300x169.png&quot;,&quot;500&quot;:&quot;https:\\\/\\\/balkan-history.org\\\/wp-content\\\/uploads\\\/2021\\\/05\\\/menu_img_02-500x281.png&quot;,&quot;750&quot;:&quot;https:\\\/\\\/balkan-history.org\\\/wp-content\\\/uploads\\\/2021\\\/05\\\/menu_img_02-750x422.png&quot;,&quot;1000&quot;:&quot;https:\\\/\\\/balkan-history.org\\\/wp-content\\\/uploads\\\/2021\\\/05\\\/menu_img_02-1000x562.png&quot;,&quot;1500&quot;:&quot;https:\\\/\\\/balkan-history.org\\\/wp-content\\\/uploads\\\/2021\\\/05\\\/menu_img_02-1500x843.png&quot;,&quot;2500&quot;:&quot;https:\\\/\\\/balkan-history.org\\\/wp-content\\\/uploads\\\/2021\\\/05\\\/menu_img_02-2500x1406.png&quot;}\" src=\"data:image\/svg+xml;charset=utf-8,%3Csvg xmlns%3D'http%3A%2F%2Fwww.w3.org%2F2000%2Fsvg' viewBox%3D'0 0 1500 843'%2F%3E\" width=\"1500\" height=\"843\" data-src=\"https:\/\/balkan-history.org\/wp-content\/uploads\/2021\/05\/menu_img_02-1500x843.png\" data-image-id=\"1126\" class=\"ut-adaptive-image wp-post-image skip-lazy \">\r\n\r\n        <figcaption><h3>2. ZAGREB BIS BLEIBURG<\/h3><\/figcaption><\/figure><\/a><\/div>[\/vc_column][vc_column width=&#8221;1\/6&#8243; css=&#8221;.vc_custom_1525096293340{margin-bottom: 0px !important;}&#8221;]<style type=\"text\/css\">#ut_fancy_image_69debd5d63031 .ut-fancy-image figcaption h3 { color: #ffffff; }#ut_fancy_image_69debd5d63031 .ut-fancy-image { background: #141618; }#ut_fancy_image_69debd5d63031.ut-fancy-image-wrap { margin-bottom: 0px; }<\/style><div id=\"ut_fancy_image_69debd5d63031\" class=\"ut-fancy-image-wrap \"><a target=\"_self\" href=\"https:\/\/balkan-history.org\/de\/kapitulation\/\" ><figure class=\"ut-fancy-image\">\r\n        <img loading=\"lazy\" decoding=\"async\" data-adaptive-images=\"{&quot;300&quot;:&quot;https:\\\/\\\/balkan-history.org\\\/wp-content\\\/uploads\\\/2021\\\/05\\\/menu_img_03-300x169.png&quot;,&quot;500&quot;:&quot;https:\\\/\\\/balkan-history.org\\\/wp-content\\\/uploads\\\/2021\\\/05\\\/menu_img_03-500x281.png&quot;,&quot;750&quot;:&quot;https:\\\/\\\/balkan-history.org\\\/wp-content\\\/uploads\\\/2021\\\/05\\\/menu_img_03-750x422.png&quot;,&quot;1000&quot;:&quot;https:\\\/\\\/balkan-history.org\\\/wp-content\\\/uploads\\\/2021\\\/05\\\/menu_img_03-1000x562.png&quot;,&quot;1500&quot;:&quot;https:\\\/\\\/balkan-history.org\\\/wp-content\\\/uploads\\\/2021\\\/05\\\/menu_img_03-1500x843.png&quot;,&quot;2500&quot;:&quot;https:\\\/\\\/balkan-history.org\\\/wp-content\\\/uploads\\\/2021\\\/05\\\/menu_img_03-2500x1406.png&quot;}\" src=\"data:image\/svg+xml;charset=utf-8,%3Csvg xmlns%3D'http%3A%2F%2Fwww.w3.org%2F2000%2Fsvg' viewBox%3D'0 0 1500 843'%2F%3E\" width=\"1500\" height=\"843\" data-src=\"https:\/\/balkan-history.org\/wp-content\/uploads\/2021\/05\/menu_img_03-1500x843.png\" data-image-id=\"1130\" class=\"ut-adaptive-image wp-post-image skip-lazy \">\r\n\r\n        <figcaption><h3>3. KAPITULATION<\/h3><\/figcaption><\/figure><\/a><\/div>[\/vc_column][vc_column width=&#8221;1\/6&#8243;]<style type=\"text\/css\">#ut_fancy_image_69debd5d6c6b3 .ut-fancy-image figcaption h3 { color: #ffffff; }#ut_fancy_image_69debd5d6c6b3 .ut-fancy-image { background: #141618; }#ut_fancy_image_69debd5d6c6b3.ut-fancy-image-wrap { margin-bottom: 0px; }<\/style><div id=\"ut_fancy_image_69debd5d6c6b3\" class=\"ut-fancy-image-wrap \"><a target=\"_self\" href=\"https:\/\/balkan-history.org\/de\/massentoetungen\/\" ><figure class=\"ut-fancy-image\">\r\n        <img loading=\"lazy\" decoding=\"async\" data-adaptive-images=\"{&quot;300&quot;:&quot;https:\\\/\\\/balkan-history.org\\\/wp-content\\\/uploads\\\/2021\\\/05\\\/menu_img_04-300x169.png&quot;,&quot;500&quot;:&quot;https:\\\/\\\/balkan-history.org\\\/wp-content\\\/uploads\\\/2021\\\/05\\\/menu_img_04-500x281.png&quot;,&quot;750&quot;:&quot;https:\\\/\\\/balkan-history.org\\\/wp-content\\\/uploads\\\/2021\\\/05\\\/menu_img_04-750x422.png&quot;,&quot;1000&quot;:&quot;https:\\\/\\\/balkan-history.org\\\/wp-content\\\/uploads\\\/2021\\\/05\\\/menu_img_04-1000x562.png&quot;,&quot;1500&quot;:&quot;https:\\\/\\\/balkan-history.org\\\/wp-content\\\/uploads\\\/2021\\\/05\\\/menu_img_04-1500x843.png&quot;,&quot;2500&quot;:&quot;https:\\\/\\\/balkan-history.org\\\/wp-content\\\/uploads\\\/2021\\\/05\\\/menu_img_04-2500x1406.png&quot;}\" src=\"data:image\/svg+xml;charset=utf-8,%3Csvg xmlns%3D'http%3A%2F%2Fwww.w3.org%2F2000%2Fsvg' viewBox%3D'0 0 1500 843'%2F%3E\" width=\"1500\" height=\"843\" data-src=\"https:\/\/balkan-history.org\/wp-content\/uploads\/2021\/05\/menu_img_04-1500x843.png\" data-image-id=\"1134\" class=\"ut-adaptive-image wp-post-image skip-lazy \">\r\n\r\n        <figcaption><h3>4. MASSENT\u00d6TUNGEN<\/h3><\/figcaption><\/figure><\/a><\/div>[\/vc_column][vc_column width=&#8221;1\/6&#8243;]<style type=\"text\/css\">#ut_fancy_image_69debd5d7159c .ut-fancy-image figcaption h3 { color: #ffffff; }#ut_fancy_image_69debd5d7159c .ut-fancy-image { background: #141618; }#ut_fancy_image_69debd5d7159c.ut-fancy-image-wrap { margin-bottom: 0px; }<\/style><div id=\"ut_fancy_image_69debd5d7159c\" class=\"ut-fancy-image-wrap \"><a target=\"_self\" href=\"https:\/\/balkan-history.org\/de\/der-kreuzweg\/\" ><figure class=\"ut-fancy-image\">\r\n        <img loading=\"lazy\" decoding=\"async\" data-adaptive-images=\"{&quot;300&quot;:&quot;https:\\\/\\\/balkan-history.org\\\/wp-content\\\/uploads\\\/2021\\\/05\\\/menu_img_05-300x169.png&quot;,&quot;500&quot;:&quot;https:\\\/\\\/balkan-history.org\\\/wp-content\\\/uploads\\\/2021\\\/05\\\/menu_img_05-500x281.png&quot;,&quot;750&quot;:&quot;https:\\\/\\\/balkan-history.org\\\/wp-content\\\/uploads\\\/2021\\\/05\\\/menu_img_05-750x422.png&quot;,&quot;1000&quot;:&quot;https:\\\/\\\/balkan-history.org\\\/wp-content\\\/uploads\\\/2021\\\/05\\\/menu_img_05-1000x562.png&quot;,&quot;1500&quot;:&quot;https:\\\/\\\/balkan-history.org\\\/wp-content\\\/uploads\\\/2021\\\/05\\\/menu_img_05-1500x843.png&quot;,&quot;2500&quot;:&quot;https:\\\/\\\/balkan-history.org\\\/wp-content\\\/uploads\\\/2021\\\/05\\\/menu_img_05-2500x1406.png&quot;}\" src=\"data:image\/svg+xml;charset=utf-8,%3Csvg xmlns%3D'http%3A%2F%2Fwww.w3.org%2F2000%2Fsvg' viewBox%3D'0 0 1500 843'%2F%3E\" width=\"1500\" height=\"843\" data-src=\"https:\/\/balkan-history.org\/wp-content\/uploads\/2021\/05\/menu_img_05-1500x843.png\" data-image-id=\"1138\" class=\"ut-adaptive-image wp-post-image skip-lazy \">\r\n\r\n        <figcaption><h3>5. DER KREUZWEG<\/h3><\/figcaption><\/figure><\/a><\/div>[\/vc_column][vc_column width=&#8221;1\/6&#8243;]<style type=\"text\/css\">#ut_fancy_image_69debd5d77507 .ut-fancy-image figcaption h3 { color: #ffffff; }#ut_fancy_image_69debd5d77507 .ut-fancy-image { background: #141618; }#ut_fancy_image_69debd5d77507.ut-fancy-image-wrap { margin-bottom: 0px; }<\/style><div id=\"ut_fancy_image_69debd5d77507\" class=\"ut-fancy-image-wrap \"><a target=\"_self\" href=\"https:\/\/balkan-history.org\/de\/kontroversen\/\" ><figure class=\"ut-fancy-image\">\r\n        <img loading=\"lazy\" decoding=\"async\" data-adaptive-images=\"{&quot;300&quot;:&quot;https:\\\/\\\/balkan-history.org\\\/wp-content\\\/uploads\\\/2021\\\/05\\\/menu_img_01-300x169.png&quot;,&quot;500&quot;:&quot;https:\\\/\\\/balkan-history.org\\\/wp-content\\\/uploads\\\/2021\\\/05\\\/menu_img_01-500x281.png&quot;,&quot;750&quot;:&quot;https:\\\/\\\/balkan-history.org\\\/wp-content\\\/uploads\\\/2021\\\/05\\\/menu_img_01-750x422.png&quot;,&quot;1000&quot;:&quot;https:\\\/\\\/balkan-history.org\\\/wp-content\\\/uploads\\\/2021\\\/05\\\/menu_img_01-1000x562.png&quot;,&quot;1500&quot;:&quot;https:\\\/\\\/balkan-history.org\\\/wp-content\\\/uploads\\\/2021\\\/05\\\/menu_img_01-1500x843.png&quot;,&quot;2500&quot;:&quot;https:\\\/\\\/balkan-history.org\\\/wp-content\\\/uploads\\\/2021\\\/05\\\/menu_img_01-2500x1406.png&quot;}\" src=\"data:image\/svg+xml;charset=utf-8,%3Csvg xmlns%3D'http%3A%2F%2Fwww.w3.org%2F2000%2Fsvg' viewBox%3D'0 0 1500 843'%2F%3E\" width=\"1500\" height=\"843\" data-src=\"https:\/\/balkan-history.org\/wp-content\/uploads\/2021\/05\/menu_img_01-1500x843.png\" data-image-id=\"1122\" class=\"ut-adaptive-image wp-post-image skip-lazy \">\r\n\r\n        <figcaption><h3>6. KONTROVERSEN<\/h3><\/figcaption><\/figure><\/a><\/div>[\/vc_column][\/vc_row][vc_section][vc_row][vc_column][vc_column_text]<\/p>\n<p style=\"text-align: center;\"><a href=\"https:\/\/balkan-history.org\/de\/ndh\/\">N\u00c4CHSTE &gt;<\/a><\/p>\n<p>[\/vc_column_text][\/vc_column][\/vc_row][\/vc_section][vc_section css=&#8221;.vc_custom_1525220216628{background-color: #353234 !important;background-position: center !important;background-repeat: no-repeat !important;background-size: cover !important;}&#8221; el_name=&#8221;Social Section&#8221;][vc_row el_name=&#8221;Social Title&#8221;][vc_column]<div class=\"wpb_content_element \"><style type=\"text\/css\">#ut_header_69debd5d7d347 h2.section-title, #ut_header_69debd5d7d347 h2.section-title span { color:#ffffff; }#ut_header_69debd5d7d347 h2.section-title { font-size:50px !important;letter-spacing:-0.02em; }#ut_header_69debd5d7d347 .lead { color:rgba(255, 255, 255, 0.5); }#ut_header_69debd5d7d347 .lead p { color:rgba(255, 255, 255, 0.5); }<\/style><header id=\"ut_header_69debd5d7d347\" class=\"section-header  ut-no-title-linebreak-mobile ut-no-lead-linebreak-mobile pt-style-7 header-center header-tablet-center header-mobile-center\"><h2 data-title=\"Lassen Sie uns vernetzen\"  data-responsive-font=\"section_title\" data-responsive-font-settings=\"{&quot;base-font-size&quot;:&quot;global&quot;,&quot;font-size&quot;:{&quot;desktop_large&quot;:&quot;50&quot;},&quot;base-line-height&quot;:&quot;global&quot;,&quot;base-letter-spacing&quot;:&quot;global&quot;,&quot;letter-spacing&quot;:{&quot;desktop_large&quot;:&quot;-0.02&quot;}}\" class=\"section-title  \"><span>Lassen Sie uns vernetzen<\/span><\/h2><div data-delay=\"0\" class=\"lead \"><p>Verbinden Sie sich mit uns \u00fcber die sozialen Netzwerke<\/p>\n<\/div><\/header><\/div><div class=\"wpb_content_element \"><style class=\"bklyn-inline-styles\" type=\"text\/css\">#ut_sf_69debd5d81925 li a i { color: rgba(204,173,143,0.5); }#ut_sf_69debd5d81925 li a:hover i { color: #ccad8f; }#ut_sf_69debd5d81925 li a:focus i { color: #ccad8f; }#ut_sf_69debd5d81925 { font-size: 30px; }<\/style><ul id=\"ut_sf_69debd5d81925\" class=\"ut-social-follow-module  ut-social-follow-module-center ut-social-follow-module-tablet-center ut-social-follow-module-mobile-center ut-social-follow-module-20\" data-settings=\"{&quot;animate&quot;:false,&quot;effect&quot;:&quot;&quot;,&quot;delay_animation&quot;:false,&quot;global_delay_animation&quot;:false,&quot;delay_timer&quot;:100,&quot;global_delay_timer&quot;:100}\"><li  class=\"ut-social-follow-0 ut-social-follow-icon-only \"><a class=\"ut-social-follow-link\" title=\"\" href=\"https:\/\/www.facebook.com\/Bleiburg-%C4%8Dinjenice-i-interpretacije-107580081471610\" target=\" _blank\" ><i class=\"fa fa-facebook-square\"><\/i><\/a><\/li><\/ul><\/div>[\/vc_column][\/vc_row][\/vc_section]<\/p>\n","protected":false},"excerpt":{"rendered":"<p>[vc_section el_name=&#8221;Text&#8221;][vc_row][vc_column][vc_column_text]Die Ereignisse vom Mai 1945 in Bleiburg werden noch heute viel diskutiert. Einige sehen diesen Moment, in dem das kroatische Volk sein brutalstes Leid erlebte, als das dunkelste Kapitel seiner Geschichte. Andere sehen darin eine exzessive Gewaltanwendung im Rachefeldzug der Siegerm\u00e4chte, wie sie im befreiten Europa in jenen Tagen des Jahres 1945 \u00fcblich war. [&hellip;]<\/p>\n","protected":false},"author":1,"featured_media":0,"parent":0,"menu_order":0,"comment_status":"closed","ping_status":"closed","template":"","meta":{"footnotes":""},"class_list":["post-2009","page","type-page","status-publish","hentry"],"_links":{"self":[{"href":"https:\/\/balkan-history.org\/de\/wp-json\/wp\/v2\/pages\/2009","targetHints":{"allow":["GET"]}}],"collection":[{"href":"https:\/\/balkan-history.org\/de\/wp-json\/wp\/v2\/pages"}],"about":[{"href":"https:\/\/balkan-history.org\/de\/wp-json\/wp\/v2\/types\/page"}],"author":[{"embeddable":true,"href":"https:\/\/balkan-history.org\/de\/wp-json\/wp\/v2\/users\/1"}],"replies":[{"embeddable":true,"href":"https:\/\/balkan-history.org\/de\/wp-json\/wp\/v2\/comments?post=2009"}],"version-history":[{"count":3,"href":"https:\/\/balkan-history.org\/de\/wp-json\/wp\/v2\/pages\/2009\/revisions"}],"predecessor-version":[{"id":2037,"href":"https:\/\/balkan-history.org\/de\/wp-json\/wp\/v2\/pages\/2009\/revisions\/2037"}],"wp:attachment":[{"href":"https:\/\/balkan-history.org\/de\/wp-json\/wp\/v2\/media?parent=2009"}],"curies":[{"name":"wp","href":"https:\/\/api.w.org\/{rel}","templated":true}]}}