{"id":2012,"date":"2022-03-28T15:04:18","date_gmt":"2022-03-28T13:04:18","guid":{"rendered":"https:\/\/balkan-history.org\/ndh\/"},"modified":"2022-03-29T23:58:19","modified_gmt":"2022-03-29T21:58:19","slug":"ndh","status":"publish","type":"page","link":"https:\/\/balkan-history.org\/de\/ndh\/","title":{"rendered":"NDH"},"content":{"rendered":"<p>[vc_section el_name=&#8221;Text area&#8221; css=&#8221;.vc_custom_1619646517248{background-color: rgba(189, 187, 187, 0.58) !important;*background-color: rgba(189,187, 187, 0.58) !important;}&#8221;][vc_row][vc_column][vc_column_text]<\/p>\n<h3><strong>NDH, 10. April 1941 &#8211; Mai 1945<\/strong><\/h3>\n<p><img loading=\"lazy\" decoding=\"async\" class=\"alignleft wp-image-1348\" src=\"https:\/\/balkan-history.org\/wp-content\/uploads\/2021\/05\/point_big.png\" alt=\"\" width=\"15\" height=\"15\" \/><\/p>\n<p>Der Beitritt des K\u00f6nigreichs Jugoslawien zum Dreim\u00e4chtepakt von Deutschland, Italien und Japan f\u00fchrte zu Massenprotesten in Belgrad und einem Staatsstreich (am 27. M\u00e4rz 1941). Dies durchkreuzte Adolf Hitlers Pl\u00e4ne, in die UdSSR einzumarschieren, weswegen er am 6. April 1941 einen Angriff auf Jugoslawien startete. Am Vorabend des Angriffs vereinbarte Hitler mit seinem Verb\u00fcndeten Benito Mussolini, dass ein Teil des Territoriums des eroberten K\u00f6nigreichs zur Gr\u00fcndung eines Marionettenstaates verwendet werden sollte. Dieser sollte trotz seiner proklamierten Unabh\u00e4ngigkeit gerade vom Dritten Reich und dem faschistischen Italien stark abh\u00e4ngig sein.[\/vc_column_text][vc_column_text]<\/p>\n<div id=\"attachment_1034\" style=\"width: 650px\" class=\"wp-caption alignnone\"><img loading=\"lazy\" decoding=\"async\" aria-describedby=\"caption-attachment-1034\" class=\"wp-image-1032 size-full\" src=\"https:\/\/balkan-history.org\/wp-content\/uploads\/2021\/05\/Slika-10-Balkans-map-source-USHMM.gif\" alt=\"\" width=\"640\" height=\"420\" \/><p id=\"caption-attachment-1034\" class=\"wp-caption-text\">Izvor: <a href=\"https:\/\/encyclopedia.ushmm.org\/content\/en\/map\/invasion-of-the-balkans-april-1941\">U.S. Holocaust Memorial Museum<\/a><\/p><\/div>\n<p>[\/vc_column_text][vc_column_text]<img loading=\"lazy\" decoding=\"async\" class=\"alignleft wp-image-1348\" src=\"https:\/\/balkan-history.org\/wp-content\/uploads\/2021\/05\/point_big.png\" alt=\"\" width=\"15\" height=\"15\" \/><\/p>\n<p>Dementsprechend wurde am 10. April 1941 das Gebiet der heutigen Staaten Kroatien sowie Bosnien und Herzegowina in den neu gegr\u00fcndeten Unabh\u00e4ngigen Staat Kroatien (NDH) eingegliedert. Hitler und Mussolini installierten die Usta\u0161e-Bewegung an der Spitze des neuen Staates: eine kroatische nationalistische und separatistische Organisation unter der F\u00fchrung von Ante Paveli\u0107, der 1934 durch die Organisation des Attentats auf K\u00f6nig Alexander von Jugoslawien in Marseille die Aufmerksamkeit der europ\u00e4ischen \u00d6ffentlichkeit auf sich gezogen hatte. Unmittelbar nach der Macht\u00fcbernahme machte sich das Usta\u0161e-Regime daran, eine Gesellschaft zu errichten, die Serben, Juden und Roma als ethnisch, rassisch und religi\u00f6s unerw\u00fcnscht erkl\u00e4rte. Diese gesellschaftlichen Gruppen wurden brutalen Repressionen unterworfen, einschlie\u00dflich verschiedener Arten von Einschr\u00e4nkungen, Verfolgung, Inhaftierung in Konzentrationslagern und Massenmord.[\/vc_column_text][vc_column_text css=&#8221;.vc_custom_1620198096624{margin-bottom: 0px !important;border-bottom-width: 0px !important;padding-bottom: 0px !important;}&#8221;]<img loading=\"lazy\" decoding=\"async\" class=\"alignnone wp-image-1039 size-full\" src=\"https:\/\/balkan-history.org\/wp-content\/uploads\/2021\/05\/Slika-11.jpeg\" alt=\"\" width=\"700\" height=\"394\" \/>[\/vc_column_text][vc_column_text css=&#8221;.vc_custom_1648472833970{margin-top: -5px !important;border-top-width: 0px !important;padding-top: 0px !important;}&#8221;]<\/p>\n<p class=\"p1\"><em>Ante Paveli\u0107 bei einem Besuch bei Adolf Hitler, 7. Juni 1941<\/em><\/p>\n<p>[\/vc_column_text][vc_column_text]<img loading=\"lazy\" decoding=\"async\" class=\"alignleft wp-image-1348\" src=\"https:\/\/balkan-history.org\/wp-content\/uploads\/2021\/05\/point_big.png\" alt=\"\" width=\"15\" height=\"15\" \/><\/p>\n<p>Gegen Ende Juni 1941 entstand auf dem Gebiet der NDH eine antifaschistische Partisanenbewegung, die in den folgenden Jahren immer mehr an St\u00e4rke gewinnen sollte, vor allem nach der Kapitulation Italiens 1943, als sich die Bev\u00f6lkerung Dalmatiens dieser Bewegung massenhaft anschloss. Das Ziel der Partisanenbewegung, die von Josip Broz Tito, dem Generalsekret\u00e4r der Kommunistischen Partei Jugoslawiens, angef\u00fchrt wurde, war es, die Besatzungstruppen und ihre Kollaborateure aus dem Land zu vertreiben und anschlie\u00dfend einen neuen jugoslawischen Staat auf der Grundlage kommunistischer Prinzipien zu schaffen. Nach der Befreiung Belgrads Ende 1944 machte sich die Partisanenarmee, die im M\u00e4rz 1945 in Jugoslawische Armee (Jugoslavenska armija, JA) umbenannt wurde, daran, den Rest des Landes zu befreien. W\u00e4hrend des Fr\u00fchjahrs 1945 schrumpfte das vom Usta\u0161e-Regime kontrollierte Territorium von Tag zu Tag weiter. Eine weitere Folge des anhaltenden Vormarsches der jugoslawischen Armeeeinheiten war eine stetig wachsende Zahl von Fl\u00fcchtlingen, die aus Angst vor den Kommunisten ihre H\u00e4user verlie\u00dfen und in Richtung Zagreb flohen. Ende April 1945, als sich der Zweite Weltkrieg offensichtlich dem Ende zuneigte, war das Hauptproblem der milit\u00e4rischen und politischen F\u00fchrung der NDH auf folgendes Dilemma hinausgelaufen: die Hauptstadt verteidigen oder einfach gehen?[\/vc_column_text][\/vc_column][\/vc_row][\/vc_section][vc_row full_width=&#8221;stretch_row_content_no_spaces&#8221; el_name=&#8221;Links&#8221; css=&#8221;.vc_custom_1619980608999{margin-top: 0px !important;}&#8221;][vc_column width=&#8221;1\/5&#8243;]<style type=\"text\/css\">#ut_fancy_image_69e7a33c493e8 .ut-fancy-image figcaption h3 { color: #ffffff; }#ut_fancy_image_69e7a33c493e8 .ut-fancy-image { background: #141618; }#ut_fancy_image_69e7a33c493e8.ut-fancy-image-wrap { margin-bottom: 0px; }<\/style><div id=\"ut_fancy_image_69e7a33c493e8\" class=\"ut-fancy-image-wrap \"><a target=\"_self\" href=\"https:\/\/balkan-history.org\/de\/zagreb-bis-bleiburg\/\" ><figure class=\"ut-fancy-image\">\r\n        <img loading=\"lazy\" decoding=\"async\" data-adaptive-images=\"{&quot;300&quot;:&quot;https:\\\/\\\/balkan-history.org\\\/wp-content\\\/uploads\\\/2021\\\/05\\\/menu_img_01-300x169.png&quot;,&quot;500&quot;:&quot;https:\\\/\\\/balkan-history.org\\\/wp-content\\\/uploads\\\/2021\\\/05\\\/menu_img_01-500x281.png&quot;,&quot;750&quot;:&quot;https:\\\/\\\/balkan-history.org\\\/wp-content\\\/uploads\\\/2021\\\/05\\\/menu_img_01-750x422.png&quot;,&quot;1000&quot;:&quot;https:\\\/\\\/balkan-history.org\\\/wp-content\\\/uploads\\\/2021\\\/05\\\/menu_img_01-1000x562.png&quot;,&quot;1500&quot;:&quot;https:\\\/\\\/balkan-history.org\\\/wp-content\\\/uploads\\\/2021\\\/05\\\/menu_img_01-1500x843.png&quot;,&quot;2500&quot;:&quot;https:\\\/\\\/balkan-history.org\\\/wp-content\\\/uploads\\\/2021\\\/05\\\/menu_img_01-2500x1406.png&quot;}\" src=\"data:image\/svg+xml;charset=utf-8,%3Csvg xmlns%3D'http%3A%2F%2Fwww.w3.org%2F2000%2Fsvg' viewBox%3D'0 0 1500 843'%2F%3E\" width=\"1500\" height=\"843\" data-src=\"https:\/\/balkan-history.org\/wp-content\/uploads\/2021\/05\/menu_img_01-1500x843.png\" data-image-id=\"1122\" class=\"ut-adaptive-image wp-post-image skip-lazy \">\r\n\r\n        <figcaption><h3>2. ZAGREB BIS BLEIBURG<\/h3><\/figcaption><\/figure><\/a><\/div>[\/vc_column][vc_column width=&#8221;1\/5&#8243; css=&#8221;.vc_custom_1525096293340{margin-bottom: 0px !important;}&#8221;]<style type=\"text\/css\">#ut_fancy_image_69e7a33c52ad0 .ut-fancy-image figcaption h3 { color: #ffffff; }#ut_fancy_image_69e7a33c52ad0 .ut-fancy-image { background: #141618; }#ut_fancy_image_69e7a33c52ad0.ut-fancy-image-wrap { margin-bottom: 0px; }<\/style><div id=\"ut_fancy_image_69e7a33c52ad0\" class=\"ut-fancy-image-wrap \"><a target=\"_self\" href=\"https:\/\/balkan-history.org\/de\/kapitulation\/\" ><figure class=\"ut-fancy-image\">\r\n        <img loading=\"lazy\" decoding=\"async\" data-adaptive-images=\"{&quot;300&quot;:&quot;https:\\\/\\\/balkan-history.org\\\/wp-content\\\/uploads\\\/2021\\\/05\\\/menu_img_02-300x169.png&quot;,&quot;500&quot;:&quot;https:\\\/\\\/balkan-history.org\\\/wp-content\\\/uploads\\\/2021\\\/05\\\/menu_img_02-500x281.png&quot;,&quot;750&quot;:&quot;https:\\\/\\\/balkan-history.org\\\/wp-content\\\/uploads\\\/2021\\\/05\\\/menu_img_02-750x422.png&quot;,&quot;1000&quot;:&quot;https:\\\/\\\/balkan-history.org\\\/wp-content\\\/uploads\\\/2021\\\/05\\\/menu_img_02-1000x562.png&quot;,&quot;1500&quot;:&quot;https:\\\/\\\/balkan-history.org\\\/wp-content\\\/uploads\\\/2021\\\/05\\\/menu_img_02-1500x843.png&quot;,&quot;2500&quot;:&quot;https:\\\/\\\/balkan-history.org\\\/wp-content\\\/uploads\\\/2021\\\/05\\\/menu_img_02-2500x1406.png&quot;}\" src=\"data:image\/svg+xml;charset=utf-8,%3Csvg xmlns%3D'http%3A%2F%2Fwww.w3.org%2F2000%2Fsvg' viewBox%3D'0 0 1500 843'%2F%3E\" width=\"1500\" height=\"843\" data-src=\"https:\/\/balkan-history.org\/wp-content\/uploads\/2021\/05\/menu_img_02-1500x843.png\" data-image-id=\"1126\" class=\"ut-adaptive-image wp-post-image skip-lazy \">\r\n\r\n        <figcaption><h3>3. KAPITULATION<\/h3><\/figcaption><\/figure><\/a><\/div>[\/vc_column][vc_column width=&#8221;1\/5&#8243;]<style type=\"text\/css\">#ut_fancy_image_69e7a33c5c21a .ut-fancy-image figcaption h3 { color: #ffffff; }#ut_fancy_image_69e7a33c5c21a .ut-fancy-image { background: #141618; }#ut_fancy_image_69e7a33c5c21a.ut-fancy-image-wrap { margin-bottom: 0px; }<\/style><div id=\"ut_fancy_image_69e7a33c5c21a\" class=\"ut-fancy-image-wrap \"><a target=\"_self\" href=\"https:\/\/balkan-history.org\/de\/massentoetungen\/\" ><figure class=\"ut-fancy-image\">\r\n        <img loading=\"lazy\" decoding=\"async\" data-adaptive-images=\"{&quot;300&quot;:&quot;https:\\\/\\\/balkan-history.org\\\/wp-content\\\/uploads\\\/2021\\\/05\\\/menu_img_03-300x169.png&quot;,&quot;500&quot;:&quot;https:\\\/\\\/balkan-history.org\\\/wp-content\\\/uploads\\\/2021\\\/05\\\/menu_img_03-500x281.png&quot;,&quot;750&quot;:&quot;https:\\\/\\\/balkan-history.org\\\/wp-content\\\/uploads\\\/2021\\\/05\\\/menu_img_03-750x422.png&quot;,&quot;1000&quot;:&quot;https:\\\/\\\/balkan-history.org\\\/wp-content\\\/uploads\\\/2021\\\/05\\\/menu_img_03-1000x562.png&quot;,&quot;1500&quot;:&quot;https:\\\/\\\/balkan-history.org\\\/wp-content\\\/uploads\\\/2021\\\/05\\\/menu_img_03-1500x843.png&quot;,&quot;2500&quot;:&quot;https:\\\/\\\/balkan-history.org\\\/wp-content\\\/uploads\\\/2021\\\/05\\\/menu_img_03-2500x1406.png&quot;}\" src=\"data:image\/svg+xml;charset=utf-8,%3Csvg xmlns%3D'http%3A%2F%2Fwww.w3.org%2F2000%2Fsvg' viewBox%3D'0 0 1500 843'%2F%3E\" width=\"1500\" height=\"843\" data-src=\"https:\/\/balkan-history.org\/wp-content\/uploads\/2021\/05\/menu_img_03-1500x843.png\" data-image-id=\"1130\" class=\"ut-adaptive-image wp-post-image skip-lazy \">\r\n\r\n        <figcaption><h3>4. MASSENT\u00d6TUNGEN<\/h3><\/figcaption><\/figure><\/a><\/div>[\/vc_column][vc_column width=&#8221;1\/5&#8243;]<style type=\"text\/css\">#ut_fancy_image_69e7a33c63cb8 .ut-fancy-image figcaption h3 { color: #ffffff; }#ut_fancy_image_69e7a33c63cb8 .ut-fancy-image { background: #141618; }#ut_fancy_image_69e7a33c63cb8.ut-fancy-image-wrap { margin-bottom: 0px; }<\/style><div id=\"ut_fancy_image_69e7a33c63cb8\" class=\"ut-fancy-image-wrap \"><a target=\"_self\" href=\"https:\/\/balkan-history.org\/de\/der-kreuzweg\/\" ><figure class=\"ut-fancy-image\">\r\n        <img loading=\"lazy\" decoding=\"async\" data-adaptive-images=\"{&quot;300&quot;:&quot;https:\\\/\\\/balkan-history.org\\\/wp-content\\\/uploads\\\/2021\\\/05\\\/menu_img_04-300x169.png&quot;,&quot;500&quot;:&quot;https:\\\/\\\/balkan-history.org\\\/wp-content\\\/uploads\\\/2021\\\/05\\\/menu_img_04-500x281.png&quot;,&quot;750&quot;:&quot;https:\\\/\\\/balkan-history.org\\\/wp-content\\\/uploads\\\/2021\\\/05\\\/menu_img_04-750x422.png&quot;,&quot;1000&quot;:&quot;https:\\\/\\\/balkan-history.org\\\/wp-content\\\/uploads\\\/2021\\\/05\\\/menu_img_04-1000x562.png&quot;,&quot;1500&quot;:&quot;https:\\\/\\\/balkan-history.org\\\/wp-content\\\/uploads\\\/2021\\\/05\\\/menu_img_04-1500x843.png&quot;,&quot;2500&quot;:&quot;https:\\\/\\\/balkan-history.org\\\/wp-content\\\/uploads\\\/2021\\\/05\\\/menu_img_04-2500x1406.png&quot;}\" src=\"data:image\/svg+xml;charset=utf-8,%3Csvg xmlns%3D'http%3A%2F%2Fwww.w3.org%2F2000%2Fsvg' viewBox%3D'0 0 1500 843'%2F%3E\" width=\"1500\" height=\"843\" data-src=\"https:\/\/balkan-history.org\/wp-content\/uploads\/2021\/05\/menu_img_04-1500x843.png\" data-image-id=\"1134\" class=\"ut-adaptive-image wp-post-image skip-lazy \">\r\n\r\n        <figcaption><h3>5. DER KREUZWEG<\/h3><\/figcaption><\/figure><\/a><\/div>[\/vc_column][vc_column width=&#8221;1\/5&#8243;]<style type=\"text\/css\">#ut_fancy_image_69e7a33c6ca41 .ut-fancy-image figcaption h3 { color: #ffffff; }#ut_fancy_image_69e7a33c6ca41 .ut-fancy-image { background: #141618; }#ut_fancy_image_69e7a33c6ca41.ut-fancy-image-wrap { margin-bottom: 0px; }<\/style><div id=\"ut_fancy_image_69e7a33c6ca41\" class=\"ut-fancy-image-wrap \"><a target=\"_self\" href=\"https:\/\/balkan-history.org\/de\/kontroversen\/\" ><figure class=\"ut-fancy-image\">\r\n        <img loading=\"lazy\" decoding=\"async\" data-adaptive-images=\"{&quot;300&quot;:&quot;https:\\\/\\\/balkan-history.org\\\/wp-content\\\/uploads\\\/2021\\\/05\\\/menu_img_05-300x169.png&quot;,&quot;500&quot;:&quot;https:\\\/\\\/balkan-history.org\\\/wp-content\\\/uploads\\\/2021\\\/05\\\/menu_img_05-500x281.png&quot;,&quot;750&quot;:&quot;https:\\\/\\\/balkan-history.org\\\/wp-content\\\/uploads\\\/2021\\\/05\\\/menu_img_05-750x422.png&quot;,&quot;1000&quot;:&quot;https:\\\/\\\/balkan-history.org\\\/wp-content\\\/uploads\\\/2021\\\/05\\\/menu_img_05-1000x562.png&quot;,&quot;1500&quot;:&quot;https:\\\/\\\/balkan-history.org\\\/wp-content\\\/uploads\\\/2021\\\/05\\\/menu_img_05-1500x843.png&quot;,&quot;2500&quot;:&quot;https:\\\/\\\/balkan-history.org\\\/wp-content\\\/uploads\\\/2021\\\/05\\\/menu_img_05-2500x1406.png&quot;}\" src=\"data:image\/svg+xml;charset=utf-8,%3Csvg xmlns%3D'http%3A%2F%2Fwww.w3.org%2F2000%2Fsvg' viewBox%3D'0 0 1500 843'%2F%3E\" width=\"1500\" height=\"843\" data-src=\"https:\/\/balkan-history.org\/wp-content\/uploads\/2021\/05\/menu_img_05-1500x843.png\" data-image-id=\"1138\" class=\"ut-adaptive-image wp-post-image skip-lazy \">\r\n\r\n        <figcaption><h3>6. KONTROVERSEN<\/h3><\/figcaption><\/figure><\/a><\/div>[\/vc_column][\/vc_row][vc_section][vc_row][vc_column][vc_column_text]<\/p>\n<p style=\"text-align: center;\"><a href=\"https:\/\/balkan-history.org\/de\/bleiburg\/\">&lt; VORHERIGE SEITE<\/a>\u00a0 \u00a0<a href=\"https:\/\/balkan-history.org\/de\/zagreb-bis-bleiburg\/\">N\u00c4CHSTE &gt;<\/a><\/p>\n<p>[\/vc_column_text][\/vc_column][\/vc_row][\/vc_section][vc_section css=&#8221;.vc_custom_1525220216628{background-color: #353234 !important;background-position: center !important;background-repeat: no-repeat !important;background-size: cover !important;}&#8221; el_name=&#8221;Social Section&#8221;][vc_row el_name=&#8221;Social Title&#8221;][vc_column]<div class=\"wpb_content_element \"><style type=\"text\/css\">#ut_header_69e7a33c752c2 h2.section-title, #ut_header_69e7a33c752c2 h2.section-title span { color:#ffffff; }#ut_header_69e7a33c752c2 h2.section-title { font-size:50px !important;letter-spacing:-0.02em; }#ut_header_69e7a33c752c2 .lead { color:rgba(255, 255, 255, 0.5); }#ut_header_69e7a33c752c2 .lead p { color:rgba(255, 255, 255, 0.5); }<\/style><header id=\"ut_header_69e7a33c752c2\" class=\"section-header  ut-no-title-linebreak-mobile ut-no-lead-linebreak-mobile pt-style-7 header-center header-tablet-center header-mobile-center\"><h2 data-title=\"Lassen Sie uns vernetzen\"  data-responsive-font=\"section_title\" data-responsive-font-settings=\"{&quot;base-font-size&quot;:&quot;global&quot;,&quot;font-size&quot;:{&quot;desktop_large&quot;:&quot;50&quot;},&quot;base-line-height&quot;:&quot;global&quot;,&quot;base-letter-spacing&quot;:&quot;global&quot;,&quot;letter-spacing&quot;:{&quot;desktop_large&quot;:&quot;-0.02&quot;}}\" class=\"section-title  \"><span>Lassen Sie uns vernetzen<\/span><\/h2><div data-delay=\"0\" class=\"lead \"><p>Verbinden Sie sich mit uns \u00fcber die sozialen Netzwerke<\/p>\n<\/div><\/header><\/div><div class=\"wpb_content_element \"><style class=\"bklyn-inline-styles\" type=\"text\/css\">#ut_sf_69e7a33c7ad0f li a i { color: rgba(204,173,143,0.5); }#ut_sf_69e7a33c7ad0f li a:hover i { color: #ccad8f; }#ut_sf_69e7a33c7ad0f li a:focus i { color: #ccad8f; }#ut_sf_69e7a33c7ad0f { font-size: 30px; }<\/style><ul id=\"ut_sf_69e7a33c7ad0f\" class=\"ut-social-follow-module  ut-social-follow-module-center ut-social-follow-module-tablet-center ut-social-follow-module-mobile-center ut-social-follow-module-20\" data-settings=\"{&quot;animate&quot;:false,&quot;effect&quot;:&quot;&quot;,&quot;delay_animation&quot;:false,&quot;global_delay_animation&quot;:false,&quot;delay_timer&quot;:100,&quot;global_delay_timer&quot;:100}\"><li  class=\"ut-social-follow-0 ut-social-follow-icon-only \"><a class=\"ut-social-follow-link\" title=\"\" href=\"https:\/\/www.facebook.com\/Bleiburg-%C4%8Dinjenice-i-interpretacije-107580081471610\" target=\" _blank\" ><i class=\"fa fa-facebook-square\"><\/i><\/a><\/li><\/ul><\/div>[\/vc_column][\/vc_row][\/vc_section]<\/p>\n","protected":false},"excerpt":{"rendered":"<p>[vc_section el_name=&#8221;Text area&#8221; css=&#8221;.vc_custom_1619646517248{background-color: rgba(189, 187, 187, 0.58) !important;*background-color: rgba(189,187, 187, 0.58) !important;}&#8221;][vc_row][vc_column][vc_column_text] NDH, 10. April 1941 &#8211; Mai 1945 Der Beitritt des K\u00f6nigreichs Jugoslawien zum Dreim\u00e4chtepakt von Deutschland, Italien und Japan f\u00fchrte zu Massenprotesten in Belgrad und einem Staatsstreich (am 27. M\u00e4rz 1941). Dies durchkreuzte Adolf Hitlers Pl\u00e4ne, in die UdSSR einzumarschieren, weswegen er [&hellip;]<\/p>\n","protected":false},"author":1,"featured_media":0,"parent":0,"menu_order":0,"comment_status":"closed","ping_status":"closed","template":"","meta":{"footnotes":""},"class_list":["post-2012","page","type-page","status-publish","hentry"],"_links":{"self":[{"href":"https:\/\/balkan-history.org\/de\/wp-json\/wp\/v2\/pages\/2012","targetHints":{"allow":["GET"]}}],"collection":[{"href":"https:\/\/balkan-history.org\/de\/wp-json\/wp\/v2\/pages"}],"about":[{"href":"https:\/\/balkan-history.org\/de\/wp-json\/wp\/v2\/types\/page"}],"author":[{"embeddable":true,"href":"https:\/\/balkan-history.org\/de\/wp-json\/wp\/v2\/users\/1"}],"replies":[{"embeddable":true,"href":"https:\/\/balkan-history.org\/de\/wp-json\/wp\/v2\/comments?post=2012"}],"version-history":[{"count":3,"href":"https:\/\/balkan-history.org\/de\/wp-json\/wp\/v2\/pages\/2012\/revisions"}],"predecessor-version":[{"id":2039,"href":"https:\/\/balkan-history.org\/de\/wp-json\/wp\/v2\/pages\/2012\/revisions\/2039"}],"wp:attachment":[{"href":"https:\/\/balkan-history.org\/de\/wp-json\/wp\/v2\/media?parent=2012"}],"curies":[{"name":"wp","href":"https:\/\/api.w.org\/{rel}","templated":true}]}}