{"id":2015,"date":"2022-03-29T18:41:09","date_gmt":"2022-03-29T16:41:09","guid":{"rendered":"https:\/\/balkan-history.org\/der-kreuzweg\/"},"modified":"2022-03-30T00:25:02","modified_gmt":"2022-03-29T22:25:02","slug":"der-kreuzweg","status":"publish","type":"page","link":"https:\/\/balkan-history.org\/de\/der-kreuzweg\/","title":{"rendered":"Der Kreuzweg"},"content":{"rendered":"<p>[vc_section el_name=&#8221;Text area&#8221; css=&#8221;.vc_custom_1619646517248{background-color: rgba(189, 187, 187, 0.58) !important;*background-color: rgba(189,187, 187, 0.58) !important;}&#8221;][vc_row][vc_column][vc_column_text]<\/p>\n<h3>DER KREUZVEG<\/h3>\n<p><img loading=\"lazy\" decoding=\"async\" class=\"alignleft wp-image-1348\" src=\"https:\/\/balkan-history.org\/wp-content\/uploads\/2021\/05\/point_big.png\" alt=\"\" width=\"15\" height=\"15\" \/><\/p>\n<p>Nach der Einstellung der Massenexekutionen wurden die verbliebenen H\u00e4ftlinge auf lange Gewaltm\u00e4rsche geschickt, die heute als kri\u017eni put &#8211; &#8220;Kreuzweg&#8221; &#8211; bezeichnet werden. Es gab mehrere Routen, welche von diesen H\u00e4ftlingskolonnen eingenommen wurden, um die &#8220;Volksfeinde&#8221; m\u00f6glichst vielen jugoslawischen B\u00fcrgern vorzuf\u00fchren. Eine Route f\u00fchrte von Dravograd nach Celje und dann weiter nach Krapina und Zagreb. In Zagreb wurde ein Teil der Gefangenen nach Sisak und Bosnien und Herzegowina geschickt, w\u00e4hrend andere nach Karlovac und weiter nach Istrien, Dalmatien und Montenegro marschieren mussten. Eine andere Route f\u00fchrte von Dravograd nach Maribor und weiter nach Vara\u017edin (ungarisch: Varasd) und dann entlang der Drau weiter nach Osijek. Nach Osijek wurden diese Kolonnen durch Serbien in Richtung Mazedonien gezwungen.[\/vc_column_text][vc_column_text css=&#8221;.vc_custom_1620199370404{margin-bottom: 0px !important;border-bottom-width: 0px !important;padding-bottom: 0px !important;}&#8221;]<\/p>\n<div id=\"attachment_1073\" style=\"width: 524px\" class=\"wp-caption alignnone\"><img loading=\"lazy\" decoding=\"async\" aria-describedby=\"caption-attachment-1073\" class=\"wp-image-1073\" src=\"https:\/\/balkan-history.org\/wp-content\/uploads\/2021\/05\/Slika-19.jpg\" alt=\"\" width=\"514\" height=\"394\" srcset=\"https:\/\/balkan-history.org\/wp-content\/uploads\/2021\/05\/Slika-19.jpg 1024w, https:\/\/balkan-history.org\/wp-content\/uploads\/2021\/05\/Slika-19-768x589.jpg 768w, https:\/\/balkan-history.org\/wp-content\/uploads\/2021\/05\/Slika-19-939x720.jpg 939w\" sizes=\"auto, (max-width: 514px) 100vw, 514px\" \/><p id=\"caption-attachment-1073\" class=\"wp-caption-text\">Izvor: <a href=\"https:\/\/www.hkv.hr\/vijesti\/dokumenti\/17922-dokumenti-prosvjedna-predstavka-alojzija-stepinca-iz-srpnja-1945-3.html\">HKV.hr<\/a><\/p><\/div>\n<p>[\/vc_column_text][vc_column_text css=&#8221;.vc_custom_1648572174117{margin-top: -26px !important;}&#8221;]<\/p>\n<p class=\"p1\"><em>Die Kolonne der H\u00e4ftlinge in Maribor, Mai 1945<\/em><\/p>\n<p>[\/vc_column_text][vc_column_text]<img loading=\"lazy\" decoding=\"async\" class=\"alignleft wp-image-1348\" src=\"https:\/\/balkan-history.org\/wp-content\/uploads\/2021\/05\/point_big.png\" alt=\"\" width=\"15\" height=\"15\" \/><\/p>\n<p>Die Ermordung der H\u00e4ftlinge setzte sich auf diesen Routen fort, aber anders als zu Beginn nicht mehr massenhaft.<\/p>\n<p>Auf ihrem Weg durch die verschiedenen Landesteile erlebten die H\u00e4ftlinge je nach ethnischer Zugeh\u00f6rigkeit eine unterschiedliche Behandlung durch die lokale Bev\u00f6lkerung. W\u00e4hrend es in einigen, meist ethnisch-kroatischen D\u00f6rfern und St\u00e4dten Einheimische gab, welche den Kolonnen mit Essen und Wasser entgegenkamen, kam es in Orten mit ethnisch-serbischer Mehrheit h\u00e4ufig zu verbalen und k\u00f6rperlichen Misshandlungen.[\/vc_column_text][vc_column_text css=&#8221;.vc_custom_1620199442429{margin-bottom: 0px !important;border-bottom-width: 0px !important;padding-bottom: 0px !important;}&#8221;]<\/p>\n<div id=\"attachment_1077\" style=\"width: 601px\" class=\"wp-caption alignnone\"><img loading=\"lazy\" decoding=\"async\" aria-describedby=\"caption-attachment-1077\" class=\"wp-image-1077\" src=\"https:\/\/balkan-history.org\/wp-content\/uploads\/2021\/05\/slika-20.jpg\" alt=\"\" width=\"591\" height=\"394\" srcset=\"https:\/\/balkan-history.org\/wp-content\/uploads\/2021\/05\/slika-20.jpg 800w, https:\/\/balkan-history.org\/wp-content\/uploads\/2021\/05\/slika-20-650x433.jpg 650w, https:\/\/balkan-history.org\/wp-content\/uploads\/2021\/05\/slika-20-325x217.jpg 325w, https:\/\/balkan-history.org\/wp-content\/uploads\/2021\/05\/slika-20-768x512.jpg 768w\" sizes=\"auto, (max-width: 591px) 100vw, 591px\" \/><p id=\"caption-attachment-1077\" class=\"wp-caption-text\">Izvor: <a href=\"https:\/\/www.jutarnji.hr\/naslovnica\/obracun-oko-oruzanih-snaga-ndh-3979617\">Jutarnji.hr<\/a><\/p><\/div>\n<p>[\/vc_column_text][vc_column_text css=&#8221;.vc_custom_1648572276485{margin-top: -26px !important;}&#8221;]<\/p>\n<p class=\"p1\"><em>Die Kolonne der Gefangenen auf dem Weg durch Koprivnica, Mai 1945<\/em><\/p>\n<p>[\/vc_column_text][vc_column_text]<img loading=\"lazy\" decoding=\"async\" class=\"alignleft wp-image-1348\" src=\"https:\/\/balkan-history.org\/wp-content\/uploads\/2021\/05\/point_big.png\" alt=\"\" width=\"15\" height=\"15\" \/><\/p>\n<p>Nach der Ausrufung einer Generalamnestie durch die jugoslawische Regierung am 3. August 1945 wurden die meisten der verbliebenen H\u00e4ftlinge freigelassen. \u00a0Einige andere wurden in Arbeitslagern festgehalten, wo sie ihre Strafe f\u00fcr die Einberufung in feindliche Formationen oder die Unterst\u00fctzung des Feindes w\u00e4hrend des Krieges verb\u00fc\u00dften. Es gab auch Gefangene, gegen die weiter ermittelt wurde und die zu mehrj\u00e4hrigen Haftstrafen verurteilt wurden.[\/vc_column_text][\/vc_column][\/vc_row][\/vc_section][vc_row full_width=&#8221;stretch_row_content_no_spaces&#8221; el_name=&#8221;Links&#8221; css=&#8221;.vc_custom_1619980608999{margin-top: 0px !important;}&#8221;][vc_column width=&#8221;1\/5&#8243; css=&#8221;.vc_custom_1525096300190{margin-bottom: 0px !important;}&#8221;]<style type=\"text\/css\">#ut_fancy_image_69debcc434a14 .ut-fancy-image figcaption h3 { color: #ffffff; }#ut_fancy_image_69debcc434a14 .ut-fancy-image { background: #141618; }#ut_fancy_image_69debcc434a14.ut-fancy-image-wrap { margin-bottom: 0px; }<\/style><div id=\"ut_fancy_image_69debcc434a14\" class=\"ut-fancy-image-wrap \"><a target=\"_self\" href=\"https:\/\/balkan-history.org\/de\/ndh\/\" ><figure class=\"ut-fancy-image\">\r\n        <img loading=\"lazy\" decoding=\"async\" data-adaptive-images=\"{&quot;300&quot;:&quot;https:\\\/\\\/balkan-history.org\\\/wp-content\\\/uploads\\\/2021\\\/05\\\/menu_img_01-300x169.png&quot;,&quot;500&quot;:&quot;https:\\\/\\\/balkan-history.org\\\/wp-content\\\/uploads\\\/2021\\\/05\\\/menu_img_01-500x281.png&quot;,&quot;750&quot;:&quot;https:\\\/\\\/balkan-history.org\\\/wp-content\\\/uploads\\\/2021\\\/05\\\/menu_img_01-750x422.png&quot;,&quot;1000&quot;:&quot;https:\\\/\\\/balkan-history.org\\\/wp-content\\\/uploads\\\/2021\\\/05\\\/menu_img_01-1000x562.png&quot;,&quot;1500&quot;:&quot;https:\\\/\\\/balkan-history.org\\\/wp-content\\\/uploads\\\/2021\\\/05\\\/menu_img_01-1500x843.png&quot;,&quot;2500&quot;:&quot;https:\\\/\\\/balkan-history.org\\\/wp-content\\\/uploads\\\/2021\\\/05\\\/menu_img_01-2500x1406.png&quot;}\" src=\"data:image\/svg+xml;charset=utf-8,%3Csvg xmlns%3D'http%3A%2F%2Fwww.w3.org%2F2000%2Fsvg' viewBox%3D'0 0 1500 843'%2F%3E\" width=\"1500\" height=\"843\" data-src=\"https:\/\/balkan-history.org\/wp-content\/uploads\/2021\/05\/menu_img_01-1500x843.png\" data-image-id=\"1122\" class=\"ut-adaptive-image wp-post-image skip-lazy \">\r\n\r\n        <figcaption><h3>1. NDH<\/h3><\/figcaption><\/figure><\/a><\/div>[\/vc_column][vc_column width=&#8221;1\/5&#8243;]<style type=\"text\/css\">#ut_fancy_image_69debcc43bf9e .ut-fancy-image figcaption h3 { color: #ffffff; }#ut_fancy_image_69debcc43bf9e .ut-fancy-image { background: #141618; }#ut_fancy_image_69debcc43bf9e.ut-fancy-image-wrap { margin-bottom: 0px; }<\/style><div id=\"ut_fancy_image_69debcc43bf9e\" class=\"ut-fancy-image-wrap \"><a target=\"_self\" href=\"https:\/\/balkan-history.org\/de\/zagreb-bis-bleiburg\/\" ><figure class=\"ut-fancy-image\">\r\n        <img loading=\"lazy\" decoding=\"async\" data-adaptive-images=\"{&quot;300&quot;:&quot;https:\\\/\\\/balkan-history.org\\\/wp-content\\\/uploads\\\/2021\\\/05\\\/menu_img_02-300x169.png&quot;,&quot;500&quot;:&quot;https:\\\/\\\/balkan-history.org\\\/wp-content\\\/uploads\\\/2021\\\/05\\\/menu_img_02-500x281.png&quot;,&quot;750&quot;:&quot;https:\\\/\\\/balkan-history.org\\\/wp-content\\\/uploads\\\/2021\\\/05\\\/menu_img_02-750x422.png&quot;,&quot;1000&quot;:&quot;https:\\\/\\\/balkan-history.org\\\/wp-content\\\/uploads\\\/2021\\\/05\\\/menu_img_02-1000x562.png&quot;,&quot;1500&quot;:&quot;https:\\\/\\\/balkan-history.org\\\/wp-content\\\/uploads\\\/2021\\\/05\\\/menu_img_02-1500x843.png&quot;,&quot;2500&quot;:&quot;https:\\\/\\\/balkan-history.org\\\/wp-content\\\/uploads\\\/2021\\\/05\\\/menu_img_02-2500x1406.png&quot;}\" src=\"data:image\/svg+xml;charset=utf-8,%3Csvg xmlns%3D'http%3A%2F%2Fwww.w3.org%2F2000%2Fsvg' viewBox%3D'0 0 1500 843'%2F%3E\" width=\"1500\" height=\"843\" data-src=\"https:\/\/balkan-history.org\/wp-content\/uploads\/2021\/05\/menu_img_02-1500x843.png\" data-image-id=\"1126\" class=\"ut-adaptive-image wp-post-image skip-lazy \">\r\n\r\n        <figcaption><h3>2. ZAGREB BIS BLEIBURG<\/h3><\/figcaption><\/figure><\/a><\/div>[\/vc_column][vc_column width=&#8221;1\/5&#8243; css=&#8221;.vc_custom_1525096293340{margin-bottom: 0px !important;}&#8221;]<style type=\"text\/css\">#ut_fancy_image_69debcc442a77 .ut-fancy-image figcaption h3 { color: #ffffff; }#ut_fancy_image_69debcc442a77 .ut-fancy-image { background: #141618; }#ut_fancy_image_69debcc442a77.ut-fancy-image-wrap { margin-bottom: 0px; }<\/style><div id=\"ut_fancy_image_69debcc442a77\" class=\"ut-fancy-image-wrap \"><a target=\"_self\" href=\"https:\/\/balkan-history.org\/de\/kapitulation\/\" ><figure class=\"ut-fancy-image\">\r\n        <img loading=\"lazy\" decoding=\"async\" data-adaptive-images=\"{&quot;300&quot;:&quot;https:\\\/\\\/balkan-history.org\\\/wp-content\\\/uploads\\\/2021\\\/05\\\/menu_img_03-300x169.png&quot;,&quot;500&quot;:&quot;https:\\\/\\\/balkan-history.org\\\/wp-content\\\/uploads\\\/2021\\\/05\\\/menu_img_03-500x281.png&quot;,&quot;750&quot;:&quot;https:\\\/\\\/balkan-history.org\\\/wp-content\\\/uploads\\\/2021\\\/05\\\/menu_img_03-750x422.png&quot;,&quot;1000&quot;:&quot;https:\\\/\\\/balkan-history.org\\\/wp-content\\\/uploads\\\/2021\\\/05\\\/menu_img_03-1000x562.png&quot;,&quot;1500&quot;:&quot;https:\\\/\\\/balkan-history.org\\\/wp-content\\\/uploads\\\/2021\\\/05\\\/menu_img_03-1500x843.png&quot;,&quot;2500&quot;:&quot;https:\\\/\\\/balkan-history.org\\\/wp-content\\\/uploads\\\/2021\\\/05\\\/menu_img_03-2500x1406.png&quot;}\" src=\"data:image\/svg+xml;charset=utf-8,%3Csvg xmlns%3D'http%3A%2F%2Fwww.w3.org%2F2000%2Fsvg' viewBox%3D'0 0 1500 843'%2F%3E\" width=\"1500\" height=\"843\" data-src=\"https:\/\/balkan-history.org\/wp-content\/uploads\/2021\/05\/menu_img_03-1500x843.png\" data-image-id=\"1130\" class=\"ut-adaptive-image wp-post-image skip-lazy \">\r\n\r\n        <figcaption><h3>3. KAPITULATION<\/h3><\/figcaption><\/figure><\/a><\/div>[\/vc_column][vc_column width=&#8221;1\/5&#8243;]<style type=\"text\/css\">#ut_fancy_image_69debcc449399 .ut-fancy-image figcaption h3 { color: #ffffff; }#ut_fancy_image_69debcc449399 .ut-fancy-image { background: #141618; }#ut_fancy_image_69debcc449399.ut-fancy-image-wrap { margin-bottom: 0px; }<\/style><div id=\"ut_fancy_image_69debcc449399\" class=\"ut-fancy-image-wrap \"><a target=\"_self\" href=\"https:\/\/balkan-history.org\/de\/massentoetungen\/\" ><figure class=\"ut-fancy-image\">\r\n        <img loading=\"lazy\" decoding=\"async\" data-adaptive-images=\"{&quot;300&quot;:&quot;https:\\\/\\\/balkan-history.org\\\/wp-content\\\/uploads\\\/2021\\\/05\\\/menu_img_04-300x169.png&quot;,&quot;500&quot;:&quot;https:\\\/\\\/balkan-history.org\\\/wp-content\\\/uploads\\\/2021\\\/05\\\/menu_img_04-500x281.png&quot;,&quot;750&quot;:&quot;https:\\\/\\\/balkan-history.org\\\/wp-content\\\/uploads\\\/2021\\\/05\\\/menu_img_04-750x422.png&quot;,&quot;1000&quot;:&quot;https:\\\/\\\/balkan-history.org\\\/wp-content\\\/uploads\\\/2021\\\/05\\\/menu_img_04-1000x562.png&quot;,&quot;1500&quot;:&quot;https:\\\/\\\/balkan-history.org\\\/wp-content\\\/uploads\\\/2021\\\/05\\\/menu_img_04-1500x843.png&quot;,&quot;2500&quot;:&quot;https:\\\/\\\/balkan-history.org\\\/wp-content\\\/uploads\\\/2021\\\/05\\\/menu_img_04-2500x1406.png&quot;}\" src=\"data:image\/svg+xml;charset=utf-8,%3Csvg xmlns%3D'http%3A%2F%2Fwww.w3.org%2F2000%2Fsvg' viewBox%3D'0 0 1500 843'%2F%3E\" width=\"1500\" height=\"843\" data-src=\"https:\/\/balkan-history.org\/wp-content\/uploads\/2021\/05\/menu_img_04-1500x843.png\" data-image-id=\"1134\" class=\"ut-adaptive-image wp-post-image skip-lazy \">\r\n\r\n        <figcaption><h3>4. MASSENT\u00d6TUNGEN<\/h3><\/figcaption><\/figure><\/a><\/div>[\/vc_column][vc_column width=&#8221;1\/5&#8243;]<style type=\"text\/css\">#ut_fancy_image_69debcc44ff85 .ut-fancy-image figcaption h3 { color: #ffffff; }#ut_fancy_image_69debcc44ff85 .ut-fancy-image { background: #141618; }#ut_fancy_image_69debcc44ff85.ut-fancy-image-wrap { margin-bottom: 0px; }<\/style><div id=\"ut_fancy_image_69debcc44ff85\" class=\"ut-fancy-image-wrap \"><a target=\"_self\" href=\"https:\/\/balkan-history.org\/de\/kontroversen\/\" ><figure class=\"ut-fancy-image\">\r\n        <img loading=\"lazy\" decoding=\"async\" data-adaptive-images=\"{&quot;300&quot;:&quot;https:\\\/\\\/balkan-history.org\\\/wp-content\\\/uploads\\\/2021\\\/05\\\/menu_img_01-300x169.png&quot;,&quot;500&quot;:&quot;https:\\\/\\\/balkan-history.org\\\/wp-content\\\/uploads\\\/2021\\\/05\\\/menu_img_01-500x281.png&quot;,&quot;750&quot;:&quot;https:\\\/\\\/balkan-history.org\\\/wp-content\\\/uploads\\\/2021\\\/05\\\/menu_img_01-750x422.png&quot;,&quot;1000&quot;:&quot;https:\\\/\\\/balkan-history.org\\\/wp-content\\\/uploads\\\/2021\\\/05\\\/menu_img_01-1000x562.png&quot;,&quot;1500&quot;:&quot;https:\\\/\\\/balkan-history.org\\\/wp-content\\\/uploads\\\/2021\\\/05\\\/menu_img_01-1500x843.png&quot;,&quot;2500&quot;:&quot;https:\\\/\\\/balkan-history.org\\\/wp-content\\\/uploads\\\/2021\\\/05\\\/menu_img_01-2500x1406.png&quot;}\" src=\"data:image\/svg+xml;charset=utf-8,%3Csvg xmlns%3D'http%3A%2F%2Fwww.w3.org%2F2000%2Fsvg' viewBox%3D'0 0 1500 843'%2F%3E\" width=\"1500\" height=\"843\" data-src=\"https:\/\/balkan-history.org\/wp-content\/uploads\/2021\/05\/menu_img_01-1500x843.png\" data-image-id=\"1122\" class=\"ut-adaptive-image wp-post-image skip-lazy \">\r\n\r\n        <figcaption><h3>6. KONTROVERSEN<\/h3><\/figcaption><\/figure><\/a><\/div>[\/vc_column][\/vc_row][vc_section][vc_row][vc_column][vc_column_text]<\/p>\n<p style=\"text-align: center;\"><a href=\"https:\/\/balkan-history.org\/de\/massentoetungen\/\">&lt; VORHERIGE SEITE<\/a>\u00a0 \u00a0<a href=\"https:\/\/balkan-history.org\/de\/kontroversen\/\">N\u00c4CHSTE &gt;<\/a><\/p>\n<p>[\/vc_column_text][\/vc_column][\/vc_row][\/vc_section][vc_section css=&#8221;.vc_custom_1525220216628{background-color: #353234 !important;background-position: center !important;background-repeat: no-repeat !important;background-size: cover !important;}&#8221; el_name=&#8221;Social Section&#8221;][vc_row el_name=&#8221;Social Title&#8221;][vc_column]<div class=\"wpb_content_element \"><style type=\"text\/css\">#ut_header_69debcc4580ee h2.section-title, #ut_header_69debcc4580ee h2.section-title span { color:#ffffff; }#ut_header_69debcc4580ee h2.section-title { font-size:50px !important;letter-spacing:-0.02em; }#ut_header_69debcc4580ee .lead { color:rgba(255, 255, 255, 0.5); }#ut_header_69debcc4580ee .lead p { color:rgba(255, 255, 255, 0.5); }<\/style><header id=\"ut_header_69debcc4580ee\" class=\"section-header  ut-no-title-linebreak-mobile ut-no-lead-linebreak-mobile pt-style-7 header-center header-tablet-center header-mobile-center\"><h2 data-title=\"Lassen Sie uns vernetzen\"  data-responsive-font=\"section_title\" data-responsive-font-settings=\"{&quot;base-font-size&quot;:&quot;global&quot;,&quot;font-size&quot;:{&quot;desktop_large&quot;:&quot;50&quot;},&quot;base-line-height&quot;:&quot;global&quot;,&quot;base-letter-spacing&quot;:&quot;global&quot;,&quot;letter-spacing&quot;:{&quot;desktop_large&quot;:&quot;-0.02&quot;}}\" class=\"section-title  \"><span>Lassen Sie uns vernetzen<\/span><\/h2><div data-delay=\"0\" class=\"lead \"><p>Verbinden Sie sich mit uns \u00fcber die sozialen Netzwerke<\/p>\n<\/div><\/header><\/div><div class=\"wpb_content_element \"><style class=\"bklyn-inline-styles\" type=\"text\/css\">#ut_sf_69debcc45c8fa li a i { color: rgba(204,173,143,0.5); }#ut_sf_69debcc45c8fa li a:hover i { color: #ccad8f; }#ut_sf_69debcc45c8fa li a:focus i { color: #ccad8f; }#ut_sf_69debcc45c8fa { font-size: 30px; }<\/style><ul id=\"ut_sf_69debcc45c8fa\" class=\"ut-social-follow-module  ut-social-follow-module-center ut-social-follow-module-tablet-center ut-social-follow-module-mobile-center ut-social-follow-module-20\" data-settings=\"{&quot;animate&quot;:false,&quot;effect&quot;:&quot;&quot;,&quot;delay_animation&quot;:false,&quot;global_delay_animation&quot;:false,&quot;delay_timer&quot;:100,&quot;global_delay_timer&quot;:100}\"><li  class=\"ut-social-follow-0 ut-social-follow-icon-only \"><a class=\"ut-social-follow-link\" title=\"\" href=\"https:\/\/www.facebook.com\/Bleiburg-%C4%8Dinjenice-i-interpretacije-107580081471610\" target=\" _blank\" ><i class=\"fa fa-facebook-square\"><\/i><\/a><\/li><\/ul><\/div>[\/vc_column][\/vc_row][\/vc_section]<\/p>\n","protected":false},"excerpt":{"rendered":"<p>[vc_section el_name=&#8221;Text area&#8221; css=&#8221;.vc_custom_1619646517248{background-color: rgba(189, 187, 187, 0.58) !important;*background-color: rgba(189,187, 187, 0.58) !important;}&#8221;][vc_row][vc_column][vc_column_text] DER KREUZVEG Nach der Einstellung der Massenexekutionen wurden die verbliebenen H\u00e4ftlinge auf lange Gewaltm\u00e4rsche geschickt, die heute als kri\u017eni put &#8211; &#8220;Kreuzweg&#8221; &#8211; bezeichnet werden. Es gab mehrere Routen, welche von diesen H\u00e4ftlingskolonnen eingenommen wurden, um die &#8220;Volksfeinde&#8221; m\u00f6glichst vielen jugoslawischen B\u00fcrgern [&hellip;]<\/p>\n","protected":false},"author":1,"featured_media":0,"parent":0,"menu_order":0,"comment_status":"closed","ping_status":"closed","template":"","meta":{"footnotes":""},"class_list":["post-2015","page","type-page","status-publish","hentry"],"_links":{"self":[{"href":"https:\/\/balkan-history.org\/de\/wp-json\/wp\/v2\/pages\/2015","targetHints":{"allow":["GET"]}}],"collection":[{"href":"https:\/\/balkan-history.org\/de\/wp-json\/wp\/v2\/pages"}],"about":[{"href":"https:\/\/balkan-history.org\/de\/wp-json\/wp\/v2\/types\/page"}],"author":[{"embeddable":true,"href":"https:\/\/balkan-history.org\/de\/wp-json\/wp\/v2\/users\/1"}],"replies":[{"embeddable":true,"href":"https:\/\/balkan-history.org\/de\/wp-json\/wp\/v2\/comments?post=2015"}],"version-history":[{"count":3,"href":"https:\/\/balkan-history.org\/de\/wp-json\/wp\/v2\/pages\/2015\/revisions"}],"predecessor-version":[{"id":2043,"href":"https:\/\/balkan-history.org\/de\/wp-json\/wp\/v2\/pages\/2015\/revisions\/2043"}],"wp:attachment":[{"href":"https:\/\/balkan-history.org\/de\/wp-json\/wp\/v2\/media?parent=2015"}],"curies":[{"name":"wp","href":"https:\/\/api.w.org\/{rel}","templated":true}]}}