{"id":2018,"date":"2022-03-29T18:50:35","date_gmt":"2022-03-29T16:50:35","guid":{"rendered":"https:\/\/balkan-history.org\/kapitulation\/"},"modified":"2022-03-30T00:07:30","modified_gmt":"2022-03-29T22:07:30","slug":"kapitulation","status":"publish","type":"page","link":"https:\/\/balkan-history.org\/de\/kapitulation\/","title":{"rendered":"Kapitulation"},"content":{"rendered":"<p>[vc_section el_name=&#8221;Text area&#8221; css=&#8221;.vc_custom_1619646517248{background-color: rgba(189, 187, 187, 0.58) !important;*background-color: rgba(189,187, 187, 0.58) !important;}&#8221;][vc_row][vc_column][vc_column_text]<\/p>\n<h3><strong>KAPITULATION, 14-15. Mai 1945<\/strong><\/h3>\n<p><img loading=\"lazy\" decoding=\"async\" class=\"alignleft wp-image-1348\" src=\"https:\/\/balkan-history.org\/wp-content\/uploads\/2021\/05\/point_big.png\" alt=\"\" width=\"15\" height=\"15\" \/><\/p>\n<p>Die Verhandlungen \u00fcber die Kapitulation der kroatischen Streitkr\u00e4fte (des NDH-Milit\u00e4rs) fanden am 14. und 15. Mai 1945 im Schloss des Grafen Thurn-Valsassina auf einer kleinen Anh\u00f6he \u00fcber der Stadt Bleiburg\/Pliberk statt. An den Verhandlungen nahmen Vertreter der britischen Streitkr\u00e4fte (Brigadegeneral Patrick T. D. Scott), der jugoslawischen Armee (Oberstleutnant Milan Basta und Oberstleutnant Ivan Kova\u010di\u0107 Efenka) und der kroatischen Streitkr\u00e4fte (die Gener\u00e4le Ivo Heren\u010di\u0107, Vjekoslav Servatzy, Vladimir Metiko\u0161 und Oberst Danijel Crljen) teil. Wie sich herausstellte, war die Hauptfrage bei den Verhandlungen, ob sich die Soldaten und Zivilisten, die die NDH verlassen hatten, den Briten oder der jugoslawischen Armee ergeben w\u00fcrden.<\/p>\n<p><img loading=\"lazy\" decoding=\"async\" class=\"alignleft wp-image-1348\" src=\"https:\/\/balkan-history.org\/wp-content\/uploads\/2021\/05\/point_big.png\" alt=\"\" width=\"15\" height=\"15\" \/><\/p>\n<p>Nach milit\u00e4rischen und politischen Beratungen weigerten sich die Briten, die Fl\u00fcchtlinge aufzunehmen und machten sie damit zu Gefangenen der jugoslawischen Armee. Die Motive f\u00fcr ihr Handeln hatten mehrere Gr\u00fcnde. Zum einen gab es, auch wenn kein Beschluss der Jalta-Konferenz sie dazu verpflichtete, eine ungeschriebene Regel, dass alle Kriegsgefangenen grunds\u00e4tzlich in das Land ihrer Staatsangeh\u00f6rigkeit zur\u00fcckgef\u00fchrt werden sollten. Gleichzeitig betrachteten die Briten die jugoslawische Armee als einen Verb\u00fcndeten und wollten diese Beziehung nicht gef\u00e4hrden, indem sie Spekulationen aufkommen lie\u00dfen, dass sie sich mit ehemaligen Angeh\u00f6rigen feindlicher Formationen wie Usta\u0161e, Tschetniks und der kroatischen und slowenischen Home Guard gegen die jugoslawischen Kommunisten wenden k\u00f6nnten. Schlie\u00dflich wurde ihre Entscheidung auch von Unsicherheiten \u00fcber die Zukunft K\u00e4rntens (deutsch: K\u00e4rnten; slowenisch: Koro\u0161ka) beeinflusst. Die Briten kalkulierten, dass die Aufnahme einer gro\u00dfen Anzahl dieser Gefangenen ihre Bem\u00fchungen gef\u00e4hrden k\u00f6nnte, die Kontrolle \u00fcber diese Region im S\u00fcden \u00d6sterreichs angesichts der vorr\u00fcckenden jugoslawischen Truppen zu behalten.[\/vc_column_text][vc_column_text css=&#8221;.vc_custom_1620199001386{margin-bottom: 0px !important;border-bottom-width: 0px !important;padding-bottom: 0px !important;}&#8221;]<\/p>\n<div id=\"attachment_1053\" style=\"width: 523px\" class=\"wp-caption alignnone\"><img loading=\"lazy\" decoding=\"async\" aria-describedby=\"caption-attachment-1053\" class=\"wp-image-1053\" src=\"https:\/\/balkan-history.org\/wp-content\/uploads\/2021\/05\/Slika-13-schloss-650x433.jpg\" alt=\"\" width=\"513\" height=\"394\" srcset=\"https:\/\/balkan-history.org\/wp-content\/uploads\/2021\/05\/Slika-13-schloss-768x590.jpg 768w, https:\/\/balkan-history.org\/wp-content\/uploads\/2021\/05\/Slika-13-schloss-1536x1180.jpg 1536w, https:\/\/balkan-history.org\/wp-content\/uploads\/2021\/05\/Slika-13-schloss-2048x1574.jpg 2048w, https:\/\/balkan-history.org\/wp-content\/uploads\/2021\/05\/Slika-13-schloss-937x720.jpg 937w\" sizes=\"auto, (max-width: 513px) 100vw, 513px\" \/><p id=\"caption-attachment-1053\" class=\"wp-caption-text\">Izvor: <a href=\"https:\/\/commons.wikimedia.org\/wiki\/Commons:Reusing_content_outside_Wikimedia\">Wikimedia<\/a><\/p><\/div>\n<p>[\/vc_column_text][vc_column_text css=&#8221;.vc_custom_1648572734474{margin-top: -26px !important;}&#8221;]<em>Das Schloss des Grafen Thurn-Valsassina, Bleiburg<\/em>[\/vc_column_text][vc_column_text]<img loading=\"lazy\" decoding=\"async\" class=\"alignleft wp-image-1348\" src=\"https:\/\/balkan-history.org\/wp-content\/uploads\/2021\/05\/point_big.png\" alt=\"\" width=\"15\" height=\"15\" \/><\/p>\n<p>Die Vertreter der jugoslawischen Armee stellten ihren NDH-Kollegen ein Ultimatum, in dem sie diese aufforderten, sich innerhalb einer Stunde zu ergeben, wenn sie zu der auf dem Feld um die Stadt versammelten Armee zur\u00fcckkehrten, wobei sie ihre Zustimmung mit wei\u00dfen Fahnen signalisierten sollten. Kurz darauf kapitulierten auch die Tschetnik-Truppen aus Montenegro vor den jugoslawischen Befehlshabern. Damit war der Zweite Weltkrieg auf dem jugoslawischen Kriegsschauplatz offiziell beendet, und zwar am 15. Mai 1945, zwischen vier und halb f\u00fcnf Uhr nachmittags.[\/vc_column_text][vc_column_text css=&#8221;.vc_custom_1620199056139{margin-bottom: 0px !important;border-bottom-width: 0px !important;padding-bottom: 0px !important;}&#8221;]<\/p>\n<div id=\"attachment_1057\" style=\"width: 709px\" class=\"wp-caption alignnone\"><img loading=\"lazy\" decoding=\"async\" aria-describedby=\"caption-attachment-1057\" class=\"wp-image-1057\" src=\"https:\/\/balkan-history.org\/wp-content\/uploads\/2021\/05\/slika-14.jpg\" alt=\"\" width=\"699\" height=\"394\" \/><p id=\"caption-attachment-1057\" class=\"wp-caption-text\">Izvor: <a href=\"https:\/\/hrvatska-danas.com\/2020\/05\/06\/program-obiljezavanja-75-obljetnice-bleiburske-tragedije-i-kriznog-puta-hrvatskog-naroda-u-svibnju-1945\/\">Hrvatska Danas<\/a><\/p><\/div>\n<p>[\/vc_column_text][vc_column_text css=&#8221;.vc_custom_1648572801038{margin-top: -26px !important;}&#8221;]<\/p>\n<p class=\"p1\"><em>Soldaten und Zivilisten auf dem Bleiburger Feld, 14. Mai 1945<\/em><\/p>\n<p>[\/vc_column_text][vc_column_text]<img loading=\"lazy\" decoding=\"async\" class=\"alignleft wp-image-1348\" src=\"https:\/\/balkan-history.org\/wp-content\/uploads\/2021\/05\/point_big.png\" alt=\"\" width=\"15\" height=\"15\" \/><\/p>\n<p>Die \u00fcberwiegende Mehrheit der Fl\u00fcchtlinge stimmte einer friedlichen Kapitulation zu, jedoch versuchten einige zu entkommen, indem sie in die W\u00e4lder rund um das Bleiburger Feld fl\u00fcchteten. Truppen der jugoslawischen Armee begannen auf diejenigen zu schie\u00dfen, die nicht innerhalb der im Ultimatum gesetzten Frist wei\u00dfe Fahnen zeigten, und t\u00f6teten mehrere Dutzend Menschen.[\/vc_column_text][\/vc_column][\/vc_row][\/vc_section][vc_row full_width=&#8221;stretch_row_content_no_spaces&#8221; el_name=&#8221;Links&#8221; css=&#8221;.vc_custom_1619980608999{margin-top: 0px !important;}&#8221;][vc_column width=&#8221;1\/5&#8243; css=&#8221;.vc_custom_1525096300190{margin-bottom: 0px !important;}&#8221;]<style type=\"text\/css\">#ut_fancy_image_69debb6e478e7 .ut-fancy-image figcaption h3 { color: #ffffff; }#ut_fancy_image_69debb6e478e7 .ut-fancy-image { background: #141618; }#ut_fancy_image_69debb6e478e7.ut-fancy-image-wrap { margin-bottom: 0px; }<\/style><div id=\"ut_fancy_image_69debb6e478e7\" class=\"ut-fancy-image-wrap \"><a target=\"_self\" href=\"https:\/\/balkan-history.org\/de\/ndh\/\" ><figure class=\"ut-fancy-image\">\r\n        <img loading=\"lazy\" decoding=\"async\" data-adaptive-images=\"{&quot;300&quot;:&quot;https:\\\/\\\/balkan-history.org\\\/wp-content\\\/uploads\\\/2021\\\/05\\\/menu_img_01-300x169.png&quot;,&quot;500&quot;:&quot;https:\\\/\\\/balkan-history.org\\\/wp-content\\\/uploads\\\/2021\\\/05\\\/menu_img_01-500x281.png&quot;,&quot;750&quot;:&quot;https:\\\/\\\/balkan-history.org\\\/wp-content\\\/uploads\\\/2021\\\/05\\\/menu_img_01-750x422.png&quot;,&quot;1000&quot;:&quot;https:\\\/\\\/balkan-history.org\\\/wp-content\\\/uploads\\\/2021\\\/05\\\/menu_img_01-1000x562.png&quot;,&quot;1500&quot;:&quot;https:\\\/\\\/balkan-history.org\\\/wp-content\\\/uploads\\\/2021\\\/05\\\/menu_img_01-1500x843.png&quot;,&quot;2500&quot;:&quot;https:\\\/\\\/balkan-history.org\\\/wp-content\\\/uploads\\\/2021\\\/05\\\/menu_img_01-2500x1406.png&quot;}\" src=\"data:image\/svg+xml;charset=utf-8,%3Csvg xmlns%3D'http%3A%2F%2Fwww.w3.org%2F2000%2Fsvg' viewBox%3D'0 0 1500 843'%2F%3E\" width=\"1500\" height=\"843\" data-src=\"https:\/\/balkan-history.org\/wp-content\/uploads\/2021\/05\/menu_img_01-1500x843.png\" data-image-id=\"1122\" class=\"ut-adaptive-image wp-post-image skip-lazy \">\r\n\r\n        <figcaption><h3>1. NDH<\/h3><\/figcaption><\/figure><\/a><\/div>[\/vc_column][vc_column width=&#8221;1\/5&#8243;]<style type=\"text\/css\">#ut_fancy_image_69debb6e74266 .ut-fancy-image figcaption h3 { color: #ffffff; }#ut_fancy_image_69debb6e74266 .ut-fancy-image { background: #141618; }#ut_fancy_image_69debb6e74266.ut-fancy-image-wrap { margin-bottom: 0px; }<\/style><div id=\"ut_fancy_image_69debb6e74266\" class=\"ut-fancy-image-wrap \"><a target=\"_self\" href=\"https:\/\/balkan-history.org\/de\/zagreb-bis-bleiburg\/\" ><figure class=\"ut-fancy-image\">\r\n        <img loading=\"lazy\" decoding=\"async\" data-adaptive-images=\"{&quot;300&quot;:&quot;https:\\\/\\\/balkan-history.org\\\/wp-content\\\/uploads\\\/2021\\\/05\\\/menu_img_02-300x169.png&quot;,&quot;500&quot;:&quot;https:\\\/\\\/balkan-history.org\\\/wp-content\\\/uploads\\\/2021\\\/05\\\/menu_img_02-500x281.png&quot;,&quot;750&quot;:&quot;https:\\\/\\\/balkan-history.org\\\/wp-content\\\/uploads\\\/2021\\\/05\\\/menu_img_02-750x422.png&quot;,&quot;1000&quot;:&quot;https:\\\/\\\/balkan-history.org\\\/wp-content\\\/uploads\\\/2021\\\/05\\\/menu_img_02-1000x562.png&quot;,&quot;1500&quot;:&quot;https:\\\/\\\/balkan-history.org\\\/wp-content\\\/uploads\\\/2021\\\/05\\\/menu_img_02-1500x843.png&quot;,&quot;2500&quot;:&quot;https:\\\/\\\/balkan-history.org\\\/wp-content\\\/uploads\\\/2021\\\/05\\\/menu_img_02-2500x1406.png&quot;}\" src=\"data:image\/svg+xml;charset=utf-8,%3Csvg xmlns%3D'http%3A%2F%2Fwww.w3.org%2F2000%2Fsvg' viewBox%3D'0 0 1500 843'%2F%3E\" width=\"1500\" height=\"843\" data-src=\"https:\/\/balkan-history.org\/wp-content\/uploads\/2021\/05\/menu_img_02-1500x843.png\" data-image-id=\"1126\" class=\"ut-adaptive-image wp-post-image skip-lazy \">\r\n\r\n        <figcaption><h3>2. ZAGREB BIS BLEIBURG<\/h3><\/figcaption><\/figure><\/a><\/div>[\/vc_column][vc_column width=&#8221;1\/5&#8243;]<style type=\"text\/css\">#ut_fancy_image_69debb6e8a60b .ut-fancy-image figcaption h3 { color: #ffffff; }#ut_fancy_image_69debb6e8a60b .ut-fancy-image { background: #141618; }#ut_fancy_image_69debb6e8a60b.ut-fancy-image-wrap { margin-bottom: 0px; }<\/style><div id=\"ut_fancy_image_69debb6e8a60b\" class=\"ut-fancy-image-wrap \"><a target=\"_self\" href=\"https:\/\/balkan-history.org\/de\/massentoetungen\/\" ><figure class=\"ut-fancy-image\">\r\n        <img loading=\"lazy\" decoding=\"async\" data-adaptive-images=\"{&quot;300&quot;:&quot;https:\\\/\\\/balkan-history.org\\\/wp-content\\\/uploads\\\/2021\\\/05\\\/menu_img_04-300x169.png&quot;,&quot;500&quot;:&quot;https:\\\/\\\/balkan-history.org\\\/wp-content\\\/uploads\\\/2021\\\/05\\\/menu_img_04-500x281.png&quot;,&quot;750&quot;:&quot;https:\\\/\\\/balkan-history.org\\\/wp-content\\\/uploads\\\/2021\\\/05\\\/menu_img_04-750x422.png&quot;,&quot;1000&quot;:&quot;https:\\\/\\\/balkan-history.org\\\/wp-content\\\/uploads\\\/2021\\\/05\\\/menu_img_04-1000x562.png&quot;,&quot;1500&quot;:&quot;https:\\\/\\\/balkan-history.org\\\/wp-content\\\/uploads\\\/2021\\\/05\\\/menu_img_04-1500x843.png&quot;,&quot;2500&quot;:&quot;https:\\\/\\\/balkan-history.org\\\/wp-content\\\/uploads\\\/2021\\\/05\\\/menu_img_04-2500x1406.png&quot;}\" src=\"data:image\/svg+xml;charset=utf-8,%3Csvg xmlns%3D'http%3A%2F%2Fwww.w3.org%2F2000%2Fsvg' viewBox%3D'0 0 1500 843'%2F%3E\" width=\"1500\" height=\"843\" data-src=\"https:\/\/balkan-history.org\/wp-content\/uploads\/2021\/05\/menu_img_04-1500x843.png\" data-image-id=\"1134\" class=\"ut-adaptive-image wp-post-image skip-lazy \">\r\n\r\n        <figcaption><h3>4. MASSENT\u00d6TUNGEN<\/h3><\/figcaption><\/figure><\/a><\/div>[\/vc_column][vc_column width=&#8221;1\/5&#8243;]<style type=\"text\/css\">#ut_fancy_image_69debb6e9bce7 .ut-fancy-image figcaption h3 { color: #ffffff; }#ut_fancy_image_69debb6e9bce7 .ut-fancy-image { background: #141618; }#ut_fancy_image_69debb6e9bce7.ut-fancy-image-wrap { margin-bottom: 0px; }<\/style><div id=\"ut_fancy_image_69debb6e9bce7\" class=\"ut-fancy-image-wrap \"><a target=\"_self\" href=\"https:\/\/balkan-history.org\/de\/der-kreuzweg\/\" ><figure class=\"ut-fancy-image\">\r\n        <img loading=\"lazy\" decoding=\"async\" data-adaptive-images=\"{&quot;300&quot;:&quot;https:\\\/\\\/balkan-history.org\\\/wp-content\\\/uploads\\\/2021\\\/05\\\/menu_img_05-300x169.png&quot;,&quot;500&quot;:&quot;https:\\\/\\\/balkan-history.org\\\/wp-content\\\/uploads\\\/2021\\\/05\\\/menu_img_05-500x281.png&quot;,&quot;750&quot;:&quot;https:\\\/\\\/balkan-history.org\\\/wp-content\\\/uploads\\\/2021\\\/05\\\/menu_img_05-750x422.png&quot;,&quot;1000&quot;:&quot;https:\\\/\\\/balkan-history.org\\\/wp-content\\\/uploads\\\/2021\\\/05\\\/menu_img_05-1000x562.png&quot;,&quot;1500&quot;:&quot;https:\\\/\\\/balkan-history.org\\\/wp-content\\\/uploads\\\/2021\\\/05\\\/menu_img_05-1500x843.png&quot;,&quot;2500&quot;:&quot;https:\\\/\\\/balkan-history.org\\\/wp-content\\\/uploads\\\/2021\\\/05\\\/menu_img_05-2500x1406.png&quot;}\" src=\"data:image\/svg+xml;charset=utf-8,%3Csvg xmlns%3D'http%3A%2F%2Fwww.w3.org%2F2000%2Fsvg' viewBox%3D'0 0 1500 843'%2F%3E\" width=\"1500\" height=\"843\" data-src=\"https:\/\/balkan-history.org\/wp-content\/uploads\/2021\/05\/menu_img_05-1500x843.png\" data-image-id=\"1138\" class=\"ut-adaptive-image wp-post-image skip-lazy \">\r\n\r\n        <figcaption><h3>5. DER KREUZWEG<\/h3><\/figcaption><\/figure><\/a><\/div>[\/vc_column][vc_column width=&#8221;1\/5&#8243;]<style type=\"text\/css\">#ut_fancy_image_69debb6eb5d62 .ut-fancy-image figcaption h3 { color: #ffffff; }#ut_fancy_image_69debb6eb5d62 .ut-fancy-image { background: #141618; }#ut_fancy_image_69debb6eb5d62.ut-fancy-image-wrap { margin-bottom: 0px; }<\/style><div id=\"ut_fancy_image_69debb6eb5d62\" class=\"ut-fancy-image-wrap \"><a target=\"_self\" href=\"https:\/\/balkan-history.org\/de\/kontroversen\/\" ><figure class=\"ut-fancy-image\">\r\n        <img loading=\"lazy\" decoding=\"async\" data-adaptive-images=\"{&quot;300&quot;:&quot;https:\\\/\\\/balkan-history.org\\\/wp-content\\\/uploads\\\/2021\\\/05\\\/menu_img_01-300x169.png&quot;,&quot;500&quot;:&quot;https:\\\/\\\/balkan-history.org\\\/wp-content\\\/uploads\\\/2021\\\/05\\\/menu_img_01-500x281.png&quot;,&quot;750&quot;:&quot;https:\\\/\\\/balkan-history.org\\\/wp-content\\\/uploads\\\/2021\\\/05\\\/menu_img_01-750x422.png&quot;,&quot;1000&quot;:&quot;https:\\\/\\\/balkan-history.org\\\/wp-content\\\/uploads\\\/2021\\\/05\\\/menu_img_01-1000x562.png&quot;,&quot;1500&quot;:&quot;https:\\\/\\\/balkan-history.org\\\/wp-content\\\/uploads\\\/2021\\\/05\\\/menu_img_01-1500x843.png&quot;,&quot;2500&quot;:&quot;https:\\\/\\\/balkan-history.org\\\/wp-content\\\/uploads\\\/2021\\\/05\\\/menu_img_01-2500x1406.png&quot;}\" src=\"data:image\/svg+xml;charset=utf-8,%3Csvg xmlns%3D'http%3A%2F%2Fwww.w3.org%2F2000%2Fsvg' viewBox%3D'0 0 1500 843'%2F%3E\" width=\"1500\" height=\"843\" data-src=\"https:\/\/balkan-history.org\/wp-content\/uploads\/2021\/05\/menu_img_01-1500x843.png\" data-image-id=\"1122\" class=\"ut-adaptive-image wp-post-image skip-lazy \">\r\n\r\n        <figcaption><h3>6. KONTROVERSEN<\/h3><\/figcaption><\/figure><\/a><\/div>[\/vc_column][\/vc_row][vc_section][vc_row][vc_column][vc_column_text]<\/p>\n<p style=\"text-align: center;\"><a href=\"https:\/\/balkan-history.org\/de\/zagreb-bis-bleiburg\/\">&lt; VORHERIGE SEITE<\/a>\u00a0 \u00a0<a href=\"https:\/\/balkan-history.org\/de\/massentoetungen\/\">N\u00c4CHSTE &gt;<\/a><\/p>\n<p>[\/vc_column_text][\/vc_column][\/vc_row][\/vc_section][vc_section css=&#8221;.vc_custom_1525220216628{background-color: #353234 !important;background-position: center !important;background-repeat: no-repeat !important;background-size: cover !important;}&#8221; el_name=&#8221;Social Section&#8221;][vc_row el_name=&#8221;Social Title&#8221;][vc_column]<div class=\"wpb_content_element \"><style type=\"text\/css\">#ut_header_69debb6ebe757 h2.section-title, #ut_header_69debb6ebe757 h2.section-title span { color:#ffffff; }#ut_header_69debb6ebe757 h2.section-title { font-size:50px !important;letter-spacing:-0.02em; }#ut_header_69debb6ebe757 .lead { color:rgba(255, 255, 255, 0.5); }#ut_header_69debb6ebe757 .lead p { color:rgba(255, 255, 255, 0.5); }<\/style><header id=\"ut_header_69debb6ebe757\" class=\"section-header  ut-no-title-linebreak-mobile ut-no-lead-linebreak-mobile pt-style-7 header-center header-tablet-center header-mobile-center\"><h2 data-title=\"Lassen Sie uns vernetzen\"  data-responsive-font=\"section_title\" data-responsive-font-settings=\"{&quot;base-font-size&quot;:&quot;global&quot;,&quot;font-size&quot;:{&quot;desktop_large&quot;:&quot;50&quot;},&quot;base-line-height&quot;:&quot;global&quot;,&quot;base-letter-spacing&quot;:&quot;global&quot;,&quot;letter-spacing&quot;:{&quot;desktop_large&quot;:&quot;-0.02&quot;}}\" class=\"section-title  \"><span>Lassen Sie uns vernetzen<\/span><\/h2><div data-delay=\"0\" class=\"lead \"><p>Verbinden Sie sich mit uns \u00fcber die sozialen Netzwerke<\/p>\n<\/div><\/header><\/div><div class=\"wpb_content_element \"><style class=\"bklyn-inline-styles\" type=\"text\/css\">#ut_sf_69debb6ec39a8 li a i { color: rgba(204,173,143,0.5); }#ut_sf_69debb6ec39a8 li a:hover i { color: #ccad8f; }#ut_sf_69debb6ec39a8 li a:focus i { color: #ccad8f; }#ut_sf_69debb6ec39a8 { font-size: 30px; }<\/style><ul id=\"ut_sf_69debb6ec39a8\" class=\"ut-social-follow-module  ut-social-follow-module-center ut-social-follow-module-tablet-center ut-social-follow-module-mobile-center ut-social-follow-module-20\" data-settings=\"{&quot;animate&quot;:false,&quot;effect&quot;:&quot;&quot;,&quot;delay_animation&quot;:false,&quot;global_delay_animation&quot;:false,&quot;delay_timer&quot;:100,&quot;global_delay_timer&quot;:100}\"><li  class=\"ut-social-follow-0 ut-social-follow-icon-only \"><a class=\"ut-social-follow-link\" title=\"\" href=\"https:\/\/www.facebook.com\/Bleiburg-%C4%8Dinjenice-i-interpretacije-107580081471610\" target=\" _blank\" ><i class=\"fa fa-facebook-square\"><\/i><\/a><\/li><\/ul><\/div>[\/vc_column][\/vc_row][\/vc_section]<\/p>\n","protected":false},"excerpt":{"rendered":"<p>[vc_section el_name=&#8221;Text area&#8221; css=&#8221;.vc_custom_1619646517248{background-color: rgba(189, 187, 187, 0.58) !important;*background-color: rgba(189,187, 187, 0.58) !important;}&#8221;][vc_row][vc_column][vc_column_text] KAPITULATION, 14-15. Mai 1945 Die Verhandlungen \u00fcber die Kapitulation der kroatischen Streitkr\u00e4fte (des NDH-Milit\u00e4rs) fanden am 14. und 15. Mai 1945 im Schloss des Grafen Thurn-Valsassina auf einer kleinen Anh\u00f6he \u00fcber der Stadt Bleiburg\/Pliberk statt. An den Verhandlungen nahmen Vertreter der britischen [&hellip;]<\/p>\n","protected":false},"author":1,"featured_media":0,"parent":0,"menu_order":0,"comment_status":"closed","ping_status":"closed","template":"","meta":{"footnotes":""},"class_list":["post-2018","page","type-page","status-publish","hentry"],"_links":{"self":[{"href":"https:\/\/balkan-history.org\/de\/wp-json\/wp\/v2\/pages\/2018","targetHints":{"allow":["GET"]}}],"collection":[{"href":"https:\/\/balkan-history.org\/de\/wp-json\/wp\/v2\/pages"}],"about":[{"href":"https:\/\/balkan-history.org\/de\/wp-json\/wp\/v2\/types\/page"}],"author":[{"embeddable":true,"href":"https:\/\/balkan-history.org\/de\/wp-json\/wp\/v2\/users\/1"}],"replies":[{"embeddable":true,"href":"https:\/\/balkan-history.org\/de\/wp-json\/wp\/v2\/comments?post=2018"}],"version-history":[{"count":3,"href":"https:\/\/balkan-history.org\/de\/wp-json\/wp\/v2\/pages\/2018\/revisions"}],"predecessor-version":[{"id":2041,"href":"https:\/\/balkan-history.org\/de\/wp-json\/wp\/v2\/pages\/2018\/revisions\/2041"}],"wp:attachment":[{"href":"https:\/\/balkan-history.org\/de\/wp-json\/wp\/v2\/media?parent=2018"}],"curies":[{"name":"wp","href":"https:\/\/api.w.org\/{rel}","templated":true}]}}