{"id":2021,"date":"2022-03-29T19:05:58","date_gmt":"2022-03-29T17:05:58","guid":{"rendered":"https:\/\/balkan-history.org\/massentoetungen\/"},"modified":"2022-03-30T00:12:06","modified_gmt":"2022-03-29T22:12:06","slug":"massentoetungen","status":"publish","type":"page","link":"https:\/\/balkan-history.org\/de\/massentoetungen\/","title":{"rendered":"Massent\u00f6tungen"},"content":{"rendered":"<p>[vc_section el_name=&#8221;Text area&#8221; css=&#8221;.vc_custom_1619646517248{background-color: rgba(189, 187, 187, 0.58) !important;*background-color: rgba(189,187, 187, 0.58) !important;}&#8221;][vc_row][vc_column][vc_column_text]<\/p>\n<h3><strong>MASSENT\u00d6TUNGEN<\/strong><\/h3>\n<p><img loading=\"lazy\" decoding=\"async\" class=\"alignleft wp-image-1348\" src=\"https:\/\/balkan-history.org\/wp-content\/uploads\/2021\/05\/point_big.png\" alt=\"\" width=\"15\" height=\"15\" \/><\/p>\n<p>Unmittelbar nach der Kapitulation, noch auf dem Feld bei Bleiburg, wurden die gefangenen Soldaten und Zivilisten in Kolonnen (in Viererreihen) aufgestellt, bevor sie von Einheiten der jugoslawischen Armee in Richtung jugoslawisches Gebiet eskortiert wurden. In jeder gr\u00f6\u00dferen Stadt entlang des Weges in Slowenien wurden Gefangenenlager eingerichtet. Einige davon waren Durchgangslager, die nur als Zwischenstation f\u00fcr die H\u00e4ftlingskolonne dienten, bevor sie ihre Reise fortsetzte, w\u00e4hrend andere zu Konzentrationslagern wurden, in denen viele der H\u00e4ftlinge zu Tode kamen. Einige derjenigen, die die ersten Wochen nach der Kapitulation \u00fcberlebten, verbrachten auch einige Zeit in Arbeitslagern, bevor sie entlassen wurden. In diesen Lagern wurden die Gefangenen einer Selektion unterzogen, wobei die Zivilisten von der Armee, die Usta\u0161e von der Heimwehr und die M\u00e4nner von den Frauen mit Kindern getrennt wurden.[\/vc_column_text][vc_column_text css=&#8221;.vc_custom_1620163106256{margin-bottom: 0px !important;}&#8221;]<\/p>\n<div id=\"attachment_1062\" style=\"width: 712px\" class=\"wp-caption alignnone\"><img loading=\"lazy\" decoding=\"async\" aria-describedby=\"caption-attachment-1062\" class=\"wp-image-1062\" src=\"https:\/\/balkan-history.org\/wp-content\/uploads\/2021\/05\/Slika-16-By-Modzzak-Own-work-CC-BY-SA-4.0.jpg\" alt=\"\" width=\"702\" height=\"394\" srcset=\"https:\/\/balkan-history.org\/wp-content\/uploads\/2021\/05\/Slika-16-By-Modzzak-Own-work-CC-BY-SA-4.0.jpg 1280w, https:\/\/balkan-history.org\/wp-content\/uploads\/2021\/05\/Slika-16-By-Modzzak-Own-work-CC-BY-SA-4.0-768x431.jpg 768w\" sizes=\"auto, (max-width: 702px) 100vw, 702px\" \/><p id=\"caption-attachment-1062\" class=\"wp-caption-text\">Izvor: By Modzzak &#8211; Own work, CC BY-SA 4.0<\/p><\/div>\n<p>[\/vc_column_text][vc_column_text css=&#8221;.vc_custom_1648573636252{margin-top: -26px !important;border-top-width: 0px !important;padding-top: 0px !important;}&#8221;]<em>Das Gel\u00e4nde in Tezno &#8211; Maribor<\/em>[\/vc_column_text][vc_column_text]<img loading=\"lazy\" decoding=\"async\" class=\"alignleft wp-image-1348\" src=\"https:\/\/balkan-history.org\/wp-content\/uploads\/2021\/05\/point_big.png\" alt=\"\" width=\"15\" height=\"15\" \/><\/p>\n<p>Unmittelbar nach dem \u00dcbergang vom \u00f6sterreichischen Territorium nach Jugoslawien wurden die Gefangenen ihrer Habseligkeiten beraubt und terrorisiert, wobei auch einzelne Morde begangen wurden. Die ersten organisierten und massenhaften Morde wurden in der N\u00e4he von Maribor (bei Tezno) ver\u00fcbt, die sich haupts\u00e4chlich gegen die Usta\u0161e und Tschetniks richteten. \u00c4hnliche Szenen spielten sich auch in der Umgebung von Celje ab, wo sich die gr\u00f6\u00dften Massengr\u00e4ber in den Gruben, Steinbr\u00fcchen und Minen um Huda Jama befinden. Eine der wichtigsten Hinrichtungsst\u00e4tten im heutigen Slowenien befindet sich in den W\u00e4ldern und Gruben um Ko\u010devje (deutsch: Gottschee; italienisch: Cocevie), nahe Ko\u010devski Rog. Die Exekutionen setzten sich mit dem Vormarsch der Kolonne von Slowenien nach Kroatien fort, wobei Massengr\u00e4ber in Maceljska Gora (einem Mittelgebirge), in Jazovka, einer Grube im \u017dumberak-Gebirge, sowie in der N\u00e4he gr\u00f6\u00dferer St\u00e4dte und Ortschaften wie Zagreb, Kri\u017eevci (ungarisch: K\u0151r\u00f6s; deutsch: Kreutz), Karlovac (deutsch: Karlstadt), Sisak, \u010capljina usw. gefunden wurden.<\/p>\n<p><img loading=\"lazy\" decoding=\"async\" class=\"alignleft wp-image-1348\" src=\"https:\/\/balkan-history.org\/wp-content\/uploads\/2021\/05\/point_big.png\" alt=\"\" width=\"15\" height=\"15\" \/><\/p>\n<p>Die Massent\u00f6tungen von Gefangenen fanden gr\u00f6\u00dftenteils in den ersten Wochen nach der \u00dcberstellung statt, in Gebieten um Slowenien und Nordkroatien. Allein in Slowenien wurden mehr als 600 Massengr\u00e4ber gefunden, das gr\u00f6\u00dfte davon in Tezno, wo sch\u00e4tzungsweise 15.000 Menschen hingerichtet wurden. Die meisten Opfer waren Soldaten (vor allem Usta\u0161e und Tschetniks), aber auch eine gro\u00dfe Zahl von Zivilisten kam ums Leben, darunter auch Frauen und Kinder. \u00a0Die genaue Zahl der Opfer l\u00e4sst sich nicht ermitteln, ebenso wenig wie die Zahl der Menschen in den Fl\u00fcchtlingskolonnen, die sich in Richtung \u00d6sterreich zur\u00fcckzogen. Die Zahl dieser Fl\u00fcchtlinge wird auf 150.000 bis 200.000 gesch\u00e4tzt, die Zahl der Get\u00f6teten auf knapp 100.000. Die \u00fcberwiegende Mehrheit der letzteren (zwischen 80.000 und 90.000 Menschen) waren ethnische Kroaten, der Rest waren ethnische Slowenen (etwa 10.000) und Serben und Montenegriner (mehrere tausend Tschetniks).<\/p>\n<div class=\"mceTemp\"><\/div>\n<p>[\/vc_column_text][vc_column_text css=&#8221;.vc_custom_1620163332110{margin-bottom: 0px !important;}&#8221;]<\/p>\n<div id=\"attachment_1068\" style=\"width: 535px\" class=\"wp-caption alignnone\"><img loading=\"lazy\" decoding=\"async\" aria-describedby=\"caption-attachment-1068\" class=\"wp-image-1068\" src=\"https:\/\/balkan-history.org\/wp-content\/uploads\/2021\/05\/Slika-17-Autor-PhJ-Vlastito-djelo-postavljac\u030ca-CC-BY-SA-3.0.jpg\" alt=\"\" width=\"525\" height=\"394\" srcset=\"https:\/\/balkan-history.org\/wp-content\/uploads\/2021\/05\/Slika-17-Autor-PhJ-Vlastito-djelo-postavljac\u030ca-CC-BY-SA-3.0.jpg 1024w, https:\/\/balkan-history.org\/wp-content\/uploads\/2021\/05\/Slika-17-Autor-PhJ-Vlastito-djelo-postavljac\u030ca-CC-BY-SA-3.0-768x576.jpg 768w, https:\/\/balkan-history.org\/wp-content\/uploads\/2021\/05\/Slika-17-Autor-PhJ-Vlastito-djelo-postavljac\u030ca-CC-BY-SA-3.0-960x720.jpg 960w\" sizes=\"auto, (max-width: 525px) 100vw, 525px\" \/><p id=\"caption-attachment-1068\" class=\"wp-caption-text\">Izvor: Autor PhJ &#8211; Vlastito djelo postavljac\u030ca, CC BY-SA 3.0<\/p><\/div>\n<p>[\/vc_column_text][vc_column_text css=&#8221;.vc_custom_1648573710453{margin-top: -26px !important;border-top-width: 0px !important;padding-top: 0px !important;}&#8221;]<em>Das Gel\u00e4nde am Ko\u010devski Rog<\/em>[\/vc_column_text][vc_column_text]<img loading=\"lazy\" decoding=\"async\" class=\"alignleft wp-image-1348\" src=\"https:\/\/balkan-history.org\/wp-content\/uploads\/2021\/05\/point_big.png\" alt=\"\" width=\"15\" height=\"15\" \/><\/p>\n<p>Neben den Soldaten und Zivilisten, die sich in Bleiburg\/Pliberk ergaben, stellte sich auch die Frage nach dem Schicksal all jener, die es vor dem 14. Mai geschafft hatten, \u00d6sterreich zu erreichen. Sie wurden in von den Briten betriebenen Kriegsgefangenenlagern interniert, das gr\u00f6\u00dfte befand sich in der Ortschaft Viktring (slowenisch: Vetrinj) bei Klagenfurt am W\u00f6rthersee (slowenisch: Celovec), wo 30.000 Menschen untergebracht waren. Trotz Versprechungen, sie in Lager f\u00fcr Vertriebene in Italien zu schicken, entschieden sich die Briten wenige Tage nach der Kapitulation bei Bleiburg\/Pliberk, die meisten dieser Gefangenen auch nach Jugoslawien zu repatriieren. Zu den Gruppen, die im Lager in der N\u00e4he der Stadt Spittal (Spittal an der Drau) inhaftiert waren, geh\u00f6rten auch etwa hundert Beamte der Regierung der NDH, unter ihnen Nikola Mandi\u0107, Mile Budak, Mirko Puk, Julije Makanec, Pavao Canki und andere Regierungsminister. Sie sollten mit dem Zug nach Jugoslawien \u00fcberf\u00fchrt und von jugoslawischen Gerichten zum Tode verurteilt werden.[\/vc_column_text][\/vc_column][\/vc_row][\/vc_section][vc_row full_width=&#8221;stretch_row_content_no_spaces&#8221; el_name=&#8221;Links&#8221; css=&#8221;.vc_custom_1619980608999{margin-top: 0px !important;}&#8221;][vc_column width=&#8221;1\/5&#8243; css=&#8221;.vc_custom_1525096300190{margin-bottom: 0px !important;}&#8221;]<style type=\"text\/css\">#ut_fancy_image_69debcdd246e9 .ut-fancy-image figcaption h3 { color: #ffffff; }#ut_fancy_image_69debcdd246e9 .ut-fancy-image { background: #141618; }#ut_fancy_image_69debcdd246e9.ut-fancy-image-wrap { margin-bottom: 0px; }<\/style><div id=\"ut_fancy_image_69debcdd246e9\" class=\"ut-fancy-image-wrap \"><a target=\"_self\" href=\"https:\/\/balkan-history.org\/de\/ndh\/\" ><figure class=\"ut-fancy-image\">\r\n        <img loading=\"lazy\" decoding=\"async\" data-adaptive-images=\"{&quot;300&quot;:&quot;https:\\\/\\\/balkan-history.org\\\/wp-content\\\/uploads\\\/2021\\\/05\\\/menu_img_01-300x169.png&quot;,&quot;500&quot;:&quot;https:\\\/\\\/balkan-history.org\\\/wp-content\\\/uploads\\\/2021\\\/05\\\/menu_img_01-500x281.png&quot;,&quot;750&quot;:&quot;https:\\\/\\\/balkan-history.org\\\/wp-content\\\/uploads\\\/2021\\\/05\\\/menu_img_01-750x422.png&quot;,&quot;1000&quot;:&quot;https:\\\/\\\/balkan-history.org\\\/wp-content\\\/uploads\\\/2021\\\/05\\\/menu_img_01-1000x562.png&quot;,&quot;1500&quot;:&quot;https:\\\/\\\/balkan-history.org\\\/wp-content\\\/uploads\\\/2021\\\/05\\\/menu_img_01-1500x843.png&quot;,&quot;2500&quot;:&quot;https:\\\/\\\/balkan-history.org\\\/wp-content\\\/uploads\\\/2021\\\/05\\\/menu_img_01-2500x1406.png&quot;}\" src=\"data:image\/svg+xml;charset=utf-8,%3Csvg xmlns%3D'http%3A%2F%2Fwww.w3.org%2F2000%2Fsvg' viewBox%3D'0 0 1500 843'%2F%3E\" width=\"1500\" height=\"843\" data-src=\"https:\/\/balkan-history.org\/wp-content\/uploads\/2021\/05\/menu_img_01-1500x843.png\" data-image-id=\"1122\" class=\"ut-adaptive-image wp-post-image skip-lazy \">\r\n\r\n        <figcaption><h3>1. NDH<\/h3><\/figcaption><\/figure><\/a><\/div>[\/vc_column][vc_column width=&#8221;1\/5&#8243;]<style type=\"text\/css\">#ut_fancy_image_69debcdd2cd5c .ut-fancy-image figcaption h3 { color: #ffffff; }#ut_fancy_image_69debcdd2cd5c .ut-fancy-image { background: #141618; }#ut_fancy_image_69debcdd2cd5c.ut-fancy-image-wrap { margin-bottom: 0px; }<\/style><div id=\"ut_fancy_image_69debcdd2cd5c\" class=\"ut-fancy-image-wrap \"><a target=\"_self\" href=\"https:\/\/balkan-history.org\/de\/zagreb-bis-bleiburg\/\" ><figure class=\"ut-fancy-image\">\r\n        <img loading=\"lazy\" decoding=\"async\" data-adaptive-images=\"{&quot;300&quot;:&quot;https:\\\/\\\/balkan-history.org\\\/wp-content\\\/uploads\\\/2021\\\/05\\\/menu_img_02-300x169.png&quot;,&quot;500&quot;:&quot;https:\\\/\\\/balkan-history.org\\\/wp-content\\\/uploads\\\/2021\\\/05\\\/menu_img_02-500x281.png&quot;,&quot;750&quot;:&quot;https:\\\/\\\/balkan-history.org\\\/wp-content\\\/uploads\\\/2021\\\/05\\\/menu_img_02-750x422.png&quot;,&quot;1000&quot;:&quot;https:\\\/\\\/balkan-history.org\\\/wp-content\\\/uploads\\\/2021\\\/05\\\/menu_img_02-1000x562.png&quot;,&quot;1500&quot;:&quot;https:\\\/\\\/balkan-history.org\\\/wp-content\\\/uploads\\\/2021\\\/05\\\/menu_img_02-1500x843.png&quot;,&quot;2500&quot;:&quot;https:\\\/\\\/balkan-history.org\\\/wp-content\\\/uploads\\\/2021\\\/05\\\/menu_img_02-2500x1406.png&quot;}\" src=\"data:image\/svg+xml;charset=utf-8,%3Csvg xmlns%3D'http%3A%2F%2Fwww.w3.org%2F2000%2Fsvg' viewBox%3D'0 0 1500 843'%2F%3E\" width=\"1500\" height=\"843\" data-src=\"https:\/\/balkan-history.org\/wp-content\/uploads\/2021\/05\/menu_img_02-1500x843.png\" data-image-id=\"1126\" class=\"ut-adaptive-image wp-post-image skip-lazy \">\r\n\r\n        <figcaption><h3>2. ZAGREB BIS BLEIBURG<\/h3><\/figcaption><\/figure><\/a><\/div>[\/vc_column][vc_column width=&#8221;1\/5&#8243; css=&#8221;.vc_custom_1525096293340{margin-bottom: 0px !important;}&#8221;]<style type=\"text\/css\">#ut_fancy_image_69debcdd33eff .ut-fancy-image figcaption h3 { color: #ffffff; }#ut_fancy_image_69debcdd33eff .ut-fancy-image { background: #141618; }#ut_fancy_image_69debcdd33eff.ut-fancy-image-wrap { margin-bottom: 0px; }<\/style><div id=\"ut_fancy_image_69debcdd33eff\" class=\"ut-fancy-image-wrap \"><a target=\"_self\" href=\"https:\/\/balkan-history.org\/de\/kapitulation\/\" ><figure class=\"ut-fancy-image\">\r\n        <img loading=\"lazy\" decoding=\"async\" data-adaptive-images=\"{&quot;300&quot;:&quot;https:\\\/\\\/balkan-history.org\\\/wp-content\\\/uploads\\\/2021\\\/05\\\/menu_img_03-300x169.png&quot;,&quot;500&quot;:&quot;https:\\\/\\\/balkan-history.org\\\/wp-content\\\/uploads\\\/2021\\\/05\\\/menu_img_03-500x281.png&quot;,&quot;750&quot;:&quot;https:\\\/\\\/balkan-history.org\\\/wp-content\\\/uploads\\\/2021\\\/05\\\/menu_img_03-750x422.png&quot;,&quot;1000&quot;:&quot;https:\\\/\\\/balkan-history.org\\\/wp-content\\\/uploads\\\/2021\\\/05\\\/menu_img_03-1000x562.png&quot;,&quot;1500&quot;:&quot;https:\\\/\\\/balkan-history.org\\\/wp-content\\\/uploads\\\/2021\\\/05\\\/menu_img_03-1500x843.png&quot;,&quot;2500&quot;:&quot;https:\\\/\\\/balkan-history.org\\\/wp-content\\\/uploads\\\/2021\\\/05\\\/menu_img_03-2500x1406.png&quot;}\" src=\"data:image\/svg+xml;charset=utf-8,%3Csvg xmlns%3D'http%3A%2F%2Fwww.w3.org%2F2000%2Fsvg' viewBox%3D'0 0 1500 843'%2F%3E\" width=\"1500\" height=\"843\" data-src=\"https:\/\/balkan-history.org\/wp-content\/uploads\/2021\/05\/menu_img_03-1500x843.png\" data-image-id=\"1130\" class=\"ut-adaptive-image wp-post-image skip-lazy \">\r\n\r\n        <figcaption><h3>3. KAPITULATION<\/h3><\/figcaption><\/figure><\/a><\/div>[\/vc_column][vc_column width=&#8221;1\/5&#8243;]<style type=\"text\/css\">#ut_fancy_image_69debcdd3e0bb .ut-fancy-image figcaption h3 { color: #ffffff; }#ut_fancy_image_69debcdd3e0bb .ut-fancy-image { background: #141618; }#ut_fancy_image_69debcdd3e0bb.ut-fancy-image-wrap { margin-bottom: 0px; }<\/style><div id=\"ut_fancy_image_69debcdd3e0bb\" class=\"ut-fancy-image-wrap \"><a target=\"_self\" href=\"https:\/\/balkan-history.org\/de\/der-kreuzweg\/\" ><figure class=\"ut-fancy-image\">\r\n        <img loading=\"lazy\" decoding=\"async\" data-adaptive-images=\"{&quot;300&quot;:&quot;https:\\\/\\\/balkan-history.org\\\/wp-content\\\/uploads\\\/2021\\\/05\\\/menu_img_05-300x169.png&quot;,&quot;500&quot;:&quot;https:\\\/\\\/balkan-history.org\\\/wp-content\\\/uploads\\\/2021\\\/05\\\/menu_img_05-500x281.png&quot;,&quot;750&quot;:&quot;https:\\\/\\\/balkan-history.org\\\/wp-content\\\/uploads\\\/2021\\\/05\\\/menu_img_05-750x422.png&quot;,&quot;1000&quot;:&quot;https:\\\/\\\/balkan-history.org\\\/wp-content\\\/uploads\\\/2021\\\/05\\\/menu_img_05-1000x562.png&quot;,&quot;1500&quot;:&quot;https:\\\/\\\/balkan-history.org\\\/wp-content\\\/uploads\\\/2021\\\/05\\\/menu_img_05-1500x843.png&quot;,&quot;2500&quot;:&quot;https:\\\/\\\/balkan-history.org\\\/wp-content\\\/uploads\\\/2021\\\/05\\\/menu_img_05-2500x1406.png&quot;}\" src=\"data:image\/svg+xml;charset=utf-8,%3Csvg xmlns%3D'http%3A%2F%2Fwww.w3.org%2F2000%2Fsvg' viewBox%3D'0 0 1500 843'%2F%3E\" width=\"1500\" height=\"843\" data-src=\"https:\/\/balkan-history.org\/wp-content\/uploads\/2021\/05\/menu_img_05-1500x843.png\" data-image-id=\"1138\" class=\"ut-adaptive-image wp-post-image skip-lazy \">\r\n\r\n        <figcaption><h3>5. DER KREUZWEG<\/h3><\/figcaption><\/figure><\/a><\/div>[\/vc_column][vc_column width=&#8221;1\/5&#8243;]<style type=\"text\/css\">#ut_fancy_image_69debcdd45f7f .ut-fancy-image figcaption h3 { color: #ffffff; }#ut_fancy_image_69debcdd45f7f .ut-fancy-image { background: #141618; }#ut_fancy_image_69debcdd45f7f.ut-fancy-image-wrap { margin-bottom: 0px; }<\/style><div id=\"ut_fancy_image_69debcdd45f7f\" class=\"ut-fancy-image-wrap \"><a target=\"_self\" href=\"https:\/\/balkan-history.org\/de\/kontroversen\/\" ><figure class=\"ut-fancy-image\">\r\n        <img loading=\"lazy\" decoding=\"async\" data-adaptive-images=\"{&quot;300&quot;:&quot;https:\\\/\\\/balkan-history.org\\\/wp-content\\\/uploads\\\/2021\\\/05\\\/menu_img_01-300x169.png&quot;,&quot;500&quot;:&quot;https:\\\/\\\/balkan-history.org\\\/wp-content\\\/uploads\\\/2021\\\/05\\\/menu_img_01-500x281.png&quot;,&quot;750&quot;:&quot;https:\\\/\\\/balkan-history.org\\\/wp-content\\\/uploads\\\/2021\\\/05\\\/menu_img_01-750x422.png&quot;,&quot;1000&quot;:&quot;https:\\\/\\\/balkan-history.org\\\/wp-content\\\/uploads\\\/2021\\\/05\\\/menu_img_01-1000x562.png&quot;,&quot;1500&quot;:&quot;https:\\\/\\\/balkan-history.org\\\/wp-content\\\/uploads\\\/2021\\\/05\\\/menu_img_01-1500x843.png&quot;,&quot;2500&quot;:&quot;https:\\\/\\\/balkan-history.org\\\/wp-content\\\/uploads\\\/2021\\\/05\\\/menu_img_01-2500x1406.png&quot;}\" src=\"data:image\/svg+xml;charset=utf-8,%3Csvg xmlns%3D'http%3A%2F%2Fwww.w3.org%2F2000%2Fsvg' viewBox%3D'0 0 1500 843'%2F%3E\" width=\"1500\" height=\"843\" data-src=\"https:\/\/balkan-history.org\/wp-content\/uploads\/2021\/05\/menu_img_01-1500x843.png\" data-image-id=\"1122\" class=\"ut-adaptive-image wp-post-image skip-lazy \">\r\n\r\n        <figcaption><h3>6. KONTROVERSEN<\/h3><\/figcaption><\/figure><\/a><\/div>[\/vc_column][\/vc_row][vc_section][vc_row][vc_column][vc_column_text]<\/p>\n<p style=\"text-align: center;\"><a href=\"https:\/\/balkan-history.org\/de\/kapitulation\/\">&lt; VORHERIGE SEITE<\/a>\u00a0 \u00a0<a href=\"https:\/\/balkan-history.org\/de\/der-kreuzweg\/\">N\u00c4CHSTE &gt;<\/a><\/p>\n<p>[\/vc_column_text][\/vc_column][\/vc_row][\/vc_section][vc_section css=&#8221;.vc_custom_1525220216628{background-color: #353234 !important;background-position: center !important;background-repeat: no-repeat !important;background-size: cover !important;}&#8221; el_name=&#8221;Social Section&#8221;][vc_row el_name=&#8221;Social Title&#8221;][vc_column]<div class=\"wpb_content_element \"><style type=\"text\/css\">#ut_header_69debcdd4cf03 h2.section-title, #ut_header_69debcdd4cf03 h2.section-title span { color:#ffffff; }#ut_header_69debcdd4cf03 h2.section-title { font-size:50px !important;letter-spacing:-0.02em; }#ut_header_69debcdd4cf03 .lead { color:rgba(255, 255, 255, 0.5); }#ut_header_69debcdd4cf03 .lead p { color:rgba(255, 255, 255, 0.5); }<\/style><header id=\"ut_header_69debcdd4cf03\" class=\"section-header  ut-no-title-linebreak-mobile ut-no-lead-linebreak-mobile pt-style-7 header-center header-tablet-center header-mobile-center\"><h2 data-title=\"Lassen Sie uns vernetzen\"  data-responsive-font=\"section_title\" data-responsive-font-settings=\"{&quot;base-font-size&quot;:&quot;global&quot;,&quot;font-size&quot;:{&quot;desktop_large&quot;:&quot;50&quot;},&quot;base-line-height&quot;:&quot;global&quot;,&quot;base-letter-spacing&quot;:&quot;global&quot;,&quot;letter-spacing&quot;:{&quot;desktop_large&quot;:&quot;-0.02&quot;}}\" class=\"section-title  \"><span>Lassen Sie uns vernetzen<\/span><\/h2><div data-delay=\"0\" class=\"lead \"><p>Verbinden Sie sich mit uns \u00fcber die sozialen Netzwerke<\/p>\n<\/div><\/header><\/div><div class=\"wpb_content_element \"><style class=\"bklyn-inline-styles\" type=\"text\/css\">#ut_sf_69debcdd51c44 li a i { color: rgba(204,173,143,0.5); }#ut_sf_69debcdd51c44 li a:hover i { color: #ccad8f; }#ut_sf_69debcdd51c44 li a:focus i { color: #ccad8f; }#ut_sf_69debcdd51c44 { font-size: 30px; }<\/style><ul id=\"ut_sf_69debcdd51c44\" class=\"ut-social-follow-module  ut-social-follow-module-center ut-social-follow-module-tablet-center ut-social-follow-module-mobile-center ut-social-follow-module-20\" data-settings=\"{&quot;animate&quot;:false,&quot;effect&quot;:&quot;&quot;,&quot;delay_animation&quot;:false,&quot;global_delay_animation&quot;:false,&quot;delay_timer&quot;:100,&quot;global_delay_timer&quot;:100}\"><li  class=\"ut-social-follow-0 ut-social-follow-icon-only \"><a class=\"ut-social-follow-link\" title=\"\" href=\"https:\/\/www.facebook.com\/Bleiburg-%C4%8Dinjenice-i-interpretacije-107580081471610\" target=\" _blank\" ><i class=\"fa fa-facebook-square\"><\/i><\/a><\/li><\/ul><\/div>[\/vc_column][\/vc_row][\/vc_section]<\/p>\n","protected":false},"excerpt":{"rendered":"<p>[vc_section el_name=&#8221;Text area&#8221; css=&#8221;.vc_custom_1619646517248{background-color: rgba(189, 187, 187, 0.58) !important;*background-color: rgba(189,187, 187, 0.58) !important;}&#8221;][vc_row][vc_column][vc_column_text] MASSENT\u00d6TUNGEN Unmittelbar nach der Kapitulation, noch auf dem Feld bei Bleiburg, wurden die gefangenen Soldaten und Zivilisten in Kolonnen (in Viererreihen) aufgestellt, bevor sie von Einheiten der jugoslawischen Armee in Richtung jugoslawisches Gebiet eskortiert wurden. In jeder gr\u00f6\u00dferen Stadt entlang des Weges [&hellip;]<\/p>\n","protected":false},"author":1,"featured_media":0,"parent":0,"menu_order":0,"comment_status":"closed","ping_status":"closed","template":"","meta":{"footnotes":""},"class_list":["post-2021","page","type-page","status-publish","hentry"],"_links":{"self":[{"href":"https:\/\/balkan-history.org\/de\/wp-json\/wp\/v2\/pages\/2021","targetHints":{"allow":["GET"]}}],"collection":[{"href":"https:\/\/balkan-history.org\/de\/wp-json\/wp\/v2\/pages"}],"about":[{"href":"https:\/\/balkan-history.org\/de\/wp-json\/wp\/v2\/types\/page"}],"author":[{"embeddable":true,"href":"https:\/\/balkan-history.org\/de\/wp-json\/wp\/v2\/users\/1"}],"replies":[{"embeddable":true,"href":"https:\/\/balkan-history.org\/de\/wp-json\/wp\/v2\/comments?post=2021"}],"version-history":[{"count":3,"href":"https:\/\/balkan-history.org\/de\/wp-json\/wp\/v2\/pages\/2021\/revisions"}],"predecessor-version":[{"id":2042,"href":"https:\/\/balkan-history.org\/de\/wp-json\/wp\/v2\/pages\/2021\/revisions\/2042"}],"wp:attachment":[{"href":"https:\/\/balkan-history.org\/de\/wp-json\/wp\/v2\/media?parent=2021"}],"curies":[{"name":"wp","href":"https:\/\/api.w.org\/{rel}","templated":true}]}}