{"id":2046,"date":"2022-03-30T14:22:10","date_gmt":"2022-03-30T12:22:10","guid":{"rendered":"https:\/\/balkan-history.org\/jasenovac\/"},"modified":"2022-04-07T23:44:20","modified_gmt":"2022-04-07T21:44:20","slug":"jasenovac","status":"publish","type":"page","link":"https:\/\/balkan-history.org\/de\/jasenovac\/","title":{"rendered":"Jasenovac"},"content":{"rendered":"<p>[vc_section][vc_row][vc_column][vc_column_text]Konzentrationslager als eine Form der Repression gegen all diejenigen, die im Unabh\u00e4ngigen Staat Kroatien (<em>Nezavisna Dr\u017eava Hrvatska<\/em>, NDH) als untauglich oder unerw\u00fcnscht galten, wurden erstmals im April 1941 eingerichtet. In den vier Jahren ihres Bestehens, bis April 1945, wurden Zehntausende Menschen dort inhaftiert, die meisten von ihnen Zivilisten. Die \u00fcberwiegende Mehrheit von ihnen hat die Lager nicht lebend verlassen. Gemessen an der Fl\u00e4che, der Zahl der Gefangenen und der Zahl der Ermordeten war das Lager in Jasenovac das gr\u00f6\u00dfte Lager in dem von der NDH kontrollierten Gebiet.<\/p>\n<p>Was war der Charakter des Lagers Jasenovac? Wer waren die H\u00e4ftlinge? Wie viele Menschen wurden in diesem Lager ermordet? Antworten auf diese und viele andere Fragen finden Sie im folgenden Text.[\/vc_column_text][\/vc_column][\/vc_row][\/vc_section][vc_row full_width=&#8221;stretch_row_content_no_spaces&#8221; el_name=&#8221;Obradene teme&#8221; css=&#8221;.vc_custom_1619732500987{margin-top: 0px !important;}&#8221;][vc_column width=&#8221;1\/3&#8243; css=&#8221;.vc_custom_1525096300190{margin-bottom: 0px !important;}&#8221;]<style type=\"text\/css\">#ut_fancy_image_69e35c0759db8 .ut-fancy-image figcaption h3 { color: #ffffff; }#ut_fancy_image_69e35c0759db8 .ut-fancy-image { background: #141618; }#ut_fancy_image_69e35c0759db8.ut-fancy-image-wrap { margin-bottom: 0px; }<\/style><div id=\"ut_fancy_image_69e35c0759db8\" class=\"ut-fancy-image-wrap \"><a target=\"_self\" href=\"https:\/\/balkan-history.org\/de\/das-system-der-gefangenenlagner-in-der-ndh\/\" ><figure class=\"ut-fancy-image\">\r\n        <img loading=\"lazy\" decoding=\"async\" data-adaptive-images=\"{&quot;300&quot;:&quot;https:\\\/\\\/balkan-history.org\\\/wp-content\\\/uploads\\\/2021\\\/08\\\/Rasni-Zakoni-NDH-300x169.png&quot;,&quot;500&quot;:&quot;https:\\\/\\\/balkan-history.org\\\/wp-content\\\/uploads\\\/2021\\\/08\\\/Rasni-Zakoni-NDH-500x281.png&quot;,&quot;750&quot;:&quot;https:\\\/\\\/balkan-history.org\\\/wp-content\\\/uploads\\\/2021\\\/08\\\/Rasni-Zakoni-NDH-750x422.png&quot;,&quot;1000&quot;:&quot;https:\\\/\\\/balkan-history.org\\\/wp-content\\\/uploads\\\/2021\\\/08\\\/Rasni-Zakoni-NDH-1000x562.png&quot;,&quot;1500&quot;:&quot;https:\\\/\\\/balkan-history.org\\\/wp-content\\\/uploads\\\/2021\\\/08\\\/Rasni-Zakoni-NDH-1500x843.png&quot;,&quot;2500&quot;:&quot;https:\\\/\\\/balkan-history.org\\\/wp-content\\\/uploads\\\/2021\\\/08\\\/Rasni-Zakoni-NDH-2500x1406.png&quot;}\" src=\"data:image\/svg+xml;charset=utf-8,%3Csvg xmlns%3D'http%3A%2F%2Fwww.w3.org%2F2000%2Fsvg' viewBox%3D'0 0 1500 843'%2F%3E\" width=\"1500\" height=\"843\" data-src=\"https:\/\/balkan-history.org\/wp-content\/uploads\/2021\/08\/Rasni-Zakoni-NDH-1500x843.png\" data-image-id=\"1773\" class=\"ut-adaptive-image wp-post-image skip-lazy \">\r\n\r\n        <figcaption><h3>DAS SYSTEM DER GEFANGENENLAGER IN DER NDH<\/h3><\/figcaption><\/figure><\/a><\/div>[\/vc_column][vc_column width=&#8221;1\/3&#8243;]<style type=\"text\/css\">#ut_fancy_image_69e35c0760282 .ut-fancy-image figcaption h3 { color: #ffffff; }#ut_fancy_image_69e35c0760282 .ut-fancy-image { background: #141618; }#ut_fancy_image_69e35c0760282.ut-fancy-image-wrap { margin-bottom: 0px; }<\/style><div id=\"ut_fancy_image_69e35c0760282\" class=\"ut-fancy-image-wrap \"><a target=\"_self\" href=\"https:\/\/balkan-history.org\/de\/konzentrationslager-jasenovac\/\" ><figure class=\"ut-fancy-image\">\r\n        <img loading=\"lazy\" decoding=\"async\" data-adaptive-images=\"{&quot;300&quot;:&quot;https:\\\/\\\/balkan-history.org\\\/wp-content\\\/uploads\\\/2021\\\/08\\\/7.-Koncentracijski-logor-Jasenovac-Header-300x169.png&quot;,&quot;500&quot;:&quot;https:\\\/\\\/balkan-history.org\\\/wp-content\\\/uploads\\\/2021\\\/08\\\/7.-Koncentracijski-logor-Jasenovac-Header-500x281.png&quot;,&quot;750&quot;:&quot;https:\\\/\\\/balkan-history.org\\\/wp-content\\\/uploads\\\/2021\\\/08\\\/7.-Koncentracijski-logor-Jasenovac-Header-750x422.png&quot;,&quot;1000&quot;:&quot;https:\\\/\\\/balkan-history.org\\\/wp-content\\\/uploads\\\/2021\\\/08\\\/7.-Koncentracijski-logor-Jasenovac-Header-1000x562.png&quot;,&quot;1500&quot;:&quot;https:\\\/\\\/balkan-history.org\\\/wp-content\\\/uploads\\\/2021\\\/08\\\/7.-Koncentracijski-logor-Jasenovac-Header-1500x843.png&quot;,&quot;2500&quot;:&quot;https:\\\/\\\/balkan-history.org\\\/wp-content\\\/uploads\\\/2021\\\/08\\\/7.-Koncentracijski-logor-Jasenovac-Header-2500x1406.png&quot;}\" src=\"data:image\/svg+xml;charset=utf-8,%3Csvg xmlns%3D'http%3A%2F%2Fwww.w3.org%2F2000%2Fsvg' viewBox%3D'0 0 1500 843'%2F%3E\" width=\"1500\" height=\"843\" data-src=\"https:\/\/balkan-history.org\/wp-content\/uploads\/2021\/08\/7.-Koncentracijski-logor-Jasenovac-Header-1500x843.png\" data-image-id=\"1605\" class=\"ut-adaptive-image wp-post-image skip-lazy \">\r\n\r\n        <figcaption><h3>KONZENTRATIONSLAGER JASENOVAC<\/h3><\/figcaption><\/figure><\/a><\/div>[\/vc_column][vc_column width=&#8221;1\/3&#8243; css=&#8221;.vc_custom_1525096293340{margin-bottom: 0px !important;}&#8221;]<style type=\"text\/css\">#ut_fancy_image_69e35c0765f24 .ut-fancy-image figcaption h3 { color: #ffffff; }#ut_fancy_image_69e35c0765f24 .ut-fancy-image { background: #141618; }#ut_fancy_image_69e35c0765f24.ut-fancy-image-wrap { margin-bottom: 0px; }<\/style><div id=\"ut_fancy_image_69e35c0765f24\" class=\"ut-fancy-image-wrap \"><a target=\"_self\" href=\"https:\/\/balkan-history.org\/de\/strittige-punkte\/\" ><figure class=\"ut-fancy-image\">\r\n        <img loading=\"lazy\" decoding=\"async\" data-adaptive-images=\"{&quot;300&quot;:&quot;https:\\\/\\\/balkan-history.org\\\/wp-content\\\/uploads\\\/2021\\\/08\\\/14.-Kontroverze-Header-Zatoc\\u030cenici-logora-Jasenovac-300x169.gif&quot;,&quot;500&quot;:&quot;https:\\\/\\\/balkan-history.org\\\/wp-content\\\/uploads\\\/2021\\\/08\\\/14.-Kontroverze-Header-Zatoc\\u030cenici-logora-Jasenovac-500x281.gif&quot;,&quot;750&quot;:&quot;https:\\\/\\\/balkan-history.org\\\/wp-content\\\/uploads\\\/2021\\\/08\\\/14.-Kontroverze-Header-Zatoc\\u030cenici-logora-Jasenovac-750x422.gif&quot;,&quot;1000&quot;:&quot;https:\\\/\\\/balkan-history.org\\\/wp-content\\\/uploads\\\/2021\\\/08\\\/14.-Kontroverze-Header-Zatoc\\u030cenici-logora-Jasenovac-1000x562.gif&quot;,&quot;1500&quot;:&quot;https:\\\/\\\/balkan-history.org\\\/wp-content\\\/uploads\\\/2021\\\/08\\\/14.-Kontroverze-Header-Zatoc\\u030cenici-logora-Jasenovac-1500x843.gif&quot;,&quot;2500&quot;:&quot;https:\\\/\\\/balkan-history.org\\\/wp-content\\\/uploads\\\/2021\\\/08\\\/14.-Kontroverze-Header-Zatoc\\u030cenici-logora-Jasenovac-2500x1406.gif&quot;}\" src=\"data:image\/svg+xml;charset=utf-8,%3Csvg xmlns%3D'http%3A%2F%2Fwww.w3.org%2F2000%2Fsvg' viewBox%3D'0 0 1500 843'%2F%3E\" width=\"1500\" height=\"843\" data-src=\"https:\/\/balkan-history.org\/wp-content\/uploads\/2021\/08\/14.-Kontroverze-Header-Zatoc\u030cenici-logora-Jasenovac-1500x843.gif\" data-image-id=\"1610\" class=\"ut-adaptive-image wp-post-image skip-lazy \">\r\n\r\n        <figcaption><h3>STRITTIGE PUNKTE<\/h3><\/figcaption><\/figure><\/a><\/div>[\/vc_column][\/vc_row][vc_section css=&#8221;.vc_custom_1525220216628{background-color: #353234 !important;background-position: center !important;background-repeat: no-repeat !important;background-size: cover !important;}&#8221; el_name=&#8221;Social Section&#8221;][vc_row el_name=&#8221;Social Title&#8221;][vc_column]<div class=\"wpb_content_element \"><style type=\"text\/css\">#ut_header_69e35c076dac5 h2.section-title, #ut_header_69e35c076dac5 h2.section-title span { color:#ffffff; }#ut_header_69e35c076dac5 h2.section-title { font-size:50px !important;letter-spacing:-0.02em; }#ut_header_69e35c076dac5 .lead { color:rgba(255, 255, 255, 0.5); }#ut_header_69e35c076dac5 .lead p { color:rgba(255, 255, 255, 0.5); }<\/style><header id=\"ut_header_69e35c076dac5\" class=\"section-header  ut-no-title-linebreak-mobile ut-no-lead-linebreak-mobile pt-style-7 header-center header-tablet-center header-mobile-center\"><h2 data-title=\"Lassen Sie uns vernetzen\"  data-responsive-font=\"section_title\" data-responsive-font-settings=\"{&quot;base-font-size&quot;:&quot;global&quot;,&quot;font-size&quot;:{&quot;desktop_large&quot;:&quot;50&quot;},&quot;base-line-height&quot;:&quot;global&quot;,&quot;base-letter-spacing&quot;:&quot;global&quot;,&quot;letter-spacing&quot;:{&quot;desktop_large&quot;:&quot;-0.02&quot;}}\" class=\"section-title  \"><span>Lassen Sie uns vernetzen<\/span><\/h2><div data-delay=\"0\" class=\"lead \"><p>Verbinden Sie sich mit uns \u00fcber die sozialen Netzwerke<\/p>\n<\/div><\/header><\/div><div class=\"wpb_content_element \"><style class=\"bklyn-inline-styles\" type=\"text\/css\">#ut_sf_69e35c077127b li a i { color: rgba(204,173,143,0.5); }#ut_sf_69e35c077127b li a:hover i { color: #ccad8f; }#ut_sf_69e35c077127b li a:focus i { color: #ccad8f; }#ut_sf_69e35c077127b { font-size: 30px; }<\/style><ul id=\"ut_sf_69e35c077127b\" class=\"ut-social-follow-module  ut-social-follow-module-center ut-social-follow-module-tablet-center ut-social-follow-module-mobile-center ut-social-follow-module-20\" data-settings=\"{&quot;animate&quot;:false,&quot;effect&quot;:&quot;&quot;,&quot;delay_animation&quot;:false,&quot;global_delay_animation&quot;:false,&quot;delay_timer&quot;:100,&quot;global_delay_timer&quot;:100}\"><li  class=\"ut-social-follow-0 ut-social-follow-icon-only \"><a class=\"ut-social-follow-link\" title=\"\" href=\"https:\/\/www.facebook.com\/Bleiburg-%C4%8Dinjenice-i-interpretacije-107580081471610\" target=\" _blank\" ><i class=\"fa fa-facebook-square\"><\/i><\/a><\/li><\/ul><\/div>[\/vc_column][\/vc_row][\/vc_section]<\/p>\n","protected":false},"excerpt":{"rendered":"<p>[vc_section][vc_row][vc_column][vc_column_text]Konzentrationslager als eine Form der Repression gegen all diejenigen, die im Unabh\u00e4ngigen Staat Kroatien (Nezavisna Dr\u017eava Hrvatska, NDH) als untauglich oder unerw\u00fcnscht galten, wurden erstmals im April 1941 eingerichtet. In den vier Jahren ihres Bestehens, bis April 1945, wurden Zehntausende Menschen dort inhaftiert, die meisten von ihnen Zivilisten. Die \u00fcberwiegende Mehrheit von ihnen hat die [&hellip;]<\/p>\n","protected":false},"author":1,"featured_media":0,"parent":0,"menu_order":0,"comment_status":"closed","ping_status":"closed","template":"","meta":{"footnotes":""},"class_list":["post-2046","page","type-page","status-publish","hentry"],"_links":{"self":[{"href":"https:\/\/balkan-history.org\/de\/wp-json\/wp\/v2\/pages\/2046","targetHints":{"allow":["GET"]}}],"collection":[{"href":"https:\/\/balkan-history.org\/de\/wp-json\/wp\/v2\/pages"}],"about":[{"href":"https:\/\/balkan-history.org\/de\/wp-json\/wp\/v2\/types\/page"}],"author":[{"embeddable":true,"href":"https:\/\/balkan-history.org\/de\/wp-json\/wp\/v2\/users\/1"}],"replies":[{"embeddable":true,"href":"https:\/\/balkan-history.org\/de\/wp-json\/wp\/v2\/comments?post=2046"}],"version-history":[{"count":3,"href":"https:\/\/balkan-history.org\/de\/wp-json\/wp\/v2\/pages\/2046\/revisions"}],"predecessor-version":[{"id":2073,"href":"https:\/\/balkan-history.org\/de\/wp-json\/wp\/v2\/pages\/2046\/revisions\/2073"}],"wp:attachment":[{"href":"https:\/\/balkan-history.org\/de\/wp-json\/wp\/v2\/media?parent=2046"}],"curies":[{"name":"wp","href":"https:\/\/api.w.org\/{rel}","templated":true}]}}