{"id":2074,"date":"2022-04-07T23:55:51","date_gmt":"2022-04-07T21:55:51","guid":{"rendered":"https:\/\/balkan-history.org\/goli-otok\/"},"modified":"2022-04-08T01:04:22","modified_gmt":"2022-04-07T23:04:22","slug":"goli-otok","status":"publish","type":"page","link":"https:\/\/balkan-history.org\/de\/goli-otok\/","title":{"rendered":"Goli Otok"},"content":{"rendered":"<p>[vc_section][vc_row][vc_column][vc_column_text]Auf der Insel Goli Otok (kroatisch f\u00fcr \u201eNackte Insel\u201c) gab es ein Lager f\u00fcr politische Gefangene, in dem 6 Jahre lang, von 1949 bis 1956, Staatsfeinde inhaftiert waren.<\/p>\n<p>Das Ziel der Errichtung des Lagers bestand darin, diejenigen Personen zu isolieren und \u201eumzuerziehen\u201c, die im Verdacht standen, sich im eventuellen Konflikt zwischen Jugoslawien und der UdSSR auf die Seite der UdSSR zu stellen, der UdSSR Unterst\u00fctzung zu bieten und sich am m\u00f6glichen Sturz Jugoslawiens zu beteiligen. Goli Otok galt als das Lager f\u00fcr sogenannte \u201eIbeovci\u201c, damalige Unterst\u00fctzer Stalins, wurde aber zu einem Lager, das bei Bedarf jeden beherbergte, der als \u201eIbeovac\u201c gekennzeichnet war.<\/p>\n<p>Es gab getrennte Lager f\u00fcr M\u00e4nner und Frauen. Die \u00d6ffentlichkeit in Jugoslawien wusste nichts von der Existenz des Lagers, und nachdem die H\u00e4ftlinge freigelassen worden waren, wurde ihnen verboten, \u00fcber das Bestehen des Lagers zu sprechen.[\/vc_column_text][\/vc_column][\/vc_row][\/vc_section][vc_row full_width=&#8221;stretch_row_content_no_spaces&#8221; el_name=&#8221;Obradene teme&#8221; css=&#8221;.vc_custom_1619732500987{margin-top: 0px !important;}&#8221;][vc_column width=&#8221;1\/3&#8243; css=&#8221;.vc_custom_1525096300190{margin-bottom: 0px !important;}&#8221;]<style type=\"text\/css\">#ut_fancy_image_69debee1884f3 .ut-fancy-image figcaption h3 { color: #ffffff; }#ut_fancy_image_69debee1884f3 .ut-fancy-image { background: #141618; }#ut_fancy_image_69debee1884f3.ut-fancy-image-wrap { margin-bottom: 0px; }<\/style><div id=\"ut_fancy_image_69debee1884f3\" class=\"ut-fancy-image-wrap \"><a target=\"_self\" href=\"https:\/\/balkan-history.org\/de\/warum-entstand-das-lager-auf-der-insel-goli-otok\/\" ><figure class=\"ut-fancy-image\">\r\n        <img loading=\"lazy\" decoding=\"async\" data-adaptive-images=\"{&quot;300&quot;:&quot;https:\\\/\\\/balkan-history.org\\\/wp-content\\\/uploads\\\/2022\\\/02\\\/Tito-Staljin-300x169.png&quot;,&quot;500&quot;:&quot;https:\\\/\\\/balkan-history.org\\\/wp-content\\\/uploads\\\/2022\\\/02\\\/Tito-Staljin-500x281.png&quot;,&quot;750&quot;:&quot;https:\\\/\\\/balkan-history.org\\\/wp-content\\\/uploads\\\/2022\\\/02\\\/Tito-Staljin-750x422.png&quot;,&quot;1000&quot;:&quot;https:\\\/\\\/balkan-history.org\\\/wp-content\\\/uploads\\\/2022\\\/02\\\/Tito-Staljin-1000x562.png&quot;,&quot;1500&quot;:&quot;https:\\\/\\\/balkan-history.org\\\/wp-content\\\/uploads\\\/2022\\\/02\\\/Tito-Staljin-1500x843.png&quot;,&quot;2500&quot;:&quot;https:\\\/\\\/balkan-history.org\\\/wp-content\\\/uploads\\\/2022\\\/02\\\/Tito-Staljin-2500x1406.png&quot;}\" src=\"data:image\/svg+xml;charset=utf-8,%3Csvg xmlns%3D'http%3A%2F%2Fwww.w3.org%2F2000%2Fsvg' viewBox%3D'0 0 1500 843'%2F%3E\" width=\"1500\" height=\"843\" data-src=\"https:\/\/balkan-history.org\/wp-content\/uploads\/2022\/02\/Tito-Staljin-1500x843.png\" data-image-id=\"1850\" class=\"ut-adaptive-image wp-post-image skip-lazy \">\r\n\r\n        <figcaption><h3>WARUM ENTSTAND DAS LAGER AUF DER INSEL GOLI OTOK?<\/h3><\/figcaption><\/figure><\/a><\/div>[\/vc_column][vc_column width=&#8221;1\/3&#8243;]<style type=\"text\/css\">#ut_fancy_image_69debee18f608 .ut-fancy-image figcaption h3 { color: #ffffff; }#ut_fancy_image_69debee18f608 .ut-fancy-image { background: #141618; }#ut_fancy_image_69debee18f608.ut-fancy-image-wrap { margin-bottom: 0px; }<\/style><div id=\"ut_fancy_image_69debee18f608\" class=\"ut-fancy-image-wrap \"><a target=\"_self\" href=\"https:\/\/balkan-history.org\/de\/das-gefangenen-lager-goli-otok\/\" ><figure class=\"ut-fancy-image\">\r\n        <img loading=\"lazy\" decoding=\"async\" data-adaptive-images=\"{&quot;300&quot;:&quot;https:\\\/\\\/balkan-history.org\\\/wp-content\\\/uploads\\\/2022\\\/02\\\/PRISTANIS\\u030cTE-POGLAVLJE-2-300x169.jpg&quot;,&quot;500&quot;:&quot;https:\\\/\\\/balkan-history.org\\\/wp-content\\\/uploads\\\/2022\\\/02\\\/PRISTANIS\\u030cTE-POGLAVLJE-2-500x281.jpg&quot;,&quot;750&quot;:&quot;https:\\\/\\\/balkan-history.org\\\/wp-content\\\/uploads\\\/2022\\\/02\\\/PRISTANIS\\u030cTE-POGLAVLJE-2-750x422.jpg&quot;,&quot;1000&quot;:&quot;https:\\\/\\\/balkan-history.org\\\/wp-content\\\/uploads\\\/2022\\\/02\\\/PRISTANIS\\u030cTE-POGLAVLJE-2-1000x562.jpg&quot;,&quot;1500&quot;:&quot;https:\\\/\\\/balkan-history.org\\\/wp-content\\\/uploads\\\/2022\\\/02\\\/PRISTANIS\\u030cTE-POGLAVLJE-2-1500x843.jpg&quot;,&quot;2500&quot;:&quot;https:\\\/\\\/balkan-history.org\\\/wp-content\\\/uploads\\\/2022\\\/02\\\/PRISTANIS\\u030cTE-POGLAVLJE-2-2500x1406.jpg&quot;}\" src=\"data:image\/svg+xml;charset=utf-8,%3Csvg xmlns%3D'http%3A%2F%2Fwww.w3.org%2F2000%2Fsvg' viewBox%3D'0 0 1500 843'%2F%3E\" width=\"1500\" height=\"843\" data-src=\"https:\/\/balkan-history.org\/wp-content\/uploads\/2022\/02\/PRISTANIS\u030cTE-POGLAVLJE-2-1500x843.jpg\" data-image-id=\"1841\" class=\"ut-adaptive-image wp-post-image skip-lazy \">\r\n\r\n        <figcaption><h3>DAS GEFANGENENLAGER GOLI OTOK<\/h3><\/figcaption><\/figure><\/a><\/div>[\/vc_column][vc_column width=&#8221;1\/3&#8243; css=&#8221;.vc_custom_1525096293340{margin-bottom: 0px !important;}&#8221;]<style type=\"text\/css\">#ut_fancy_image_69debee196e09 .ut-fancy-image figcaption h3 { color: #ffffff; }#ut_fancy_image_69debee196e09 .ut-fancy-image { background: #141618; }#ut_fancy_image_69debee196e09.ut-fancy-image-wrap { margin-bottom: 0px; }<\/style><div id=\"ut_fancy_image_69debee196e09\" class=\"ut-fancy-image-wrap \"><a target=\"_self\" href=\"https:\/\/balkan-history.org\/de\/goli-otok-das-bestgehuetete-geheimnis-jugoslawiens\/\" ><figure class=\"ut-fancy-image\">\r\n        <img loading=\"lazy\" decoding=\"async\" data-adaptive-images=\"{&quot;300&quot;:&quot;https:\\\/\\\/balkan-history.org\\\/wp-content\\\/uploads\\\/2022\\\/02\\\/Rus\\u030cevine-300x169.jpg&quot;,&quot;500&quot;:&quot;https:\\\/\\\/balkan-history.org\\\/wp-content\\\/uploads\\\/2022\\\/02\\\/Rus\\u030cevine-500x281.jpg&quot;,&quot;750&quot;:&quot;https:\\\/\\\/balkan-history.org\\\/wp-content\\\/uploads\\\/2022\\\/02\\\/Rus\\u030cevine-750x422.jpg&quot;,&quot;1000&quot;:&quot;https:\\\/\\\/balkan-history.org\\\/wp-content\\\/uploads\\\/2022\\\/02\\\/Rus\\u030cevine-1000x562.jpg&quot;,&quot;1500&quot;:&quot;https:\\\/\\\/balkan-history.org\\\/wp-content\\\/uploads\\\/2022\\\/02\\\/Rus\\u030cevine-1500x843.jpg&quot;,&quot;2500&quot;:&quot;https:\\\/\\\/balkan-history.org\\\/wp-content\\\/uploads\\\/2022\\\/02\\\/Rus\\u030cevine-2500x1406.jpg&quot;}\" src=\"data:image\/svg+xml;charset=utf-8,%3Csvg xmlns%3D'http%3A%2F%2Fwww.w3.org%2F2000%2Fsvg' viewBox%3D'0 0 1500 843'%2F%3E\" width=\"1500\" height=\"843\" data-src=\"https:\/\/balkan-history.org\/wp-content\/uploads\/2022\/02\/Rus\u030cevine-1500x843.jpg\" data-image-id=\"1845\" class=\"ut-adaptive-image wp-post-image skip-lazy \">\r\n\r\n        <figcaption><h3>GOLI OTOK \u2013 DAS BESTGEH\u00dcTETE GEHEIMNIS JUGOSLAWIENS<\/h3><\/figcaption><\/figure><\/a><\/div>[\/vc_column][\/vc_row][vc_section css=&#8221;.vc_custom_1525220216628{background-color: #353234 !important;background-position: center !important;background-repeat: no-repeat !important;background-size: cover !important;}&#8221; el_name=&#8221;Social Section&#8221;][vc_row el_name=&#8221;Social Title&#8221;][vc_column]<div class=\"wpb_content_element \"><style type=\"text\/css\">#ut_header_69debee19df1c h2.section-title, #ut_header_69debee19df1c h2.section-title span { color:#ffffff; }#ut_header_69debee19df1c h2.section-title { font-size:50px !important;letter-spacing:-0.02em; }#ut_header_69debee19df1c .lead { color:rgba(255, 255, 255, 0.5); }#ut_header_69debee19df1c .lead p { color:rgba(255, 255, 255, 0.5); }<\/style><header id=\"ut_header_69debee19df1c\" class=\"section-header  ut-no-title-linebreak-mobile ut-no-lead-linebreak-mobile pt-style-7 header-center header-tablet-center header-mobile-center\"><h2 data-title=\"Lassen Sie uns vernetzen\"  data-responsive-font=\"section_title\" data-responsive-font-settings=\"{&quot;base-font-size&quot;:&quot;global&quot;,&quot;font-size&quot;:{&quot;desktop_large&quot;:&quot;50&quot;},&quot;base-line-height&quot;:&quot;global&quot;,&quot;base-letter-spacing&quot;:&quot;global&quot;,&quot;letter-spacing&quot;:{&quot;desktop_large&quot;:&quot;-0.02&quot;}}\" class=\"section-title  \"><span>Lassen Sie uns vernetzen<\/span><\/h2><div data-delay=\"0\" class=\"lead \"><p>Verbinden Sie sich mit uns \u00fcber die sozialen Netzwerke<\/p>\n<\/div><\/header><\/div><div class=\"wpb_content_element \"><style class=\"bklyn-inline-styles\" type=\"text\/css\">#ut_sf_69debee1a2365 li a i { color: rgba(204,173,143,0.5); }#ut_sf_69debee1a2365 li a:hover i { color: #ccad8f; }#ut_sf_69debee1a2365 li a:focus i { color: #ccad8f; }#ut_sf_69debee1a2365 { font-size: 30px; }<\/style><ul id=\"ut_sf_69debee1a2365\" class=\"ut-social-follow-module  ut-social-follow-module-center ut-social-follow-module-tablet-center ut-social-follow-module-mobile-center ut-social-follow-module-20\" data-settings=\"{&quot;animate&quot;:false,&quot;effect&quot;:&quot;&quot;,&quot;delay_animation&quot;:false,&quot;global_delay_animation&quot;:false,&quot;delay_timer&quot;:100,&quot;global_delay_timer&quot;:100}\"><li  class=\"ut-social-follow-0 ut-social-follow-icon-only \"><a class=\"ut-social-follow-link\" title=\"\" href=\"https:\/\/www.facebook.com\/Bleiburg-%C4%8Dinjenice-i-interpretacije-107580081471610\" target=\" _blank\" ><i class=\"fa fa-facebook-square\"><\/i><\/a><\/li><\/ul><\/div>[\/vc_column][\/vc_row][\/vc_section]<\/p>\n","protected":false},"excerpt":{"rendered":"<p>[vc_section][vc_row][vc_column][vc_column_text]Auf der Insel Goli Otok (kroatisch f\u00fcr \u201eNackte Insel\u201c) gab es ein Lager f\u00fcr politische Gefangene, in dem 6 Jahre lang, von 1949 bis 1956, Staatsfeinde inhaftiert waren. Das Ziel der Errichtung des Lagers bestand darin, diejenigen Personen zu isolieren und \u201eumzuerziehen\u201c, die im Verdacht standen, sich im eventuellen Konflikt zwischen Jugoslawien und der UdSSR [&hellip;]<\/p>\n","protected":false},"author":1,"featured_media":0,"parent":0,"menu_order":0,"comment_status":"closed","ping_status":"closed","template":"","meta":{"footnotes":""},"class_list":["post-2074","page","type-page","status-publish","hentry"],"_links":{"self":[{"href":"https:\/\/balkan-history.org\/de\/wp-json\/wp\/v2\/pages\/2074","targetHints":{"allow":["GET"]}}],"collection":[{"href":"https:\/\/balkan-history.org\/de\/wp-json\/wp\/v2\/pages"}],"about":[{"href":"https:\/\/balkan-history.org\/de\/wp-json\/wp\/v2\/types\/page"}],"author":[{"embeddable":true,"href":"https:\/\/balkan-history.org\/de\/wp-json\/wp\/v2\/users\/1"}],"replies":[{"embeddable":true,"href":"https:\/\/balkan-history.org\/de\/wp-json\/wp\/v2\/comments?post=2074"}],"version-history":[{"count":4,"href":"https:\/\/balkan-history.org\/de\/wp-json\/wp\/v2\/pages\/2074\/revisions"}],"predecessor-version":[{"id":2095,"href":"https:\/\/balkan-history.org\/de\/wp-json\/wp\/v2\/pages\/2074\/revisions\/2095"}],"wp:attachment":[{"href":"https:\/\/balkan-history.org\/de\/wp-json\/wp\/v2\/media?parent=2074"}],"curies":[{"name":"wp","href":"https:\/\/api.w.org\/{rel}","templated":true}]}}