{"id":2077,"date":"2022-04-08T00:01:13","date_gmt":"2022-04-07T22:01:13","guid":{"rendered":"https:\/\/balkan-history.org\/warum-entstand-das-lager-auf-der-insel-goli-otok\/"},"modified":"2022-04-08T01:06:07","modified_gmt":"2022-04-07T23:06:07","slug":"warum-entstand-das-lager-auf-der-insel-goli-otok","status":"publish","type":"page","link":"https:\/\/balkan-history.org\/de\/warum-entstand-das-lager-auf-der-insel-goli-otok\/","title":{"rendered":"Warum entstand das lager auf der insel Goli Otok?"},"content":{"rendered":"<p>[vc_section css=&#8221;.vc_custom_1628860542178{padding-top: 40px !important;padding-bottom: 0px !important;background-color: #353234 !important;}&#8221;][vc_row][vc_column][vc_column_text]<\/p>\n<h6 style=\"text-align: center;\"><span style=\"color: #ffffff;\"><a style=\"color: #ffffff;\" href=\"#jugoslavien\">JUGOSLAVIEN \u2013 \u201eSowjetischer Satellit Nummer 1\u201c<\/a>\u00a0 \u00a0 <a style=\"color: #ffffff;\" href=\"#resolution\">RESOLUTION DES KOMINFORMS<\/a> \u00a0 <a style=\"color: #ffffff;\" href=\"#ibeovci\">IBEOVCI<\/a><\/span><\/h6>\n<p>[\/vc_column_text][\/vc_column][\/vc_row][\/vc_section][vc_section el_id=&#8221;jugoslavien&#8221; css=&#8221;.vc_custom_1649369030983{padding-top: 0px !important;padding-bottom: 0px !important;background-color: rgba(189, 187, 187, 0.58) !important;*background-color: rgba(189,187, 187, 0.58) !important;}&#8221;][vc_row][vc_column][vc_empty_space][\/vc_column][\/vc_row][\/vc_section][vc_section el_name=&#8221;Text area&#8221; css=&#8221;.vc_custom_1628861801859{padding-bottom: 10px !important;background-color: rgba(189, 187, 187, 0.58) !important;*background-color: rgba(189,187, 187, 0.58) !important;}&#8221;][vc_row css=&#8221;.vc_custom_1649369050100{padding-top: 0px !important;}&#8221; el_name=&#8221;Jugoslawien \u2013 \u201eSowjetischer Satellit Nummer 1\u201c&#8221;][vc_column][vc_column_text]<\/p>\n<h3><strong>Jugoslawien \u2013 \u201eSowjetischer Satellit Nummer 1\u201c<\/strong><\/h3>\n<p><img loading=\"lazy\" decoding=\"async\" class=\"alignleft wp-image-1348\" src=\"https:\/\/balkan-history.org\/wp-content\/uploads\/2021\/05\/point_big.png\" alt=\"\" width=\"15\" height=\"15\" \/><\/p>\n<p>An der Spitze der siegreichen Armee im Zweiten Weltkrieg \u00fcbernahmen die Kommunisten nach Kriegsende die Macht in der neu gegr\u00fcndeten Sozialistischen F\u00f6derativen Republik Jugoslawien. In den folgenden Jahren suchen sie nach dem wichtigsten Vorbild in der Organisation des politischen, wirtschaftlichen und gesellschaftlichen Lebens in der Sowjetunion. Obwohl die Kommunisten auch in anderen osteurop\u00e4ischen L\u00e4ndern an die Macht kommen, wird Jugoslawien wegen seiner Starrheit beim Kopieren und der \u00dcbernahme des sowjetischen Modells als \u201esowjetischer Satellit Nr. 1\u201c bezeichnet.[\/vc_column_text][vc_column_text css=&#8221;.vc_custom_1645921686096{margin-bottom: 0px !important;border-bottom-width: 0px !important;padding-bottom: 0px !important;}&#8221;]<img loading=\"lazy\" decoding=\"async\" class=\"alignnone wp-image-1861\" src=\"https:\/\/balkan-history.org\/wp-content\/uploads\/2022\/02\/F1-Tito-Staljin-04.jpg\" alt=\"\" width=\"640\" height=\"497\" \/>[\/vc_column_text][vc_column_text css=&#8221;.vc_custom_1649369092616{margin-top: -5px !important;border-top-width: 0px !important;padding-top: 0px !important;}&#8221;]<em>Bilder von Stalin und Tito auf jugoslawischen Stra\u00dfen vor der Kominform-Resolution<\/em>[\/vc_column_text][vc_column_text]<img loading=\"lazy\" decoding=\"async\" class=\"alignleft wp-image-1348\" src=\"https:\/\/balkan-history.org\/wp-content\/uploads\/2021\/05\/point_big.png\" alt=\"\" width=\"15\" height=\"15\" \/><\/p>\n<p>Eine solche Situation dauerte nicht lange. Bereits w\u00e4hrend des Krieges war klar, dass die antifaschistische Widerstandsbewegung, die massivste und am besten organisierte in Europa, den jugoslawischen Kommunisten eine andere Stellung in der Gesellschaft verschaffen w\u00fcrde als den Kommunisten in den von Einheiten der Roten Armee befreiten L\u00e4ndern. Eine besondere Stellung kommt Josip Broz Tito, dem Vorsitzenden der Kommunistischen Partei Jugoslawiens und dem Anf\u00fchrer der siegreichen Partisanenbewegung, zu, um den w\u00e4hrend des Krieges ein starker Personenkult begann und der sich nach dem Krieg weiter aufbaute.[\/vc_column_text][\/vc_column][\/vc_row][\/vc_section][vc_section el_id=&#8221;resolution&#8221; css=&#8221;.vc_custom_1649369136534{padding-top: 20px !important;}&#8221;][vc_row css=&#8221;.vc_custom_1628861699483{padding-top: 0px !important;padding-bottom: 0px !important;}&#8221;][vc_column][vc_empty_space][\/vc_column][\/vc_row][\/vc_section][vc_section el_name=&#8221;Text area&#8221; css=&#8221;.vc_custom_1645922923085{padding-bottom: 0px !important;}&#8221;][vc_row css=&#8221;.vc_custom_1649369146650{padding-top: 0px !important;}&#8221; el_name=&#8221;Resolution des Kominforms (des Kommunistischen Informationsb\u00fcros)&#8221;][vc_column][vc_row_inner][vc_column_inner][vc_column_text]<\/p>\n<h3><strong>Resolution des Kominforms (<em>des Kommunistischen Informationsb\u00fcros<\/em>)<\/strong><\/h3>\n<h3><img loading=\"lazy\" decoding=\"async\" class=\"alignleft wp-image-1348\" src=\"https:\/\/balkan-history.org\/wp-content\/uploads\/2021\/05\/point_big.png\" alt=\"\" width=\"15\" height=\"15\" \/><\/h3>\n<p>Die Meinungsverschiedenheiten des offiziellen Moskaus mit den au\u00dfenpolitischen Bestrebungen Belgrads, insbesondere in Bezug auf die Notwendigkeit der Bildung sogenannter Balkan-F\u00f6derationen sowie Stalins wachsende Feindseligkeit gegen\u00fcber Tito f\u00fchren zu h\u00e4ufiger Kritik an der jugoslawischen Kommunisten- und Staatsf\u00fchrung. Der entscheidende Moment, der die k\u00fcnftigen jugoslawisch-sowjetischen Beziehungen bestimmen sollte, war die im Juni 1948 ver\u00f6ffentlichte Resolution des Kominforms, des Gremiums, durch das die Kommunistische Partei der UdSSR die Arbeit aller anderen europ\u00e4ischen kommunistischen Parteien kontrollierte.[\/vc_column_text][vc_column_text css=&#8221;.vc_custom_1645921883217{margin-bottom: 0px !important;border-bottom-width: 0px !important;padding-bottom: 0px !important;}&#8221;]<img loading=\"lazy\" decoding=\"async\" class=\"alignnone wp-image-1867\" src=\"https:\/\/balkan-history.org\/wp-content\/uploads\/2022\/02\/F2-TITO-STALJIN-KARIKATURA-02-448x433.jpg\" alt=\"\" width=\"640\" height=\"844\" \/>[\/vc_column_text][vc_column_text css=&#8221;.vc_custom_1649369199719{margin-top: -5px !important;border-top-width: 0px !important;padding-top: 0px !important;}&#8221;]<em>Der Konflikt zwischen Stalin und Tito in den Augen der westlichen Medien <\/em>[\/vc_column_text][vc_column_text]<\/p>\n<h3><img loading=\"lazy\" decoding=\"async\" class=\"alignleft wp-image-1348\" src=\"https:\/\/balkan-history.org\/wp-content\/uploads\/2021\/05\/point_big.png\" alt=\"\" width=\"15\" height=\"15\" \/><\/h3>\n<p>Die Resolution beschuldigte Jugoslawien des Verrats grundlegender kommunistischer Prinzipien und zahlreicher Fehler in der F\u00fchrung der Innen- und Au\u00dfenpolitik. Zu jedermanns \u00dcberraschung akzeptierten Tito und Jugoslawien keine Kritik, sondern erkl\u00e4rten den Angriff von Mitgliedern des Kominforms f\u00fcr unrichtig und ungerecht. Obwohl die jugoslawische Wirtschaft damals weitgehend von der Zusammenarbeit und dem Austausch mit der UdSSR und anderen kommunistischen Staaten abhing und die Beziehungen zum Westen in jeder Hinsicht sehr schlecht waren, beschloss die von Tito gef\u00fchrte jugoslawische F\u00fchrung, Widerstand zu leisten.[\/vc_column_text][\/vc_column_inner][\/vc_row_inner][\/vc_column][\/vc_row][\/vc_section][vc_section el_id=&#8221;ibeovci&#8221; css=&#8221;.vc_custom_1645922531561{padding-top: 20px !important;background-color: rgba(189, 187, 187, 0.58) !important;*background-color: rgba(189,187, 187, 0.58) !important;}&#8221;][vc_row css=&#8221;.vc_custom_1628861699483{padding-top: 0px !important;padding-bottom: 0px !important;}&#8221;][vc_column][vc_empty_space][\/vc_column][\/vc_row][\/vc_section][vc_section el_name=&#8221;Text area&#8221; css=&#8221;.vc_custom_1645922610971{padding-top: 0px !important;background-color: rgba(189, 187, 187, 0.58) !important;*background-color: rgba(189,187, 187, 0.58) !important;}&#8221;][vc_row css=&#8221;.vc_custom_1645922278755{padding-top: 0px !important;}&#8221; el_name=&#8221;Ibeovci&#8221;][vc_column][vc_row_inner][vc_column_inner][vc_column_text]<\/p>\n<h3><strong>\u201eIbeovci\u201c \u2013 Stalins Unterst\u00fctzer<\/strong><\/h3>\n<h3><img loading=\"lazy\" decoding=\"async\" class=\"alignleft wp-image-1348\" src=\"https:\/\/balkan-history.org\/wp-content\/uploads\/2021\/05\/point_big.png\" alt=\"\" width=\"15\" height=\"15\" \/><\/h3>\n<p>Neben den Folgen des Abbruchs diplomatischer, wirtschaftlicher, kultureller, sportlicher und anderer zwischenstaatlicher Beziehungen stellte die neue Situation eine Bedrohung f\u00fcr die Souver\u00e4nit\u00e4t und Integrit\u00e4t Jugoslawiens dar. Die Anh\u00e4ufung von Streitkr\u00e4ften und die h\u00e4ufigen Zwischenf\u00e4lle an der Grenze zu Jugoslawien wurden von vielen als Schritt in Richtung einer milit\u00e4rischen Aggression gegen dieses Land angesehen. Damals galten jene jugoslawischen Kommunisten, die weiterhin an die Unfehlbarkeit der Sowjetunion und Stalins glaubten, als wichtiger Faktor der Instabilit\u00e4t. Solche Personen gab es auf allen politischen und F\u00fchrungsebenen, von den niedrigsten lokalen bis zu den f\u00fchrenden staatlichen und f\u00f6deralen. Ein besonderes Problem waren die Kommunisten in den Reihen der Jugoslawischen Armee (<em>Jugoslovenska Armija<\/em>), insbesondere diejenigen, die hohe Kommandopositionen innehatten. Dass die Bef\u00fcrchtung nicht ganz unberechtigt war, es also nicht um irrationale Paranoia und diverse tendenzi\u00f6se Verschw\u00f6rungstheorien ging, zeigt auch die Tatsache, dass mehrere hochrangige Milit\u00e4rleute im Sommer 1948 eine Verschw\u00f6rung mit dem Ziel der Durchf\u00fchrung eines Staatsstreichs planten. In der sogenannten Generalen-Verschw\u00f6rung nahmen der Generalstabschef der Jugoslawischen Armee, General Arso Jovanovi\u0107, der stellvertretende Chef der politischen Hauptdirektion der Jugoslawischen Armee, General Branko Petri\u010devi\u0107, und der Chef der Direktion f\u00fcr Agitation und Propaganda der Jugoslawischen Armee, Oberst Vlado Dap\u010devi\u0107, teil. Nachdem ihre staatsfeindlichen Aktivit\u00e4ten vereitelt wurden, versuchten die drei Offiziere, nach Rum\u00e4nien zu fliehen. Bei dieser Gelegenheit wurde Jovanovi\u0107 an der Grenze get\u00f6tet, w\u00e4hrend Dap\u010devi\u0107 und Petri\u010devi\u0107 festgenommen und zu langen Haftstrafen verurteilt wurden.[\/vc_column_text][vc_column_text css=&#8221;.vc_custom_1645922400982{margin-bottom: 0px !important;border-bottom-width: 0px !important;padding-bottom: 0px !important;}&#8221;]<img loading=\"lazy\" decoding=\"async\" class=\"alignnone wp-image-1888\" src=\"https:\/\/balkan-history.org\/wp-content\/uploads\/2022\/02\/F3-DAPC\u030cEVIC\u0301-650x433.jpg\" alt=\"\" width=\"640\" height=\"693\" srcset=\"https:\/\/balkan-history.org\/wp-content\/uploads\/2022\/02\/F3-DAPC\u030cEVIC\u0301-768x831.jpg 768w, https:\/\/balkan-history.org\/wp-content\/uploads\/2022\/02\/F3-DAPC\u030cEVIC\u0301-1419x1536.jpg 1419w, https:\/\/balkan-history.org\/wp-content\/uploads\/2022\/02\/F3-DAPC\u030cEVIC\u0301-1892x2048.jpg 1892w, https:\/\/balkan-history.org\/wp-content\/uploads\/2022\/02\/F3-DAPC\u030cEVIC\u0301-665x720.jpg 665w, https:\/\/balkan-history.org\/wp-content\/uploads\/2022\/02\/F3-DAPC\u030cEVIC\u0301.jpg 1920w\" sizes=\"auto, (max-width: 640px) 100vw, 640px\" \/>[\/vc_column_text][vc_column_text css=&#8221;.vc_custom_1649369280636{margin-top: -5px !important;border-top-width: 0px !important;padding-top: 0px !important;}&#8221;]<em>Vlado Dap\u010devi\u0107, Partisanenkommandant und Offizier der Jugoslawischen Armee<\/em>[\/vc_column_text][vc_column_text]<\/p>\n<h3><img loading=\"lazy\" decoding=\"async\" class=\"alignleft wp-image-1348\" src=\"https:\/\/balkan-history.org\/wp-content\/uploads\/2021\/05\/point_big.png\" alt=\"\" width=\"15\" height=\"15\" \/><\/h3>\n<p>Laut einem sp\u00e4teren Polizeibericht: \u201eF\u00fcr die Resolution des Kominforms erkl\u00e4rten sich 9 Teilnehmer der Oktoberrevolution, 25 K\u00e4mpfer des Spanischen B\u00fcrgerkriegs, 233 Vorkriegsmitglieder der KPJ, 8 Mitglieder des Zentralkomitees der KPJ (<em>Kommunistische Partei Jugoslawiens<\/em>), 16 Mitglieder des Zentralkomitees der KPJ, 16 Mitglieder der Zentralkomitees der Republik, 6 Bundesminister, 23 Mitglieder des jugoslawischen Parlaments, 25 Abgeordnete der Republik, 6 Gener\u00e4le, 170 hochrangige Offiziere der Jugoslawischen Armee, 266 Offiziere der UDBA, 170 Richter, 1307 Tr\u00e4ger der Auszeichnung \u201aSpomenica 1941 (<em>zu dt. Gedenkzeichen<\/em>)\u2018, 587 Kriegsinvaliden, usw.\u201c<\/p>\n<p>Die Entwicklungen im Land, beziehungsweise die durch die Kominform-Resolution verursachte Verwirrung unter den Kommunisten sowie die wachsende offene Feindseligkeit seitens der osteurop\u00e4ischen kommunistischen Staaten, wurden von der jugoslawischen Regierung als Warnung und Ermutigung zum Reagieren empfunden. Um die potenzielle Bedrohung durch den \u201einneren Feind\u201c zu beseitigen, beschloss die Staatsf\u00fchrung, \u201eStalinisten\u201c, \u201eInformanten (Unterst\u00fctzer des Kominforms)\u201c oder die \u201eIbeovci\u201c zun\u00e4chst in den bestehenden Gef\u00e4ngnisanstalten und dann in einem Sondergef\u00e4ngnis, das f\u00fcr diesen Anlass errichtet wurde, in dem Gefangenenlager auf Goli Otok zu inhaftieren.[\/vc_column_text][\/vc_column_inner][\/vc_row_inner][\/vc_column][\/vc_row][\/vc_section][vc_row full_width=&#8221;stretch_row_content_no_spaces&#8221; el_name=&#8221;Obradene teme&#8221; css=&#8221;.vc_custom_1619732500987{margin-top: 0px !important;}&#8221;][vc_column width=&#8221;1\/3&#8243; css=&#8221;.vc_custom_1525096300190{margin-bottom: 0px !important;}&#8221;]<style type=\"text\/css\">#ut_fancy_image_69e7c07fe2044 .ut-fancy-image figcaption h3 { color: #ffffff; }#ut_fancy_image_69e7c07fe2044 .ut-fancy-image { background: #141618; }#ut_fancy_image_69e7c07fe2044.ut-fancy-image-wrap { margin-bottom: 0px; }<\/style><div id=\"ut_fancy_image_69e7c07fe2044\" class=\"ut-fancy-image-wrap \"><a target=\"_self\" href=\"https:\/\/balkan-history.org\/de\/goli-otok\/\" ><figure class=\"ut-fancy-image\">\r\n        <img loading=\"lazy\" decoding=\"async\" data-adaptive-images=\"{&quot;300&quot;:&quot;https:\\\/\\\/balkan-history.org\\\/wp-content\\\/uploads\\\/2022\\\/02\\\/Goli-Otok-Glavna-BW-300x169.jpg&quot;,&quot;500&quot;:&quot;https:\\\/\\\/balkan-history.org\\\/wp-content\\\/uploads\\\/2022\\\/02\\\/Goli-Otok-Glavna-BW-500x281.jpg&quot;,&quot;750&quot;:&quot;https:\\\/\\\/balkan-history.org\\\/wp-content\\\/uploads\\\/2022\\\/02\\\/Goli-Otok-Glavna-BW-750x422.jpg&quot;,&quot;1000&quot;:&quot;https:\\\/\\\/balkan-history.org\\\/wp-content\\\/uploads\\\/2022\\\/02\\\/Goli-Otok-Glavna-BW-1000x562.jpg&quot;,&quot;1500&quot;:&quot;https:\\\/\\\/balkan-history.org\\\/wp-content\\\/uploads\\\/2022\\\/02\\\/Goli-Otok-Glavna-BW-1500x843.jpg&quot;,&quot;2500&quot;:&quot;https:\\\/\\\/balkan-history.org\\\/wp-content\\\/uploads\\\/2022\\\/02\\\/Goli-Otok-Glavna-BW-2500x1406.jpg&quot;}\" src=\"data:image\/svg+xml;charset=utf-8,%3Csvg xmlns%3D'http%3A%2F%2Fwww.w3.org%2F2000%2Fsvg' viewBox%3D'0 0 1500 843'%2F%3E\" width=\"1500\" height=\"843\" data-src=\"https:\/\/balkan-history.org\/wp-content\/uploads\/2022\/02\/Goli-Otok-Glavna-BW-1500x843.jpg\" data-image-id=\"1834\" class=\"ut-adaptive-image wp-post-image skip-lazy \">\r\n\r\n        <figcaption><h3>GOLI OTOK<\/h3><\/figcaption><\/figure><\/a><\/div>[\/vc_column][vc_column width=&#8221;1\/3&#8243;]<style type=\"text\/css\">#ut_fancy_image_69e7c07fe85b8 .ut-fancy-image figcaption h3 { color: #ffffff; }#ut_fancy_image_69e7c07fe85b8 .ut-fancy-image { background: #141618; }#ut_fancy_image_69e7c07fe85b8.ut-fancy-image-wrap { margin-bottom: 0px; }<\/style><div id=\"ut_fancy_image_69e7c07fe85b8\" class=\"ut-fancy-image-wrap \"><a target=\"_self\" href=\"https:\/\/balkan-history.org\/de\/das-gefangenen-lager-goli-otok\/\" ><figure class=\"ut-fancy-image\">\r\n        <img loading=\"lazy\" decoding=\"async\" data-adaptive-images=\"{&quot;300&quot;:&quot;https:\\\/\\\/balkan-history.org\\\/wp-content\\\/uploads\\\/2022\\\/02\\\/PRISTANIS\\u030cTE-POGLAVLJE-2-300x169.jpg&quot;,&quot;500&quot;:&quot;https:\\\/\\\/balkan-history.org\\\/wp-content\\\/uploads\\\/2022\\\/02\\\/PRISTANIS\\u030cTE-POGLAVLJE-2-500x281.jpg&quot;,&quot;750&quot;:&quot;https:\\\/\\\/balkan-history.org\\\/wp-content\\\/uploads\\\/2022\\\/02\\\/PRISTANIS\\u030cTE-POGLAVLJE-2-750x422.jpg&quot;,&quot;1000&quot;:&quot;https:\\\/\\\/balkan-history.org\\\/wp-content\\\/uploads\\\/2022\\\/02\\\/PRISTANIS\\u030cTE-POGLAVLJE-2-1000x562.jpg&quot;,&quot;1500&quot;:&quot;https:\\\/\\\/balkan-history.org\\\/wp-content\\\/uploads\\\/2022\\\/02\\\/PRISTANIS\\u030cTE-POGLAVLJE-2-1500x843.jpg&quot;,&quot;2500&quot;:&quot;https:\\\/\\\/balkan-history.org\\\/wp-content\\\/uploads\\\/2022\\\/02\\\/PRISTANIS\\u030cTE-POGLAVLJE-2-2500x1406.jpg&quot;}\" src=\"data:image\/svg+xml;charset=utf-8,%3Csvg xmlns%3D'http%3A%2F%2Fwww.w3.org%2F2000%2Fsvg' viewBox%3D'0 0 1500 843'%2F%3E\" width=\"1500\" height=\"843\" data-src=\"https:\/\/balkan-history.org\/wp-content\/uploads\/2022\/02\/PRISTANIS\u030cTE-POGLAVLJE-2-1500x843.jpg\" data-image-id=\"1841\" class=\"ut-adaptive-image wp-post-image skip-lazy \">\r\n\r\n        <figcaption><h3>DAS GEFANGENENLAGER GOLI OTOK<\/h3><\/figcaption><\/figure><\/a><\/div>[\/vc_column][vc_column width=&#8221;1\/3&#8243; css=&#8221;.vc_custom_1525096293340{margin-bottom: 0px !important;}&#8221;]<style type=\"text\/css\">#ut_fancy_image_69e7c07feeb1a .ut-fancy-image figcaption h3 { color: #ffffff; }#ut_fancy_image_69e7c07feeb1a .ut-fancy-image { background: #141618; }#ut_fancy_image_69e7c07feeb1a.ut-fancy-image-wrap { margin-bottom: 0px; }<\/style><div id=\"ut_fancy_image_69e7c07feeb1a\" class=\"ut-fancy-image-wrap \"><a target=\"_self\" href=\"https:\/\/balkan-history.org\/de\/goli-otok-das-bestgehuetete-geheimnis-jugoslawiens\/\" ><figure class=\"ut-fancy-image\">\r\n        <img loading=\"lazy\" decoding=\"async\" data-adaptive-images=\"{&quot;300&quot;:&quot;https:\\\/\\\/balkan-history.org\\\/wp-content\\\/uploads\\\/2022\\\/02\\\/Rus\\u030cevine-300x169.jpg&quot;,&quot;500&quot;:&quot;https:\\\/\\\/balkan-history.org\\\/wp-content\\\/uploads\\\/2022\\\/02\\\/Rus\\u030cevine-500x281.jpg&quot;,&quot;750&quot;:&quot;https:\\\/\\\/balkan-history.org\\\/wp-content\\\/uploads\\\/2022\\\/02\\\/Rus\\u030cevine-750x422.jpg&quot;,&quot;1000&quot;:&quot;https:\\\/\\\/balkan-history.org\\\/wp-content\\\/uploads\\\/2022\\\/02\\\/Rus\\u030cevine-1000x562.jpg&quot;,&quot;1500&quot;:&quot;https:\\\/\\\/balkan-history.org\\\/wp-content\\\/uploads\\\/2022\\\/02\\\/Rus\\u030cevine-1500x843.jpg&quot;,&quot;2500&quot;:&quot;https:\\\/\\\/balkan-history.org\\\/wp-content\\\/uploads\\\/2022\\\/02\\\/Rus\\u030cevine-2500x1406.jpg&quot;}\" src=\"data:image\/svg+xml;charset=utf-8,%3Csvg xmlns%3D'http%3A%2F%2Fwww.w3.org%2F2000%2Fsvg' viewBox%3D'0 0 1500 843'%2F%3E\" width=\"1500\" height=\"843\" data-src=\"https:\/\/balkan-history.org\/wp-content\/uploads\/2022\/02\/Rus\u030cevine-1500x843.jpg\" data-image-id=\"1845\" class=\"ut-adaptive-image wp-post-image skip-lazy \">\r\n\r\n        <figcaption><h3>GOLI OTOK \u2013 DAS BESTGEH\u00dcTETE GEHEIMNIS JUGOSLAWIENS<\/h3><\/figcaption><\/figure><\/a><\/div>[\/vc_column][\/vc_row][vc_section css=&#8221;.vc_custom_1525220216628{background-color: #353234 !important;background-position: center !important;background-repeat: no-repeat !important;background-size: cover !important;}&#8221; el_name=&#8221;Social Section&#8221;][vc_row el_name=&#8221;Social Title&#8221;][vc_column]<div class=\"wpb_content_element \"><style type=\"text\/css\">#ut_header_69e7c08001ba7 h2.section-title, #ut_header_69e7c08001ba7 h2.section-title span { color:#ffffff; }#ut_header_69e7c08001ba7 h2.section-title { font-size:50px !important;letter-spacing:-0.02em; }#ut_header_69e7c08001ba7 .lead { color:rgba(255, 255, 255, 0.5); }#ut_header_69e7c08001ba7 .lead p { color:rgba(255, 255, 255, 0.5); }<\/style><header id=\"ut_header_69e7c08001ba7\" class=\"section-header  ut-no-title-linebreak-mobile ut-no-lead-linebreak-mobile pt-style-7 header-center header-tablet-center header-mobile-center\"><h2 data-title=\"Lassen Sie uns vernetzen\"  data-responsive-font=\"section_title\" data-responsive-font-settings=\"{&quot;base-font-size&quot;:&quot;global&quot;,&quot;font-size&quot;:{&quot;desktop_large&quot;:&quot;50&quot;},&quot;base-line-height&quot;:&quot;global&quot;,&quot;base-letter-spacing&quot;:&quot;global&quot;,&quot;letter-spacing&quot;:{&quot;desktop_large&quot;:&quot;-0.02&quot;}}\" class=\"section-title  \"><span>Lassen Sie uns vernetzen<\/span><\/h2><div data-delay=\"0\" class=\"lead \"><p>Verbinden Sie sich mit uns \u00fcber die sozialen Netzwerke<\/p>\n<\/div><\/header><\/div><div class=\"wpb_content_element \"><style class=\"bklyn-inline-styles\" type=\"text\/css\">#ut_sf_69e7c080055e0 li a i { color: rgba(204,173,143,0.5); }#ut_sf_69e7c080055e0 li a:hover i { color: #ccad8f; }#ut_sf_69e7c080055e0 li a:focus i { color: #ccad8f; }#ut_sf_69e7c080055e0 { font-size: 30px; }<\/style><ul id=\"ut_sf_69e7c080055e0\" class=\"ut-social-follow-module  ut-social-follow-module-center ut-social-follow-module-tablet-center ut-social-follow-module-mobile-center ut-social-follow-module-20\" data-settings=\"{&quot;animate&quot;:false,&quot;effect&quot;:&quot;&quot;,&quot;delay_animation&quot;:false,&quot;global_delay_animation&quot;:false,&quot;delay_timer&quot;:100,&quot;global_delay_timer&quot;:100}\"><li  class=\"ut-social-follow-0 ut-social-follow-icon-only \"><a class=\"ut-social-follow-link\" title=\"\" href=\"https:\/\/www.facebook.com\/Bleiburg-%C4%8Dinjenice-i-interpretacije-107580081471610\" target=\" _blank\" ><i class=\"fa fa-facebook-square\"><\/i><\/a><\/li><\/ul><\/div>[\/vc_column][\/vc_row][\/vc_section]<\/p>\n","protected":false},"excerpt":{"rendered":"<p>[vc_section css=&#8221;.vc_custom_1628860542178{padding-top: 40px !important;padding-bottom: 0px !important;background-color: #353234 !important;}&#8221;][vc_row][vc_column][vc_column_text] JUGOSLAVIEN \u2013 \u201eSowjetischer Satellit Nummer 1\u201c\u00a0 \u00a0 RESOLUTION DES KOMINFORMS \u00a0 IBEOVCI [\/vc_column_text][\/vc_column][\/vc_row][\/vc_section][vc_section el_id=&#8221;jugoslavien&#8221; css=&#8221;.vc_custom_1649369030983{padding-top: 0px !important;padding-bottom: 0px !important;background-color: rgba(189, 187, 187, 0.58) !important;*background-color: rgba(189,187, 187, 0.58) !important;}&#8221;][vc_row][vc_column][vc_empty_space][\/vc_column][\/vc_row][\/vc_section][vc_section el_name=&#8221;Text area&#8221; css=&#8221;.vc_custom_1628861801859{padding-bottom: 10px !important;background-color: rgba(189, 187, 187, 0.58) !important;*background-color: rgba(189,187, 187, 0.58) !important;}&#8221;][vc_row css=&#8221;.vc_custom_1649369050100{padding-top: 0px !important;}&#8221; el_name=&#8221;Jugoslawien \u2013 [&hellip;]<\/p>\n","protected":false},"author":1,"featured_media":0,"parent":0,"menu_order":0,"comment_status":"closed","ping_status":"closed","template":"","meta":{"footnotes":""},"class_list":["post-2077","page","type-page","status-publish","hentry"],"_links":{"self":[{"href":"https:\/\/balkan-history.org\/de\/wp-json\/wp\/v2\/pages\/2077","targetHints":{"allow":["GET"]}}],"collection":[{"href":"https:\/\/balkan-history.org\/de\/wp-json\/wp\/v2\/pages"}],"about":[{"href":"https:\/\/balkan-history.org\/de\/wp-json\/wp\/v2\/types\/page"}],"author":[{"embeddable":true,"href":"https:\/\/balkan-history.org\/de\/wp-json\/wp\/v2\/users\/1"}],"replies":[{"embeddable":true,"href":"https:\/\/balkan-history.org\/de\/wp-json\/wp\/v2\/comments?post=2077"}],"version-history":[{"count":4,"href":"https:\/\/balkan-history.org\/de\/wp-json\/wp\/v2\/pages\/2077\/revisions"}],"predecessor-version":[{"id":2096,"href":"https:\/\/balkan-history.org\/de\/wp-json\/wp\/v2\/pages\/2077\/revisions\/2096"}],"wp:attachment":[{"href":"https:\/\/balkan-history.org\/de\/wp-json\/wp\/v2\/media?parent=2077"}],"curies":[{"name":"wp","href":"https:\/\/api.w.org\/{rel}","templated":true}]}}