{"id":2085,"date":"2022-04-08T00:38:07","date_gmt":"2022-04-07T22:38:07","guid":{"rendered":"https:\/\/balkan-history.org\/goli-otok-das-bestgehuetete-geheimnis-jugoslawiens\/"},"modified":"2022-04-08T00:56:49","modified_gmt":"2022-04-07T22:56:49","slug":"goli-otok-das-bestgehuetete-geheimnis-jugoslawiens","status":"publish","type":"page","link":"https:\/\/balkan-history.org\/de\/goli-otok-das-bestgehuetete-geheimnis-jugoslawiens\/","title":{"rendered":"Goli Otok &#8211; das bestgeh\u00fctete geheimnis jugoslawiens"},"content":{"rendered":"<p>[vc_section css=&#8221;.vc_custom_1628860542178{padding-top: 40px !important;padding-bottom: 0px !important;background-color: #353234 !important;}&#8221;][vc_row][vc_column][vc_column_text]<\/p>\n<h6 style=\"text-align: center;\"><span style=\"color: #ffffff;\"><a style=\"color: #ffffff;\" href=\"#golootocani\">GOLOOTO\u010cANI, DIE GEFANGENEN, NACH DER ZEIT AUF GOLI OTOK<\/a>\u00a0 \u00a0 <a style=\"color: #ffffff;\" href=\"#goliotoknachgoliotok\">GOLI OTOK NACH GOLI OTOK<\/a><\/span><\/h6>\n<p>[\/vc_column_text][\/vc_column][\/vc_row][\/vc_section][vc_section el_id=&#8221;golootocani&#8221; css=&#8221;.vc_custom_1645958541352{padding-top: 0px !important;padding-bottom: 0px !important;background-color: rgba(189, 187, 187, 0.58) !important;*background-color: rgba(189,187, 187, 0.58) !important;}&#8221;][vc_row][vc_column][vc_empty_space][\/vc_column][\/vc_row][\/vc_section][vc_section el_name=&#8221;Text area &#8211; Golooto\u010dani, die Gefangenen, nach der Zeit auf Goli Otok&#8221; css=&#8221;.vc_custom_1649371559337{padding-bottom: 10px !important;background-color: rgba(189, 187, 187, 0.58) !important;*background-color: rgba(189,187, 187, 0.58) !important;}&#8221;][vc_row css=&#8221;.vc_custom_1649371570320{padding-top: 0px !important;}&#8221; el_name=&#8221;Golooto\u010dani, die Gefangenen, nach der Zeit auf Goli Otok&#8221;][vc_column][vc_column_text]<\/p>\n<h3><strong><em>Golooto\u010dani, die Gefangenen,<\/em><\/strong><strong> nach der Zeit auf Goli Otok<\/strong><\/h3>\n<p><img loading=\"lazy\" decoding=\"async\" class=\"alignleft wp-image-1348\" src=\"https:\/\/balkan-history.org\/wp-content\/uploads\/2021\/05\/point_big.png\" alt=\"\" width=\"15\" height=\"15\" \/><\/p>\n<p>Die Verb\u00fc\u00dfung der Strafen auf Goli Otok variierte zeitlich von Str\u00e4fling zu Str\u00e4fling, aber die durchschnittliche Aufenthaltsdauer betrug zwei Jahre. Wenn die Lagerverwaltung feststellte, dass die \u201eUmerziehung\u201c Fr\u00fcchte getragen hatte, wurden die H\u00e4ftlinge freigelassen. Vor ihrer Abreise mussten die H\u00e4ftlinge ein Dokument unterschreiben, in dem sie sich verpflichteten, \u00fcber alles, was auf Goli Otok geschah, Stillschweigen zu bewahren. Dies bezog sich auf etwaige \u00f6ffentliche \u00c4u\u00dferungen, aber auch auf Gespr\u00e4che mit Angeh\u00f6rigen. Dar\u00fcber hinaus mussten die Str\u00e4flinge zustimmen, mit der Udba auch wenn sie wieder in Freiheit sind, zusammenzuarbeiten, jede Form feindseliger Aktivit\u00e4ten aufzudecken und die Aktivit\u00e4ten ehemaliger H\u00e4ftlinge von Goli Otok zu \u00fcberwachen.[\/vc_column_text][vc_column_text css=&#8221;.vc_custom_1645958644634{margin-bottom: 0px !important;border-bottom-width: 0px !important;padding-bottom: 0px !important;}&#8221;]<img loading=\"lazy\" decoding=\"async\" class=\"alignnone wp-image-1944\" src=\"https:\/\/balkan-history.org\/wp-content\/uploads\/2022\/02\/F10-UDBA-PRATI-460x433.jpg\" alt=\"\" width=\"640\" height=\"679\" \/>[\/vc_column_text][vc_column_text css=&#8221;.vc_custom_1649371612989{margin-top: -5px !important;border-top-width: 0px !important;padding-top: 0px !important;}&#8221;]<em>Udba verfolgt und \u00fcberwacht ehemalige H\u00e4ftlinge.<\/em>[\/vc_column_text][vc_column_text]<img loading=\"lazy\" decoding=\"async\" class=\"alignleft wp-image-1348\" src=\"https:\/\/balkan-history.org\/wp-content\/uploads\/2021\/05\/point_big.png\" alt=\"\" width=\"15\" height=\"15\" \/><\/p>\n<p>Obwohl sie ihre Haftstrafen verb\u00fc\u00dft \u200b\u200bhatten, konnten die ehemaligen H\u00e4ftlinge nach ihrer Freilassung ihr normales Leben nicht fortsetzen. Sie galten noch immer als Verr\u00e4ter, was zu neuen Formen des Boykotts, der Dem\u00fctigung und Stigmatisierung f\u00fchrte. Sie hatten es schwer, eine Besch\u00e4ftigung zu finden, langj\u00e4hrige Freundschaften zerbrachen und Bekannte begannen, sie zu meiden. Jede \u201esensible\u201c politische Situation, sei es der Besuch eines ausl\u00e4ndischen Staatsmannes oder eine au\u00dfenpolitische Krise (z. B. sowjetische Interventionen in Ungarn im Jahr 1956 und in der Tschechoslowakei im Jahr 1968, Studentendemonstrationen in Jugoslawien 1968, usw.), f\u00fchrte zu Kontrollen und sogar zu pr\u00e4ventiven kurzzeitigen Inhaftierungen der \u201eIbeovci\u201c. Mit all den neuen Problemen kehrten viele H\u00e4ftlinge aus Goli Otok in sichtbar beeintr\u00e4chtigtem k\u00f6rperlichen und psychischen Zustand zur\u00fcck, und die Umst\u00e4nde, unter denen sie weiterhin in Freiheit lebten, verschlechterten ihre Gesundheit nur noch weiter.[\/vc_column_text][\/vc_column][\/vc_row][\/vc_section][vc_section el_id=&#8221;goliotoknachgoliotok&#8221; css=&#8221;.vc_custom_1649371668570{padding-top: 20px !important;}&#8221;][vc_row css=&#8221;.vc_custom_1628861699483{padding-top: 0px !important;padding-bottom: 0px !important;}&#8221;][vc_column][vc_empty_space][\/vc_column][\/vc_row][\/vc_section][vc_section el_name=&#8221;Text area &#8211; Goli Otok nach Goli Otok&#8221; css=&#8221;.vc_custom_1649371675820{padding-bottom: 10px !important;}&#8221;][vc_row css=&#8221;.vc_custom_1649371682304{padding-top: 0px !important;}&#8221; el_name=&#8221;Goli Otok nach Goli Otok&#8221;][vc_column][vc_row_inner][vc_column_inner][vc_column_text]<\/p>\n<h3><strong>Goli Otok nach Goli Otok<\/strong><\/h3>\n<p><img loading=\"lazy\" decoding=\"async\" class=\"alignleft wp-image-1348\" src=\"https:\/\/balkan-history.org\/wp-content\/uploads\/2021\/05\/point_big.png\" alt=\"\" width=\"15\" height=\"15\" \/><\/p>\n<p>Mit dem Tod Stalins im Jahr 1953, der allm\u00e4hlichen Verbesserung der Beziehungen zwischen Jugoslawien und der UdSSR, beziehungsweise der Beendigung der Bedrohung der jugoslawischen Souver\u00e4nit\u00e4t und der territorialen Integrit\u00e4t, begann sich die Haltung gegen\u00fcber den \u201eIbeovci\u201c und dem Gefangenenlager auf Goli Otok zu \u00e4ndern. Als Ort der Internierung politischer Gefangener war das Lager bis 1956 in Betrieb, danach wurde es in eine Gef\u00e4ngnisanstalt f\u00fcr Straft\u00e4ter und Kriminelle mit dem Namen \u201eGef\u00e4ngnis Rab \u2013 Goli Otok\u201c umgewandelt. Unter diesem Namen und zu diesem Zweck bestand das Gef\u00e4ngnis auf Goli Otok bis 1988. Nach der Schlie\u00dfung wurde die Insel verlassen und verw\u00fcstet und befindet sich noch heute in einem solchen Zustand.[\/vc_column_text][vc_column_text css=&#8221;.vc_custom_1645959010861{margin-bottom: 0px !important;border-bottom-width: 0px !important;padding-bottom: 0px !important;}&#8221;]<img loading=\"lazy\" decoding=\"async\" class=\"alignnone wp-image-1949\" src=\"https:\/\/balkan-history.org\/wp-content\/uploads\/2022\/02\/F11-kad_su_cvetale_tikve-dragoslav_mihailovic_02-310x433.jpg\" alt=\"\" width=\"640\" height=\"979\" \/>[\/vc_column_text][vc_column_text css=&#8221;.vc_custom_1649371714288{margin-top: -5px !important;border-top-width: 0px !important;padding-top: 0px !important;}&#8221;]<em>Dragoslav Mihailovi\u0107, Als die K\u00fcrbisse bl\u00fchten<\/em>[\/vc_column_text][vc_column_text]<img loading=\"lazy\" decoding=\"async\" class=\"alignleft wp-image-1348\" src=\"https:\/\/balkan-history.org\/wp-content\/uploads\/2021\/05\/point_big.png\" alt=\"\" width=\"15\" height=\"15\" \/><\/p>\n<p>Die meisten jugoslawischen B\u00fcrger hatten keine Kenntnisse \u00fcber die Existenz des Gefangenenlagers Goli Otok. In den Schulen wurde dieses Thema nicht gelehrt, es wurden keine Dokumentar- und Spielfilme gedreht, journalistische Reportagen oder B\u00fccher geschrieben. Auch wenn es Versuche gab, dar\u00fcber zu berichten, endeten sie in Zensur und Verboten. Eines der wenigen Beispiele ist der 1968 erschienene Roman \u201eAls die K\u00fcrbisse bl\u00fchten\u201c des serbischen Schriftstellers Dragoslav Mihailovi\u0107, nach dem auch ein Theaterst\u00fcck verfasst wurde. Nach nur wenigen Vorstellungen wurde das St\u00fcck verboten und das Buch aus Buchhandlungen und Bibliotheken entfernt. Die Situation begann sich in den 1980er Jahren nach dem Tod von Josip Broz Tito und unter dem Einfluss einer sich vertiefenden gesellschaftspolitischen Krise zu \u00e4ndern, die der Auftakt zum Zusammenbruch des Staates sein wird. Im letzten Jahrzehnt des Bestehens des jugoslawischen Staates beginnen zahlreiche kontroverse Themen aus der Vergangenheit neu untersucht zu werden, einschlie\u00dflich derjenigen \u00fcber die Unterdr\u00fcckung von Stalins Anh\u00e4ngern, der \u201eIbeovci\u201c. In dieser Zeit entstanden literarische Werke (Branko Hofmans \u201e<em>No\u0107 do jutra<\/em>\/<em>Die Nacht bis zum Morgen<\/em>\u201c, Antonio Isakovi\u0107s \u201e<em>Tren\/Der Augenblick<\/em>\u201c, Slobodan Seleni\u0107s \u201e<em>Pismo\/glava &#8211; Brief\/Kopf<\/em>\u201c, usw.) und Filme (\u201e<em>Otac na slu\u017ebenom putu \/ Vater auf Dienstreise<\/em>\u201c, \u201e<em>Balkanski \u0161pijun\/Balkanspion<\/em>\u201c, usw.), in denen sie die Existenz und den Charakter des Gefangenenlagers auf Goli Otok auf unterschiedliche Weise ber\u00fchren. Die ersten Gest\u00e4ndnisse der Lagerinsassen aus Goli Otok tauchten erst nach dem Zerfall Jugoslawiens und dem Zusammenbruch des kommunistischen Regimes \u00f6ffentlich auf.[\/vc_column_text][vc_column_text css=&#8221;.vc_custom_1645959203795{margin-bottom: 0px !important;border-bottom-width: 0px !important;padding-bottom: 0px !important;}&#8221;]<img loading=\"lazy\" decoding=\"async\" class=\"alignnone wp-image-1954\" src=\"https:\/\/balkan-history.org\/wp-content\/uploads\/2022\/02\/F12-Kad-su-cvetale-tikve_01-650x433.jpg\" alt=\"\" width=\"640\" height=\"308\" srcset=\"https:\/\/balkan-history.org\/wp-content\/uploads\/2022\/02\/F12-Kad-su-cvetale-tikve_01-768x370.jpg 768w, https:\/\/balkan-history.org\/wp-content\/uploads\/2022\/02\/F12-Kad-su-cvetale-tikve_01.jpg 1000w\" sizes=\"auto, (max-width: 640px) 100vw, 640px\" \/>[\/vc_column_text][vc_column_text css=&#8221;.vc_custom_1649371763988{margin-top: -5px !important;border-top-width: 0px !important;padding-top: 0px !important;}&#8221;]<em>Dragoslav Mihailovi\u0107 mit seinem Roman \u201eAls die K\u00fcrbisse bl\u00fchten\u201c geh\u00f6rte zu den ersten, die das Thema Goli Otok, wo er selbst \u00fcber ein Jahr inhaftiert war, \u00f6ffentlich problematisierten. Basierend auf dem Roman wurde auch ein Theaterst\u00fcck aufgef\u00fchrt. <\/em>[\/vc_column_text][\/vc_column_inner][\/vc_row_inner][\/vc_column][\/vc_row][\/vc_section][vc_row full_width=&#8221;stretch_row_content_no_spaces&#8221; el_name=&#8221;Obradene teme&#8221; css=&#8221;.vc_custom_1619732500987{margin-top: 0px !important;}&#8221;][vc_column width=&#8221;1\/3&#8243; css=&#8221;.vc_custom_1525096300190{margin-bottom: 0px !important;}&#8221;]<style type=\"text\/css\">#ut_fancy_image_69e35eca70007 .ut-fancy-image figcaption h3 { color: #ffffff; }#ut_fancy_image_69e35eca70007 .ut-fancy-image { background: #141618; }#ut_fancy_image_69e35eca70007.ut-fancy-image-wrap { margin-bottom: 0px; }<\/style><div id=\"ut_fancy_image_69e35eca70007\" class=\"ut-fancy-image-wrap \"><a target=\"_self\" href=\"https:\/\/balkan-history.org\/de\/goli-otok\/\" ><figure class=\"ut-fancy-image\">\r\n        <img loading=\"lazy\" decoding=\"async\" data-adaptive-images=\"{&quot;300&quot;:&quot;https:\\\/\\\/balkan-history.org\\\/wp-content\\\/uploads\\\/2022\\\/02\\\/Goli-Otok-Glavna-BW-300x169.jpg&quot;,&quot;500&quot;:&quot;https:\\\/\\\/balkan-history.org\\\/wp-content\\\/uploads\\\/2022\\\/02\\\/Goli-Otok-Glavna-BW-500x281.jpg&quot;,&quot;750&quot;:&quot;https:\\\/\\\/balkan-history.org\\\/wp-content\\\/uploads\\\/2022\\\/02\\\/Goli-Otok-Glavna-BW-750x422.jpg&quot;,&quot;1000&quot;:&quot;https:\\\/\\\/balkan-history.org\\\/wp-content\\\/uploads\\\/2022\\\/02\\\/Goli-Otok-Glavna-BW-1000x562.jpg&quot;,&quot;1500&quot;:&quot;https:\\\/\\\/balkan-history.org\\\/wp-content\\\/uploads\\\/2022\\\/02\\\/Goli-Otok-Glavna-BW-1500x843.jpg&quot;,&quot;2500&quot;:&quot;https:\\\/\\\/balkan-history.org\\\/wp-content\\\/uploads\\\/2022\\\/02\\\/Goli-Otok-Glavna-BW-2500x1406.jpg&quot;}\" src=\"data:image\/svg+xml;charset=utf-8,%3Csvg xmlns%3D'http%3A%2F%2Fwww.w3.org%2F2000%2Fsvg' viewBox%3D'0 0 1500 843'%2F%3E\" width=\"1500\" height=\"843\" data-src=\"https:\/\/balkan-history.org\/wp-content\/uploads\/2022\/02\/Goli-Otok-Glavna-BW-1500x843.jpg\" data-image-id=\"1834\" class=\"ut-adaptive-image wp-post-image skip-lazy \">\r\n\r\n        <figcaption><h3>GOLI OTOK<\/h3><\/figcaption><\/figure><\/a><\/div>[\/vc_column][vc_column width=&#8221;1\/3&#8243;]<style type=\"text\/css\">#ut_fancy_image_69e35eca78e14 .ut-fancy-image figcaption h3 { color: #ffffff; }#ut_fancy_image_69e35eca78e14 .ut-fancy-image { background: #141618; }#ut_fancy_image_69e35eca78e14.ut-fancy-image-wrap { margin-bottom: 0px; }<\/style><div id=\"ut_fancy_image_69e35eca78e14\" class=\"ut-fancy-image-wrap \"><a target=\"_self\" href=\"https:\/\/balkan-history.org\/de\/warum-entstand-das-lager-auf-der-insel-goli-otok\/\" ><figure class=\"ut-fancy-image\">\r\n        <img loading=\"lazy\" decoding=\"async\" data-adaptive-images=\"{&quot;300&quot;:&quot;https:\\\/\\\/balkan-history.org\\\/wp-content\\\/uploads\\\/2022\\\/02\\\/Tito-Staljin-300x169.png&quot;,&quot;500&quot;:&quot;https:\\\/\\\/balkan-history.org\\\/wp-content\\\/uploads\\\/2022\\\/02\\\/Tito-Staljin-500x281.png&quot;,&quot;750&quot;:&quot;https:\\\/\\\/balkan-history.org\\\/wp-content\\\/uploads\\\/2022\\\/02\\\/Tito-Staljin-750x422.png&quot;,&quot;1000&quot;:&quot;https:\\\/\\\/balkan-history.org\\\/wp-content\\\/uploads\\\/2022\\\/02\\\/Tito-Staljin-1000x562.png&quot;,&quot;1500&quot;:&quot;https:\\\/\\\/balkan-history.org\\\/wp-content\\\/uploads\\\/2022\\\/02\\\/Tito-Staljin-1500x843.png&quot;,&quot;2500&quot;:&quot;https:\\\/\\\/balkan-history.org\\\/wp-content\\\/uploads\\\/2022\\\/02\\\/Tito-Staljin-2500x1406.png&quot;}\" src=\"data:image\/svg+xml;charset=utf-8,%3Csvg xmlns%3D'http%3A%2F%2Fwww.w3.org%2F2000%2Fsvg' viewBox%3D'0 0 1500 843'%2F%3E\" width=\"1500\" height=\"843\" data-src=\"https:\/\/balkan-history.org\/wp-content\/uploads\/2022\/02\/Tito-Staljin-1500x843.png\" data-image-id=\"1850\" class=\"ut-adaptive-image wp-post-image skip-lazy \">\r\n\r\n        <figcaption><h3>WARUM ENTSTAND DAS LAGER AUF DER INSEL GOLI OTOK?<\/h3><\/figcaption><\/figure><\/a><\/div>[\/vc_column][vc_column width=&#8221;1\/3&#8243; css=&#8221;.vc_custom_1525096293340{margin-bottom: 0px !important;}&#8221;]<style type=\"text\/css\">#ut_fancy_image_69e35eca878f5 .ut-fancy-image figcaption h3 { color: #ffffff; }#ut_fancy_image_69e35eca878f5 .ut-fancy-image { background: #141618; }#ut_fancy_image_69e35eca878f5.ut-fancy-image-wrap { margin-bottom: 0px; }<\/style><div id=\"ut_fancy_image_69e35eca878f5\" class=\"ut-fancy-image-wrap \"><a target=\"_self\" href=\"https:\/\/balkan-history.org\/de\/das-gefangenen-lager-goli-otok\/\" ><figure class=\"ut-fancy-image\">\r\n        <img loading=\"lazy\" decoding=\"async\" data-adaptive-images=\"{&quot;300&quot;:&quot;https:\\\/\\\/balkan-history.org\\\/wp-content\\\/uploads\\\/2022\\\/02\\\/PRISTANIS\\u030cTE-POGLAVLJE-2-300x169.jpg&quot;,&quot;500&quot;:&quot;https:\\\/\\\/balkan-history.org\\\/wp-content\\\/uploads\\\/2022\\\/02\\\/PRISTANIS\\u030cTE-POGLAVLJE-2-500x281.jpg&quot;,&quot;750&quot;:&quot;https:\\\/\\\/balkan-history.org\\\/wp-content\\\/uploads\\\/2022\\\/02\\\/PRISTANIS\\u030cTE-POGLAVLJE-2-750x422.jpg&quot;,&quot;1000&quot;:&quot;https:\\\/\\\/balkan-history.org\\\/wp-content\\\/uploads\\\/2022\\\/02\\\/PRISTANIS\\u030cTE-POGLAVLJE-2-1000x562.jpg&quot;,&quot;1500&quot;:&quot;https:\\\/\\\/balkan-history.org\\\/wp-content\\\/uploads\\\/2022\\\/02\\\/PRISTANIS\\u030cTE-POGLAVLJE-2-1500x843.jpg&quot;,&quot;2500&quot;:&quot;https:\\\/\\\/balkan-history.org\\\/wp-content\\\/uploads\\\/2022\\\/02\\\/PRISTANIS\\u030cTE-POGLAVLJE-2-2500x1406.jpg&quot;}\" src=\"data:image\/svg+xml;charset=utf-8,%3Csvg xmlns%3D'http%3A%2F%2Fwww.w3.org%2F2000%2Fsvg' viewBox%3D'0 0 1500 843'%2F%3E\" width=\"1500\" height=\"843\" data-src=\"https:\/\/balkan-history.org\/wp-content\/uploads\/2022\/02\/PRISTANIS\u030cTE-POGLAVLJE-2-1500x843.jpg\" data-image-id=\"1841\" class=\"ut-adaptive-image wp-post-image skip-lazy \">\r\n\r\n        <figcaption><h3>DAS GEFANGENENLAGER GOLI OTOK<\/h3><\/figcaption><\/figure><\/a><\/div>[\/vc_column][\/vc_row][vc_section css=&#8221;.vc_custom_1525220216628{background-color: #353234 !important;background-position: center !important;background-repeat: no-repeat !important;background-size: cover !important;}&#8221; el_name=&#8221;Social Section&#8221;][vc_row el_name=&#8221;Social Title&#8221;][vc_column]<div class=\"wpb_content_element \"><style type=\"text\/css\">#ut_header_69e35eca932da h2.section-title, #ut_header_69e35eca932da h2.section-title span { color:#ffffff; }#ut_header_69e35eca932da h2.section-title { font-size:50px !important;letter-spacing:-0.02em; }#ut_header_69e35eca932da .lead { color:rgba(255, 255, 255, 0.5); }#ut_header_69e35eca932da .lead p { color:rgba(255, 255, 255, 0.5); }<\/style><header id=\"ut_header_69e35eca932da\" class=\"section-header  ut-no-title-linebreak-mobile ut-no-lead-linebreak-mobile pt-style-7 header-center header-tablet-center header-mobile-center\"><h2 data-title=\"Lassen Sie uns vernetzen\"  data-responsive-font=\"section_title\" data-responsive-font-settings=\"{&quot;base-font-size&quot;:&quot;global&quot;,&quot;font-size&quot;:{&quot;desktop_large&quot;:&quot;50&quot;},&quot;base-line-height&quot;:&quot;global&quot;,&quot;base-letter-spacing&quot;:&quot;global&quot;,&quot;letter-spacing&quot;:{&quot;desktop_large&quot;:&quot;-0.02&quot;}}\" class=\"section-title  \"><span>Lassen Sie uns vernetzen<\/span><\/h2><div data-delay=\"0\" class=\"lead \"><p>Verbinden Sie sich mit uns \u00fcber die sozialen Netzwerke<\/p>\n<\/div><\/header><\/div><div class=\"wpb_content_element \"><style class=\"bklyn-inline-styles\" type=\"text\/css\">#ut_sf_69e35eca97090 li a i { color: rgba(204,173,143,0.5); }#ut_sf_69e35eca97090 li a:hover i { color: #ccad8f; }#ut_sf_69e35eca97090 li a:focus i { color: #ccad8f; }#ut_sf_69e35eca97090 { font-size: 30px; }<\/style><ul id=\"ut_sf_69e35eca97090\" class=\"ut-social-follow-module  ut-social-follow-module-center ut-social-follow-module-tablet-center ut-social-follow-module-mobile-center ut-social-follow-module-20\" data-settings=\"{&quot;animate&quot;:false,&quot;effect&quot;:&quot;&quot;,&quot;delay_animation&quot;:false,&quot;global_delay_animation&quot;:false,&quot;delay_timer&quot;:100,&quot;global_delay_timer&quot;:100}\"><li  class=\"ut-social-follow-0 ut-social-follow-icon-only \"><a class=\"ut-social-follow-link\" title=\"\" href=\"https:\/\/www.facebook.com\/Bleiburg-%C4%8Dinjenice-i-interpretacije-107580081471610\" target=\" _blank\" ><i class=\"fa fa-facebook-square\"><\/i><\/a><\/li><\/ul><\/div>[\/vc_column][\/vc_row][\/vc_section]<\/p>\n","protected":false},"excerpt":{"rendered":"<p>[vc_section css=&#8221;.vc_custom_1628860542178{padding-top: 40px !important;padding-bottom: 0px !important;background-color: #353234 !important;}&#8221;][vc_row][vc_column][vc_column_text] GOLOOTO\u010cANI, DIE GEFANGENEN, NACH DER ZEIT AUF GOLI OTOK\u00a0 \u00a0 GOLI OTOK NACH GOLI OTOK [\/vc_column_text][\/vc_column][\/vc_row][\/vc_section][vc_section el_id=&#8221;golootocani&#8221; css=&#8221;.vc_custom_1645958541352{padding-top: 0px !important;padding-bottom: 0px !important;background-color: rgba(189, 187, 187, 0.58) !important;*background-color: rgba(189,187, 187, 0.58) !important;}&#8221;][vc_row][vc_column][vc_empty_space][\/vc_column][\/vc_row][\/vc_section][vc_section el_name=&#8221;Text area &#8211; Golooto\u010dani, die Gefangenen, nach der Zeit auf Goli Otok&#8221; css=&#8221;.vc_custom_1649371559337{padding-bottom: 10px !important;background-color: rgba(189, [&hellip;]<\/p>\n","protected":false},"author":1,"featured_media":0,"parent":0,"menu_order":0,"comment_status":"closed","ping_status":"closed","template":"","meta":{"footnotes":""},"class_list":["post-2085","page","type-page","status-publish","hentry"],"_links":{"self":[{"href":"https:\/\/balkan-history.org\/de\/wp-json\/wp\/v2\/pages\/2085","targetHints":{"allow":["GET"]}}],"collection":[{"href":"https:\/\/balkan-history.org\/de\/wp-json\/wp\/v2\/pages"}],"about":[{"href":"https:\/\/balkan-history.org\/de\/wp-json\/wp\/v2\/types\/page"}],"author":[{"embeddable":true,"href":"https:\/\/balkan-history.org\/de\/wp-json\/wp\/v2\/users\/1"}],"replies":[{"embeddable":true,"href":"https:\/\/balkan-history.org\/de\/wp-json\/wp\/v2\/comments?post=2085"}],"version-history":[{"count":4,"href":"https:\/\/balkan-history.org\/de\/wp-json\/wp\/v2\/pages\/2085\/revisions"}],"predecessor-version":[{"id":2089,"href":"https:\/\/balkan-history.org\/de\/wp-json\/wp\/v2\/pages\/2085\/revisions\/2089"}],"wp:attachment":[{"href":"https:\/\/balkan-history.org\/de\/wp-json\/wp\/v2\/media?parent=2085"}],"curies":[{"name":"wp","href":"https:\/\/api.w.org\/{rel}","templated":true}]}}