{"id":2263,"date":"2022-10-27T22:05:33","date_gmt":"2022-10-27T20:05:33","guid":{"rendered":"https:\/\/balkan-history.org\/die-tschetniks-vor-dem-zweiten-weltkrieg\/"},"modified":"2022-11-15T15:10:13","modified_gmt":"2022-11-15T14:10:13","slug":"die-tschetniks-vor-dem-zweiten-weltkrieg","status":"publish","type":"page","link":"https:\/\/balkan-history.org\/de\/die-tschetniks-vor-dem-zweiten-weltkrieg\/","title":{"rendered":"Die Tschetniks vor dem Zweiten Weltkrieg"},"content":{"rendered":"<p>[vc_section el_name=&#8221;Text area&#8221; css=&#8221;.vc_custom_1628861801859{padding-bottom: 10px !important;background-color: rgba(189, 187, 187, 0.58) !important;*background-color: rgba(189,187, 187, 0.58) !important;}&#8221;][vc_row css=&#8221;.vc_custom_1666870684700{padding-top: 0px !important;}&#8221; el_name=&#8221;\u010cETNICI PRIJE DRUGOG SVJETSKOG RATA&#8221;][vc_column][vc_column_text]<\/p>\n<h3><strong>Die Tschetniks vor dem Zweiten Weltkrieg<\/strong><\/h3>\n<p><img loading=\"lazy\" decoding=\"async\" class=\"alignleft wp-image-1348\" src=\"https:\/\/balkan-history.org\/wp-content\/uploads\/2021\/05\/point_big.png\" alt=\"\" width=\"15\" height=\"15\" \/><\/p>\n<p>Das Wort \u201eTschetnik\u201c bedeutet Mitglied einer Truppe, d.h. einer weniger bewaffneten Formation. Dieser Begriff wurde in Serbien w\u00e4hrend der osmanischen Herrschaft verwendet, als Tschetniks die Bezeichnung f\u00fcr verschiedene Gruppen darstellte, die durch das sogenannte \u201e<em>\u010cetovanje<\/em>\u201c, also mit Guerillaaktionen sich gegen die repressive Politik der lokalen t\u00fcrkischen Machthaber wehrten. Zusammen mit den Begriffen \u201eTschetnik\u201c und \u201e<em>\u010cetovanje<\/em>\u201c wurden die Begriffe \u201eHajduk\u201c und \u201e<em>Hajducija<\/em>\u201c oft im gleichen Sinne verwendet. Zu Beginn des 20. Jahrhunderts wurden auf dem Gebiet Mazedoniens Guerilla-Tschetnik-Abteilungen eingerichtet, die haupts\u00e4chlich vom benachbarten K\u00f6nigreich Serbien organisiert, ausger\u00fcstet und finanziert wurden. Das Ziel der Abteilung war die Befreiung Mazedoniens von der osmanischen Herrschaft und die anschlie\u00dfende Vereinigung mit Serbien. Tschetnik-Abteilungen unter dem Kommando der serbischen Armee spielten eine wichtige Rolle in den Balkankriegen sowie sp\u00e4ter im Ersten Weltkrieg. Nach der Gr\u00fcndung des SHS-Staates, also des K\u00f6nigreichs Jugoslawien (<em>Staat der Slowenen, Kroaten und Serben<\/em>), gr\u00fcndeten Tschetnik-Veteranen in Belgrad die \u201eVereinigung der Tschetniks f\u00fcr die Freiheit und Ehre des Vaterlandes\u201c (<em>Udru\u017eenje \u010detnika za slobodu i \u010dast Otad\u017ebine<\/em>) als eine der f\u00fchrenden serbischen patriotischen Gruppen. Ab dem Jahr 1925 tr\u00e4gt die Vereinigung den Namen \u201eVereinigung der serbischen Tschetniks Petar Mrkonji\u0107 f\u00fcr K\u00f6nig und Vaterland\u201c und steht unter der Kontrolle der Serbischen Radikalen Partei. Der Pr\u00e4sident dieser Vereinigung war Puni\u0161a Ra\u010di\u0107, der Attent\u00e4ter auf die HSS-Abgeordneten in der Belgrader Nationalversammlung. Die bekanntesten F\u00fchrer von Tschetnik-Organisationen in den 1930er Jahren waren Ilija Trifunovi\u0107 \u2013 Bir\u010danin und Kosta Milovanovi\u0107 \u2013 Pe\u0107anac. Die Tschetnik-Vereinigungen im K\u00f6nigreich Jugoslawien waren bekannt f\u00fcr ihre antidemokratische, antikommunistische und antiliberale Haltung, und ihre Ideologie war der serbische Nationalismus.<\/p>\n<p>Im April 1940 gr\u00fcndete die jugoslawische Regierung das Tschetnik-Kommando, das die Tschetnik-Bataillone als Hilfseinheiten der K\u00f6niglichen Jugoslawischen Armee verwaltete. Nach dem Angriff auf Jugoslawien und dem kurzlebigen Krieg im April 1941 ergaben sich die Jugoslawische Armee und das Tschetnik-Kommando den Deutschen.[\/vc_column_text][vc_column_text css=&#8221;.vc_custom_1666870311260{margin-bottom: 0px !important;border-bottom-width: 0px !important;padding-bottom: 0px !important;}&#8221;]<img loading=\"lazy\" decoding=\"async\" class=\"alignnone wp-image-2108\" src=\"https:\/\/balkan-history.org\/wp-content\/uploads\/2022\/10\/Punisa_Racic.jpg\" alt=\"\" width=\"640\" height=\"900\" \/>[\/vc_column_text][vc_column_text css=&#8221;.vc_custom_1668521396651{margin-top: -5px !important;border-top-width: 0px !important;padding-top: 0px !important;}&#8221;]<em>Bild \u2013 Puni\u0161a Ra\u010di\u0107<\/em>[\/vc_column_text][vc_column_text css=&#8221;.vc_custom_1666870423985{margin-bottom: 0px !important;border-bottom-width: 0px !important;padding-bottom: 0px !important;}&#8221;]<img loading=\"lazy\" decoding=\"async\" class=\"alignnone wp-image-2111\" src=\"https:\/\/balkan-history.org\/wp-content\/uploads\/2022\/10\/Kosta_Pec\u0301anac_portrait.jpg\" alt=\"\" width=\"640\" height=\"908\" \/>[\/vc_column_text][vc_column_text css=&#8221;.vc_custom_1668521410834{margin-top: -5px !important;border-top-width: 0px !important;padding-top: 0px !important;}&#8221;]<em>Bild \u2013 Kosta Pe\u0107anac<\/em>[\/vc_column_text][\/vc_column][\/vc_row][\/vc_section][vc_row full_width=&#8221;stretch_row_content_no_spaces&#8221; el_name=&#8221;Obradene teme&#8221; css=&#8221;.vc_custom_1619732500987{margin-top: 0px !important;}&#8221;][vc_column width=&#8221;1\/4&#8243; css=&#8221;.vc_custom_1525096300190{margin-bottom: 0px !important;}&#8221;]<style type=\"text\/css\">#ut_fancy_image_69debb6e45fc3 .ut-fancy-image figcaption h3 { color: #ffffff; }#ut_fancy_image_69debb6e45fc3 .ut-fancy-image { background: #141618; }#ut_fancy_image_69debb6e45fc3.ut-fancy-image-wrap { margin-bottom: 0px; }<\/style><div id=\"ut_fancy_image_69debb6e45fc3\" class=\"ut-fancy-image-wrap \"><a target=\"_self\" href=\"https:\/\/balkan-history.org\/de\/die-tschetniks-vor-dem-zweiten-weltkrieg\/\" ><figure class=\"ut-fancy-image\">\r\n        <img loading=\"lazy\" decoding=\"async\" data-adaptive-images=\"{&quot;300&quot;:&quot;https:\\\/\\\/balkan-history.org\\\/wp-content\\\/uploads\\\/2022\\\/10\\\/C\\u030cetnici-Zastava-300x169.jpg&quot;,&quot;500&quot;:&quot;https:\\\/\\\/balkan-history.org\\\/wp-content\\\/uploads\\\/2022\\\/10\\\/C\\u030cetnici-Zastava-500x281.jpg&quot;,&quot;750&quot;:&quot;https:\\\/\\\/balkan-history.org\\\/wp-content\\\/uploads\\\/2022\\\/10\\\/C\\u030cetnici-Zastava-750x422.jpg&quot;,&quot;1000&quot;:&quot;https:\\\/\\\/balkan-history.org\\\/wp-content\\\/uploads\\\/2022\\\/10\\\/C\\u030cetnici-Zastava-1000x562.jpg&quot;,&quot;1500&quot;:&quot;https:\\\/\\\/balkan-history.org\\\/wp-content\\\/uploads\\\/2022\\\/10\\\/C\\u030cetnici-Zastava-1500x843.jpg&quot;,&quot;2500&quot;:&quot;https:\\\/\\\/balkan-history.org\\\/wp-content\\\/uploads\\\/2022\\\/10\\\/C\\u030cetnici-Zastava-2500x1406.jpg&quot;}\" src=\"data:image\/svg+xml;charset=utf-8,%3Csvg xmlns%3D'http%3A%2F%2Fwww.w3.org%2F2000%2Fsvg' viewBox%3D'0 0 1500 843'%2F%3E\" width=\"1500\" height=\"843\" data-src=\"https:\/\/balkan-history.org\/wp-content\/uploads\/2022\/10\/C\u030cetnici-Zastava-1500x843.jpg\" data-image-id=\"2134\" class=\"ut-adaptive-image wp-post-image skip-lazy \">\r\n\r\n        <figcaption><h3>DIE TSCHETNIKS VOR DEM ZWEITEN WELTKRIEG<\/h3><\/figcaption><\/figure><\/a><\/div>[\/vc_column][vc_column width=&#8221;1\/4&#8243;]<style type=\"text\/css\">#ut_fancy_image_69debb6e77dc6 .ut-fancy-image figcaption h3 { color: #ffffff; }#ut_fancy_image_69debb6e77dc6 .ut-fancy-image { background: #141618; }#ut_fancy_image_69debb6e77dc6.ut-fancy-image-wrap { margin-bottom: 0px; }<\/style><div id=\"ut_fancy_image_69debb6e77dc6\" class=\"ut-fancy-image-wrap \"><a target=\"_self\" href=\"https:\/\/balkan-history.org\/de\/die-tschetniks-im-zweiten-weltkrieg\/\" ><figure class=\"ut-fancy-image\">\r\n        <img loading=\"lazy\" decoding=\"async\" data-adaptive-images=\"{&quot;300&quot;:&quot;https:\\\/\\\/balkan-history.org\\\/wp-content\\\/uploads\\\/2022\\\/10\\\/C\\u030cetnici-i-Draz\\u030ca-Mihailovic\\u0301-300x169.jpeg&quot;,&quot;500&quot;:&quot;https:\\\/\\\/balkan-history.org\\\/wp-content\\\/uploads\\\/2022\\\/10\\\/C\\u030cetnici-i-Draz\\u030ca-Mihailovic\\u0301-500x281.jpeg&quot;,&quot;750&quot;:&quot;https:\\\/\\\/balkan-history.org\\\/wp-content\\\/uploads\\\/2022\\\/10\\\/C\\u030cetnici-i-Draz\\u030ca-Mihailovic\\u0301-750x422.jpeg&quot;,&quot;1000&quot;:&quot;https:\\\/\\\/balkan-history.org\\\/wp-content\\\/uploads\\\/2022\\\/10\\\/C\\u030cetnici-i-Draz\\u030ca-Mihailovic\\u0301-1000x562.jpeg&quot;,&quot;1500&quot;:&quot;https:\\\/\\\/balkan-history.org\\\/wp-content\\\/uploads\\\/2022\\\/10\\\/C\\u030cetnici-i-Draz\\u030ca-Mihailovic\\u0301-1500x843.jpeg&quot;,&quot;2500&quot;:&quot;https:\\\/\\\/balkan-history.org\\\/wp-content\\\/uploads\\\/2022\\\/10\\\/C\\u030cetnici-i-Draz\\u030ca-Mihailovic\\u0301-2500x1406.jpeg&quot;}\" src=\"data:image\/svg+xml;charset=utf-8,%3Csvg xmlns%3D'http%3A%2F%2Fwww.w3.org%2F2000%2Fsvg' viewBox%3D'0 0 1500 843'%2F%3E\" width=\"1500\" height=\"843\" data-src=\"https:\/\/balkan-history.org\/wp-content\/uploads\/2022\/10\/C\u030cetnici-i-Draz\u030ca-Mihailovic\u0301-1500x843.jpeg\" data-image-id=\"2130\" class=\"ut-adaptive-image wp-post-image skip-lazy \">\r\n\r\n        <figcaption><h3>DIE TSCHETNIKS IM ZWEITEN WELTKRIEG<\/h3><\/figcaption><\/figure><\/a><\/div>[\/vc_column][vc_column width=&#8221;1\/4&#8243; css=&#8221;.vc_custom_1525096293340{margin-bottom: 0px !important;}&#8221;]<style type=\"text\/css\">#ut_fancy_image_69debb6e89f14 .ut-fancy-image figcaption h3 { color: #ffffff; }#ut_fancy_image_69debb6e89f14 .ut-fancy-image { background: #141618; }#ut_fancy_image_69debb6e89f14.ut-fancy-image-wrap { margin-bottom: 0px; }<\/style><div id=\"ut_fancy_image_69debb6e89f14\" class=\"ut-fancy-image-wrap \"><a target=\"_self\" href=\"https:\/\/balkan-history.org\/de\/das-ende-des-zweiten-weltkriegs-und-das-ende-der-taetigkeit-der-tschetnik-bewegung-auf-dem-gebiet-jugoslawiens\/\" ><figure class=\"ut-fancy-image\">\r\n        <img loading=\"lazy\" decoding=\"async\" data-adaptive-images=\"{&quot;300&quot;:&quot;https:\\\/\\\/balkan-history.org\\\/wp-content\\\/uploads\\\/2022\\\/10\\\/C\\u030cetnici-u-Zagrebu-300x169.jpg&quot;,&quot;500&quot;:&quot;https:\\\/\\\/balkan-history.org\\\/wp-content\\\/uploads\\\/2022\\\/10\\\/C\\u030cetnici-u-Zagrebu-500x281.jpg&quot;,&quot;750&quot;:&quot;https:\\\/\\\/balkan-history.org\\\/wp-content\\\/uploads\\\/2022\\\/10\\\/C\\u030cetnici-u-Zagrebu-750x422.jpg&quot;,&quot;1000&quot;:&quot;https:\\\/\\\/balkan-history.org\\\/wp-content\\\/uploads\\\/2022\\\/10\\\/C\\u030cetnici-u-Zagrebu-1000x562.jpg&quot;,&quot;1500&quot;:&quot;https:\\\/\\\/balkan-history.org\\\/wp-content\\\/uploads\\\/2022\\\/10\\\/C\\u030cetnici-u-Zagrebu-1500x843.jpg&quot;,&quot;2500&quot;:&quot;https:\\\/\\\/balkan-history.org\\\/wp-content\\\/uploads\\\/2022\\\/10\\\/C\\u030cetnici-u-Zagrebu-2500x1406.jpg&quot;}\" src=\"data:image\/svg+xml;charset=utf-8,%3Csvg xmlns%3D'http%3A%2F%2Fwww.w3.org%2F2000%2Fsvg' viewBox%3D'0 0 1500 843'%2F%3E\" width=\"1500\" height=\"843\" data-src=\"https:\/\/balkan-history.org\/wp-content\/uploads\/2022\/10\/C\u030cetnici-u-Zagrebu-1500x843.jpg\" data-image-id=\"2184\" class=\"ut-adaptive-image wp-post-image skip-lazy \">\r\n\r\n        <figcaption><h3>DAS ENDE DES ZWEITEN WELTKRIEGS UND DAS ENDE DER T\u00c4TIGKEIT DER TSCHETNIK-BEWEGUNG AUF DEM GEBIET JUGOSLAWIENS<\/h3><\/figcaption><\/figure><\/a><\/div>[\/vc_column][vc_column width=&#8221;1\/4&#8243;]<style type=\"text\/css\">#ut_fancy_image_69debb6ea27c6 .ut-fancy-image figcaption h3 { color: #ffffff; }#ut_fancy_image_69debb6ea27c6 .ut-fancy-image { background: #141618; }#ut_fancy_image_69debb6ea27c6.ut-fancy-image-wrap { margin-bottom: 0px; }<\/style><div id=\"ut_fancy_image_69debb6ea27c6\" class=\"ut-fancy-image-wrap \"><a target=\"_self\" href=\"https:\/\/balkan-history.org\/de\/die-verbrechen-der-tschetniks\/\" ><figure class=\"ut-fancy-image\">\r\n        <img loading=\"lazy\" decoding=\"async\" data-adaptive-images=\"{&quot;300&quot;:&quot;https:\\\/\\\/balkan-history.org\\\/wp-content\\\/uploads\\\/2022\\\/10\\\/C\\u030cetnici-zloc\\u030cini-03-300x169.jpg&quot;,&quot;500&quot;:&quot;https:\\\/\\\/balkan-history.org\\\/wp-content\\\/uploads\\\/2022\\\/10\\\/C\\u030cetnici-zloc\\u030cini-03-500x281.jpg&quot;,&quot;750&quot;:&quot;https:\\\/\\\/balkan-history.org\\\/wp-content\\\/uploads\\\/2022\\\/10\\\/C\\u030cetnici-zloc\\u030cini-03-750x422.jpg&quot;,&quot;1000&quot;:&quot;https:\\\/\\\/balkan-history.org\\\/wp-content\\\/uploads\\\/2022\\\/10\\\/C\\u030cetnici-zloc\\u030cini-03-1000x562.jpg&quot;,&quot;1500&quot;:&quot;https:\\\/\\\/balkan-history.org\\\/wp-content\\\/uploads\\\/2022\\\/10\\\/C\\u030cetnici-zloc\\u030cini-03-1500x843.jpg&quot;,&quot;2500&quot;:&quot;https:\\\/\\\/balkan-history.org\\\/wp-content\\\/uploads\\\/2022\\\/10\\\/C\\u030cetnici-zloc\\u030cini-03-2500x1406.jpg&quot;}\" src=\"data:image\/svg+xml;charset=utf-8,%3Csvg xmlns%3D'http%3A%2F%2Fwww.w3.org%2F2000%2Fsvg' viewBox%3D'0 0 1500 843'%2F%3E\" width=\"1500\" height=\"843\" data-src=\"https:\/\/balkan-history.org\/wp-content\/uploads\/2022\/10\/C\u030cetnici-zloc\u030cini-03-1500x843.jpg\" data-image-id=\"2215\" class=\"ut-adaptive-image wp-post-image skip-lazy \">\r\n\r\n        <figcaption><h3>DIE VERBRECHEN DER TSCHETNIKS<\/h3><\/figcaption><\/figure><\/a><\/div>[\/vc_column][\/vc_row][vc_section css=&#8221;.vc_custom_1525220216628{background-color: #353234 !important;background-position: center !important;background-repeat: no-repeat !important;background-size: cover !important;}&#8221; el_name=&#8221;Social Section&#8221;][vc_row el_name=&#8221;Social Title&#8221;][vc_column]<div class=\"wpb_content_element \"><style type=\"text\/css\">#ut_header_69debb6eb0fd6 h2.section-title, #ut_header_69debb6eb0fd6 h2.section-title span { color:#ffffff; }#ut_header_69debb6eb0fd6 h2.section-title { font-size:50px !important;letter-spacing:-0.02em; }#ut_header_69debb6eb0fd6 .lead { color:rgba(255, 255, 255, 0.5); }#ut_header_69debb6eb0fd6 .lead p { color:rgba(255, 255, 255, 0.5); }<\/style><header id=\"ut_header_69debb6eb0fd6\" class=\"section-header  ut-no-title-linebreak-mobile ut-no-lead-linebreak-mobile pt-style-7 header-center header-tablet-center header-mobile-center\"><h2 data-title=\"Lassen Sie uns vernetzen\"  data-responsive-font=\"section_title\" data-responsive-font-settings=\"{&quot;base-font-size&quot;:&quot;global&quot;,&quot;font-size&quot;:{&quot;desktop_large&quot;:&quot;50&quot;},&quot;base-line-height&quot;:&quot;global&quot;,&quot;base-letter-spacing&quot;:&quot;global&quot;,&quot;letter-spacing&quot;:{&quot;desktop_large&quot;:&quot;-0.02&quot;}}\" class=\"section-title  \"><span>Lassen Sie uns vernetzen<\/span><\/h2><div data-delay=\"0\" class=\"lead \"><p>Verbinden Sie sich mit uns \u00fcber die sozialen Netzwerke<\/p>\n<\/div><\/header><\/div><div class=\"wpb_content_element \"><style class=\"bklyn-inline-styles\" type=\"text\/css\">#ut_sf_69debb6eb705a li a i { color: rgba(204,173,143,0.5); }#ut_sf_69debb6eb705a li a:hover i { color: #ccad8f; }#ut_sf_69debb6eb705a li a:focus i { color: #ccad8f; }#ut_sf_69debb6eb705a { font-size: 30px; }<\/style><ul id=\"ut_sf_69debb6eb705a\" class=\"ut-social-follow-module  ut-social-follow-module-center ut-social-follow-module-tablet-center ut-social-follow-module-mobile-center ut-social-follow-module-20\" data-settings=\"{&quot;animate&quot;:false,&quot;effect&quot;:&quot;&quot;,&quot;delay_animation&quot;:false,&quot;global_delay_animation&quot;:false,&quot;delay_timer&quot;:100,&quot;global_delay_timer&quot;:100}\"><li  class=\"ut-social-follow-0 ut-social-follow-icon-only \"><a class=\"ut-social-follow-link\" title=\"\" href=\"https:\/\/www.facebook.com\/Bleiburg-%C4%8Dinjenice-i-interpretacije-107580081471610\" target=\" _blank\" ><i class=\"fa fa-facebook-square\"><\/i><\/a><\/li><\/ul><\/div>[\/vc_column][\/vc_row][\/vc_section]<\/p>\n","protected":false},"excerpt":{"rendered":"<p>[vc_section el_name=&#8221;Text area&#8221; css=&#8221;.vc_custom_1628861801859{padding-bottom: 10px !important;background-color: rgba(189, 187, 187, 0.58) !important;*background-color: rgba(189,187, 187, 0.58) !important;}&#8221;][vc_row css=&#8221;.vc_custom_1666870684700{padding-top: 0px !important;}&#8221; el_name=&#8221;\u010cETNICI PRIJE DRUGOG SVJETSKOG RATA&#8221;][vc_column][vc_column_text] Die Tschetniks vor dem Zweiten Weltkrieg Das Wort \u201eTschetnik\u201c bedeutet Mitglied einer Truppe, d.h. einer weniger bewaffneten Formation. Dieser Begriff wurde in Serbien w\u00e4hrend der osmanischen Herrschaft verwendet, als Tschetniks die Bezeichnung [&hellip;]<\/p>\n","protected":false},"author":1,"featured_media":0,"parent":0,"menu_order":0,"comment_status":"closed","ping_status":"closed","template":"","meta":{"footnotes":""},"class_list":["post-2263","page","type-page","status-publish","hentry"],"_links":{"self":[{"href":"https:\/\/balkan-history.org\/de\/wp-json\/wp\/v2\/pages\/2263","targetHints":{"allow":["GET"]}}],"collection":[{"href":"https:\/\/balkan-history.org\/de\/wp-json\/wp\/v2\/pages"}],"about":[{"href":"https:\/\/balkan-history.org\/de\/wp-json\/wp\/v2\/types\/page"}],"author":[{"embeddable":true,"href":"https:\/\/balkan-history.org\/de\/wp-json\/wp\/v2\/users\/1"}],"replies":[{"embeddable":true,"href":"https:\/\/balkan-history.org\/de\/wp-json\/wp\/v2\/comments?post=2263"}],"version-history":[{"count":4,"href":"https:\/\/balkan-history.org\/de\/wp-json\/wp\/v2\/pages\/2263\/revisions"}],"predecessor-version":[{"id":2288,"href":"https:\/\/balkan-history.org\/de\/wp-json\/wp\/v2\/pages\/2263\/revisions\/2288"}],"wp:attachment":[{"href":"https:\/\/balkan-history.org\/de\/wp-json\/wp\/v2\/media?parent=2263"}],"curies":[{"name":"wp","href":"https:\/\/api.w.org\/{rel}","templated":true}]}}