{"id":2269,"date":"2022-10-27T22:17:24","date_gmt":"2022-10-27T20:17:24","guid":{"rendered":"https:\/\/balkan-history.org\/das-ende-des-zweiten-weltkriegs-und-das-ende-der-taetigkeit-der-tschetnik-bewegung-auf-dem-gebiet-jugoslawiens\/"},"modified":"2022-11-15T15:34:11","modified_gmt":"2022-11-15T14:34:11","slug":"das-ende-des-zweiten-weltkriegs-und-das-ende-der-taetigkeit-der-tschetnik-bewegung-auf-dem-gebiet-jugoslawiens","status":"publish","type":"page","link":"https:\/\/balkan-history.org\/de\/das-ende-des-zweiten-weltkriegs-und-das-ende-der-taetigkeit-der-tschetnik-bewegung-auf-dem-gebiet-jugoslawiens\/","title":{"rendered":"Das Ende des Zweiten Weltkriegs und das Ende der T\u00e4tigkeit der Tschetnik-Bewegung auf dem Gebiet Jugoslawiens"},"content":{"rendered":"<p>[vc_section el_name=&#8221;Text area&#8221; css=&#8221;.vc_custom_1628861801859{padding-bottom: 10px !important;background-color: rgba(189, 187, 187, 0.58) !important;*background-color: rgba(189,187, 187, 0.58) !important;}&#8221;][vc_row css=&#8221;.vc_custom_1666873223771{padding-top: 0px !important;}&#8221; el_name=&#8221;Kraj Drugog svjetskog rata i kraj djelovanja \u010detni\u010dkog pokreta na tlu Jugoslavije&#8221;][vc_column][vc_column_text]<\/p>\n<h3><strong>Das Ende des Zweiten Weltkriegs und das Ende der T\u00e4tigkeit der Tschetnik-Bewegung auf dem Gebiet Jugoslawiens<\/strong><\/h3>\n<p><img loading=\"lazy\" decoding=\"async\" class=\"alignleft wp-image-1348\" src=\"https:\/\/balkan-history.org\/wp-content\/uploads\/2021\/05\/point_big.png\" alt=\"\" width=\"15\" height=\"15\" \/><\/p>\n<p>Die Kapitulation des bis dahin zuverl\u00e4ssigsten Verb\u00fcndeten, des faschistischen Italien im Jahr 1943 und das Ende der politischen und milit\u00e4rischen Unterst\u00fctzung durch die jugoslawische Exilregierung und des Westens im Jahr 1944 f\u00fchren zu einer immer konkreteren und formelleren Zusammenarbeit der Tschetnik-Abteilungen mit den Streitkr\u00e4ften des Dritten Reiches. Diese Tatsache bestimmte auch das Schicksal der Tschetnik-Bewegung am Ende des Zweiten Weltkriegs. Im Sommer 1944 beteiligten sich die Tschetniks als Teil einer von den Deutschen gef\u00fchrten Koalition an dem Versuch, den Eintritt von Partisanen in Serbien zu verhindern, und spielten gleichzeitig eine wichtige Rolle bei der Sicherstellung des reibungslosen Abzugs deutscher Truppen aus Griechenland. Nachdem der Kampf um Serbien verloren war, zogen sich die Deutschen und die Tschetniks Richtung Westen zur\u00fcck und Dra\u017ea Mihailovi\u0107 verlegte sein Hauptquartier nach Bosnien. Dort schlossen sich ihm Ende 1944 Tschetniks aus Sand\u017eak und Anfang 1945 mehrere tausend montenegrinische Tschetniks unter der F\u00fchrung von Pavle Djuri\u0161i\u0107 an. Im Gegensatz zu Mihailovi\u0107, der sich entschied, nach Serbien zur\u00fcckzukehren, ging Djuri\u0161i\u0107 nach Westen. Dort befanden sich bereits die Tschetnik-Abteilungen aus Lika unter dem Kommando von Dobroslav Jevdjevi\u0107 und Tschetnik-Abteilungen aus Dalmatien, Westbosnien und S\u00fcd-Lika unter dem Kommando vom Priester Mom\u010dilo Djuji\u0107. Ende 1944 und Anfang 1945 wurden diese auf organisierte Weise von den Deutschen in das Gebiet der slowenischen K\u00fcste transportiert, um dort weiter gegen die Partisaneneinheiten zu k\u00e4mpfen. Trotz des zuvor geschlossenen Abkommens \u00fcber das freie \u00dcberqueren des Gebiets des USK kam es Ende M\u00e4rz und Anfang April 1945 in der N\u00e4he von Banja Luka (Ljev\u010de polje) zu einem Konflikt mit den Ustascha, bei dem die montenegrinischen Tschetniks besiegt wurden, dabei wurde Pavle Djuri\u0161i\u0107 gefangen genommen und anschlie\u00dfend get\u00f6tet.<\/p>\n<p>Diejenigen, die die Niederlage \u00fcberlebten und sich ergaben, wurde von den Ustascha-Beh\u00f6rden gestattet, nach Slowenien und \u00d6sterreich zu gehen. Diese Tschetniks ergaben sich zusammen mit Angeh\u00f6rigen der USK-Streitkr\u00e4fte am 15. Mai 1945 in der N\u00e4he von Bleiburg den Vertretern der Jugoslawischen Armee. In den n\u00e4chsten Wochen wurden etwa 2.000 von ihnen in Hinrichtungsst\u00e4tten in ganz Slowenien get\u00f6tet. Mehr Gl\u00fcck hatten die Tschetniks unter dem Kommando von Jevdjevi\u0107 und Djuji\u0107, die sich am 5. Mai 1945 in der N\u00e4he von Triest den Briten ergaben. Nach kurzem Aufenthalt in Gefangenschaft wurden sie freigelassen und kehrten nicht mehr nach Jugoslawien zur\u00fcck. Dobroslav Jevdjevi\u0107 lebte bis zu seinem Tod im Jahr 1962 in Italien, und Mom\u010dilo Djuji\u0107 in den USA, wo er 1999 starb.<\/p>\n<p>Die Tschetnik-Abteilungen unter dem Kommando von Dra\u017ea Mihailovi\u0107 erlitten beim Versuch, Mitte Mai 1945 sich von Bosnien nach Serbien zu verlegen, schwere Verluste durch die Partisaneneinheiten, die inzwischen in Jugoslawische Armee umbenannt wurden. Mihailovi\u0107 selbst versteckte sich mehrere Monate erfolgreich auf dem Gebiet \u00f6stlichen Bosniens und wurde erst am 13. M\u00e4rz 1946 aufgrund der List und Schlauheit des OZNA (<em>jugoslawischer kommunistischer Sicherheitsgeheimdienst, kroatisch jugoslovenska komunisti\u010dka sigurnosno \u2013 obavje\u0161tajna slu\u017eba<\/em>) und des Verrats des Tschetnik-Kommandeurs Nikola Kalabi\u0107 in der N\u00e4he von Vi\u0161egrad gefangen genommen. Nach einem kurzen Prozess in Belgrad wurde Dra\u017ea Mihailovi\u0107 am 15. Juli 1946 wegen Kriegsverbrechen und Kollaboration mit den Besatzern und ihren Kollaborateuren in Jugoslawien f\u00fcr schuldig befunden. Er wurde zum Tode verurteilt und am 17. Juli 1946 erschossen.[\/vc_column_text][vc_column_text css=&#8221;.vc_custom_1666873304028{margin-bottom: 0px !important;border-bottom-width: 0px !important;padding-bottom: 0px !important;}&#8221;]<img loading=\"lazy\" decoding=\"async\" class=\"alignnone wp-image-2186\" src=\"https:\/\/balkan-history.org\/wp-content\/uploads\/2022\/10\/C\u030cetnici-u-Zagrebu-650x433.jpg\" alt=\"\" width=\"640\" height=\"367\" srcset=\"https:\/\/balkan-history.org\/wp-content\/uploads\/2022\/10\/C\u030cetnici-u-Zagrebu-768x440.jpg 768w, https:\/\/balkan-history.org\/wp-content\/uploads\/2022\/10\/C\u030cetnici-u-Zagrebu.jpg 960w\" sizes=\"auto, (max-width: 640px) 100vw, 640px\" \/>[\/vc_column_text][vc_column_text css=&#8221;.vc_custom_1668522785849{margin-top: -5px !important;border-top-width: 0px !important;padding-top: 0px !important;}&#8221;]<em>Bild 16 \u2013 Tschetniks in Zagreb<\/em>[\/vc_column_text][vc_column_text css=&#8221;.vc_custom_1666873364504{margin-bottom: 0px !important;border-bottom-width: 0px !important;padding-bottom: 0px !important;}&#8221;]<img loading=\"lazy\" decoding=\"async\" class=\"alignnone wp-image-2190 size-medium\" src=\"https:\/\/balkan-history.org\/wp-content\/uploads\/2022\/10\/Momc\u030cilo-Dujic\u0301-01-650x433.jpg\" alt=\"\" width=\"650\" height=\"433\" srcset=\"https:\/\/balkan-history.org\/wp-content\/uploads\/2022\/10\/Momc\u030cilo-Dujic\u0301-01-650x433.jpg 650w, https:\/\/balkan-history.org\/wp-content\/uploads\/2022\/10\/Momc\u030cilo-Dujic\u0301-01-325x217.jpg 325w\" sizes=\"auto, (max-width: 650px) 100vw, 650px\" \/>[\/vc_column_text][vc_column_text css=&#8221;.vc_custom_1668522803301{margin-top: -5px !important;border-top-width: 0px !important;padding-top: 0px !important;}&#8221;]<em>Bild 17 \u2013 Mom\u010dilo Djuji\u0107<\/em>[\/vc_column_text][vc_column_text css=&#8221;.vc_custom_1666873461921{margin-bottom: 0px !important;border-bottom-width: 0px !important;padding-bottom: 0px !important;}&#8221;]<img loading=\"lazy\" decoding=\"async\" class=\"alignnone wp-image-2194 size-medium\" src=\"https:\/\/balkan-history.org\/wp-content\/uploads\/2022\/10\/Nikola-Kalabic\u0301-01-650x433.jpg\" alt=\"\" width=\"650\" height=\"433\" srcset=\"https:\/\/balkan-history.org\/wp-content\/uploads\/2022\/10\/Nikola-Kalabic\u0301-01-650x433.jpg 650w, https:\/\/balkan-history.org\/wp-content\/uploads\/2022\/10\/Nikola-Kalabic\u0301-01-325x217.jpg 325w, https:\/\/balkan-history.org\/wp-content\/uploads\/2022\/10\/Nikola-Kalabic\u0301-01-768x512.jpg 768w, https:\/\/balkan-history.org\/wp-content\/uploads\/2022\/10\/Nikola-Kalabic\u0301-01-1080x720.jpg 1080w, https:\/\/balkan-history.org\/wp-content\/uploads\/2022\/10\/Nikola-Kalabic\u0301-01.jpg 1152w\" sizes=\"auto, (max-width: 650px) 100vw, 650px\" \/>[\/vc_column_text][vc_column_text css=&#8221;.vc_custom_1668522814936{margin-top: -5px !important;border-top-width: 0px !important;padding-top: 0px !important;}&#8221;]<em>Bild 18 \u2013 Nikola Kalabi\u0107<\/em>[\/vc_column_text][vc_column_text css=&#8221;.vc_custom_1666873511575{margin-bottom: 0px !important;border-bottom-width: 0px !important;padding-bottom: 0px !important;}&#8221;]<img loading=\"lazy\" decoding=\"async\" class=\"alignnone wp-image-2198 size-medium\" src=\"https:\/\/balkan-history.org\/wp-content\/uploads\/2022\/10\/Pavle_Djurisic-s-Nemcima-u-Beogradu-650x433.jpg\" alt=\"\" width=\"650\" height=\"433\" srcset=\"https:\/\/balkan-history.org\/wp-content\/uploads\/2022\/10\/Pavle_Djurisic-s-Nemcima-u-Beogradu-650x433.jpg 650w, https:\/\/balkan-history.org\/wp-content\/uploads\/2022\/10\/Pavle_Djurisic-s-Nemcima-u-Beogradu-325x217.jpg 325w\" sizes=\"auto, (max-width: 650px) 100vw, 650px\" \/>[\/vc_column_text][vc_column_text css=&#8221;.vc_custom_1668522832287{margin-top: -5px !important;border-top-width: 0px !important;padding-top: 0px !important;}&#8221;]<em>Bild 19 \u2013 Pavle Djuri\u0161i\u0107 mit Deutschen in Belgrad <\/em>[\/vc_column_text][vc_column_text css=&#8221;.vc_custom_1666873602146{margin-bottom: 0px !important;border-bottom-width: 0px !important;padding-bottom: 0px !important;}&#8221;]<img loading=\"lazy\" decoding=\"async\" class=\"alignnone wp-image-2202 size-medium\" src=\"https:\/\/balkan-history.org\/wp-content\/uploads\/2022\/10\/Sudenje-draza-2-650x433.jpg\" alt=\"\" width=\"650\" height=\"433\" srcset=\"https:\/\/balkan-history.org\/wp-content\/uploads\/2022\/10\/Sudenje-draza-2-650x433.jpg 650w, https:\/\/balkan-history.org\/wp-content\/uploads\/2022\/10\/Sudenje-draza-2-325x217.jpg 325w\" sizes=\"auto, (max-width: 650px) 100vw, 650px\" \/>[\/vc_column_text][vc_column_text css=&#8221;.vc_custom_1668522849202{margin-top: -5px !important;border-top-width: 0px !important;padding-top: 0px !important;}&#8221;]<em>Bild 20 \u2013 Bild von Dra\u017ea Mihailovi\u0107 bei seiner Gerichtsverhandlung in Belgrad <\/em>[\/vc_column_text][\/vc_column][\/vc_row][\/vc_section][vc_row full_width=&#8221;stretch_row_content_no_spaces&#8221; el_name=&#8221;Obradene teme&#8221; css=&#8221;.vc_custom_1619732500987{margin-top: 0px !important;}&#8221;][vc_column width=&#8221;1\/4&#8243; css=&#8221;.vc_custom_1525096300190{margin-bottom: 0px !important;}&#8221;]<style type=\"text\/css\">#ut_fancy_image_69e7a0abef51f .ut-fancy-image figcaption h3 { color: #ffffff; }#ut_fancy_image_69e7a0abef51f .ut-fancy-image { background: #141618; }#ut_fancy_image_69e7a0abef51f.ut-fancy-image-wrap { margin-bottom: 0px; }<\/style><div id=\"ut_fancy_image_69e7a0abef51f\" class=\"ut-fancy-image-wrap \"><a target=\"_self\" href=\"https:\/\/balkan-history.org\/de\/die-tschetniks-vor-dem-zweiten-weltkrieg\/\" ><figure class=\"ut-fancy-image\">\r\n        <img loading=\"lazy\" decoding=\"async\" data-adaptive-images=\"{&quot;300&quot;:&quot;https:\\\/\\\/balkan-history.org\\\/wp-content\\\/uploads\\\/2022\\\/10\\\/C\\u030cetnici-Zastava-300x169.jpg&quot;,&quot;500&quot;:&quot;https:\\\/\\\/balkan-history.org\\\/wp-content\\\/uploads\\\/2022\\\/10\\\/C\\u030cetnici-Zastava-500x281.jpg&quot;,&quot;750&quot;:&quot;https:\\\/\\\/balkan-history.org\\\/wp-content\\\/uploads\\\/2022\\\/10\\\/C\\u030cetnici-Zastava-750x422.jpg&quot;,&quot;1000&quot;:&quot;https:\\\/\\\/balkan-history.org\\\/wp-content\\\/uploads\\\/2022\\\/10\\\/C\\u030cetnici-Zastava-1000x562.jpg&quot;,&quot;1500&quot;:&quot;https:\\\/\\\/balkan-history.org\\\/wp-content\\\/uploads\\\/2022\\\/10\\\/C\\u030cetnici-Zastava-1500x843.jpg&quot;,&quot;2500&quot;:&quot;https:\\\/\\\/balkan-history.org\\\/wp-content\\\/uploads\\\/2022\\\/10\\\/C\\u030cetnici-Zastava-2500x1406.jpg&quot;}\" src=\"data:image\/svg+xml;charset=utf-8,%3Csvg xmlns%3D'http%3A%2F%2Fwww.w3.org%2F2000%2Fsvg' viewBox%3D'0 0 1500 843'%2F%3E\" width=\"1500\" height=\"843\" data-src=\"https:\/\/balkan-history.org\/wp-content\/uploads\/2022\/10\/C\u030cetnici-Zastava-1500x843.jpg\" data-image-id=\"2134\" class=\"ut-adaptive-image wp-post-image skip-lazy \">\r\n\r\n        <figcaption><h3>DIE TSCHETNIKS VOR DEM ZWEITEN WELTKRIEG<\/h3><\/figcaption><\/figure><\/a><\/div>[\/vc_column][vc_column width=&#8221;1\/4&#8243;]<style type=\"text\/css\">#ut_fancy_image_69e7a0ac028b7 .ut-fancy-image figcaption h3 { color: #ffffff; }#ut_fancy_image_69e7a0ac028b7 .ut-fancy-image { background: #141618; }#ut_fancy_image_69e7a0ac028b7.ut-fancy-image-wrap { margin-bottom: 0px; }<\/style><div id=\"ut_fancy_image_69e7a0ac028b7\" class=\"ut-fancy-image-wrap \"><a target=\"_self\" href=\"https:\/\/balkan-history.org\/de\/die-tschetniks-im-zweiten-weltkrieg\/\" ><figure class=\"ut-fancy-image\">\r\n        <img loading=\"lazy\" decoding=\"async\" data-adaptive-images=\"{&quot;300&quot;:&quot;https:\\\/\\\/balkan-history.org\\\/wp-content\\\/uploads\\\/2022\\\/10\\\/C\\u030cetnici-i-Draz\\u030ca-Mihailovic\\u0301-300x169.jpeg&quot;,&quot;500&quot;:&quot;https:\\\/\\\/balkan-history.org\\\/wp-content\\\/uploads\\\/2022\\\/10\\\/C\\u030cetnici-i-Draz\\u030ca-Mihailovic\\u0301-500x281.jpeg&quot;,&quot;750&quot;:&quot;https:\\\/\\\/balkan-history.org\\\/wp-content\\\/uploads\\\/2022\\\/10\\\/C\\u030cetnici-i-Draz\\u030ca-Mihailovic\\u0301-750x422.jpeg&quot;,&quot;1000&quot;:&quot;https:\\\/\\\/balkan-history.org\\\/wp-content\\\/uploads\\\/2022\\\/10\\\/C\\u030cetnici-i-Draz\\u030ca-Mihailovic\\u0301-1000x562.jpeg&quot;,&quot;1500&quot;:&quot;https:\\\/\\\/balkan-history.org\\\/wp-content\\\/uploads\\\/2022\\\/10\\\/C\\u030cetnici-i-Draz\\u030ca-Mihailovic\\u0301-1500x843.jpeg&quot;,&quot;2500&quot;:&quot;https:\\\/\\\/balkan-history.org\\\/wp-content\\\/uploads\\\/2022\\\/10\\\/C\\u030cetnici-i-Draz\\u030ca-Mihailovic\\u0301-2500x1406.jpeg&quot;}\" src=\"data:image\/svg+xml;charset=utf-8,%3Csvg xmlns%3D'http%3A%2F%2Fwww.w3.org%2F2000%2Fsvg' viewBox%3D'0 0 1500 843'%2F%3E\" width=\"1500\" height=\"843\" data-src=\"https:\/\/balkan-history.org\/wp-content\/uploads\/2022\/10\/C\u030cetnici-i-Draz\u030ca-Mihailovic\u0301-1500x843.jpeg\" data-image-id=\"2130\" class=\"ut-adaptive-image wp-post-image skip-lazy \">\r\n\r\n        <figcaption><h3>DIE TSCHETNIKS IM ZWEITEN WELTKRIEG<\/h3><\/figcaption><\/figure><\/a><\/div>[\/vc_column][vc_column width=&#8221;1\/4&#8243; css=&#8221;.vc_custom_1525096293340{margin-bottom: 0px !important;}&#8221;]<style type=\"text\/css\">#ut_fancy_image_69e7a0ac0814e .ut-fancy-image figcaption h3 { color: #ffffff; }#ut_fancy_image_69e7a0ac0814e .ut-fancy-image { background: #141618; }#ut_fancy_image_69e7a0ac0814e.ut-fancy-image-wrap { margin-bottom: 0px; }<\/style><div id=\"ut_fancy_image_69e7a0ac0814e\" class=\"ut-fancy-image-wrap \"><a target=\"_self\" href=\"https:\/\/balkan-history.org\/de\/das-ende-des-zweiten-weltkriegs-und-das-ende-der-taetigkeit-der-tschetnik-bewegung-auf-dem-gebiet-jugoslawiens\/\" ><figure class=\"ut-fancy-image\">\r\n        <img loading=\"lazy\" decoding=\"async\" data-adaptive-images=\"{&quot;300&quot;:&quot;https:\\\/\\\/balkan-history.org\\\/wp-content\\\/uploads\\\/2022\\\/10\\\/C\\u030cetnici-u-Zagrebu-300x169.jpg&quot;,&quot;500&quot;:&quot;https:\\\/\\\/balkan-history.org\\\/wp-content\\\/uploads\\\/2022\\\/10\\\/C\\u030cetnici-u-Zagrebu-500x281.jpg&quot;,&quot;750&quot;:&quot;https:\\\/\\\/balkan-history.org\\\/wp-content\\\/uploads\\\/2022\\\/10\\\/C\\u030cetnici-u-Zagrebu-750x422.jpg&quot;,&quot;1000&quot;:&quot;https:\\\/\\\/balkan-history.org\\\/wp-content\\\/uploads\\\/2022\\\/10\\\/C\\u030cetnici-u-Zagrebu-1000x562.jpg&quot;,&quot;1500&quot;:&quot;https:\\\/\\\/balkan-history.org\\\/wp-content\\\/uploads\\\/2022\\\/10\\\/C\\u030cetnici-u-Zagrebu-1500x843.jpg&quot;,&quot;2500&quot;:&quot;https:\\\/\\\/balkan-history.org\\\/wp-content\\\/uploads\\\/2022\\\/10\\\/C\\u030cetnici-u-Zagrebu-2500x1406.jpg&quot;}\" src=\"data:image\/svg+xml;charset=utf-8,%3Csvg xmlns%3D'http%3A%2F%2Fwww.w3.org%2F2000%2Fsvg' viewBox%3D'0 0 1500 843'%2F%3E\" width=\"1500\" height=\"843\" data-src=\"https:\/\/balkan-history.org\/wp-content\/uploads\/2022\/10\/C\u030cetnici-u-Zagrebu-1500x843.jpg\" data-image-id=\"2184\" class=\"ut-adaptive-image wp-post-image skip-lazy \">\r\n\r\n        <figcaption><h3>DAS ENDE DES ZWEITEN WELTKRIEGS UND DAS ENDE DER T\u00c4TIGKEIT DER TSCHETNIK-BEWEGUNG AUF DEM GEBIET JUGOSLAWIENS<\/h3><\/figcaption><\/figure><\/a><\/div>[\/vc_column][vc_column width=&#8221;1\/4&#8243;]<style type=\"text\/css\">#ut_fancy_image_69e7a0ac0db58 .ut-fancy-image figcaption h3 { color: #ffffff; }#ut_fancy_image_69e7a0ac0db58 .ut-fancy-image { background: #141618; }#ut_fancy_image_69e7a0ac0db58.ut-fancy-image-wrap { margin-bottom: 0px; }<\/style><div id=\"ut_fancy_image_69e7a0ac0db58\" class=\"ut-fancy-image-wrap \"><a target=\"_self\" href=\"https:\/\/balkan-history.org\/de\/die-verbrechen-der-tschetniks\/\" ><figure class=\"ut-fancy-image\">\r\n        <img loading=\"lazy\" decoding=\"async\" data-adaptive-images=\"{&quot;300&quot;:&quot;https:\\\/\\\/balkan-history.org\\\/wp-content\\\/uploads\\\/2022\\\/10\\\/C\\u030cetnici-zloc\\u030cini-03-300x169.jpg&quot;,&quot;500&quot;:&quot;https:\\\/\\\/balkan-history.org\\\/wp-content\\\/uploads\\\/2022\\\/10\\\/C\\u030cetnici-zloc\\u030cini-03-500x281.jpg&quot;,&quot;750&quot;:&quot;https:\\\/\\\/balkan-history.org\\\/wp-content\\\/uploads\\\/2022\\\/10\\\/C\\u030cetnici-zloc\\u030cini-03-750x422.jpg&quot;,&quot;1000&quot;:&quot;https:\\\/\\\/balkan-history.org\\\/wp-content\\\/uploads\\\/2022\\\/10\\\/C\\u030cetnici-zloc\\u030cini-03-1000x562.jpg&quot;,&quot;1500&quot;:&quot;https:\\\/\\\/balkan-history.org\\\/wp-content\\\/uploads\\\/2022\\\/10\\\/C\\u030cetnici-zloc\\u030cini-03-1500x843.jpg&quot;,&quot;2500&quot;:&quot;https:\\\/\\\/balkan-history.org\\\/wp-content\\\/uploads\\\/2022\\\/10\\\/C\\u030cetnici-zloc\\u030cini-03-2500x1406.jpg&quot;}\" src=\"data:image\/svg+xml;charset=utf-8,%3Csvg xmlns%3D'http%3A%2F%2Fwww.w3.org%2F2000%2Fsvg' viewBox%3D'0 0 1500 843'%2F%3E\" width=\"1500\" height=\"843\" data-src=\"https:\/\/balkan-history.org\/wp-content\/uploads\/2022\/10\/C\u030cetnici-zloc\u030cini-03-1500x843.jpg\" data-image-id=\"2215\" class=\"ut-adaptive-image wp-post-image skip-lazy \">\r\n\r\n        <figcaption><h3>DIE VERBRECHEN DER TSCHETNIKS<\/h3><\/figcaption><\/figure><\/a><\/div>[\/vc_column][\/vc_row][vc_section css=&#8221;.vc_custom_1525220216628{background-color: #353234 !important;background-position: center !important;background-repeat: no-repeat !important;background-size: cover !important;}&#8221; el_name=&#8221;Social Section&#8221;][vc_row el_name=&#8221;Social Title&#8221;][vc_column]<div class=\"wpb_content_element \"><style type=\"text\/css\">#ut_header_69e7a0ac14a73 h2.section-title, #ut_header_69e7a0ac14a73 h2.section-title span { color:#ffffff; }#ut_header_69e7a0ac14a73 h2.section-title { font-size:50px !important;letter-spacing:-0.02em; }#ut_header_69e7a0ac14a73 .lead { color:rgba(255, 255, 255, 0.5); }#ut_header_69e7a0ac14a73 .lead p { color:rgba(255, 255, 255, 0.5); }<\/style><header id=\"ut_header_69e7a0ac14a73\" class=\"section-header  ut-no-title-linebreak-mobile ut-no-lead-linebreak-mobile pt-style-7 header-center header-tablet-center header-mobile-center\"><h2 data-title=\"Lassen Sie uns vernetzen\"  data-responsive-font=\"section_title\" data-responsive-font-settings=\"{&quot;base-font-size&quot;:&quot;global&quot;,&quot;font-size&quot;:{&quot;desktop_large&quot;:&quot;50&quot;},&quot;base-line-height&quot;:&quot;global&quot;,&quot;base-letter-spacing&quot;:&quot;global&quot;,&quot;letter-spacing&quot;:{&quot;desktop_large&quot;:&quot;-0.02&quot;}}\" class=\"section-title  \"><span>Lassen Sie uns vernetzen<\/span><\/h2><div data-delay=\"0\" class=\"lead \"><p>Verbinden Sie sich mit uns \u00fcber die sozialen Netzwerke<\/p>\n<\/div><\/header><\/div><div class=\"wpb_content_element \"><style class=\"bklyn-inline-styles\" type=\"text\/css\">#ut_sf_69e7a0ac19d2b li a i { color: rgba(204,173,143,0.5); }#ut_sf_69e7a0ac19d2b li a:hover i { color: #ccad8f; }#ut_sf_69e7a0ac19d2b li a:focus i { color: #ccad8f; }#ut_sf_69e7a0ac19d2b { font-size: 30px; }<\/style><ul id=\"ut_sf_69e7a0ac19d2b\" class=\"ut-social-follow-module  ut-social-follow-module-center ut-social-follow-module-tablet-center ut-social-follow-module-mobile-center ut-social-follow-module-20\" data-settings=\"{&quot;animate&quot;:false,&quot;effect&quot;:&quot;&quot;,&quot;delay_animation&quot;:false,&quot;global_delay_animation&quot;:false,&quot;delay_timer&quot;:100,&quot;global_delay_timer&quot;:100}\"><li  class=\"ut-social-follow-0 ut-social-follow-icon-only \"><a class=\"ut-social-follow-link\" title=\"\" href=\"https:\/\/www.facebook.com\/Bleiburg-%C4%8Dinjenice-i-interpretacije-107580081471610\" target=\" _blank\" ><i class=\"fa fa-facebook-square\"><\/i><\/a><\/li><\/ul><\/div>[\/vc_column][\/vc_row][\/vc_section]<\/p>\n","protected":false},"excerpt":{"rendered":"<p>[vc_section el_name=&#8221;Text area&#8221; css=&#8221;.vc_custom_1628861801859{padding-bottom: 10px !important;background-color: rgba(189, 187, 187, 0.58) !important;*background-color: rgba(189,187, 187, 0.58) !important;}&#8221;][vc_row css=&#8221;.vc_custom_1666873223771{padding-top: 0px !important;}&#8221; el_name=&#8221;Kraj Drugog svjetskog rata i kraj djelovanja \u010detni\u010dkog pokreta na tlu Jugoslavije&#8221;][vc_column][vc_column_text] Das Ende des Zweiten Weltkriegs und das Ende der T\u00e4tigkeit der Tschetnik-Bewegung auf dem Gebiet Jugoslawiens Die Kapitulation des bis dahin zuverl\u00e4ssigsten Verb\u00fcndeten, des faschistischen [&hellip;]<\/p>\n","protected":false},"author":1,"featured_media":0,"parent":0,"menu_order":0,"comment_status":"closed","ping_status":"closed","template":"","meta":{"footnotes":""},"class_list":["post-2269","page","type-page","status-publish","hentry"],"_links":{"self":[{"href":"https:\/\/balkan-history.org\/de\/wp-json\/wp\/v2\/pages\/2269","targetHints":{"allow":["GET"]}}],"collection":[{"href":"https:\/\/balkan-history.org\/de\/wp-json\/wp\/v2\/pages"}],"about":[{"href":"https:\/\/balkan-history.org\/de\/wp-json\/wp\/v2\/types\/page"}],"author":[{"embeddable":true,"href":"https:\/\/balkan-history.org\/de\/wp-json\/wp\/v2\/users\/1"}],"replies":[{"embeddable":true,"href":"https:\/\/balkan-history.org\/de\/wp-json\/wp\/v2\/comments?post=2269"}],"version-history":[{"count":4,"href":"https:\/\/balkan-history.org\/de\/wp-json\/wp\/v2\/pages\/2269\/revisions"}],"predecessor-version":[{"id":2297,"href":"https:\/\/balkan-history.org\/de\/wp-json\/wp\/v2\/pages\/2269\/revisions\/2297"}],"wp:attachment":[{"href":"https:\/\/balkan-history.org\/de\/wp-json\/wp\/v2\/media?parent=2269"}],"curies":[{"name":"wp","href":"https:\/\/api.w.org\/{rel}","templated":true}]}}