{"id":2271,"date":"2022-10-27T22:21:46","date_gmt":"2022-10-27T20:21:46","guid":{"rendered":"https:\/\/balkan-history.org\/die-verbrechen-der-tschetniks\/"},"modified":"2022-11-15T15:37:32","modified_gmt":"2022-11-15T14:37:32","slug":"die-verbrechen-der-tschetniks","status":"publish","type":"page","link":"https:\/\/balkan-history.org\/de\/die-verbrechen-der-tschetniks\/","title":{"rendered":"Die Verbrechen der Tschetniks"},"content":{"rendered":"<p>[vc_section el_name=&#8221;Text area&#8221; css=&#8221;.vc_custom_1628861801859{padding-bottom: 10px !important;background-color: rgba(189, 187, 187, 0.58) !important;*background-color: rgba(189,187, 187, 0.58) !important;}&#8221;][vc_row css=&#8221;.vc_custom_1666873806854{padding-top: 0px !important;}&#8221; el_name=&#8221;\u010cetni\u010dki zlo\u010dini&#8221;][vc_column][vc_column_text]<\/p>\n<h3><strong>Die Verbrechen der Tschetniks<\/strong><\/h3>\n<p><img loading=\"lazy\" decoding=\"async\" class=\"alignleft wp-image-1348\" src=\"https:\/\/balkan-history.org\/wp-content\/uploads\/2021\/05\/point_big.png\" alt=\"\" width=\"15\" height=\"15\" \/><\/p>\n<p>W\u00e4hrend des Zweiten Weltkriegs ver\u00fcbten Mitglieder der Tschetnik-Bewegung\/der Jugoslawischen Armee im Vaterland zahlreiche Massenverbrechen. Einige dieser Verbrechen waren ideologisch motiviert (gegen die Partisanen und ihre Sympathisanten), andere ethnisch motiviert (gegen die muslimische und kroatische Bev\u00f6lkerung). Ende 1941 und Anfang 1942 t\u00f6teten die Tschetniks im Gebiet Westserbiens mehrere hundert gefangene Partisanen und \u00fcbergaben ebenso viele den Deutschen zur Erschie\u00dfung. Bis zum Ende des Krieges t\u00f6teten die Tschetniks mehrere hundert weitere Zivilisten in ganz Serbien wegen der Vorw\u00fcrfe der Zusammenarbeit mit den Partisanen. Der ber\u00fchmteste Fall ereignete sich Ende 1943 im Dorf Vrani\u0107 bei Belgrad, bei dem die Tschetniks 67 Zivilisten t\u00f6teten. Die meisten von ihnen waren alte Menschen, Frauen und Kinder, darunter zwei Babys. Die massivsten Verbrechen gegen die muslimische Bev\u00f6lkerung wurden im Gebiet von Sand\u017eak und Ostbosnien begangen. Bekannt ist die Anweisung von Dra\u017ea Mihailovi\u0107, die er am 20. Dezember 1941 an die Tschetnik-Kommandanten in Montenegro und Sand\u017eak sandte und in der er erkl\u00e4rt, das Ziel des Tschetnik-Kampfes sei die Schaffung eines ethnisch reinen Gro\u00dfserbiens (innerhalb von Gro\u00dfjugoslawien). Um dies zu erreichen, betonte Mihailovi\u0107 die Notwendigkeit, \u201edie muslimische Gemeinschaft von Sand\u017eak und die muslimische und kroatische Gemeinschaft von Bosnien zu s\u00e4ubern\u201c. Gem\u00e4\u00df den Anweisungen t\u00f6teten die Tschetniks Ende 1941 und Anfang 1942 etwa 2.000 Muslime in der Gegend von Fo\u010da. Anfang 1943 setzten die Tschetniks unter dem Kommando von Pavle Djuri\u0161i\u0107 auf dem Gebiet von Priboj, Pljevlja und Fo\u010da die Massent\u00f6tung der muslimischen Bev\u00f6lkerung fort und steckten muslimische D\u00f6rfer in Brand. Djuri\u0161i\u0107 selbst erkl\u00e4rte in einem Bericht an Dra\u017ea Mihailovi\u0107 vom 13. Februar 1943, dass alle muslimischen D\u00f6rfer vollst\u00e4ndig niedergebrannt und \u201eetwa 1.200 K\u00e4mpfer und bis zu 8.000 andere Opfer: Frauen, alte Menschen und Kinder\u201c get\u00f6tet worden seien. Davor wurden in diesem Gebiet keine Massenverbrechen von muslimischen Milizen und Ustascha-Einheiten gegen die serbische Bev\u00f6lkerung registriert, sodass es offensichtlich kein Rachefeldzug gewesen sein kann. Im Oktober 1943 t\u00f6teten die Tschetniks beziehungsweise Mitglieder des Drina-Korps der Jugoslawischen Armee im Vaterland mehrere hundert muslimische Zivilisten in Vi\u0161egrad (Ostbosnien). Eine der gr\u00f6\u00dften Hinrichtungsst\u00e4tten, an denen damals Massenverbrechen begangen wurden, war die ber\u00fchmte Vi\u0161egrad-Br\u00fccke, eine Br\u00fccke am Fluss Drina. Zahlreiche kroatische Zivilisten waren auch Zielscheiben der Tschetnik-Angriffe, insbesondere in der Region Lika, Dalmatien und Herzegowina. Einer der bekanntesten F\u00e4lle von Massenverbrechen gegen Kroaten ist das Massaker an etwa hundert Menschen aus dem dalmatinischen Dorf Gata und seiner Umgebung, das im Oktober 1942 von den Tschetniks unter dem Kommando vom Priester Mom\u010dilo Djuji\u0107 begangen wurde.<\/p>\n<p>Die genaue Zahl der muslimischen und kroatischen Opfer von Tschetnik-Verbrechen wurde nicht genau bestimmt. Nach Sch\u00e4tzungen des Demographen Vladimir \u017derjavi\u0107 t\u00f6teten die Tschetniks w\u00e4hrend des Zweiten Weltkriegs rund 33.000 Muslime und 32.000 Kroaten.[\/vc_column_text][vc_column_text css=&#8221;.vc_custom_1666873896113{margin-bottom: 0px !important;border-bottom-width: 0px !important;padding-bottom: 0px !important;}&#8221;]<img loading=\"lazy\" decoding=\"async\" class=\"alignnone wp-image-2209\" src=\"https:\/\/balkan-history.org\/wp-content\/uploads\/2022\/10\/C\u030cetnici-zloc\u030cini-01-477x433.jpg\" alt=\"\" width=\"640\" height=\"1020\" srcset=\"https:\/\/balkan-history.org\/wp-content\/uploads\/2022\/10\/C\u030cetnici-zloc\u030cini-01-452x720.jpg 452w, https:\/\/balkan-history.org\/wp-content\/uploads\/2022\/10\/C\u030cetnici-zloc\u030cini-01.jpg 477w\" sizes=\"auto, (max-width: 640px) 100vw, 640px\" \/>[\/vc_column_text][vc_column_text css=&#8221;.vc_custom_1668523014896{margin-top: -5px !important;border-top-width: 0px !important;padding-top: 0px !important;}&#8221;]<em>Bild 21 \u2013 Die Verbrechen der Tschetniks 01<\/em>[\/vc_column_text][vc_column_text css=&#8221;.vc_custom_1666873958089{margin-bottom: 0px !important;border-bottom-width: 0px !important;padding-bottom: 0px !important;}&#8221;]<img loading=\"lazy\" decoding=\"async\" class=\"alignnone wp-image-2213\" src=\"https:\/\/balkan-history.org\/wp-content\/uploads\/2022\/10\/C\u030cetnici-zloc\u030cini-02-595x433.jpg\" alt=\"\" width=\"640\" height=\"934\" srcset=\"https:\/\/balkan-history.org\/wp-content\/uploads\/2022\/10\/C\u030cetnici-zloc\u030cini-02-494x720.jpg 494w, https:\/\/balkan-history.org\/wp-content\/uploads\/2022\/10\/C\u030cetnici-zloc\u030cini-02.jpg 595w\" sizes=\"auto, (max-width: 640px) 100vw, 640px\" \/>[\/vc_column_text][vc_column_text css=&#8221;.vc_custom_1668523025412{margin-top: -5px !important;border-top-width: 0px !important;padding-top: 0px !important;}&#8221;]<em>Bild 22 \u2013 Die Verbrechen der Tschetniks 02<\/em>[\/vc_column_text][vc_column_text css=&#8221;.vc_custom_1666874011912{margin-bottom: 0px !important;border-bottom-width: 0px !important;padding-bottom: 0px !important;}&#8221;]<img loading=\"lazy\" decoding=\"async\" class=\"alignnone wp-image-2217\" src=\"https:\/\/balkan-history.org\/wp-content\/uploads\/2022\/10\/C\u030cetnici-zloc\u030cini-03-650x433.jpg\" alt=\"\" width=\"640\" height=\"489\" \/>[\/vc_column_text][vc_column_text css=&#8221;.vc_custom_1668523036309{margin-top: -5px !important;border-top-width: 0px !important;padding-top: 0px !important;}&#8221;]<em>Bild 23 \u2013 Die Verbrechen der Tschetniks 03<\/em>[\/vc_column_text][vc_column_text css=&#8221;.vc_custom_1666874059807{margin-bottom: 0px !important;border-bottom-width: 0px !important;padding-bottom: 0px !important;}&#8221;]<img loading=\"lazy\" decoding=\"async\" class=\"alignnone wp-image-2221 size-medium\" src=\"https:\/\/balkan-history.org\/wp-content\/uploads\/2022\/10\/C\u030cetnici-zloc\u030cini-04-650x433.webp\" alt=\"\" width=\"650\" height=\"433\" srcset=\"https:\/\/balkan-history.org\/wp-content\/uploads\/2022\/10\/C\u030cetnici-zloc\u030cini-04-650x433.webp 650w, https:\/\/balkan-history.org\/wp-content\/uploads\/2022\/10\/C\u030cetnici-zloc\u030cini-04-325x217.webp 325w\" sizes=\"auto, (max-width: 650px) 100vw, 650px\" \/>[\/vc_column_text][vc_column_text css=&#8221;.vc_custom_1668523050016{margin-top: -5px !important;border-top-width: 0px !important;padding-top: 0px !important;}&#8221;]<em>Bild 24 \u2013 Die Verbrechen der Tschetniks 04<\/em>[\/vc_column_text][\/vc_column][\/vc_row][\/vc_section][vc_row full_width=&#8221;stretch_row_content_no_spaces&#8221; el_name=&#8221;Obradene teme&#8221; css=&#8221;.vc_custom_1619732500987{margin-top: 0px !important;}&#8221;][vc_column width=&#8221;1\/4&#8243; css=&#8221;.vc_custom_1525096300190{margin-bottom: 0px !important;}&#8221;]<style type=\"text\/css\">#ut_fancy_image_69de9d855345c .ut-fancy-image figcaption h3 { color: #ffffff; }#ut_fancy_image_69de9d855345c .ut-fancy-image { background: #141618; }#ut_fancy_image_69de9d855345c.ut-fancy-image-wrap { margin-bottom: 0px; }<\/style><div id=\"ut_fancy_image_69de9d855345c\" class=\"ut-fancy-image-wrap \"><a target=\"_self\" href=\"https:\/\/balkan-history.org\/de\/die-tschetniks-vor-dem-zweiten-weltkrieg\/\" ><figure class=\"ut-fancy-image\">\r\n        <img loading=\"lazy\" decoding=\"async\" data-adaptive-images=\"{&quot;300&quot;:&quot;https:\\\/\\\/balkan-history.org\\\/wp-content\\\/uploads\\\/2022\\\/10\\\/C\\u030cetnici-Zastava-300x169.jpg&quot;,&quot;500&quot;:&quot;https:\\\/\\\/balkan-history.org\\\/wp-content\\\/uploads\\\/2022\\\/10\\\/C\\u030cetnici-Zastava-500x281.jpg&quot;,&quot;750&quot;:&quot;https:\\\/\\\/balkan-history.org\\\/wp-content\\\/uploads\\\/2022\\\/10\\\/C\\u030cetnici-Zastava-750x422.jpg&quot;,&quot;1000&quot;:&quot;https:\\\/\\\/balkan-history.org\\\/wp-content\\\/uploads\\\/2022\\\/10\\\/C\\u030cetnici-Zastava-1000x562.jpg&quot;,&quot;1500&quot;:&quot;https:\\\/\\\/balkan-history.org\\\/wp-content\\\/uploads\\\/2022\\\/10\\\/C\\u030cetnici-Zastava-1500x843.jpg&quot;,&quot;2500&quot;:&quot;https:\\\/\\\/balkan-history.org\\\/wp-content\\\/uploads\\\/2022\\\/10\\\/C\\u030cetnici-Zastava-2500x1406.jpg&quot;}\" src=\"data:image\/svg+xml;charset=utf-8,%3Csvg xmlns%3D'http%3A%2F%2Fwww.w3.org%2F2000%2Fsvg' viewBox%3D'0 0 1500 843'%2F%3E\" width=\"1500\" height=\"843\" data-src=\"https:\/\/balkan-history.org\/wp-content\/uploads\/2022\/10\/C\u030cetnici-Zastava-1500x843.jpg\" data-image-id=\"2134\" class=\"ut-adaptive-image wp-post-image skip-lazy \">\r\n\r\n        <figcaption><h3>DIE TSCHETNIKS VOR DEM ZWEITEN WELTKRIEG<\/h3><\/figcaption><\/figure><\/a><\/div>[\/vc_column][vc_column width=&#8221;1\/4&#8243;]<style type=\"text\/css\">#ut_fancy_image_69de9d8559b75 .ut-fancy-image figcaption h3 { color: #ffffff; }#ut_fancy_image_69de9d8559b75 .ut-fancy-image { background: #141618; }#ut_fancy_image_69de9d8559b75.ut-fancy-image-wrap { margin-bottom: 0px; }<\/style><div id=\"ut_fancy_image_69de9d8559b75\" class=\"ut-fancy-image-wrap \"><a target=\"_self\" href=\"https:\/\/balkan-history.org\/de\/die-tschetniks-im-zweiten-weltkrieg\/\" ><figure class=\"ut-fancy-image\">\r\n        <img loading=\"lazy\" decoding=\"async\" data-adaptive-images=\"{&quot;300&quot;:&quot;https:\\\/\\\/balkan-history.org\\\/wp-content\\\/uploads\\\/2022\\\/10\\\/C\\u030cetnici-i-Draz\\u030ca-Mihailovic\\u0301-300x169.jpeg&quot;,&quot;500&quot;:&quot;https:\\\/\\\/balkan-history.org\\\/wp-content\\\/uploads\\\/2022\\\/10\\\/C\\u030cetnici-i-Draz\\u030ca-Mihailovic\\u0301-500x281.jpeg&quot;,&quot;750&quot;:&quot;https:\\\/\\\/balkan-history.org\\\/wp-content\\\/uploads\\\/2022\\\/10\\\/C\\u030cetnici-i-Draz\\u030ca-Mihailovic\\u0301-750x422.jpeg&quot;,&quot;1000&quot;:&quot;https:\\\/\\\/balkan-history.org\\\/wp-content\\\/uploads\\\/2022\\\/10\\\/C\\u030cetnici-i-Draz\\u030ca-Mihailovic\\u0301-1000x562.jpeg&quot;,&quot;1500&quot;:&quot;https:\\\/\\\/balkan-history.org\\\/wp-content\\\/uploads\\\/2022\\\/10\\\/C\\u030cetnici-i-Draz\\u030ca-Mihailovic\\u0301-1500x843.jpeg&quot;,&quot;2500&quot;:&quot;https:\\\/\\\/balkan-history.org\\\/wp-content\\\/uploads\\\/2022\\\/10\\\/C\\u030cetnici-i-Draz\\u030ca-Mihailovic\\u0301-2500x1406.jpeg&quot;}\" src=\"data:image\/svg+xml;charset=utf-8,%3Csvg xmlns%3D'http%3A%2F%2Fwww.w3.org%2F2000%2Fsvg' viewBox%3D'0 0 1500 843'%2F%3E\" width=\"1500\" height=\"843\" data-src=\"https:\/\/balkan-history.org\/wp-content\/uploads\/2022\/10\/C\u030cetnici-i-Draz\u030ca-Mihailovic\u0301-1500x843.jpeg\" data-image-id=\"2130\" class=\"ut-adaptive-image wp-post-image skip-lazy \">\r\n\r\n        <figcaption><h3>DIE TSCHETNIKS IM ZWEITEN WELTKRIEG<\/h3><\/figcaption><\/figure><\/a><\/div>[\/vc_column][vc_column width=&#8221;1\/4&#8243; css=&#8221;.vc_custom_1525096293340{margin-bottom: 0px !important;}&#8221;]<style type=\"text\/css\">#ut_fancy_image_69de9d855f480 .ut-fancy-image figcaption h3 { color: #ffffff; }#ut_fancy_image_69de9d855f480 .ut-fancy-image { background: #141618; }#ut_fancy_image_69de9d855f480.ut-fancy-image-wrap { margin-bottom: 0px; }<\/style><div id=\"ut_fancy_image_69de9d855f480\" class=\"ut-fancy-image-wrap \"><a target=\"_self\" href=\"https:\/\/balkan-history.org\/de\/das-ende-des-zweiten-weltkriegs-und-das-ende-der-taetigkeit-der-tschetnik-bewegung-auf-dem-gebiet-jugoslawiens\/\" ><figure class=\"ut-fancy-image\">\r\n        <img loading=\"lazy\" decoding=\"async\" data-adaptive-images=\"{&quot;300&quot;:&quot;https:\\\/\\\/balkan-history.org\\\/wp-content\\\/uploads\\\/2022\\\/10\\\/C\\u030cetnici-u-Zagrebu-300x169.jpg&quot;,&quot;500&quot;:&quot;https:\\\/\\\/balkan-history.org\\\/wp-content\\\/uploads\\\/2022\\\/10\\\/C\\u030cetnici-u-Zagrebu-500x281.jpg&quot;,&quot;750&quot;:&quot;https:\\\/\\\/balkan-history.org\\\/wp-content\\\/uploads\\\/2022\\\/10\\\/C\\u030cetnici-u-Zagrebu-750x422.jpg&quot;,&quot;1000&quot;:&quot;https:\\\/\\\/balkan-history.org\\\/wp-content\\\/uploads\\\/2022\\\/10\\\/C\\u030cetnici-u-Zagrebu-1000x562.jpg&quot;,&quot;1500&quot;:&quot;https:\\\/\\\/balkan-history.org\\\/wp-content\\\/uploads\\\/2022\\\/10\\\/C\\u030cetnici-u-Zagrebu-1500x843.jpg&quot;,&quot;2500&quot;:&quot;https:\\\/\\\/balkan-history.org\\\/wp-content\\\/uploads\\\/2022\\\/10\\\/C\\u030cetnici-u-Zagrebu-2500x1406.jpg&quot;}\" src=\"data:image\/svg+xml;charset=utf-8,%3Csvg xmlns%3D'http%3A%2F%2Fwww.w3.org%2F2000%2Fsvg' viewBox%3D'0 0 1500 843'%2F%3E\" width=\"1500\" height=\"843\" data-src=\"https:\/\/balkan-history.org\/wp-content\/uploads\/2022\/10\/C\u030cetnici-u-Zagrebu-1500x843.jpg\" data-image-id=\"2184\" class=\"ut-adaptive-image wp-post-image skip-lazy \">\r\n\r\n        <figcaption><h3>DAS ENDE DES ZWEITEN WELTKRIEGS UND DAS ENDE DER T\u00c4TIGKEIT DER TSCHETNIK-BEWEGUNG AUF DEM GEBIET JUGOSLAWIENS<\/h3><\/figcaption><\/figure><\/a><\/div>[\/vc_column][vc_column width=&#8221;1\/4&#8243;]<style type=\"text\/css\">#ut_fancy_image_69de9d8568b48 .ut-fancy-image figcaption h3 { color: #ffffff; }#ut_fancy_image_69de9d8568b48 .ut-fancy-image { background: #141618; }#ut_fancy_image_69de9d8568b48.ut-fancy-image-wrap { margin-bottom: 0px; }<\/style><div id=\"ut_fancy_image_69de9d8568b48\" class=\"ut-fancy-image-wrap \"><a target=\"_self\" href=\"https:\/\/balkan-history.org\/de\/die-verbrechen-der-tschetniks\/\" ><figure class=\"ut-fancy-image\">\r\n        <img loading=\"lazy\" decoding=\"async\" data-adaptive-images=\"{&quot;300&quot;:&quot;https:\\\/\\\/balkan-history.org\\\/wp-content\\\/uploads\\\/2022\\\/10\\\/C\\u030cetnici-zloc\\u030cini-03-300x169.jpg&quot;,&quot;500&quot;:&quot;https:\\\/\\\/balkan-history.org\\\/wp-content\\\/uploads\\\/2022\\\/10\\\/C\\u030cetnici-zloc\\u030cini-03-500x281.jpg&quot;,&quot;750&quot;:&quot;https:\\\/\\\/balkan-history.org\\\/wp-content\\\/uploads\\\/2022\\\/10\\\/C\\u030cetnici-zloc\\u030cini-03-750x422.jpg&quot;,&quot;1000&quot;:&quot;https:\\\/\\\/balkan-history.org\\\/wp-content\\\/uploads\\\/2022\\\/10\\\/C\\u030cetnici-zloc\\u030cini-03-1000x562.jpg&quot;,&quot;1500&quot;:&quot;https:\\\/\\\/balkan-history.org\\\/wp-content\\\/uploads\\\/2022\\\/10\\\/C\\u030cetnici-zloc\\u030cini-03-1500x843.jpg&quot;,&quot;2500&quot;:&quot;https:\\\/\\\/balkan-history.org\\\/wp-content\\\/uploads\\\/2022\\\/10\\\/C\\u030cetnici-zloc\\u030cini-03-2500x1406.jpg&quot;}\" src=\"data:image\/svg+xml;charset=utf-8,%3Csvg xmlns%3D'http%3A%2F%2Fwww.w3.org%2F2000%2Fsvg' viewBox%3D'0 0 1500 843'%2F%3E\" width=\"1500\" height=\"843\" data-src=\"https:\/\/balkan-history.org\/wp-content\/uploads\/2022\/10\/C\u030cetnici-zloc\u030cini-03-1500x843.jpg\" data-image-id=\"2215\" class=\"ut-adaptive-image wp-post-image skip-lazy \">\r\n\r\n        <figcaption><h3>DIE VERBRECHEN DER TSCHETNIKS<\/h3><\/figcaption><\/figure><\/a><\/div>[\/vc_column][\/vc_row][vc_section css=&#8221;.vc_custom_1525220216628{background-color: #353234 !important;background-position: center !important;background-repeat: no-repeat !important;background-size: cover !important;}&#8221; el_name=&#8221;Social Section&#8221;][vc_row el_name=&#8221;Social Title&#8221;][vc_column]<div class=\"wpb_content_element \"><style type=\"text\/css\">#ut_header_69de9d856f4f1 h2.section-title, #ut_header_69de9d856f4f1 h2.section-title span { color:#ffffff; }#ut_header_69de9d856f4f1 h2.section-title { font-size:50px !important;letter-spacing:-0.02em; }#ut_header_69de9d856f4f1 .lead { color:rgba(255, 255, 255, 0.5); }#ut_header_69de9d856f4f1 .lead p { color:rgba(255, 255, 255, 0.5); }<\/style><header id=\"ut_header_69de9d856f4f1\" class=\"section-header  ut-no-title-linebreak-mobile ut-no-lead-linebreak-mobile pt-style-7 header-center header-tablet-center header-mobile-center\"><h2 data-title=\"Lassen Sie uns vernetzen\"  data-responsive-font=\"section_title\" data-responsive-font-settings=\"{&quot;base-font-size&quot;:&quot;global&quot;,&quot;font-size&quot;:{&quot;desktop_large&quot;:&quot;50&quot;},&quot;base-line-height&quot;:&quot;global&quot;,&quot;base-letter-spacing&quot;:&quot;global&quot;,&quot;letter-spacing&quot;:{&quot;desktop_large&quot;:&quot;-0.02&quot;}}\" class=\"section-title  \"><span>Lassen Sie uns vernetzen<\/span><\/h2><div data-delay=\"0\" class=\"lead \"><p>Verbinden Sie sich mit uns \u00fcber die sozialen Netzwerke<\/p>\n<\/div><\/header><\/div><div class=\"wpb_content_element \"><style class=\"bklyn-inline-styles\" type=\"text\/css\">#ut_sf_69de9d8573e64 li a i { color: rgba(204,173,143,0.5); }#ut_sf_69de9d8573e64 li a:hover i { color: #ccad8f; }#ut_sf_69de9d8573e64 li a:focus i { color: #ccad8f; }#ut_sf_69de9d8573e64 { font-size: 30px; }<\/style><ul id=\"ut_sf_69de9d8573e64\" class=\"ut-social-follow-module  ut-social-follow-module-center ut-social-follow-module-tablet-center ut-social-follow-module-mobile-center ut-social-follow-module-20\" data-settings=\"{&quot;animate&quot;:false,&quot;effect&quot;:&quot;&quot;,&quot;delay_animation&quot;:false,&quot;global_delay_animation&quot;:false,&quot;delay_timer&quot;:100,&quot;global_delay_timer&quot;:100}\"><li  class=\"ut-social-follow-0 ut-social-follow-icon-only \"><a class=\"ut-social-follow-link\" title=\"\" href=\"https:\/\/www.facebook.com\/Bleiburg-%C4%8Dinjenice-i-interpretacije-107580081471610\" target=\" _blank\" ><i class=\"fa fa-facebook-square\"><\/i><\/a><\/li><\/ul><\/div>[\/vc_column][\/vc_row][\/vc_section]<\/p>\n","protected":false},"excerpt":{"rendered":"<p>[vc_section el_name=&#8221;Text area&#8221; css=&#8221;.vc_custom_1628861801859{padding-bottom: 10px !important;background-color: rgba(189, 187, 187, 0.58) !important;*background-color: rgba(189,187, 187, 0.58) !important;}&#8221;][vc_row css=&#8221;.vc_custom_1666873806854{padding-top: 0px !important;}&#8221; el_name=&#8221;\u010cetni\u010dki zlo\u010dini&#8221;][vc_column][vc_column_text] Die Verbrechen der Tschetniks W\u00e4hrend des Zweiten Weltkriegs ver\u00fcbten Mitglieder der Tschetnik-Bewegung\/der Jugoslawischen Armee im Vaterland zahlreiche Massenverbrechen. Einige dieser Verbrechen waren ideologisch motiviert (gegen die Partisanen und ihre Sympathisanten), andere ethnisch motiviert (gegen die [&hellip;]<\/p>\n","protected":false},"author":1,"featured_media":0,"parent":0,"menu_order":0,"comment_status":"closed","ping_status":"closed","template":"","meta":{"footnotes":""},"class_list":["post-2271","page","type-page","status-publish","hentry"],"_links":{"self":[{"href":"https:\/\/balkan-history.org\/de\/wp-json\/wp\/v2\/pages\/2271","targetHints":{"allow":["GET"]}}],"collection":[{"href":"https:\/\/balkan-history.org\/de\/wp-json\/wp\/v2\/pages"}],"about":[{"href":"https:\/\/balkan-history.org\/de\/wp-json\/wp\/v2\/types\/page"}],"author":[{"embeddable":true,"href":"https:\/\/balkan-history.org\/de\/wp-json\/wp\/v2\/users\/1"}],"replies":[{"embeddable":true,"href":"https:\/\/balkan-history.org\/de\/wp-json\/wp\/v2\/comments?post=2271"}],"version-history":[{"count":3,"href":"https:\/\/balkan-history.org\/de\/wp-json\/wp\/v2\/pages\/2271\/revisions"}],"predecessor-version":[{"id":2300,"href":"https:\/\/balkan-history.org\/de\/wp-json\/wp\/v2\/pages\/2271\/revisions\/2300"}],"wp:attachment":[{"href":"https:\/\/balkan-history.org\/de\/wp-json\/wp\/v2\/media?parent=2271"}],"curies":[{"name":"wp","href":"https:\/\/api.w.org\/{rel}","templated":true}]}}