{"id":1448,"date":"2021-06-08T13:29:03","date_gmt":"2021-06-08T11:29:03","guid":{"rendered":"https:\/\/balkan-history.org\/surrender\/"},"modified":"2021-08-31T21:43:17","modified_gmt":"2021-08-31T19:43:17","slug":"surrender","status":"publish","type":"page","link":"https:\/\/balkan-history.org\/en\/surrender\/","title":{"rendered":"Surrender"},"content":{"rendered":"<p>[vc_section el_name=&#8221;Text area&#8221; css=&#8221;.vc_custom_1619646517248{background-color: rgba(189, 187, 187, 0.58) !important;*background-color: rgba(189,187, 187, 0.58) !important;}&#8221;][vc_row][vc_column][vc_column_text]<\/p>\n<h3><strong>SURRENDER, 14\u201315 May 1945<\/strong><\/h3>\n<p><img loading=\"lazy\" decoding=\"async\" class=\"alignleft wp-image-1347\" src=\"https:\/\/balkan-history.org\/wp-content\/uploads\/2021\/05\/point_big.png\" alt=\"\" width=\"15\" height=\"15\" \/><\/p>\n<p>The negotiations concerning the surrender of the Croatian Armed Forces (the <em>NDH <\/em>military) took place on 14\u201315 May 1945 in the castle of Count Thurn-Valsassina on a small hill overlooking the town of Bleiburg. The negotiations involved representatives of the British forces (Brigadier-General Patrick T. D. Scott), the Yugoslav Army (lieutenant colonel Milan Basta and lieutenant colonel Ivan Kova\u010di\u0107 Efenka), and the Croatian Armed Forces (generals Ivo Heren\u010di\u0107, Vjekoslav Servatzy, Vladimir Metiko\u0161, and colonel Danijel Crljen). As it turned out, the main issue in the negotiations was whether the soldiers and civilians who had left the <em>NDH <\/em>would surrender to the British or to the Yugoslav army.<\/p>\n<p><img loading=\"lazy\" decoding=\"async\" class=\"alignleft wp-image-1347\" src=\"https:\/\/balkan-history.org\/wp-content\/uploads\/2021\/05\/point_big.png\" alt=\"\" width=\"15\" height=\"15\" \/><\/p>\n<p>After conducting military and political consultations, the British refused to accept the refugees, thereby making them prisoners of the Yugoslav Army. Their acting was motivated by several reasons. On the one hand, even though no decision reached at the Yalta Conference obliged them to do so, there was nevertheless an unwritten rule in principle that all prisoners of war should be returned to their country of citizenship. At the same time, the British regarded the Yugoslav army as an ally and did not wish to jeopardise this relationship by giving rise to speculations that they might turn on the Yugoslav communists with former members of enemy formations such as <em>Usta\u0161e, <\/em>Chetniks, and the Croatian and Slovenian Home Guard. Finally, their decision was likewise affected by uncertainties regarding the future of Carinthia (German: <em>K\u00e4rnten; <\/em>Slovene: <em>Koro\u0161ka<\/em>). The British calculated that taking up a large number of these prisoners might jeopardise their efforts to maintain control over this region in southern Austria, faced with the advancing Yugoslav forces.[\/vc_column_text][vc_column_text css=&#8221;.vc_custom_1623152094390{margin-bottom: 0px !important;border-bottom-width: 0px !important;padding-bottom: 0px !important;}&#8221;]<\/p>\n<div id=\"attachment_1051\" style=\"width: 523px\" class=\"wp-caption alignnone\"><img loading=\"lazy\" decoding=\"async\" aria-describedby=\"caption-attachment-1051\" class=\"wp-image-1051\" src=\"https:\/\/balkan-history.org\/wp-content\/uploads\/2021\/05\/Slika-13-schloss-650x433.jpg\" alt=\"\" width=\"513\" height=\"394\" srcset=\"https:\/\/balkan-history.org\/wp-content\/uploads\/2021\/05\/Slika-13-schloss-768x590.jpg 768w, https:\/\/balkan-history.org\/wp-content\/uploads\/2021\/05\/Slika-13-schloss-1536x1180.jpg 1536w, https:\/\/balkan-history.org\/wp-content\/uploads\/2021\/05\/Slika-13-schloss-2048x1574.jpg 2048w, https:\/\/balkan-history.org\/wp-content\/uploads\/2021\/05\/Slika-13-schloss-937x720.jpg 937w\" sizes=\"auto, (max-width: 513px) 100vw, 513px\" \/><p id=\"caption-attachment-1051\" class=\"wp-caption-text\">Source: <a href=\"https:\/\/commons.wikimedia.org\/wiki\/Commons:Reusing_content_outside_Wikimedia\">Wikimedia<\/a><\/p><\/div>\n<p>[\/vc_column_text][vc_column_text css=&#8221;.vc_custom_1623152109956{margin-top: -26px !important;}&#8221;]<em>The Castle of Count Thurn-Valsassina, Bleiburg<\/em>[\/vc_column_text][vc_column_text]<img loading=\"lazy\" decoding=\"async\" class=\"alignleft wp-image-1347\" src=\"https:\/\/balkan-history.org\/wp-content\/uploads\/2021\/05\/point_big.png\" alt=\"\" width=\"15\" height=\"15\" \/><\/p>\n<p><em>The representatives of the Yugoslav Army presented their <\/em><em>NDH <\/em><em>counterparts with an ultimatum demanding that they surrender within one hour upon returning to the army assembled in the field surrounding the town, indicating their compliance by flying white flags. Shortly thereafter the Chetnik<\/em> <em>forces from Montenegro likewise surrendered to the Yugoslav commanders. This marked the official end of the Second World War in the Yugoslav theatre, on 15 May 1945, between four and four-thirty in the afternoon. <\/em>[\/vc_column_text][vc_column_text css=&#8221;.vc_custom_1623152152137{margin-bottom: 0px !important;border-bottom-width: 0px !important;padding-bottom: 0px !important;}&#8221;]<\/p>\n<div id=\"attachment_1055\" style=\"width: 709px\" class=\"wp-caption alignnone\"><img loading=\"lazy\" decoding=\"async\" aria-describedby=\"caption-attachment-1055\" class=\"wp-image-1056\" src=\"https:\/\/balkan-history.org\/wp-content\/uploads\/2021\/05\/slika-14.jpg\" alt=\"\" width=\"699\" height=\"394\" \/><p id=\"caption-attachment-1055\" class=\"wp-caption-text\">Source: <a href=\"https:\/\/hrvatska-danas.com\/2020\/05\/06\/program-obiljezavanja-75-obljetnice-bleiburske-tragedije-i-kriznog-puta-hrvatskog-naroda-u-svibnju-1945\/\">Hrvatska Danas<\/a><\/p><\/div>\n<p>[\/vc_column_text][vc_column_text css=&#8221;.vc_custom_1623152188414{margin-top: -26px !important;}&#8221;]<em>Soldiers and civilians in the Bleiburg Field, 14 May 1945<\/em>[\/vc_column_text][vc_column_text]<img loading=\"lazy\" decoding=\"async\" class=\"alignleft wp-image-1347\" src=\"https:\/\/balkan-history.org\/wp-content\/uploads\/2021\/05\/point_big.png\" alt=\"\" width=\"15\" height=\"15\" \/><\/p>\n<p>The vast majority of the refugees agreed to a peaceful surrender, while some of them tried to escape by fleeing into the woods surrounding the field at Bleiburg. Yugoslav Army Troops began shooting at those who failed to display white flags by the deadline set out in the ultimatum, killing several dozen people.[\/vc_column_text][\/vc_column][\/vc_row][\/vc_section][vc_row full_width=&#8221;stretch_row_content_no_spaces&#8221; el_name=&#8221;Links&#8221; css=&#8221;.vc_custom_1619980608999{margin-top: 0px !important;}&#8221;][vc_column width=&#8221;1\/5&#8243; css=&#8221;.vc_custom_1525096300190{margin-bottom: 0px !important;}&#8221;]<style type=\"text\/css\">#ut_fancy_image_69e79e042caa2 .ut-fancy-image figcaption h3 { color: #ffffff; }#ut_fancy_image_69e79e042caa2 .ut-fancy-image { background: #141618; }#ut_fancy_image_69e79e042caa2.ut-fancy-image-wrap { margin-bottom: 0px; }<\/style><div id=\"ut_fancy_image_69e79e042caa2\" class=\"ut-fancy-image-wrap \"><a target=\"_self\" href=\"https:\/\/balkan-history.org\/en\/ndh\/\" ><figure class=\"ut-fancy-image\">\r\n        <img loading=\"lazy\" decoding=\"async\" data-adaptive-images=\"{&quot;300&quot;:&quot;https:\\\/\\\/balkan-history.org\\\/wp-content\\\/uploads\\\/2021\\\/05\\\/menu_img_01-300x169.png&quot;,&quot;500&quot;:&quot;https:\\\/\\\/balkan-history.org\\\/wp-content\\\/uploads\\\/2021\\\/05\\\/menu_img_01-500x281.png&quot;,&quot;750&quot;:&quot;https:\\\/\\\/balkan-history.org\\\/wp-content\\\/uploads\\\/2021\\\/05\\\/menu_img_01-750x422.png&quot;,&quot;1000&quot;:&quot;https:\\\/\\\/balkan-history.org\\\/wp-content\\\/uploads\\\/2021\\\/05\\\/menu_img_01-1000x562.png&quot;,&quot;1500&quot;:&quot;https:\\\/\\\/balkan-history.org\\\/wp-content\\\/uploads\\\/2021\\\/05\\\/menu_img_01-1500x843.png&quot;,&quot;2500&quot;:&quot;https:\\\/\\\/balkan-history.org\\\/wp-content\\\/uploads\\\/2021\\\/05\\\/menu_img_01-2500x1406.png&quot;}\" src=\"data:image\/svg+xml;charset=utf-8,%3Csvg xmlns%3D'http%3A%2F%2Fwww.w3.org%2F2000%2Fsvg' viewBox%3D'0 0 1500 843'%2F%3E\" width=\"1500\" height=\"843\" data-src=\"https:\/\/balkan-history.org\/wp-content\/uploads\/2021\/05\/menu_img_01-1500x843.png\" data-image-id=\"1122\" class=\"ut-adaptive-image wp-post-image skip-lazy \">\r\n\r\n        <figcaption><h3>1. NDH<\/h3><\/figcaption><\/figure><\/a><\/div>[\/vc_column][vc_column width=&#8221;1\/5&#8243;]<style type=\"text\/css\">#ut_fancy_image_69e79e0435c60 .ut-fancy-image figcaption h3 { color: #ffffff; }#ut_fancy_image_69e79e0435c60 .ut-fancy-image { background: #141618; }#ut_fancy_image_69e79e0435c60.ut-fancy-image-wrap { margin-bottom: 0px; }<\/style><div id=\"ut_fancy_image_69e79e0435c60\" class=\"ut-fancy-image-wrap \"><a target=\"_self\" href=\"https:\/\/balkan-history.org\/en\/zagreb-to-bleiburg\/\" ><figure class=\"ut-fancy-image\">\r\n        <img loading=\"lazy\" decoding=\"async\" data-adaptive-images=\"{&quot;300&quot;:&quot;https:\\\/\\\/balkan-history.org\\\/wp-content\\\/uploads\\\/2021\\\/05\\\/menu_img_02-300x169.png&quot;,&quot;500&quot;:&quot;https:\\\/\\\/balkan-history.org\\\/wp-content\\\/uploads\\\/2021\\\/05\\\/menu_img_02-500x281.png&quot;,&quot;750&quot;:&quot;https:\\\/\\\/balkan-history.org\\\/wp-content\\\/uploads\\\/2021\\\/05\\\/menu_img_02-750x422.png&quot;,&quot;1000&quot;:&quot;https:\\\/\\\/balkan-history.org\\\/wp-content\\\/uploads\\\/2021\\\/05\\\/menu_img_02-1000x562.png&quot;,&quot;1500&quot;:&quot;https:\\\/\\\/balkan-history.org\\\/wp-content\\\/uploads\\\/2021\\\/05\\\/menu_img_02-1500x843.png&quot;,&quot;2500&quot;:&quot;https:\\\/\\\/balkan-history.org\\\/wp-content\\\/uploads\\\/2021\\\/05\\\/menu_img_02-2500x1406.png&quot;}\" src=\"data:image\/svg+xml;charset=utf-8,%3Csvg xmlns%3D'http%3A%2F%2Fwww.w3.org%2F2000%2Fsvg' viewBox%3D'0 0 1500 843'%2F%3E\" width=\"1500\" height=\"843\" data-src=\"https:\/\/balkan-history.org\/wp-content\/uploads\/2021\/05\/menu_img_02-1500x843.png\" data-image-id=\"1126\" class=\"ut-adaptive-image wp-post-image skip-lazy \">\r\n\r\n        <figcaption><h3>2. OD ZAGREB TO BLEIBURG<\/h3><\/figcaption><\/figure><\/a><\/div>[\/vc_column][vc_column width=&#8221;1\/5&#8243;]<style type=\"text\/css\">#ut_fancy_image_69e79e0440251 .ut-fancy-image figcaption h3 { color: #ffffff; }#ut_fancy_image_69e79e0440251 .ut-fancy-image { background: #141618; }#ut_fancy_image_69e79e0440251.ut-fancy-image-wrap { margin-bottom: 0px; }<\/style><div id=\"ut_fancy_image_69e79e0440251\" class=\"ut-fancy-image-wrap \"><a target=\"_self\" href=\"https:\/\/balkan-history.org\/en\/mass-killings\/\" ><figure class=\"ut-fancy-image\">\r\n        <img loading=\"lazy\" decoding=\"async\" data-adaptive-images=\"{&quot;300&quot;:&quot;https:\\\/\\\/balkan-history.org\\\/wp-content\\\/uploads\\\/2021\\\/05\\\/menu_img_04-300x169.png&quot;,&quot;500&quot;:&quot;https:\\\/\\\/balkan-history.org\\\/wp-content\\\/uploads\\\/2021\\\/05\\\/menu_img_04-500x281.png&quot;,&quot;750&quot;:&quot;https:\\\/\\\/balkan-history.org\\\/wp-content\\\/uploads\\\/2021\\\/05\\\/menu_img_04-750x422.png&quot;,&quot;1000&quot;:&quot;https:\\\/\\\/balkan-history.org\\\/wp-content\\\/uploads\\\/2021\\\/05\\\/menu_img_04-1000x562.png&quot;,&quot;1500&quot;:&quot;https:\\\/\\\/balkan-history.org\\\/wp-content\\\/uploads\\\/2021\\\/05\\\/menu_img_04-1500x843.png&quot;,&quot;2500&quot;:&quot;https:\\\/\\\/balkan-history.org\\\/wp-content\\\/uploads\\\/2021\\\/05\\\/menu_img_04-2500x1406.png&quot;}\" src=\"data:image\/svg+xml;charset=utf-8,%3Csvg xmlns%3D'http%3A%2F%2Fwww.w3.org%2F2000%2Fsvg' viewBox%3D'0 0 1500 843'%2F%3E\" width=\"1500\" height=\"843\" data-src=\"https:\/\/balkan-history.org\/wp-content\/uploads\/2021\/05\/menu_img_04-1500x843.png\" data-image-id=\"1134\" class=\"ut-adaptive-image wp-post-image skip-lazy \">\r\n\r\n        <figcaption><h3>4. MASS KILLINGS<\/h3><\/figcaption><\/figure><\/a><\/div>[\/vc_column][vc_column width=&#8221;1\/5&#8243;]<style type=\"text\/css\">#ut_fancy_image_69e79e04475e0 .ut-fancy-image figcaption h3 { color: #ffffff; }#ut_fancy_image_69e79e04475e0 .ut-fancy-image { background: #141618; }#ut_fancy_image_69e79e04475e0.ut-fancy-image-wrap { margin-bottom: 0px; }<\/style><div id=\"ut_fancy_image_69e79e04475e0\" class=\"ut-fancy-image-wrap \"><a target=\"_self\" href=\"https:\/\/balkan-history.org\/en\/the-way-of-the-cross\/\" ><figure class=\"ut-fancy-image\">\r\n        <img loading=\"lazy\" decoding=\"async\" data-adaptive-images=\"{&quot;300&quot;:&quot;https:\\\/\\\/balkan-history.org\\\/wp-content\\\/uploads\\\/2021\\\/05\\\/menu_img_05-300x169.png&quot;,&quot;500&quot;:&quot;https:\\\/\\\/balkan-history.org\\\/wp-content\\\/uploads\\\/2021\\\/05\\\/menu_img_05-500x281.png&quot;,&quot;750&quot;:&quot;https:\\\/\\\/balkan-history.org\\\/wp-content\\\/uploads\\\/2021\\\/05\\\/menu_img_05-750x422.png&quot;,&quot;1000&quot;:&quot;https:\\\/\\\/balkan-history.org\\\/wp-content\\\/uploads\\\/2021\\\/05\\\/menu_img_05-1000x562.png&quot;,&quot;1500&quot;:&quot;https:\\\/\\\/balkan-history.org\\\/wp-content\\\/uploads\\\/2021\\\/05\\\/menu_img_05-1500x843.png&quot;,&quot;2500&quot;:&quot;https:\\\/\\\/balkan-history.org\\\/wp-content\\\/uploads\\\/2021\\\/05\\\/menu_img_05-2500x1406.png&quot;}\" src=\"data:image\/svg+xml;charset=utf-8,%3Csvg xmlns%3D'http%3A%2F%2Fwww.w3.org%2F2000%2Fsvg' viewBox%3D'0 0 1500 843'%2F%3E\" width=\"1500\" height=\"843\" data-src=\"https:\/\/balkan-history.org\/wp-content\/uploads\/2021\/05\/menu_img_05-1500x843.png\" data-image-id=\"1138\" class=\"ut-adaptive-image wp-post-image skip-lazy \">\r\n\r\n        <figcaption><h3>5. THE WAY OF THE CROSS<\/h3><p>&#8220;Kri\u017eni put&#8221;<\/p><\/figcaption><\/figure><\/a><\/div>[\/vc_column][vc_column width=&#8221;1\/5&#8243;]<style type=\"text\/css\">#ut_fancy_image_69e79e0450f02 .ut-fancy-image figcaption h3 { color: #ffffff; }#ut_fancy_image_69e79e0450f02 .ut-fancy-image { background: #141618; }#ut_fancy_image_69e79e0450f02.ut-fancy-image-wrap { margin-bottom: 0px; }<\/style><div id=\"ut_fancy_image_69e79e0450f02\" class=\"ut-fancy-image-wrap \"><a target=\"_self\" href=\"https:\/\/balkan-history.org\/en\/controversies\/\" ><figure class=\"ut-fancy-image\">\r\n        <img loading=\"lazy\" decoding=\"async\" data-adaptive-images=\"{&quot;300&quot;:&quot;https:\\\/\\\/balkan-history.org\\\/wp-content\\\/uploads\\\/2021\\\/05\\\/menu_img_01-300x169.png&quot;,&quot;500&quot;:&quot;https:\\\/\\\/balkan-history.org\\\/wp-content\\\/uploads\\\/2021\\\/05\\\/menu_img_01-500x281.png&quot;,&quot;750&quot;:&quot;https:\\\/\\\/balkan-history.org\\\/wp-content\\\/uploads\\\/2021\\\/05\\\/menu_img_01-750x422.png&quot;,&quot;1000&quot;:&quot;https:\\\/\\\/balkan-history.org\\\/wp-content\\\/uploads\\\/2021\\\/05\\\/menu_img_01-1000x562.png&quot;,&quot;1500&quot;:&quot;https:\\\/\\\/balkan-history.org\\\/wp-content\\\/uploads\\\/2021\\\/05\\\/menu_img_01-1500x843.png&quot;,&quot;2500&quot;:&quot;https:\\\/\\\/balkan-history.org\\\/wp-content\\\/uploads\\\/2021\\\/05\\\/menu_img_01-2500x1406.png&quot;}\" src=\"data:image\/svg+xml;charset=utf-8,%3Csvg xmlns%3D'http%3A%2F%2Fwww.w3.org%2F2000%2Fsvg' viewBox%3D'0 0 1500 843'%2F%3E\" width=\"1500\" height=\"843\" data-src=\"https:\/\/balkan-history.org\/wp-content\/uploads\/2021\/05\/menu_img_01-1500x843.png\" data-image-id=\"1122\" class=\"ut-adaptive-image wp-post-image skip-lazy \">\r\n\r\n        <figcaption><h3>6. CONTROVERSIES<\/h3><\/figcaption><\/figure><\/a><\/div>[\/vc_column][\/vc_row][vc_section][vc_row][vc_column][vc_column_text]<\/p>\n<p style=\"text-align: center;\"><a href=\"https:\/\/balkan-history.org\/en\/zagreb-to-bleiburg\/\">&lt; PREVIOUS<\/a>\u00a0 \u00a0<a href=\"https:\/\/balkan-history.org\/en\/mass-killings\/\">NEXT &gt;<\/a><\/p>\n<p>[\/vc_column_text][\/vc_column][\/vc_row][\/vc_section][vc_section css=&#8221;.vc_custom_1525220216628{background-color: #353234 !important;background-position: center !important;background-repeat: no-repeat !important;background-size: cover !important;}&#8221; el_name=&#8221;Social Section&#8221;][vc_row el_name=&#8221;Social Title&#8221;][vc_column]<div class=\"wpb_content_element \"><style type=\"text\/css\">#ut_header_69e79e045a143 h2.section-title, #ut_header_69e79e045a143 h2.section-title span { color:#ffffff; }#ut_header_69e79e045a143 .lead { color:rgba(255, 255, 255, 0.5); }#ut_header_69e79e045a143 .lead p { color:rgba(255, 255, 255, 0.5); }<\/style><header id=\"ut_header_69e79e045a143\" class=\"section-header  ut-no-title-linebreak-mobile ut-no-lead-linebreak-mobile pt-style-7 header-center header-tablet-center header-mobile-center\"><h2 data-title=\"Follow us\"  data-responsive-font=\"section_title\" class=\"section-title  \"><span>Follow us<\/span><\/h2><div data-delay=\"0\" class=\"lead \"><p>Connect with us on social networks<\/p>\n<\/div><\/header><\/div><div class=\"wpb_content_element \"><style class=\"bklyn-inline-styles\" type=\"text\/css\">#ut_sf_69e79e045e0c8 li a i { color: rgba(204,173,143,0.5); }#ut_sf_69e79e045e0c8 li a:hover i { color: #ccad8f; }#ut_sf_69e79e045e0c8 li a:focus i { color: #ccad8f; }#ut_sf_69e79e045e0c8 { font-size: 30px; }<\/style><ul id=\"ut_sf_69e79e045e0c8\" class=\"ut-social-follow-module  ut-social-follow-module-center ut-social-follow-module-tablet-center ut-social-follow-module-mobile-center ut-social-follow-module-20\" data-settings=\"{&quot;animate&quot;:false,&quot;effect&quot;:&quot;&quot;,&quot;delay_animation&quot;:false,&quot;global_delay_animation&quot;:false,&quot;delay_timer&quot;:100,&quot;global_delay_timer&quot;:100}\"><li  class=\"ut-social-follow-0 ut-social-follow-icon-only \"><a class=\"ut-social-follow-link\" title=\"\" href=\"https:\/\/www.facebook.com\/Bleiburg-%C4%8Dinjenice-i-interpretacije-107580081471610\" target=\" _blank\" ><i class=\"fa fa-facebook-square\"><\/i><\/a><\/li><\/ul><\/div>[\/vc_column][\/vc_row][\/vc_section]<\/p>\n","protected":false},"excerpt":{"rendered":"<p>[vc_section el_name=&#8221;Text area&#8221; css=&#8221;.vc_custom_1619646517248{background-color: rgba(189, 187, 187, 0.58) !important;*background-color: rgba(189,187, 187, 0.58) !important;}&#8221;][vc_row][vc_column][vc_column_text] SURRENDER, 14\u201315 May 1945 The negotiations concerning the surrender of the Croatian Armed Forces (the NDH military) took place on 14\u201315 May 1945 in the castle of Count Thurn-Valsassina on a small hill overlooking the town of Bleiburg. The negotiations involved representatives [&hellip;]<\/p>\n","protected":false},"author":1,"featured_media":0,"parent":0,"menu_order":0,"comment_status":"closed","ping_status":"closed","template":"","meta":{"footnotes":""},"class_list":["post-1448","page","type-page","status-publish","hentry"],"_links":{"self":[{"href":"https:\/\/balkan-history.org\/en\/wp-json\/wp\/v2\/pages\/1448","targetHints":{"allow":["GET"]}}],"collection":[{"href":"https:\/\/balkan-history.org\/en\/wp-json\/wp\/v2\/pages"}],"about":[{"href":"https:\/\/balkan-history.org\/en\/wp-json\/wp\/v2\/types\/page"}],"author":[{"embeddable":true,"href":"https:\/\/balkan-history.org\/en\/wp-json\/wp\/v2\/users\/1"}],"replies":[{"embeddable":true,"href":"https:\/\/balkan-history.org\/en\/wp-json\/wp\/v2\/comments?post=1448"}],"version-history":[{"count":7,"href":"https:\/\/balkan-history.org\/en\/wp-json\/wp\/v2\/pages\/1448\/revisions"}],"predecessor-version":[{"id":1818,"href":"https:\/\/balkan-history.org\/en\/wp-json\/wp\/v2\/pages\/1448\/revisions\/1818"}],"wp:attachment":[{"href":"https:\/\/balkan-history.org\/en\/wp-json\/wp\/v2\/media?parent=1448"}],"curies":[{"name":"wp","href":"https:\/\/api.w.org\/{rel}","templated":true}]}}