{"id":1454,"date":"2021-06-08T14:04:34","date_gmt":"2021-06-08T12:04:34","guid":{"rendered":"https:\/\/balkan-history.org\/mass-killings\/"},"modified":"2021-08-31T21:42:56","modified_gmt":"2021-08-31T19:42:56","slug":"mass-killings","status":"publish","type":"page","link":"https:\/\/balkan-history.org\/en\/mass-killings\/","title":{"rendered":"Mass killings"},"content":{"rendered":"<p>[vc_section el_name=&#8221;Text area&#8221; css=&#8221;.vc_custom_1619646517248{background-color: rgba(189, 187, 187, 0.58) !important;*background-color: rgba(189,187, 187, 0.58) !important;}&#8221;][vc_row][vc_column][vc_column_text]<\/p>\n<h3>MASS KILLINGS<\/h3>\n<p><img loading=\"lazy\" decoding=\"async\" class=\"alignleft wp-image-1347\" src=\"https:\/\/balkan-history.org\/wp-content\/uploads\/2021\/05\/point_big.png\" alt=\"\" width=\"15\" height=\"15\" \/><\/p>\n<p>Immediately following the surrender, while still in the field at Bleiburg, the captured soldiers and civilians were made to form columns (in rows of four), before being escorted by Yugoslav Army units toward Yugoslav territory. Prisoners\u2019 camps were set up in every larger town along the way in Slovenia. Some of these were transit camps, serving only as stopovers for the prisoner column before continuing on its journey, while others became concentration camps, wherefrom many of the prisoners were taken to their deaths. Some of those who survived the initial weeks following the surrender would spend time in labour camps as well, before being released. In these camps, the prisoners were subjected to selections, separating the civilians from the army, the <em>Usta\u0161e <\/em>from the Home Guard, and the men from women with children.[\/vc_column_text][vc_column_text css=&#8221;.vc_custom_1623154080437{margin-bottom: 0px !important;}&#8221;]<\/p>\n<div id=\"attachment_1060\" style=\"width: 712px\" class=\"wp-caption alignnone\"><img loading=\"lazy\" decoding=\"async\" aria-describedby=\"caption-attachment-1060\" class=\"wp-image-1061\" src=\"https:\/\/balkan-history.org\/wp-content\/uploads\/2021\/05\/Slika-16-By-Modzzak-Own-work-CC-BY-SA-4.0.jpg\" alt=\"\" width=\"702\" height=\"394\" srcset=\"https:\/\/balkan-history.org\/wp-content\/uploads\/2021\/05\/Slika-16-By-Modzzak-Own-work-CC-BY-SA-4.0.jpg 1280w, https:\/\/balkan-history.org\/wp-content\/uploads\/2021\/05\/Slika-16-By-Modzzak-Own-work-CC-BY-SA-4.0-768x431.jpg 768w\" sizes=\"auto, (max-width: 702px) 100vw, 702px\" \/><p id=\"caption-attachment-1060\" class=\"wp-caption-text\">Source: By Modzzak &#8211; Own work, CC BY-SA 4.0<\/p><\/div>\n<p>[\/vc_column_text][vc_column_text css=&#8221;.vc_custom_1623154096468{margin-top: -26px !important;border-top-width: 0px !important;padding-top: 0px !important;}&#8221;]<em>The Site at Tezno \u2013 Maribor<\/em>[\/vc_column_text][vc_column_text]<img loading=\"lazy\" decoding=\"async\" class=\"alignleft wp-image-1347\" src=\"https:\/\/balkan-history.org\/wp-content\/uploads\/2021\/05\/point_big.png\" alt=\"\" width=\"15\" height=\"15\" \/><\/p>\n<p>Immediately upon crossing from the territory of Austria into Yugoslavia the prisoners were looted of their belongings, as well as terrorised, including individual murders. The first organised and mass killings were perpetrated near Maribor (at Tezno), mainly targeting the <em>Usta\u0161e <\/em>and Chetniks. Similar scenes took place around Celje as well, where the largest mass graves are located in the pits, quarries, and mines around Huda Jama. One of the main execution sites in what is now Slovenia is located in the forests and pits around Ko\u010devje (German: <em>Gottschee; <\/em>Italian: <em>Cocevie<\/em>), near Ko\u010devski Rog. The executions continued with the column\u2019s progress from Slovenia into Croatia, with mass graves found in Maceljska Gora (a low mountain); in Jazovka, a pit in the \u017dumberak Mountains; as well as near larger towns and cities, such as Zagreb, Kri\u017eevci (Hungarian: <em>K\u0151r\u00f6s<\/em>; German: <em>Kreutz<\/em>), Karlovac (German: <em>Karlstadt<\/em>), Sisak, \u010capljina, etc.<\/p>\n<p><img loading=\"lazy\" decoding=\"async\" class=\"alignleft wp-image-1347\" src=\"https:\/\/balkan-history.org\/wp-content\/uploads\/2021\/05\/point_big.png\" alt=\"\" width=\"15\" height=\"15\" \/><\/p>\n<p>For the most part, the mass killings of prisoners took place in the first few weeks following the rendition, in areas around Slovenia and northern Croatia. In Slovenia alone, more than 600 mass graves have been found, with the biggest one at Tezno, where it is estimated that 15,000 people were executed. Most of the victims were soldiers (chiefly <em>Usta\u0161e <\/em>and Chetniks), but a large number of civilians perished as well, including women and children. The exact number of victims is impossible to establish, just as it is unknown exactly how many people there were in the refugee columns retreating toward Austria. The number of these refugees is estimated at between 150,000 and 200,000, while the number of those killed is put at close to 100,000. The vast majority of the latter (between 80,000 and 90,000 people) were ethnic Croats, while the rest were ethnic Slovenes (around 10,000) and Serbs and Montenegrins (several thousand Chetniks).<\/p>\n<div class=\"mceTemp\"><\/div>\n<p>[\/vc_column_text][vc_column_text css=&#8221;.vc_custom_1623154159643{margin-bottom: 0px !important;}&#8221;]<\/p>\n<div id=\"attachment_1066\" style=\"width: 535px\" class=\"wp-caption alignnone\"><img loading=\"lazy\" decoding=\"async\" aria-describedby=\"caption-attachment-1066\" class=\"wp-image-1067\" src=\"https:\/\/balkan-history.org\/wp-content\/uploads\/2021\/05\/Slika-17-Autor-PhJ-Vlastito-djelo-postavljac\u030ca-CC-BY-SA-3.0.jpg\" alt=\"\" width=\"525\" height=\"394\" srcset=\"https:\/\/balkan-history.org\/wp-content\/uploads\/2021\/05\/Slika-17-Autor-PhJ-Vlastito-djelo-postavljac\u030ca-CC-BY-SA-3.0.jpg 1024w, https:\/\/balkan-history.org\/wp-content\/uploads\/2021\/05\/Slika-17-Autor-PhJ-Vlastito-djelo-postavljac\u030ca-CC-BY-SA-3.0-768x576.jpg 768w, https:\/\/balkan-history.org\/wp-content\/uploads\/2021\/05\/Slika-17-Autor-PhJ-Vlastito-djelo-postavljac\u030ca-CC-BY-SA-3.0-960x720.jpg 960w\" sizes=\"auto, (max-width: 525px) 100vw, 525px\" \/><p id=\"caption-attachment-1066\" class=\"wp-caption-text\">Source: Autor PhJ &#8211; Vlastito djelo postavljac\u030ca, CC BY-SA 3.0<\/p><\/div>\n<p>[\/vc_column_text][vc_column_text css=&#8221;.vc_custom_1623154180743{margin-top: -26px !important;border-top-width: 0px !important;padding-top: 0px !important;}&#8221;]<em>The Site at Ko\u010devski Rog<\/em>[\/vc_column_text][vc_column_text]<img loading=\"lazy\" decoding=\"async\" class=\"alignleft wp-image-1347\" src=\"https:\/\/balkan-history.org\/wp-content\/uploads\/2021\/05\/point_big.png\" alt=\"\" width=\"15\" height=\"15\" \/><\/p>\n<p><em>In addition to the soldiers and civilians who surrendered at Bleiburg, there was also the issue concerning the fate of all those who had managed to reach Austria before May 14<sup>th<\/sup>. They were interned in PoW camps run by the British, with the largest one located at the village of Viktring (Slovene: <\/em><em>Vetrinj<\/em><em>) near Klagenfurt (Klagenfurt am W\u00f6rthersee; Slovene: <\/em><em>Celovec<\/em><em>), where 30,000 people were kept. Despite promises that they would be sent to camps for displaced persons in Italy, a few days after the surrender at Bleiburg the British decided to repatriate most of these prisoners back to Yugoslavia as well. One of the groups imprisoned in the camp near the town of Spittal (Spittal an der Drau) also included a hundred or so officials of the Government of the <\/em><em>NDH<\/em><em>, among them <\/em>Nikola Mandi\u0107, Mile Budak, Mirko Puk, Julije Makanec, Pavao Canki, and other government ministers. They would be transferred to Yugoslavia by train and sentenced to death by Yugoslav courts.[\/vc_column_text][\/vc_column][\/vc_row][\/vc_section][vc_row full_width=&#8221;stretch_row_content_no_spaces&#8221; el_name=&#8221;Links&#8221; css=&#8221;.vc_custom_1619980608999{margin-top: 0px !important;}&#8221;][vc_column width=&#8221;1\/5&#8243; css=&#8221;.vc_custom_1525096300190{margin-bottom: 0px !important;}&#8221;]<style type=\"text\/css\">#ut_fancy_image_69e79eff88683 .ut-fancy-image figcaption h3 { color: #ffffff; }#ut_fancy_image_69e79eff88683 .ut-fancy-image { background: #141618; }#ut_fancy_image_69e79eff88683.ut-fancy-image-wrap { margin-bottom: 0px; }<\/style><div id=\"ut_fancy_image_69e79eff88683\" class=\"ut-fancy-image-wrap \"><a target=\"_self\" href=\"https:\/\/balkan-history.org\/en\/ndh\/\" ><figure class=\"ut-fancy-image\">\r\n        <img loading=\"lazy\" decoding=\"async\" data-adaptive-images=\"{&quot;300&quot;:&quot;https:\\\/\\\/balkan-history.org\\\/wp-content\\\/uploads\\\/2021\\\/05\\\/menu_img_01-300x169.png&quot;,&quot;500&quot;:&quot;https:\\\/\\\/balkan-history.org\\\/wp-content\\\/uploads\\\/2021\\\/05\\\/menu_img_01-500x281.png&quot;,&quot;750&quot;:&quot;https:\\\/\\\/balkan-history.org\\\/wp-content\\\/uploads\\\/2021\\\/05\\\/menu_img_01-750x422.png&quot;,&quot;1000&quot;:&quot;https:\\\/\\\/balkan-history.org\\\/wp-content\\\/uploads\\\/2021\\\/05\\\/menu_img_01-1000x562.png&quot;,&quot;1500&quot;:&quot;https:\\\/\\\/balkan-history.org\\\/wp-content\\\/uploads\\\/2021\\\/05\\\/menu_img_01-1500x843.png&quot;,&quot;2500&quot;:&quot;https:\\\/\\\/balkan-history.org\\\/wp-content\\\/uploads\\\/2021\\\/05\\\/menu_img_01-2500x1406.png&quot;}\" src=\"data:image\/svg+xml;charset=utf-8,%3Csvg xmlns%3D'http%3A%2F%2Fwww.w3.org%2F2000%2Fsvg' viewBox%3D'0 0 1500 843'%2F%3E\" width=\"1500\" height=\"843\" data-src=\"https:\/\/balkan-history.org\/wp-content\/uploads\/2021\/05\/menu_img_01-1500x843.png\" data-image-id=\"1122\" class=\"ut-adaptive-image wp-post-image skip-lazy \">\r\n\r\n        <figcaption><h3>1. NDH<\/h3><\/figcaption><\/figure><\/a><\/div>[\/vc_column][vc_column width=&#8221;1\/5&#8243;]<style type=\"text\/css\">#ut_fancy_image_69e79eff8ec97 .ut-fancy-image figcaption h3 { color: #ffffff; }#ut_fancy_image_69e79eff8ec97 .ut-fancy-image { background: #141618; }#ut_fancy_image_69e79eff8ec97.ut-fancy-image-wrap { margin-bottom: 0px; }<\/style><div id=\"ut_fancy_image_69e79eff8ec97\" class=\"ut-fancy-image-wrap \"><a target=\"_self\" href=\"https:\/\/balkan-history.org\/en\/zagreb-to-bleiburg\/\" ><figure class=\"ut-fancy-image\">\r\n        <img loading=\"lazy\" decoding=\"async\" data-adaptive-images=\"{&quot;300&quot;:&quot;https:\\\/\\\/balkan-history.org\\\/wp-content\\\/uploads\\\/2021\\\/05\\\/menu_img_02-300x169.png&quot;,&quot;500&quot;:&quot;https:\\\/\\\/balkan-history.org\\\/wp-content\\\/uploads\\\/2021\\\/05\\\/menu_img_02-500x281.png&quot;,&quot;750&quot;:&quot;https:\\\/\\\/balkan-history.org\\\/wp-content\\\/uploads\\\/2021\\\/05\\\/menu_img_02-750x422.png&quot;,&quot;1000&quot;:&quot;https:\\\/\\\/balkan-history.org\\\/wp-content\\\/uploads\\\/2021\\\/05\\\/menu_img_02-1000x562.png&quot;,&quot;1500&quot;:&quot;https:\\\/\\\/balkan-history.org\\\/wp-content\\\/uploads\\\/2021\\\/05\\\/menu_img_02-1500x843.png&quot;,&quot;2500&quot;:&quot;https:\\\/\\\/balkan-history.org\\\/wp-content\\\/uploads\\\/2021\\\/05\\\/menu_img_02-2500x1406.png&quot;}\" src=\"data:image\/svg+xml;charset=utf-8,%3Csvg xmlns%3D'http%3A%2F%2Fwww.w3.org%2F2000%2Fsvg' viewBox%3D'0 0 1500 843'%2F%3E\" width=\"1500\" height=\"843\" data-src=\"https:\/\/balkan-history.org\/wp-content\/uploads\/2021\/05\/menu_img_02-1500x843.png\" data-image-id=\"1126\" class=\"ut-adaptive-image wp-post-image skip-lazy \">\r\n\r\n        <figcaption><h3>2. ZAGREB TO BLEIBURG<\/h3><\/figcaption><\/figure><\/a><\/div>[\/vc_column][vc_column width=&#8221;1\/5&#8243; css=&#8221;.vc_custom_1525096293340{margin-bottom: 0px !important;}&#8221;]<style type=\"text\/css\">#ut_fancy_image_69e79eff9597f .ut-fancy-image figcaption h3 { color: #ffffff; }#ut_fancy_image_69e79eff9597f .ut-fancy-image { background: #141618; }#ut_fancy_image_69e79eff9597f.ut-fancy-image-wrap { margin-bottom: 0px; }<\/style><div id=\"ut_fancy_image_69e79eff9597f\" class=\"ut-fancy-image-wrap \"><a target=\"_self\" href=\"https:\/\/balkan-history.org\/en\/surrender\/\" ><figure class=\"ut-fancy-image\">\r\n        <img loading=\"lazy\" decoding=\"async\" data-adaptive-images=\"{&quot;300&quot;:&quot;https:\\\/\\\/balkan-history.org\\\/wp-content\\\/uploads\\\/2021\\\/05\\\/menu_img_03-300x169.png&quot;,&quot;500&quot;:&quot;https:\\\/\\\/balkan-history.org\\\/wp-content\\\/uploads\\\/2021\\\/05\\\/menu_img_03-500x281.png&quot;,&quot;750&quot;:&quot;https:\\\/\\\/balkan-history.org\\\/wp-content\\\/uploads\\\/2021\\\/05\\\/menu_img_03-750x422.png&quot;,&quot;1000&quot;:&quot;https:\\\/\\\/balkan-history.org\\\/wp-content\\\/uploads\\\/2021\\\/05\\\/menu_img_03-1000x562.png&quot;,&quot;1500&quot;:&quot;https:\\\/\\\/balkan-history.org\\\/wp-content\\\/uploads\\\/2021\\\/05\\\/menu_img_03-1500x843.png&quot;,&quot;2500&quot;:&quot;https:\\\/\\\/balkan-history.org\\\/wp-content\\\/uploads\\\/2021\\\/05\\\/menu_img_03-2500x1406.png&quot;}\" src=\"data:image\/svg+xml;charset=utf-8,%3Csvg xmlns%3D'http%3A%2F%2Fwww.w3.org%2F2000%2Fsvg' viewBox%3D'0 0 1500 843'%2F%3E\" width=\"1500\" height=\"843\" data-src=\"https:\/\/balkan-history.org\/wp-content\/uploads\/2021\/05\/menu_img_03-1500x843.png\" data-image-id=\"1130\" class=\"ut-adaptive-image wp-post-image skip-lazy \">\r\n\r\n        <figcaption><h3>3. SURRENDER<\/h3><\/figcaption><\/figure><\/a><\/div>[\/vc_column][vc_column width=&#8221;1\/5&#8243;]<style type=\"text\/css\">#ut_fancy_image_69e79eff9eded .ut-fancy-image figcaption h3 { color: #ffffff; }#ut_fancy_image_69e79eff9eded .ut-fancy-image { background: #141618; }#ut_fancy_image_69e79eff9eded.ut-fancy-image-wrap { margin-bottom: 0px; }<\/style><div id=\"ut_fancy_image_69e79eff9eded\" class=\"ut-fancy-image-wrap \"><a target=\"_self\" href=\"https:\/\/balkan-history.org\/en\/the-way-of-the-cross\/\" ><figure class=\"ut-fancy-image\">\r\n        <img loading=\"lazy\" decoding=\"async\" data-adaptive-images=\"{&quot;300&quot;:&quot;https:\\\/\\\/balkan-history.org\\\/wp-content\\\/uploads\\\/2021\\\/05\\\/menu_img_05-300x169.png&quot;,&quot;500&quot;:&quot;https:\\\/\\\/balkan-history.org\\\/wp-content\\\/uploads\\\/2021\\\/05\\\/menu_img_05-500x281.png&quot;,&quot;750&quot;:&quot;https:\\\/\\\/balkan-history.org\\\/wp-content\\\/uploads\\\/2021\\\/05\\\/menu_img_05-750x422.png&quot;,&quot;1000&quot;:&quot;https:\\\/\\\/balkan-history.org\\\/wp-content\\\/uploads\\\/2021\\\/05\\\/menu_img_05-1000x562.png&quot;,&quot;1500&quot;:&quot;https:\\\/\\\/balkan-history.org\\\/wp-content\\\/uploads\\\/2021\\\/05\\\/menu_img_05-1500x843.png&quot;,&quot;2500&quot;:&quot;https:\\\/\\\/balkan-history.org\\\/wp-content\\\/uploads\\\/2021\\\/05\\\/menu_img_05-2500x1406.png&quot;}\" src=\"data:image\/svg+xml;charset=utf-8,%3Csvg xmlns%3D'http%3A%2F%2Fwww.w3.org%2F2000%2Fsvg' viewBox%3D'0 0 1500 843'%2F%3E\" width=\"1500\" height=\"843\" data-src=\"https:\/\/balkan-history.org\/wp-content\/uploads\/2021\/05\/menu_img_05-1500x843.png\" data-image-id=\"1138\" class=\"ut-adaptive-image wp-post-image skip-lazy \">\r\n\r\n        <figcaption><h3>5. THE WAY OF THE CROSS<\/h3><p>&#8220;Kri\u017eni put&#8221;<\/p><\/figcaption><\/figure><\/a><\/div>[\/vc_column][vc_column width=&#8221;1\/5&#8243;]<style type=\"text\/css\">#ut_fancy_image_69e79effa4d06 .ut-fancy-image figcaption h3 { color: #ffffff; }#ut_fancy_image_69e79effa4d06 .ut-fancy-image { background: #141618; }#ut_fancy_image_69e79effa4d06.ut-fancy-image-wrap { margin-bottom: 0px; }<\/style><div id=\"ut_fancy_image_69e79effa4d06\" class=\"ut-fancy-image-wrap \"><a target=\"_self\" href=\"https:\/\/balkan-history.org\/en\/controversies\/\" ><figure class=\"ut-fancy-image\">\r\n        <img loading=\"lazy\" decoding=\"async\" data-adaptive-images=\"{&quot;300&quot;:&quot;https:\\\/\\\/balkan-history.org\\\/wp-content\\\/uploads\\\/2021\\\/05\\\/menu_img_01-300x169.png&quot;,&quot;500&quot;:&quot;https:\\\/\\\/balkan-history.org\\\/wp-content\\\/uploads\\\/2021\\\/05\\\/menu_img_01-500x281.png&quot;,&quot;750&quot;:&quot;https:\\\/\\\/balkan-history.org\\\/wp-content\\\/uploads\\\/2021\\\/05\\\/menu_img_01-750x422.png&quot;,&quot;1000&quot;:&quot;https:\\\/\\\/balkan-history.org\\\/wp-content\\\/uploads\\\/2021\\\/05\\\/menu_img_01-1000x562.png&quot;,&quot;1500&quot;:&quot;https:\\\/\\\/balkan-history.org\\\/wp-content\\\/uploads\\\/2021\\\/05\\\/menu_img_01-1500x843.png&quot;,&quot;2500&quot;:&quot;https:\\\/\\\/balkan-history.org\\\/wp-content\\\/uploads\\\/2021\\\/05\\\/menu_img_01-2500x1406.png&quot;}\" src=\"data:image\/svg+xml;charset=utf-8,%3Csvg xmlns%3D'http%3A%2F%2Fwww.w3.org%2F2000%2Fsvg' viewBox%3D'0 0 1500 843'%2F%3E\" width=\"1500\" height=\"843\" data-src=\"https:\/\/balkan-history.org\/wp-content\/uploads\/2021\/05\/menu_img_01-1500x843.png\" data-image-id=\"1122\" class=\"ut-adaptive-image wp-post-image skip-lazy \">\r\n\r\n        <figcaption><h3>6. CONTROVERSIES<\/h3><\/figcaption><\/figure><\/a><\/div>[\/vc_column][\/vc_row][vc_section][vc_row][vc_column][vc_column_text]<\/p>\n<p style=\"text-align: center;\"><a href=\"https:\/\/balkan-history.org\/en\/surrender\/\">&lt; PREVIOUS<\/a>\u00a0 \u00a0<a href=\"https:\/\/balkan-history.org\/en\/the-way-of-the-cross\/\">NEXT &gt;<\/a><\/p>\n<p>[\/vc_column_text][\/vc_column][\/vc_row][\/vc_section][vc_section css=&#8221;.vc_custom_1525220216628{background-color: #353234 !important;background-position: center !important;background-repeat: no-repeat !important;background-size: cover !important;}&#8221; el_name=&#8221;Social Section&#8221;][vc_row el_name=&#8221;Social Title&#8221;][vc_column]<div class=\"wpb_content_element \"><style type=\"text\/css\">#ut_header_69e79effaad39 h2.section-title, #ut_header_69e79effaad39 h2.section-title span { color:#ffffff; }#ut_header_69e79effaad39 .lead { color:rgba(255, 255, 255, 0.5); }#ut_header_69e79effaad39 .lead p { color:rgba(255, 255, 255, 0.5); }<\/style><header id=\"ut_header_69e79effaad39\" class=\"section-header  ut-no-title-linebreak-mobile ut-no-lead-linebreak-mobile pt-style-7 header-center header-tablet-center header-mobile-center\"><h2 data-title=\"Follow us\"  data-responsive-font=\"section_title\" class=\"section-title  \"><span>Follow us<\/span><\/h2><div data-delay=\"0\" class=\"lead \"><p>Connect with us on social networks<\/p>\n<\/div><\/header><\/div><div class=\"wpb_content_element \"><style class=\"bklyn-inline-styles\" type=\"text\/css\">#ut_sf_69e79effaebc1 li a i { color: rgba(204,173,143,0.5); }#ut_sf_69e79effaebc1 li a:hover i { color: #ccad8f; }#ut_sf_69e79effaebc1 li a:focus i { color: #ccad8f; }#ut_sf_69e79effaebc1 { font-size: 30px; }<\/style><ul id=\"ut_sf_69e79effaebc1\" class=\"ut-social-follow-module  ut-social-follow-module-center ut-social-follow-module-tablet-center ut-social-follow-module-mobile-center ut-social-follow-module-20\" data-settings=\"{&quot;animate&quot;:false,&quot;effect&quot;:&quot;&quot;,&quot;delay_animation&quot;:false,&quot;global_delay_animation&quot;:false,&quot;delay_timer&quot;:100,&quot;global_delay_timer&quot;:100}\"><li  class=\"ut-social-follow-0 ut-social-follow-icon-only \"><a class=\"ut-social-follow-link\" title=\"\" href=\"https:\/\/www.facebook.com\/Bleiburg-%C4%8Dinjenice-i-interpretacije-107580081471610\" target=\" _blank\" ><i class=\"fa fa-facebook-square\"><\/i><\/a><\/li><\/ul><\/div>[\/vc_column][\/vc_row][\/vc_section]<\/p>\n","protected":false},"excerpt":{"rendered":"<p>[vc_section el_name=&#8221;Text area&#8221; css=&#8221;.vc_custom_1619646517248{background-color: rgba(189, 187, 187, 0.58) !important;*background-color: rgba(189,187, 187, 0.58) !important;}&#8221;][vc_row][vc_column][vc_column_text] MASS KILLINGS Immediately following the surrender, while still in the field at Bleiburg, the captured soldiers and civilians were made to form columns (in rows of four), before being escorted by Yugoslav Army units toward Yugoslav territory. Prisoners\u2019 camps were set up [&hellip;]<\/p>\n","protected":false},"author":1,"featured_media":0,"parent":0,"menu_order":0,"comment_status":"closed","ping_status":"closed","template":"","meta":{"footnotes":""},"class_list":["post-1454","page","type-page","status-publish","hentry"],"_links":{"self":[{"href":"https:\/\/balkan-history.org\/en\/wp-json\/wp\/v2\/pages\/1454","targetHints":{"allow":["GET"]}}],"collection":[{"href":"https:\/\/balkan-history.org\/en\/wp-json\/wp\/v2\/pages"}],"about":[{"href":"https:\/\/balkan-history.org\/en\/wp-json\/wp\/v2\/types\/page"}],"author":[{"embeddable":true,"href":"https:\/\/balkan-history.org\/en\/wp-json\/wp\/v2\/users\/1"}],"replies":[{"embeddable":true,"href":"https:\/\/balkan-history.org\/en\/wp-json\/wp\/v2\/comments?post=1454"}],"version-history":[{"count":7,"href":"https:\/\/balkan-history.org\/en\/wp-json\/wp\/v2\/pages\/1454\/revisions"}],"predecessor-version":[{"id":1816,"href":"https:\/\/balkan-history.org\/en\/wp-json\/wp\/v2\/pages\/1454\/revisions\/1816"}],"wp:attachment":[{"href":"https:\/\/balkan-history.org\/en\/wp-json\/wp\/v2\/media?parent=1454"}],"curies":[{"name":"wp","href":"https:\/\/api.w.org\/{rel}","templated":true}]}}