{"id":1786,"date":"2021-08-31T20:10:51","date_gmt":"2021-08-31T18:10:51","guid":{"rendered":"https:\/\/balkan-history.org\/the-system-of-prison-camps-in-ndh\/"},"modified":"2021-08-31T21:28:49","modified_gmt":"2021-08-31T19:28:49","slug":"the-system-of-prison-camps-in-ndh","status":"publish","type":"page","link":"https:\/\/balkan-history.org\/en\/the-system-of-prison-camps-in-ndh\/","title":{"rendered":"The system of prison camps in NDH"},"content":{"rendered":"<p>[vc_section css=&#8221;.vc_custom_1628860542178{padding-top: 40px !important;padding-bottom: 0px !important;background-color: #353234 !important;}&#8221;][vc_row][vc_column][vc_column_text]<\/p>\n<h6 style=\"text-align: center;\"><span style=\"color: #ffffff;\"><a style=\"color: #ffffff;\" href=\"#theestablishment\">THE ESTABLISHMENT<\/a>\u00a0 \u00a0 <a style=\"color: #ffffff;\" href=\"#themaincamps\">THE MAIN CAMPS<\/a><\/span><\/h6>\n<p>[\/vc_column_text][\/vc_column][\/vc_row][\/vc_section][vc_section el_id=&#8221;theestablishment&#8221; css=&#8221;.vc_custom_1630433734612{padding-top: 0px !important;padding-bottom: 0px !important;background-color: rgba(189, 187, 187, 0.58) !important;*background-color: rgba(189,187, 187, 0.58) !important;}&#8221;][vc_row][vc_column][vc_empty_space][\/vc_column][\/vc_row][\/vc_section][vc_section el_name=&#8221;Text area&#8221; css=&#8221;.vc_custom_1628861801859{padding-bottom: 10px !important;background-color: rgba(189, 187, 187, 0.58) !important;*background-color: rgba(189,187, 187, 0.58) !important;}&#8221;][vc_row css=&#8221;.vc_custom_1630433716938{padding-top: 0px !important;}&#8221; el_name=&#8221;The establishment&#8221;][vc_column][vc_column_text]<\/p>\n<h3>THE ESTABLISHMENT<\/h3>\n<p><img loading=\"lazy\" decoding=\"async\" class=\"alignleft wp-image-1347\" src=\"https:\/\/balkan-history.org\/wp-content\/uploads\/2021\/05\/point_big.png\" alt=\"\" width=\"15\" height=\"15\" \/><\/p>\n<p>Immediately upon the establishment of the Independent State of Croatia on 10 April 1941, the <em>Usta\u0161e <\/em>authorities set out to erect an ethnically, racially, and religiously pure state. The demographic groups that were proclaimed undesirable, starting with the Serbs, Jews, and Roma people, began to experience brutal repression, which included various kinds of restrictions, persecution, incarceration, and mass murder. One of the main building blocks of this terror comprised concentration camps, which began to be established immediately upon the <em>Usta\u0161e<\/em>\u2019s seizure of power. Over the next few years of the existence of the <em>NDH<\/em>, there were around 30 camps in its territory, under Croatian, German, and Italian control. They differed in character, that is, purpose, although many of them served multiple purposes. The first to come into operation were so-called \u201cgathering camps\u201d (<em>sabirni logori<\/em>), which served as gathering sites for all those slated for deportation out of the <em>NDH<\/em>. The second group comprised camps where prisoners were brought to perform various kinds of work tasks (\u201clabour camps\u201d, <em>radni logori<\/em>). In these camps, death came as a result of hard living conditions and exhaustion through gruelling work, but also at the hands of camp guards. The third group comprised the so-called \u201cdeath camps\u201d (<em>logori smrti<\/em>), the sole purpose of which, in line with their designation, was physical annihilation.[\/vc_column_text][vc_column_text css=&#8221;.vc_custom_1629387980054{margin-bottom: 0px !important;border-bottom-width: 0px !important;padding-bottom: 0px !important;}&#8221;]<img loading=\"lazy\" decoding=\"async\" class=\"alignnone wp-image-1580\" src=\"https:\/\/balkan-history.org\/wp-content\/uploads\/2021\/08\/2.-Osnivanje_Zagrebac\u030cki-Z\u030cidovi-s-Davidovom-zvijezdom-650x433.jpg\" alt=\"\" width=\"640\" height=\"965\" srcset=\"https:\/\/balkan-history.org\/wp-content\/uploads\/2021\/08\/2.-Osnivanje_Zagrebac\u030cki-Z\u030cidovi-s-Davidovom-zvijezdom-768x1158.jpg 768w, https:\/\/balkan-history.org\/wp-content\/uploads\/2021\/08\/2.-Osnivanje_Zagrebac\u030cki-Z\u030cidovi-s-Davidovom-zvijezdom-478x720.jpg 478w, https:\/\/balkan-history.org\/wp-content\/uploads\/2021\/08\/2.-Osnivanje_Zagrebac\u030cki-Z\u030cidovi-s-Davidovom-zvijezdom.jpg 796w\" sizes=\"auto, (max-width: 640px) 100vw, 640px\" \/>[\/vc_column_text][vc_column_text css=&#8221;.vc_custom_1630433815451{margin-top: -5px !important;border-top-width: 0px !important;padding-top: 0px !important;}&#8221;]<em>Jews from Zagreb marked with badges showing the Star of David<\/em>[\/vc_column_text][vc_column_text]<img loading=\"lazy\" decoding=\"async\" class=\"alignleft wp-image-1347\" src=\"https:\/\/balkan-history.org\/wp-content\/uploads\/2021\/05\/point_big.png\" alt=\"\" width=\"15\" height=\"15\" \/><\/p>\n<p>The organisation of the camps was under the jurisdiction of the <em>NDH<\/em>\u2019s Ministry of the Interior, that is, its Directorate for Public Order and Safety (<em>Ravnateljstvo za javni red i sigurnost<\/em>, <em>RAVSIGUR<\/em>) and the <em>Usta\u0161e<\/em> Supervisory Service (<em>Usta\u0161ka nadzorna slu\u017eba, UNS<\/em>), that is, its Section III. Oversight of all camps in the territory of the <em>NDH<\/em> was entrusted to the <em>Usta\u0161e <\/em>Defence Service Command (<em>Zapovjedni\u0161tvo Usta\u0161ke obrambene slu\u017ebe<\/em>), as the executive arm of the <em>UNS <\/em>Section 3. The main figures in the establishment of the camp system were Eugen Dido Kvaternik as the director of <em>RAVSIGUR<\/em> and commander of <em>UNS<\/em> and Vjekoslav Maks Luburi\u0107 as head of <em>UNS <\/em>Section 3 and commander of all <em>Usta\u0161e <\/em>camps in the <em>NDH<\/em>.[\/vc_column_text][\/vc_column][\/vc_row][\/vc_section][vc_section el_id=&#8221;themaincamps&#8221; css=&#8221;.vc_custom_1630433869098{padding-top: 20px !important;}&#8221;][vc_row css=&#8221;.vc_custom_1628861699483{padding-top: 0px !important;padding-bottom: 0px !important;}&#8221;][vc_column][vc_empty_space][\/vc_column][\/vc_row][\/vc_section][vc_section el_name=&#8221;Text area&#8221;][vc_row css=&#8221;.vc_custom_1630433999192{padding-top: 0px !important;}&#8221; el_name=&#8221;The Main Camps&#8221;][vc_column][vc_row_inner][vc_column_inner][vc_column_text]<\/p>\n<h3>THE MAIN CAMPS<\/h3>\n<h5>DANICA<\/h5>\n<p><img loading=\"lazy\" decoding=\"async\" class=\"alignleft wp-image-1347\" src=\"https:\/\/balkan-history.org\/wp-content\/uploads\/2021\/05\/point_big.png\" alt=\"\" width=\"15\" height=\"15\" \/><\/p>\n<p>The first <em>Usta\u0161e <\/em>camp was established on 15 April 1941 at \u201cDanica\u201d, a disused factory near Koprivnica. Although its prisoners were subject to various kinds of mistreatment, from physical abuse to forced labour and malnourishment, no mass killings were perpetrated at Danica. However, when the camp reached \u201cfull capacity\u201d in late June, prisoners began to be transferred to Gospi\u0107 as the hub of a new system of prison camps.[\/vc_column_text][vc_column_text css=&#8221;.vc_custom_1629388054755{margin-bottom: 0px !important;border-bottom-width: 0px !important;padding-bottom: 0px !important;}&#8221;]<img loading=\"lazy\" decoding=\"async\" class=\"alignnone wp-image-1585\" src=\"https:\/\/balkan-history.org\/wp-content\/uploads\/2021\/08\/3.-Najvec\u0301i-logori-Prostor-gdje-se-nalazio-logor-Danica-650x433.jpeg\" alt=\"\" width=\"640\" height=\"234\" srcset=\"https:\/\/balkan-history.org\/wp-content\/uploads\/2021\/08\/3.-Najvec\u0301i-logori-Prostor-gdje-se-nalazio-logor-Danica-768x281.jpeg 768w, https:\/\/balkan-history.org\/wp-content\/uploads\/2021\/08\/3.-Najvec\u0301i-logori-Prostor-gdje-se-nalazio-logor-Danica-1536x561.jpeg 1536w, https:\/\/balkan-history.org\/wp-content\/uploads\/2021\/08\/3.-Najvec\u0301i-logori-Prostor-gdje-se-nalazio-logor-Danica-2048x748.jpeg 2048w, https:\/\/balkan-history.org\/wp-content\/uploads\/2021\/08\/3.-Najvec\u0301i-logori-Prostor-gdje-se-nalazio-logor-Danica-1280x468.jpeg 1280w\" sizes=\"auto, (max-width: 640px) 100vw, 640px\" \/>[\/vc_column_text][vc_column_text css=&#8221;.vc_custom_1630434042874{margin-top: -5px !important;border-top-width: 0px !important;padding-top: 0px !important;}&#8221;]<em>The former site of the camp at Danica<\/em>[\/vc_column_text][\/vc_column_inner][\/vc_row_inner][\/vc_column][\/vc_row][vc_row el_name=&#8221;Gospi\u0107&#8221; css=&#8221;.vc_custom_1628863519765{background-color: rgba(189, 187, 187, 0.58) !important;*background-color: rgba(189,187, 187, 0.58) !important;}&#8221;][vc_column][vc_column_text]<\/p>\n<h5>GOSPI\u0106<\/h5>\n<p><img loading=\"lazy\" decoding=\"async\" class=\"alignleft wp-image-1347\" src=\"https:\/\/balkan-history.org\/wp-content\/uploads\/2021\/05\/point_big.png\" alt=\"\" width=\"15\" height=\"15\" \/><\/p>\n<p>Unlike the camp at Danica, the network of camps centred at Gospi\u0107 operated with the exclusive purpose of physical extermination. For that purpose, camps or, rather, execution sites were established at Jadovno in the mountains of Velebit, as well as Slana and Metajna on the island of Pag. Upon reaching Gospi\u0107 in cattle cars, Serbs, Jews, Roma people, and communists from across the <em>NDH<\/em> were taken to one of the execution sites, where they did not stay for long. Most of them were executed in Velebit (Jadovno) and thrown into one of the many surrounding pits. Some prisoners were taken to Karlobag and then shipped to the island of Pag. There, the men were separated from the women and taken to the camps at Slana or Metajna.[\/vc_column_text][vc_column_text css=&#8221;.vc_custom_1629388181346{margin-bottom: 0px !important;border-bottom-width: 0px !important;padding-bottom: 0px !important;}&#8221;]<img loading=\"lazy\" decoding=\"async\" class=\"alignnone wp-image-1590\" src=\"https:\/\/balkan-history.org\/wp-content\/uploads\/2021\/08\/4.-Najvec\u0301i-logori-Prostor-gdje-se-nalazio-logor-Metajna-na-Pagu.jpg\" alt=\"\" width=\"640\" height=\"425\" srcset=\"https:\/\/balkan-history.org\/wp-content\/uploads\/2021\/08\/4.-Najvec\u0301i-logori-Prostor-gdje-se-nalazio-logor-Metajna-na-Pagu.jpg 590w, https:\/\/balkan-history.org\/wp-content\/uploads\/2021\/08\/4.-Najvec\u0301i-logori-Prostor-gdje-se-nalazio-logor-Metajna-na-Pagu-325x217.jpg 325w\" sizes=\"auto, (max-width: 640px) 100vw, 640px\" \/>[\/vc_column_text][vc_column_text css=&#8221;.vc_custom_1630434109516{margin-top: -5px !important;border-top-width: 0px !important;padding-top: 0px !important;}&#8221;]<em>The former site of the camp at Metajna on the island of Pag<\/em>[\/vc_column_text][vc_column_text]<img loading=\"lazy\" decoding=\"async\" class=\"alignleft wp-image-1347\" src=\"https:\/\/balkan-history.org\/wp-content\/uploads\/2021\/05\/point_big.png\" alt=\"\" width=\"15\" height=\"15\" \/><\/p>\n<p>In addition to mass murders, the <em>Usta\u0161e <\/em>also subjected their female Serb and Jewish prisoners to daily ordeals of rape. The prison camp system centred at Gospi\u0107 was dismantled in late August 1941, when the Italians occupied that part of the <em>NDH<\/em>. There are no precise data regarding the number of victims, with estimates ranging from 15,000 to 40,000, mostly ethnic Serbs and Jews.[\/vc_column_text][\/vc_column][\/vc_row][vc_row el_name=&#8221;Other Camps in the NDH&#8221;][vc_column][vc_column_text]<\/p>\n<h5>OTHER CAMPS IN NDH<\/h5>\n<p><img loading=\"lazy\" decoding=\"async\" class=\"alignleft wp-image-1347\" src=\"https:\/\/balkan-history.org\/wp-content\/uploads\/2021\/05\/point_big.png\" alt=\"\" width=\"15\" height=\"15\" \/><\/p>\n<p>The camp at <strong>Loborgrad <\/strong>(Hrvatsko Zagorje) went into operation in September 1941 and kept running until October 1942. This camp imprisoned mostly women, mainly Jewish and Serb. Most of the Jewish women were deported from this camp to Auschwitz, while Serb and Croat women were transferred to Jasenovac. In <strong>\u0110akovo<\/strong>, there was a camp running between winter 1941 and summer 1942, when all of its prisoners were transferred to the Jasenovac camp. Under the Croatian Banovina (an autonomous province within the Kingdom of Yugoslavia), a penal facility had been established at <strong>Kru\u0161\u010dica<\/strong> near Travnik for political prisoners, mostly communists. Upon the establishment of the <em>NDH<\/em>, the facility was turned into a concentration camp, which would remain in operation until the end of 1941. In addition to the camps mentioned above, the <em>NDH <\/em>authorities also ran major camps at <strong>Tenja <\/strong>near Osijek, <strong>Sisak, Jastrebarsko, Gornja Rijeka <\/strong>near <strong>Kri\u017eevci<\/strong>, etc.[\/vc_column_text][vc_column_text css=&#8221;.vc_custom_1629388237598{margin-bottom: 0px !important;border-bottom-width: 0px !important;padding-bottom: 0px !important;}&#8221;]<img loading=\"lazy\" decoding=\"async\" class=\"alignnone wp-image-1593\" src=\"https:\/\/balkan-history.org\/wp-content\/uploads\/2021\/08\/5.-Najvec\u0301i-logori-Loborgrad-650x433.jpg\" alt=\"\" width=\"640\" height=\"480\" srcset=\"https:\/\/balkan-history.org\/wp-content\/uploads\/2021\/08\/5.-Najvec\u0301i-logori-Loborgrad-768x576.jpg 768w, https:\/\/balkan-history.org\/wp-content\/uploads\/2021\/08\/5.-Najvec\u0301i-logori-Loborgrad-1536x1152.jpg 1536w, https:\/\/balkan-history.org\/wp-content\/uploads\/2021\/08\/5.-Najvec\u0301i-logori-Loborgrad-960x720.jpg 960w, https:\/\/balkan-history.org\/wp-content\/uploads\/2021\/08\/5.-Najvec\u0301i-logori-Loborgrad.jpg 1600w\" sizes=\"auto, (max-width: 640px) 100vw, 640px\" \/>[\/vc_column_text][vc_column_text css=&#8221;.vc_custom_1629388220857{margin-top: -5px !important;border-top-width: 0px !important;padding-top: 0px !important;}&#8221;]<\/p>\n<p class=\"p1\"><em><span class=\"s1\">Loborgrad<\/span><\/em><\/p>\n<p>[\/vc_column_text][vc_column_text]<img loading=\"lazy\" decoding=\"async\" class=\"alignleft wp-image-1347\" src=\"https:\/\/balkan-history.org\/wp-content\/uploads\/2021\/05\/point_big.png\" alt=\"\" width=\"15\" height=\"15\" \/><\/p>\n<p>Apart from the camps run by the <em>Usta\u0161e <\/em>regime, there were several camps in the territory of the <em>NDH<\/em> that were run by Nazi Germany (<strong>Zemun\/Semlin, Jankomir, Vinkovci\/Winkowitz, Sisak\/Sissek<\/strong>) and fascist Italy (<strong>Kampor <\/strong>on the island of Rab, <strong>Molat\/Melada, Kraljevica\/Porto Re, Bra\u010d\/Brazza, Hvar\/Lesina, Gru\u017e\/Gravosa, Lopud\/Mezzo, <\/strong>etc.).<\/p>\n<p>[\/vc_column_text][\/vc_column][\/vc_row][vc_row el_name=&#8221;Jasenovac Concentration Camp&#8221; css=&#8221;.vc_custom_1630434296219{background-color: rgba(189, 187, 187, 0.58) !important;*background-color: rgba(189,187, 187, 0.58) !important;}&#8221;][vc_column][vc_column_text]<\/p>\n<h5>JASENOVAC CONCENTRATION CAMP<\/h5>\n<p><img loading=\"lazy\" decoding=\"async\" class=\"alignleft wp-image-1347\" src=\"https:\/\/balkan-history.org\/wp-content\/uploads\/2021\/05\/point_big.png\" alt=\"\" width=\"15\" height=\"15\" \/><\/p>\n<p>By area, the number of prisoners, and the number of victims, the largest camp in the territory of the <em>NDH<\/em> was located near the village of Jasenovac. The surviving prisoners from the Gospi\u0107 network of camps were taken first to Jastrebarsko as a transit camp and then, on 23 August 1941, to the newly established camp at Jasenovac. Until its demise in late April 1945, Jasenovac was the main and largest camp in the territory controlled by the <em>NDH<\/em>.[\/vc_column_text][vc_column_text css=&#8221;.vc_custom_1629388249884{margin-bottom: 0px !important;border-bottom-width: 0px !important;padding-bottom: 0px !important;}&#8221;]<img loading=\"lazy\" decoding=\"async\" class=\"alignnone wp-image-1597\" src=\"https:\/\/balkan-history.org\/wp-content\/uploads\/2021\/08\/6.-Najvec\u0301i-logori-Jasenovac-562x433.jpg\" alt=\"\" width=\"640\" height=\"683\" \/>[\/vc_column_text][vc_column_text css=&#8221;.vc_custom_1629388273418{margin-top: -5px !important;border-top-width: 0px !important;padding-top: 0px !important;}&#8221;]<\/p>\n<p class=\"p1\"><em><span class=\"s1\">Jasenovac<\/span><\/em><\/p>\n<p>[\/vc_column_text][vc_column_text]<img loading=\"lazy\" decoding=\"async\" class=\"alignleft wp-image-1347\" src=\"https:\/\/balkan-history.org\/wp-content\/uploads\/2021\/05\/point_big.png\" alt=\"\" width=\"15\" height=\"15\" \/><\/p>\n<p>In terms of purpose, it was a combination of a labour and death camp, in other words, its prisoners were made to perform various kinds of hard work, but there were mass executions. The <em>Usta\u0161e <\/em>murdered their prisoners at Jasenovac with firearms and sharp and blunt objects, by hanging, smashing their heads with mallets, starvation, and exhaustion through hard manual work.[\/vc_column_text][\/vc_column][\/vc_row][\/vc_section][vc_row full_width=&#8221;stretch_row_content_no_spaces&#8221; el_name=&#8221;Themes we cover &#8211; Jasenovac&#8221; css=&#8221;.vc_custom_1630437858348{margin-top: 0px !important;}&#8221;][vc_column width=&#8221;1\/3&#8243; css=&#8221;.vc_custom_1525096300190{margin-bottom: 0px !important;}&#8221;]<style type=\"text\/css\">#ut_fancy_image_69e7a3430b34b .ut-fancy-image figcaption h3 { color: #ffffff; }#ut_fancy_image_69e7a3430b34b .ut-fancy-image { background: #141618; }#ut_fancy_image_69e7a3430b34b.ut-fancy-image-wrap { margin-bottom: 0px; }<\/style><div id=\"ut_fancy_image_69e7a3430b34b\" class=\"ut-fancy-image-wrap \"><a target=\"_self\" href=\"https:\/\/balkan-history.org\/en\/the-system-of-prison-camps-in-ndh\/\" ><figure class=\"ut-fancy-image\">\r\n        <img loading=\"lazy\" decoding=\"async\" data-adaptive-images=\"{&quot;300&quot;:&quot;https:\\\/\\\/balkan-history.org\\\/wp-content\\\/uploads\\\/2021\\\/08\\\/Rasni-Zakoni-NDH-300x169.png&quot;,&quot;500&quot;:&quot;https:\\\/\\\/balkan-history.org\\\/wp-content\\\/uploads\\\/2021\\\/08\\\/Rasni-Zakoni-NDH-500x281.png&quot;,&quot;750&quot;:&quot;https:\\\/\\\/balkan-history.org\\\/wp-content\\\/uploads\\\/2021\\\/08\\\/Rasni-Zakoni-NDH-750x422.png&quot;,&quot;1000&quot;:&quot;https:\\\/\\\/balkan-history.org\\\/wp-content\\\/uploads\\\/2021\\\/08\\\/Rasni-Zakoni-NDH-1000x562.png&quot;,&quot;1500&quot;:&quot;https:\\\/\\\/balkan-history.org\\\/wp-content\\\/uploads\\\/2021\\\/08\\\/Rasni-Zakoni-NDH-1500x843.png&quot;,&quot;2500&quot;:&quot;https:\\\/\\\/balkan-history.org\\\/wp-content\\\/uploads\\\/2021\\\/08\\\/Rasni-Zakoni-NDH-2500x1406.png&quot;}\" src=\"data:image\/svg+xml;charset=utf-8,%3Csvg xmlns%3D'http%3A%2F%2Fwww.w3.org%2F2000%2Fsvg' viewBox%3D'0 0 1500 843'%2F%3E\" width=\"1500\" height=\"843\" data-src=\"https:\/\/balkan-history.org\/wp-content\/uploads\/2021\/08\/Rasni-Zakoni-NDH-1500x843.png\" data-image-id=\"1773\" class=\"ut-adaptive-image wp-post-image skip-lazy \">\r\n\r\n        <figcaption><h3>THE SYSTEM OF PRISON CAMPS IN NDH<\/h3><\/figcaption><\/figure><\/a><\/div>[\/vc_column][vc_column width=&#8221;1\/3&#8243;]<style type=\"text\/css\">#ut_fancy_image_69e7a3431439e .ut-fancy-image figcaption h3 { color: #ffffff; }#ut_fancy_image_69e7a3431439e .ut-fancy-image { background: #141618; }#ut_fancy_image_69e7a3431439e.ut-fancy-image-wrap { margin-bottom: 0px; }<\/style><div id=\"ut_fancy_image_69e7a3431439e\" class=\"ut-fancy-image-wrap \"><a target=\"_self\" href=\"https:\/\/balkan-history.org\/en\/jasenovac-concentration-camp\/\" ><figure class=\"ut-fancy-image\">\r\n        <img loading=\"lazy\" decoding=\"async\" data-adaptive-images=\"{&quot;300&quot;:&quot;https:\\\/\\\/balkan-history.org\\\/wp-content\\\/uploads\\\/2021\\\/08\\\/7.-Koncentracijski-logor-Jasenovac-Header-300x169.png&quot;,&quot;500&quot;:&quot;https:\\\/\\\/balkan-history.org\\\/wp-content\\\/uploads\\\/2021\\\/08\\\/7.-Koncentracijski-logor-Jasenovac-Header-500x281.png&quot;,&quot;750&quot;:&quot;https:\\\/\\\/balkan-history.org\\\/wp-content\\\/uploads\\\/2021\\\/08\\\/7.-Koncentracijski-logor-Jasenovac-Header-750x422.png&quot;,&quot;1000&quot;:&quot;https:\\\/\\\/balkan-history.org\\\/wp-content\\\/uploads\\\/2021\\\/08\\\/7.-Koncentracijski-logor-Jasenovac-Header-1000x562.png&quot;,&quot;1500&quot;:&quot;https:\\\/\\\/balkan-history.org\\\/wp-content\\\/uploads\\\/2021\\\/08\\\/7.-Koncentracijski-logor-Jasenovac-Header-1500x843.png&quot;,&quot;2500&quot;:&quot;https:\\\/\\\/balkan-history.org\\\/wp-content\\\/uploads\\\/2021\\\/08\\\/7.-Koncentracijski-logor-Jasenovac-Header-2500x1406.png&quot;}\" src=\"data:image\/svg+xml;charset=utf-8,%3Csvg xmlns%3D'http%3A%2F%2Fwww.w3.org%2F2000%2Fsvg' viewBox%3D'0 0 1500 843'%2F%3E\" width=\"1500\" height=\"843\" data-src=\"https:\/\/balkan-history.org\/wp-content\/uploads\/2021\/08\/7.-Koncentracijski-logor-Jasenovac-Header-1500x843.png\" data-image-id=\"1605\" class=\"ut-adaptive-image wp-post-image skip-lazy \">\r\n\r\n        <figcaption><h3>JASENOVAC CONCENTRATION CAMP<\/h3><\/figcaption><\/figure><\/a><\/div>[\/vc_column][vc_column width=&#8221;1\/3&#8243; css=&#8221;.vc_custom_1525096293340{margin-bottom: 0px !important;}&#8221;]<style type=\"text\/css\">#ut_fancy_image_69e7a3431aeb7 .ut-fancy-image figcaption h3 { color: #ffffff; }#ut_fancy_image_69e7a3431aeb7 .ut-fancy-image { background: #141618; }#ut_fancy_image_69e7a3431aeb7.ut-fancy-image-wrap { margin-bottom: 0px; }<\/style><div id=\"ut_fancy_image_69e7a3431aeb7\" class=\"ut-fancy-image-wrap \"><a target=\"_self\" href=\"https:\/\/balkan-history.org\/en\/points-of-contention\/\" ><figure class=\"ut-fancy-image\">\r\n        <img loading=\"lazy\" decoding=\"async\" data-adaptive-images=\"{&quot;300&quot;:&quot;https:\\\/\\\/balkan-history.org\\\/wp-content\\\/uploads\\\/2021\\\/08\\\/14.-Kontroverze-Header-Zatoc\\u030cenici-logora-Jasenovac-300x169.gif&quot;,&quot;500&quot;:&quot;https:\\\/\\\/balkan-history.org\\\/wp-content\\\/uploads\\\/2021\\\/08\\\/14.-Kontroverze-Header-Zatoc\\u030cenici-logora-Jasenovac-500x281.gif&quot;,&quot;750&quot;:&quot;https:\\\/\\\/balkan-history.org\\\/wp-content\\\/uploads\\\/2021\\\/08\\\/14.-Kontroverze-Header-Zatoc\\u030cenici-logora-Jasenovac-750x422.gif&quot;,&quot;1000&quot;:&quot;https:\\\/\\\/balkan-history.org\\\/wp-content\\\/uploads\\\/2021\\\/08\\\/14.-Kontroverze-Header-Zatoc\\u030cenici-logora-Jasenovac-1000x562.gif&quot;,&quot;1500&quot;:&quot;https:\\\/\\\/balkan-history.org\\\/wp-content\\\/uploads\\\/2021\\\/08\\\/14.-Kontroverze-Header-Zatoc\\u030cenici-logora-Jasenovac-1500x843.gif&quot;,&quot;2500&quot;:&quot;https:\\\/\\\/balkan-history.org\\\/wp-content\\\/uploads\\\/2021\\\/08\\\/14.-Kontroverze-Header-Zatoc\\u030cenici-logora-Jasenovac-2500x1406.gif&quot;}\" src=\"data:image\/svg+xml;charset=utf-8,%3Csvg xmlns%3D'http%3A%2F%2Fwww.w3.org%2F2000%2Fsvg' viewBox%3D'0 0 1500 843'%2F%3E\" width=\"1500\" height=\"843\" data-src=\"https:\/\/balkan-history.org\/wp-content\/uploads\/2021\/08\/14.-Kontroverze-Header-Zatoc\u030cenici-logora-Jasenovac-1500x843.gif\" data-image-id=\"1610\" class=\"ut-adaptive-image wp-post-image skip-lazy \">\r\n\r\n        <figcaption><h3>POINTS OF CONTENTION<\/h3><\/figcaption><\/figure><\/a><\/div>[\/vc_column][\/vc_row][vc_section css=&#8221;.vc_custom_1525220216628{background-color: #353234 !important;background-position: center !important;background-repeat: no-repeat !important;background-size: cover !important;}&#8221; el_name=&#8221;Social Section&#8221;][vc_row el_name=&#8221;Social Title&#8221;][vc_column]<div class=\"wpb_content_element \"><style type=\"text\/css\">#ut_header_69e7a343225e9 h2.section-title, #ut_header_69e7a343225e9 h2.section-title span { color:#ffffff; }#ut_header_69e7a343225e9 .lead { color:rgba(255, 255, 255, 0.5); }#ut_header_69e7a343225e9 .lead p { color:rgba(255, 255, 255, 0.5); }<\/style><header id=\"ut_header_69e7a343225e9\" class=\"section-header  ut-no-title-linebreak-mobile ut-no-lead-linebreak-mobile pt-style-7 header-center header-tablet-center header-mobile-center\"><h2 data-title=\"Follow us\"  data-responsive-font=\"section_title\" class=\"section-title  \"><span>Follow us<\/span><\/h2><div data-delay=\"0\" class=\"lead \"><p>Connect with us on social networks<\/p>\n<\/div><\/header><\/div><div class=\"wpb_content_element \"><style class=\"bklyn-inline-styles\" type=\"text\/css\">#ut_sf_69e7a34326856 li a i { color: rgba(204,173,143,0.5); }#ut_sf_69e7a34326856 li a:hover i { color: #ccad8f; }#ut_sf_69e7a34326856 li a:focus i { color: #ccad8f; }#ut_sf_69e7a34326856 { font-size: 30px; }<\/style><ul id=\"ut_sf_69e7a34326856\" class=\"ut-social-follow-module  ut-social-follow-module-center ut-social-follow-module-tablet-center ut-social-follow-module-mobile-center ut-social-follow-module-20\" data-settings=\"{&quot;animate&quot;:false,&quot;effect&quot;:&quot;&quot;,&quot;delay_animation&quot;:false,&quot;global_delay_animation&quot;:false,&quot;delay_timer&quot;:100,&quot;global_delay_timer&quot;:100}\"><li  class=\"ut-social-follow-0 ut-social-follow-icon-only \"><a class=\"ut-social-follow-link\" title=\"\" href=\"https:\/\/www.facebook.com\/Bleiburg-%C4%8Dinjenice-i-interpretacije-107580081471610\" target=\" _blank\" ><i class=\"fa fa-facebook-square\"><\/i><\/a><\/li><\/ul><\/div>[\/vc_column][\/vc_row][\/vc_section]<\/p>\n","protected":false},"excerpt":{"rendered":"<p>[vc_section css=&#8221;.vc_custom_1628860542178{padding-top: 40px !important;padding-bottom: 0px !important;background-color: #353234 !important;}&#8221;][vc_row][vc_column][vc_column_text] THE ESTABLISHMENT\u00a0 \u00a0 THE MAIN CAMPS [\/vc_column_text][\/vc_column][\/vc_row][\/vc_section][vc_section el_id=&#8221;theestablishment&#8221; css=&#8221;.vc_custom_1630433734612{padding-top: 0px !important;padding-bottom: 0px !important;background-color: rgba(189, 187, 187, 0.58) !important;*background-color: rgba(189,187, 187, 0.58) !important;}&#8221;][vc_row][vc_column][vc_empty_space][\/vc_column][\/vc_row][\/vc_section][vc_section el_name=&#8221;Text area&#8221; css=&#8221;.vc_custom_1628861801859{padding-bottom: 10px !important;background-color: rgba(189, 187, 187, 0.58) !important;*background-color: rgba(189,187, 187, 0.58) !important;}&#8221;][vc_row css=&#8221;.vc_custom_1630433716938{padding-top: 0px !important;}&#8221; el_name=&#8221;The establishment&#8221;][vc_column][vc_column_text] THE ESTABLISHMENT Immediately upon the establishment [&hellip;]<\/p>\n","protected":false},"author":1,"featured_media":0,"parent":0,"menu_order":0,"comment_status":"closed","ping_status":"closed","template":"","meta":{"footnotes":""},"class_list":["post-1786","page","type-page","status-publish","hentry"],"_links":{"self":[{"href":"https:\/\/balkan-history.org\/en\/wp-json\/wp\/v2\/pages\/1786","targetHints":{"allow":["GET"]}}],"collection":[{"href":"https:\/\/balkan-history.org\/en\/wp-json\/wp\/v2\/pages"}],"about":[{"href":"https:\/\/balkan-history.org\/en\/wp-json\/wp\/v2\/types\/page"}],"author":[{"embeddable":true,"href":"https:\/\/balkan-history.org\/en\/wp-json\/wp\/v2\/users\/1"}],"replies":[{"embeddable":true,"href":"https:\/\/balkan-history.org\/en\/wp-json\/wp\/v2\/comments?post=1786"}],"version-history":[{"count":7,"href":"https:\/\/balkan-history.org\/en\/wp-json\/wp\/v2\/pages\/1786\/revisions"}],"predecessor-version":[{"id":1809,"href":"https:\/\/balkan-history.org\/en\/wp-json\/wp\/v2\/pages\/1786\/revisions\/1809"}],"wp:attachment":[{"href":"https:\/\/balkan-history.org\/en\/wp-json\/wp\/v2\/media?parent=1786"}],"curies":[{"name":"wp","href":"https:\/\/api.w.org\/{rel}","templated":true}]}}