{"id":1966,"date":"2022-02-27T13:39:20","date_gmt":"2022-02-27T12:39:20","guid":{"rendered":"https:\/\/balkan-history.org\/why-did-the-camp-in-goli-otok-come-into-the-existence\/"},"modified":"2022-02-27T22:29:39","modified_gmt":"2022-02-27T21:29:39","slug":"why-did-the-camp-in-goli-otok-come-into-the-existence","status":"publish","type":"page","link":"https:\/\/balkan-history.org\/en\/why-did-the-camp-in-goli-otok-come-into-the-existence\/","title":{"rendered":"Why did the camp in Goli Otok come into the existence?"},"content":{"rendered":"<p>[vc_section css=&#8221;.vc_custom_1628860542178{padding-top: 40px !important;padding-bottom: 0px !important;background-color: #353234 !important;}&#8221;][vc_row][vc_column][vc_column_text]<\/p>\n<h6 style=\"text-align: center;\"><span style=\"color: #ffffff;\"><a style=\"color: #ffffff;\" href=\"#jugoslavija\">YUGOSLAVIA &#8211; &#8216;SOVIET SATELLITE NO.1&#8217;<\/a>\u00a0 \u00a0 <a style=\"color: #ffffff;\" href=\"#rezolucija\">THE COMINFORM RESOLUTION<\/a> \u00a0 <a style=\"color: #ffffff;\" href=\"#ibeovci\">IBEOVCI<\/a><\/span><\/h6>\n<p>[\/vc_column_text][\/vc_column][\/vc_row][\/vc_section][vc_section el_id=&#8221;jugoslavija&#8221; css=&#8221;.vc_custom_1645921622986{padding-top: 0px !important;padding-bottom: 0px !important;background-color: rgba(189, 187, 187, 0.58) !important;*background-color: rgba(189,187, 187, 0.58) !important;}&#8221;][vc_row][vc_column][vc_empty_space][\/vc_column][\/vc_row][\/vc_section][vc_section el_name=&#8221;Text area&#8221; css=&#8221;.vc_custom_1628861801859{padding-bottom: 10px !important;background-color: rgba(189, 187, 187, 0.58) !important;*background-color: rgba(189,187, 187, 0.58) !important;}&#8221;][vc_row css=&#8221;.vc_custom_1645921634173{padding-top: 0px !important;}&#8221; el_name=&#8221;Jugoslavija \u2013 \u201esovjetski satelit broj 1\u201c&#8221;][vc_column][vc_column_text]<\/p>\n<h3><strong>Yugoslavia \u2013 \u2018Soviet Satellite No. 1\u2019 <\/strong><\/h3>\n<p><img loading=\"lazy\" decoding=\"async\" class=\"alignleft wp-image-1347\" src=\"https:\/\/balkan-history.org\/wp-content\/uploads\/2021\/05\/point_big.png\" alt=\"\" width=\"15\" height=\"15\" \/><\/p>\n<p>Leading the victorious army in the Second World War, at the end of the war the Yugoslav communists also seized power in the newly created Yugoslav socialist federation. During the next few years, their main model in organising Yugoslavia\u2019s political, economic, and social life would be that of the Soviet Union. Although the communists would eventually take power in the remaining countries of Eastern Europe as well, it was Yugoslavia that acquired the nickname of \u2018Soviet Satellite No. 1\u2019, due to its rigour in copying the Soviet model.[\/vc_column_text][vc_column_text css=&#8221;.vc_custom_1645921686096{margin-bottom: 0px !important;border-bottom-width: 0px !important;padding-bottom: 0px !important;}&#8221;]<img loading=\"lazy\" decoding=\"async\" class=\"alignnone wp-image-1860\" src=\"https:\/\/balkan-history.org\/wp-content\/uploads\/2022\/02\/F1-Tito-Staljin-04.jpg\" alt=\"\" width=\"640\" height=\"497\" \/>[\/vc_column_text][vc_column_text css=&#8221;.vc_custom_1645965685272{margin-top: -5px !important;border-top-width: 0px !important;padding-top: 0px !important;}&#8221;]<em>Images of Stalin and Tito on Yugoslav streets before the Cominform resolution<\/em>[\/vc_column_text][vc_column_text]<img loading=\"lazy\" decoding=\"async\" class=\"alignleft wp-image-1347\" src=\"https:\/\/balkan-history.org\/wp-content\/uploads\/2021\/05\/point_big.png\" alt=\"\" width=\"15\" height=\"15\" \/><\/p>\n<p>This state of affairs did not continue for long. While the war was still on, it was already clear that the Yugoslav antifascist resistance movement, the largest and best organised in Europe, would secure for the Yugoslav communists a position in society different from that occupied by their counterparts in the countries liberated by the Red Army. A unique position would come to be occupied by Josip Broz Tito as well, the leader of the Communist Party of Yugoslavia and the victorious Partisan movement. A strong cult of personality began to be constructed around Tito already during the war, which continued after the liberation.[\/vc_column_text][\/vc_column][\/vc_row][\/vc_section][vc_section el_id=&#8221;rezolucija&#8221; css=&#8221;.vc_custom_1645921795287{padding-top: 20px !important;}&#8221;][vc_row css=&#8221;.vc_custom_1628861699483{padding-top: 0px !important;padding-bottom: 0px !important;}&#8221;][vc_column][vc_empty_space][\/vc_column][\/vc_row][\/vc_section][vc_section el_name=&#8221;Text area&#8221; css=&#8221;.vc_custom_1645922923085{padding-bottom: 0px !important;}&#8221;][vc_row css=&#8221;.vc_custom_1645921807454{padding-top: 0px !important;}&#8221; el_name=&#8221;Rezolucija Informbiroa&#8221;][vc_column][vc_row_inner][vc_column_inner][vc_column_text]<\/p>\n<h3><strong>The Cominform Resolution<\/strong><\/h3>\n<h3><img loading=\"lazy\" decoding=\"async\" class=\"alignleft wp-image-1347\" src=\"https:\/\/balkan-history.org\/wp-content\/uploads\/2021\/05\/point_big.png\" alt=\"\" width=\"15\" height=\"15\" \/><\/h3>\n<p>Official Moscow\u2019s disapproval of Belgrade\u2019s appetites in foreign policy, especially regarding the issue of the need for creating the so-called Balkan Federation, as well as Stalin\u2019s increasingly pronounced animosity toward Tito, resulted in frequent critiques of Yugoslavia\u2019s Communist Party and state leadership. The decisive moment that would shape the future Yugoslav-Soviet relations was a resolution of the Cominform, the body that the Communist Party of the USSR used to control all the communist parties of Europe, adopted in June 1948.[\/vc_column_text][vc_column_text css=&#8221;.vc_custom_1645921883217{margin-bottom: 0px !important;border-bottom-width: 0px !important;padding-bottom: 0px !important;}&#8221;]<img loading=\"lazy\" decoding=\"async\" class=\"alignnone wp-image-1866\" src=\"https:\/\/balkan-history.org\/wp-content\/uploads\/2022\/02\/F2-TITO-STALJIN-KARIKATURA-02-448x433.jpg\" alt=\"\" width=\"640\" height=\"844\" \/>[\/vc_column_text][vc_column_text css=&#8221;.vc_custom_1645965797922{margin-top: -5px !important;border-top-width: 0px !important;padding-top: 0px !important;}&#8221;]<em>The rift between Stalin and Tito in Western media<\/em>[\/vc_column_text][vc_column_text]<\/p>\n<h3><img loading=\"lazy\" decoding=\"async\" class=\"alignleft wp-image-1347\" src=\"https:\/\/balkan-history.org\/wp-content\/uploads\/2021\/05\/point_big.png\" alt=\"\" width=\"15\" height=\"15\" \/><\/h3>\n<p>In the Resolution, Yugoslavia was accused of betraying basic communist principles as well as committing numerous errors in its internal and foreign policy. To everyone\u2019s surprise, Tito and Yugoslavia did not accept the criticism, but instead denounced this attack by the members of the Cominform as inaccurate and unfair. Despite the fact that the Yugoslav economy at the time depended for the most part precisely on cooperation and exchange with the USSR and other communist states and that its relations with the West were quite poor in every respect, the Yugoslav leadership with Tito at the helm chose to resist.[\/vc_column_text][\/vc_column_inner][\/vc_row_inner][\/vc_column][\/vc_row][\/vc_section][vc_section el_id=&#8221;ibeovci&#8221; css=&#8221;.vc_custom_1645922531561{padding-top: 20px !important;background-color: rgba(189, 187, 187, 0.58) !important;*background-color: rgba(189,187, 187, 0.58) !important;}&#8221;][vc_row css=&#8221;.vc_custom_1628861699483{padding-top: 0px !important;padding-bottom: 0px !important;}&#8221;][vc_column][vc_empty_space][\/vc_column][\/vc_row][\/vc_section][vc_section el_name=&#8221;Text area&#8221; css=&#8221;.vc_custom_1645922610971{padding-top: 0px !important;background-color: rgba(189, 187, 187, 0.58) !important;*background-color: rgba(189,187, 187, 0.58) !important;}&#8221;][vc_row css=&#8221;.vc_custom_1645922278755{padding-top: 0px !important;}&#8221; el_name=&#8221;Ibeovci&#8221;][vc_column][vc_row_inner][vc_column_inner][vc_column_text]<\/p>\n<h3><strong>\u201eIbeovci\u201c<\/strong><\/h3>\n<h3><img loading=\"lazy\" decoding=\"async\" class=\"alignleft wp-image-1347\" src=\"https:\/\/balkan-history.org\/wp-content\/uploads\/2021\/05\/point_big.png\" alt=\"\" width=\"15\" height=\"15\" \/><\/h3>\n<p>In addition to the consequences brought on by the severance of diplomatic, economic, cultural, sport, and other relations, the newly emerging situation also constituted a threat to the sovereignty and integrity of Yugoslavia. The accumulation of armed forces and frequent skirmishes on Yugoslavia\u2019s borders were viewed by many as a step toward a military aggression against the country. With that in mind, those Yugoslav communists who continued to believe in the infallibility of the Soviet Union and Stalin were regarded as a significant source of instability. Such individuals could be found on all levels of politics and government, from the lowest-ranking local officials to some of the main decision-makers in the federal government and those of individual constituent republics. A particular problem concerned communists in the echelons of the Yugoslav Army (<em>Jugoslovenska armija, JA<\/em>), especially those who occupied high commanding positions. That these fears were not entirely unjustified, in other words, that this was not just a bout of irrational paranoia and a tendentious conspiracy theory is suggested by the fact that during the summer of 1948 several high-ranking army officers were involved in a plot to stage a coup d\u2019\u00e9tat. The so-called Generals\u2019 Plot involved the then chief of the general staff of the Yugoslav Army, Arso Jovanovi\u0107; assistant director of the Main Political Bureau of the Yugoslav Army, general Branko Petri\u010devi\u0107; and head of the Yugoslav Army\u2019s Agitation and Propaganda Bureau, colonel Vlado Dap\u010devi\u0107. When their activities against the state were thwarted, the three officers tried to defect to Romania. In that attempt, Jovanovi\u0107 was killed at the border, whereas Dap\u010devi\u0107 and Petri\u010devi\u0107 were arrested and sentenced to long prison terms.[\/vc_column_text][vc_column_text css=&#8221;.vc_custom_1645922400982{margin-bottom: 0px !important;border-bottom-width: 0px !important;padding-bottom: 0px !important;}&#8221;]<img loading=\"lazy\" decoding=\"async\" class=\"alignnone wp-image-1887\" src=\"https:\/\/balkan-history.org\/wp-content\/uploads\/2022\/02\/F3-DAPC\u030cEVIC\u0301-650x433.jpg\" alt=\"\" width=\"640\" height=\"693\" srcset=\"https:\/\/balkan-history.org\/wp-content\/uploads\/2022\/02\/F3-DAPC\u030cEVIC\u0301-768x831.jpg 768w, https:\/\/balkan-history.org\/wp-content\/uploads\/2022\/02\/F3-DAPC\u030cEVIC\u0301-1419x1536.jpg 1419w, https:\/\/balkan-history.org\/wp-content\/uploads\/2022\/02\/F3-DAPC\u030cEVIC\u0301-1892x2048.jpg 1892w, https:\/\/balkan-history.org\/wp-content\/uploads\/2022\/02\/F3-DAPC\u030cEVIC\u0301-665x720.jpg 665w, https:\/\/balkan-history.org\/wp-content\/uploads\/2022\/02\/F3-DAPC\u030cEVIC\u0301.jpg 1920w\" sizes=\"auto, (max-width: 640px) 100vw, 640px\" \/>[\/vc_column_text][vc_column_text css=&#8221;.vc_custom_1645965910000{margin-top: -5px !important;border-top-width: 0px !important;padding-top: 0px !important;}&#8221;]<em>Vlado Dap\u010devi\u0107, a Partisan commander and officer of the Yugoslav Army<\/em>[\/vc_column_text][vc_column_text]<\/p>\n<h3><img loading=\"lazy\" decoding=\"async\" class=\"alignleft wp-image-1347\" src=\"https:\/\/balkan-history.org\/wp-content\/uploads\/2021\/05\/point_big.png\" alt=\"\" width=\"15\" height=\"15\" \/><\/h3>\n<p>A later police reports reads: \u2018The Cominform Resolution was endorsed by 9 former participants in the October Revolution, 25 veterans from the Spanish Civil War, 233 pre-war members of the Communist Party of Yugoslavia, 8 members of the Central Committee of the Communist Party of Yugoslavia, 16 members of state Central Committees, 6 federal ministers, 23 representatives in the federal Assembly of Yugoslavia, 25 representatives in state assemblies, 6 generals, 170 senior officers of the Yugoslav Army, 266 officers of the <em>UDB <\/em>[<em>Uprava dr\u017eavne bezbednosti<\/em> \u2013 <em>State Security Administration<\/em>, the secret police organisation of communist Yugoslavia), 170 judges, 1,307 holders of the 1941 Partisans\u2019 Commemorative Medal, 587 disabled war veterans, etc.\u2019.<\/p>\n<p>These developments in the country, that is, the confusion sown among the Yugoslav communists by the Resolution of the Cominform, as well as increasingly open hostility from the communist states of Eastern Europe were taken by the Yugoslav authorities as a warning and incentive to act. To deal with this potential threat coming from the \u2018domestic enemy\u2019, the government decided to incarcerate the \u2018Stalinists\u2019 (<em>staljinisti<\/em>), \u2018Cominformers\u2019 (<em>informbiroovci<\/em>), or \u2018IBers\u2019 (<em>ibeovci<\/em>) in the country\u2019s existing prison facilities and then in a special penitentiary as well, that is, a prison camp established specifically for that purpose on the island of Goli Otok.[\/vc_column_text][\/vc_column_inner][\/vc_row_inner][\/vc_column][\/vc_row][\/vc_section][vc_row full_width=&#8221;stretch_row_content_no_spaces&#8221; el_name=&#8221;Obradene teme&#8221; css=&#8221;.vc_custom_1619732500987{margin-top: 0px !important;}&#8221;][vc_column width=&#8221;1\/3&#8243; css=&#8221;.vc_custom_1525096300190{margin-bottom: 0px !important;}&#8221;]<style type=\"text\/css\">#ut_fancy_image_69e79d9453760 .ut-fancy-image figcaption h3 { color: #ffffff; }#ut_fancy_image_69e79d9453760 .ut-fancy-image { background: #141618; }#ut_fancy_image_69e79d9453760.ut-fancy-image-wrap { margin-bottom: 0px; }<\/style><div id=\"ut_fancy_image_69e79d9453760\" class=\"ut-fancy-image-wrap \"><a target=\"_self\" href=\"https:\/\/balkan-history.org\/en\/goli-otok\/\" ><figure class=\"ut-fancy-image\">\r\n        <img loading=\"lazy\" decoding=\"async\" data-adaptive-images=\"{&quot;300&quot;:&quot;https:\\\/\\\/balkan-history.org\\\/wp-content\\\/uploads\\\/2022\\\/02\\\/Goli-Otok-Glavna-BW-300x169.jpg&quot;,&quot;500&quot;:&quot;https:\\\/\\\/balkan-history.org\\\/wp-content\\\/uploads\\\/2022\\\/02\\\/Goli-Otok-Glavna-BW-500x281.jpg&quot;,&quot;750&quot;:&quot;https:\\\/\\\/balkan-history.org\\\/wp-content\\\/uploads\\\/2022\\\/02\\\/Goli-Otok-Glavna-BW-750x422.jpg&quot;,&quot;1000&quot;:&quot;https:\\\/\\\/balkan-history.org\\\/wp-content\\\/uploads\\\/2022\\\/02\\\/Goli-Otok-Glavna-BW-1000x562.jpg&quot;,&quot;1500&quot;:&quot;https:\\\/\\\/balkan-history.org\\\/wp-content\\\/uploads\\\/2022\\\/02\\\/Goli-Otok-Glavna-BW-1500x843.jpg&quot;,&quot;2500&quot;:&quot;https:\\\/\\\/balkan-history.org\\\/wp-content\\\/uploads\\\/2022\\\/02\\\/Goli-Otok-Glavna-BW-2500x1406.jpg&quot;}\" src=\"data:image\/svg+xml;charset=utf-8,%3Csvg xmlns%3D'http%3A%2F%2Fwww.w3.org%2F2000%2Fsvg' viewBox%3D'0 0 1500 843'%2F%3E\" width=\"1500\" height=\"843\" data-src=\"https:\/\/balkan-history.org\/wp-content\/uploads\/2022\/02\/Goli-Otok-Glavna-BW-1500x843.jpg\" data-image-id=\"1834\" class=\"ut-adaptive-image wp-post-image skip-lazy \">\r\n\r\n        <figcaption><h3>GOLI OTOK<\/h3><\/figcaption><\/figure><\/a><\/div>[\/vc_column][vc_column width=&#8221;1\/3&#8243;]<style type=\"text\/css\">#ut_fancy_image_69e79d9459826 .ut-fancy-image figcaption h3 { color: #ffffff; }#ut_fancy_image_69e79d9459826 .ut-fancy-image { background: #141618; }#ut_fancy_image_69e79d9459826.ut-fancy-image-wrap { margin-bottom: 0px; }<\/style><div id=\"ut_fancy_image_69e79d9459826\" class=\"ut-fancy-image-wrap \"><a target=\"_self\" href=\"https:\/\/balkan-history.org\/en\/goli-otok-prison-camp\/\" ><figure class=\"ut-fancy-image\">\r\n        <img loading=\"lazy\" decoding=\"async\" data-adaptive-images=\"{&quot;300&quot;:&quot;https:\\\/\\\/balkan-history.org\\\/wp-content\\\/uploads\\\/2022\\\/02\\\/PRISTANIS\\u030cTE-POGLAVLJE-2-300x169.jpg&quot;,&quot;500&quot;:&quot;https:\\\/\\\/balkan-history.org\\\/wp-content\\\/uploads\\\/2022\\\/02\\\/PRISTANIS\\u030cTE-POGLAVLJE-2-500x281.jpg&quot;,&quot;750&quot;:&quot;https:\\\/\\\/balkan-history.org\\\/wp-content\\\/uploads\\\/2022\\\/02\\\/PRISTANIS\\u030cTE-POGLAVLJE-2-750x422.jpg&quot;,&quot;1000&quot;:&quot;https:\\\/\\\/balkan-history.org\\\/wp-content\\\/uploads\\\/2022\\\/02\\\/PRISTANIS\\u030cTE-POGLAVLJE-2-1000x562.jpg&quot;,&quot;1500&quot;:&quot;https:\\\/\\\/balkan-history.org\\\/wp-content\\\/uploads\\\/2022\\\/02\\\/PRISTANIS\\u030cTE-POGLAVLJE-2-1500x843.jpg&quot;,&quot;2500&quot;:&quot;https:\\\/\\\/balkan-history.org\\\/wp-content\\\/uploads\\\/2022\\\/02\\\/PRISTANIS\\u030cTE-POGLAVLJE-2-2500x1406.jpg&quot;}\" src=\"data:image\/svg+xml;charset=utf-8,%3Csvg xmlns%3D'http%3A%2F%2Fwww.w3.org%2F2000%2Fsvg' viewBox%3D'0 0 1500 843'%2F%3E\" width=\"1500\" height=\"843\" data-src=\"https:\/\/balkan-history.org\/wp-content\/uploads\/2022\/02\/PRISTANIS\u030cTE-POGLAVLJE-2-1500x843.jpg\" data-image-id=\"1841\" class=\"ut-adaptive-image wp-post-image skip-lazy \">\r\n\r\n        <figcaption><h3>GOLI OTOK PRISON CAMP<\/h3><\/figcaption><\/figure><\/a><\/div>[\/vc_column][vc_column width=&#8221;1\/3&#8243; css=&#8221;.vc_custom_1525096293340{margin-bottom: 0px !important;}&#8221;]<style type=\"text\/css\">#ut_fancy_image_69e79d9467e4a .ut-fancy-image figcaption h3 { color: #ffffff; }#ut_fancy_image_69e79d9467e4a .ut-fancy-image { background: #141618; }#ut_fancy_image_69e79d9467e4a.ut-fancy-image-wrap { margin-bottom: 0px; }<\/style><div id=\"ut_fancy_image_69e79d9467e4a\" class=\"ut-fancy-image-wrap \"><a target=\"_self\" href=\"https:\/\/balkan-history.org\/en\/goli-otok-yugoslavias-best-kept-secret\/\" ><figure class=\"ut-fancy-image\">\r\n        <img loading=\"lazy\" decoding=\"async\" data-adaptive-images=\"{&quot;300&quot;:&quot;https:\\\/\\\/balkan-history.org\\\/wp-content\\\/uploads\\\/2022\\\/02\\\/Rus\\u030cevine-300x169.jpg&quot;,&quot;500&quot;:&quot;https:\\\/\\\/balkan-history.org\\\/wp-content\\\/uploads\\\/2022\\\/02\\\/Rus\\u030cevine-500x281.jpg&quot;,&quot;750&quot;:&quot;https:\\\/\\\/balkan-history.org\\\/wp-content\\\/uploads\\\/2022\\\/02\\\/Rus\\u030cevine-750x422.jpg&quot;,&quot;1000&quot;:&quot;https:\\\/\\\/balkan-history.org\\\/wp-content\\\/uploads\\\/2022\\\/02\\\/Rus\\u030cevine-1000x562.jpg&quot;,&quot;1500&quot;:&quot;https:\\\/\\\/balkan-history.org\\\/wp-content\\\/uploads\\\/2022\\\/02\\\/Rus\\u030cevine-1500x843.jpg&quot;,&quot;2500&quot;:&quot;https:\\\/\\\/balkan-history.org\\\/wp-content\\\/uploads\\\/2022\\\/02\\\/Rus\\u030cevine-2500x1406.jpg&quot;}\" src=\"data:image\/svg+xml;charset=utf-8,%3Csvg xmlns%3D'http%3A%2F%2Fwww.w3.org%2F2000%2Fsvg' viewBox%3D'0 0 1500 843'%2F%3E\" width=\"1500\" height=\"843\" data-src=\"https:\/\/balkan-history.org\/wp-content\/uploads\/2022\/02\/Rus\u030cevine-1500x843.jpg\" data-image-id=\"1845\" class=\"ut-adaptive-image wp-post-image skip-lazy \">\r\n\r\n        <figcaption><h3>GOLI OTOK \u2013 YUGOSLAVIA\u2019S BEST KEPT SECRET<\/h3><\/figcaption><\/figure><\/a><\/div>[\/vc_column][\/vc_row][vc_section css=&#8221;.vc_custom_1525220216628{background-color: #353234 !important;background-position: center !important;background-repeat: no-repeat !important;background-size: cover !important;}&#8221; el_name=&#8221;Social Section&#8221;][vc_row el_name=&#8221;Social Title&#8221;][vc_column]<div class=\"wpb_content_element \"><style type=\"text\/css\">#ut_header_69e79d947012b h2.section-title, #ut_header_69e79d947012b h2.section-title span { color:#ffffff; }#ut_header_69e79d947012b h2.section-title { font-size:50px !important;letter-spacing:-0.02em; }#ut_header_69e79d947012b .lead { color:rgba(255, 255, 255, 0.5); }#ut_header_69e79d947012b .lead p { color:rgba(255, 255, 255, 0.5); }<\/style><header id=\"ut_header_69e79d947012b\" class=\"section-header  ut-no-title-linebreak-mobile ut-no-lead-linebreak-mobile pt-style-7 header-center header-tablet-center header-mobile-center\"><h2 data-title=\"Let's connect\"  data-responsive-font=\"section_title\" data-responsive-font-settings=\"{&quot;base-font-size&quot;:&quot;global&quot;,&quot;font-size&quot;:{&quot;desktop_large&quot;:&quot;50&quot;},&quot;base-line-height&quot;:&quot;global&quot;,&quot;base-letter-spacing&quot;:&quot;global&quot;,&quot;letter-spacing&quot;:{&quot;desktop_large&quot;:&quot;-0.02&quot;}}\" class=\"section-title  \"><span>Let's connect<\/span><\/h2><div data-delay=\"0\" class=\"lead \"><p>Connect with us on social networks<\/p>\n<\/div><\/header><\/div><div class=\"wpb_content_element \"><style class=\"bklyn-inline-styles\" type=\"text\/css\">#ut_sf_69e79d947cc49 li a i { color: rgba(204,173,143,0.5); }#ut_sf_69e79d947cc49 li a:hover i { color: #ccad8f; }#ut_sf_69e79d947cc49 li a:focus i { color: #ccad8f; }#ut_sf_69e79d947cc49 { font-size: 30px; }<\/style><ul id=\"ut_sf_69e79d947cc49\" class=\"ut-social-follow-module  ut-social-follow-module-center ut-social-follow-module-tablet-center ut-social-follow-module-mobile-center ut-social-follow-module-20\" data-settings=\"{&quot;animate&quot;:false,&quot;effect&quot;:&quot;&quot;,&quot;delay_animation&quot;:false,&quot;global_delay_animation&quot;:false,&quot;delay_timer&quot;:100,&quot;global_delay_timer&quot;:100}\"><li  class=\"ut-social-follow-0 ut-social-follow-icon-only \"><a class=\"ut-social-follow-link\" title=\"\" href=\"https:\/\/www.facebook.com\/Bleiburg-%C4%8Dinjenice-i-interpretacije-107580081471610\" target=\" _blank\" ><i class=\"fa fa-facebook-square\"><\/i><\/a><\/li><\/ul><\/div>[\/vc_column][\/vc_row][\/vc_section]<\/p>\n","protected":false},"excerpt":{"rendered":"<p>[vc_section css=&#8221;.vc_custom_1628860542178{padding-top: 40px !important;padding-bottom: 0px !important;background-color: #353234 !important;}&#8221;][vc_row][vc_column][vc_column_text] YUGOSLAVIA &#8211; &#8216;SOVIET SATELLITE NO.1&#8217;\u00a0 \u00a0 THE COMINFORM RESOLUTION \u00a0 IBEOVCI [\/vc_column_text][\/vc_column][\/vc_row][\/vc_section][vc_section el_id=&#8221;jugoslavija&#8221; css=&#8221;.vc_custom_1645921622986{padding-top: 0px !important;padding-bottom: 0px !important;background-color: rgba(189, 187, 187, 0.58) !important;*background-color: rgba(189,187, 187, 0.58) !important;}&#8221;][vc_row][vc_column][vc_empty_space][\/vc_column][\/vc_row][\/vc_section][vc_section el_name=&#8221;Text area&#8221; css=&#8221;.vc_custom_1628861801859{padding-bottom: 10px !important;background-color: rgba(189, 187, 187, 0.58) !important;*background-color: rgba(189,187, 187, 0.58) !important;}&#8221;][vc_row css=&#8221;.vc_custom_1645921634173{padding-top: 0px !important;}&#8221; el_name=&#8221;Jugoslavija \u2013 \u201esovjetski [&hellip;]<\/p>\n","protected":false},"author":1,"featured_media":0,"parent":0,"menu_order":0,"comment_status":"closed","ping_status":"closed","template":"","meta":{"footnotes":""},"class_list":["post-1966","page","type-page","status-publish","hentry"],"_links":{"self":[{"href":"https:\/\/balkan-history.org\/en\/wp-json\/wp\/v2\/pages\/1966","targetHints":{"allow":["GET"]}}],"collection":[{"href":"https:\/\/balkan-history.org\/en\/wp-json\/wp\/v2\/pages"}],"about":[{"href":"https:\/\/balkan-history.org\/en\/wp-json\/wp\/v2\/types\/page"}],"author":[{"embeddable":true,"href":"https:\/\/balkan-history.org\/en\/wp-json\/wp\/v2\/users\/1"}],"replies":[{"embeddable":true,"href":"https:\/\/balkan-history.org\/en\/wp-json\/wp\/v2\/comments?post=1966"}],"version-history":[{"count":4,"href":"https:\/\/balkan-history.org\/en\/wp-json\/wp\/v2\/pages\/1966\/revisions"}],"predecessor-version":[{"id":1986,"href":"https:\/\/balkan-history.org\/en\/wp-json\/wp\/v2\/pages\/1966\/revisions\/1986"}],"wp:attachment":[{"href":"https:\/\/balkan-history.org\/en\/wp-json\/wp\/v2\/media?parent=1966"}],"curies":[{"name":"wp","href":"https:\/\/api.w.org\/{rel}","templated":true}]}}