{"id":2240,"date":"2022-10-27T21:19:03","date_gmt":"2022-10-27T19:19:03","guid":{"rendered":"https:\/\/balkan-history.org\/the-chetniks-before-the-second-world-war\/"},"modified":"2022-11-15T15:09:04","modified_gmt":"2022-11-15T14:09:04","slug":"the-chetniks-before-the-second-world-war","status":"publish","type":"page","link":"https:\/\/balkan-history.org\/en\/the-chetniks-before-the-second-world-war\/","title":{"rendered":"The Chetniks before the Second World War"},"content":{"rendered":"<p>[vc_section el_name=&#8221;Text area&#8221; css=&#8221;.vc_custom_1628861801859{padding-bottom: 10px !important;background-color: rgba(189, 187, 187, 0.58) !important;*background-color: rgba(189,187, 187, 0.58) !important;}&#8221;][vc_row css=&#8221;.vc_custom_1666870684700{padding-top: 0px !important;}&#8221; el_name=&#8221;\u010cETNICI PRIJE DRUGOG SVJETSKOG RATA&#8221;][vc_column][vc_column_text]<\/p>\n<h3><strong>The Chetniks before the Second World War<\/strong><\/h3>\n<p><img loading=\"lazy\" decoding=\"async\" class=\"alignleft wp-image-1347\" src=\"https:\/\/balkan-history.org\/wp-content\/uploads\/2021\/05\/point_big.png\" alt=\"\" width=\"15\" height=\"15\" \/><\/p>\n<p>The word <em>\u010detnik\/\u0447\u0435\u0442\u043d\u0438\u043a <\/em>denotes a member of a <em>\u010deta\/\u0447\u0435\u0442\u0430, <\/em>i.e. a small armed formation. The term came into use in Serbia under Ottoman rule, as a designation for various bands of outlaws who engaged in <em>\u010detovanje\/\u0447\u0435\u0442\u043e\u0432\u0430\u045a\u0435<\/em>, i.e. guerrilla acts in opposition to the repressive policies of local Turkish strongmen. Alongside <em>\u010detnik\/\u0447\u0435\u0442\u043d\u0438\u043a <\/em>and <em>\u010detovanje\/\u0447\u0435\u0442\u043e\u0432\u0430\u045a\u0435<\/em>, the terms <em>hajduk\/\u0445\u0430\u0458\u0434\u0443\u043a <\/em>and <em>hajdu\u010dija\/\u0445\u0430\u0458\u0434\u0443\u0447\u0438\u0458\u0430 <\/em>were also commonly used with the same meanings. At the beginning of the 20<sup>th<\/sup> century, Chetnik guerrilla bands were formed in what is now North Macedonia, organised, equipped, and financed for the most part by the neighbouring Kingdom of Serbia. Their aim was to liberate Macedonia from Ottoman rule and then unite it with Serbia. Chetnik forces, under the command of the Serbian army, played an important role in the Balkan Wars and then in the First World War as well. Following the formation of the Kingdom of Serbs, Croats, and Slovenes, that is, Yugoslavia, Chetnik veterans in Belgrade founded the \u201cAssociation of Chetniks for Freedom and Honour of the Fatherland\u201d (<em>\u0423\u0434\u0440\u0443\u0436\u0435\u045a\u0435 \u0447\u0435\u0442\u043d\u0438\u043a\u0430 \u0437\u0430 \u0441\u043b\u043e\u0431\u043e\u0434\u0443 \u0438 \u0447\u0430\u0441\u0442 \u041e\u0442\u0430\u045f\u0431\u0438\u043d\u0435 \/ Udru\u017eenje \u010detnika za slobodu i \u010dast Otad\u017ebine<\/em>) as a leading Serbian patriotic group. In 1925 the Association was renamed \u201cPetar Mrkonji\u0107 Association of Serbian Chetniks for the King and Fatherland\u201d (<em>\u0423\u0434\u0440\u0443\u0436\u0435\u045a\u0435 \u0441\u0440\u043f\u0441\u043a\u0438\u0445 \u0447\u0435\u0442\u043d\u0438\u043a\u0430 \u201e\u041f\u0435\u0442\u0430\u0440 \u041c\u0440\u043a\u043e\u045a\u0438\u045b\u201c \u0437\u0430 \u041a\u0440\u0430\u0459\u0430 \u0438 \u041e\u0442\u0430\u045f\u0431\u0438\u043d\u0443 \/ Udru\u017eenje srpskih \u010detnika \u201ePetar Mrkonji\u0107\u201c za Kralja i Otad\u017ebinu<\/em>) and brought under the control of the Radical Party. This association was chaired by Puni\u0161a Ra\u010di\u0107 (\u041f\u0443\u043d\u0438\u0448\u0430 \u0420\u0430\u0447\u0438\u045b), the man who in 1927 shot and killed several Croatian Peasant Party representatives in the parliament in Belgrade. The best-known leaders of Chetnik organisations during the 1930s were Ilija Trifunovi\u0107 Bir\u010danin (\u0418\u043b\u0438\u0458\u0430 \u0422\u0440\u0438\u0444\u0443\u043d\u043e\u0432\u0438\u045b \u0411\u0438\u0440\u0447\u0430\u043d\u0438\u043d) and Kosta Milovanovi\u0107 Pe\u0107anac (\u041a\u043e\u0441\u0442\u0430 \u041c\u0438\u043b\u043e\u0432\u0430\u043d\u043e\u0432\u0438\u045b \u041f\u0435\u045b\u0430\u043d\u0430\u0446). The Chetnik associations in the Kingdom of Yugoslavia were known for their anti-democratic, anti-communist, and anti-liberal views, while their ideology was Serbian nationalism. In April 1940 the Yugoslav government established a Chetnik Command, charged with commanding the Chetnik battalions of the Royal Yugoslav Army as its auxiliary units. Following the invasion of Yugoslavia and the brief war of April 1941, the Yugoslav Army and its Chetnik Command surrendered to the Germans.[\/vc_column_text][vc_column_text css=&#8221;.vc_custom_1666870311260{margin-bottom: 0px !important;border-bottom-width: 0px !important;padding-bottom: 0px !important;}&#8221;]<img loading=\"lazy\" decoding=\"async\" class=\"alignnone wp-image-2107\" src=\"https:\/\/balkan-history.org\/wp-content\/uploads\/2022\/10\/Punisa_Racic.jpg\" alt=\"\" width=\"640\" height=\"900\" \/>[\/vc_column_text][vc_column_text css=&#8221;.vc_custom_1668521320544{margin-top: -5px !important;border-top-width: 0px !important;padding-top: 0px !important;}&#8221;]<em>Image \u2013 Puni\u0161a Ra\u010di\u0107<\/em>[\/vc_column_text][vc_column_text css=&#8221;.vc_custom_1666870423985{margin-bottom: 0px !important;border-bottom-width: 0px !important;padding-bottom: 0px !important;}&#8221;]<img loading=\"lazy\" decoding=\"async\" class=\"alignnone wp-image-2111\" src=\"https:\/\/balkan-history.org\/wp-content\/uploads\/2022\/10\/Kosta_Pec\u0301anac_portrait.jpg\" alt=\"\" width=\"640\" height=\"908\" \/>[\/vc_column_text][vc_column_text css=&#8221;.vc_custom_1668521343098{margin-top: -5px !important;border-top-width: 0px !important;padding-top: 0px !important;}&#8221;]<em>Image \u2013 Kosta Pe\u0107anac<\/em>[\/vc_column_text][\/vc_column][\/vc_row][\/vc_section][vc_row full_width=&#8221;stretch_row_content_no_spaces&#8221; el_name=&#8221;Obradene teme&#8221; css=&#8221;.vc_custom_1619732500987{margin-top: 0px !important;}&#8221;][vc_column width=&#8221;1\/4&#8243; css=&#8221;.vc_custom_1525096300190{margin-bottom: 0px !important;}&#8221;]<style type=\"text\/css\">#ut_fancy_image_69e7a203e2e59 .ut-fancy-image figcaption h3 { color: #ffffff; }#ut_fancy_image_69e7a203e2e59 .ut-fancy-image { background: #141618; }#ut_fancy_image_69e7a203e2e59.ut-fancy-image-wrap { margin-bottom: 0px; }<\/style><div id=\"ut_fancy_image_69e7a203e2e59\" class=\"ut-fancy-image-wrap \"><a target=\"_self\" href=\"https:\/\/balkan-history.org\/en\/the-chetniks-before-the-second-world-war\/\" ><figure class=\"ut-fancy-image\">\r\n        <img loading=\"lazy\" decoding=\"async\" data-adaptive-images=\"{&quot;300&quot;:&quot;https:\\\/\\\/balkan-history.org\\\/wp-content\\\/uploads\\\/2022\\\/10\\\/C\\u030cetnici-Zastava-300x169.jpg&quot;,&quot;500&quot;:&quot;https:\\\/\\\/balkan-history.org\\\/wp-content\\\/uploads\\\/2022\\\/10\\\/C\\u030cetnici-Zastava-500x281.jpg&quot;,&quot;750&quot;:&quot;https:\\\/\\\/balkan-history.org\\\/wp-content\\\/uploads\\\/2022\\\/10\\\/C\\u030cetnici-Zastava-750x422.jpg&quot;,&quot;1000&quot;:&quot;https:\\\/\\\/balkan-history.org\\\/wp-content\\\/uploads\\\/2022\\\/10\\\/C\\u030cetnici-Zastava-1000x562.jpg&quot;,&quot;1500&quot;:&quot;https:\\\/\\\/balkan-history.org\\\/wp-content\\\/uploads\\\/2022\\\/10\\\/C\\u030cetnici-Zastava-1500x843.jpg&quot;,&quot;2500&quot;:&quot;https:\\\/\\\/balkan-history.org\\\/wp-content\\\/uploads\\\/2022\\\/10\\\/C\\u030cetnici-Zastava-2500x1406.jpg&quot;}\" src=\"data:image\/svg+xml;charset=utf-8,%3Csvg xmlns%3D'http%3A%2F%2Fwww.w3.org%2F2000%2Fsvg' viewBox%3D'0 0 1500 843'%2F%3E\" width=\"1500\" height=\"843\" data-src=\"https:\/\/balkan-history.org\/wp-content\/uploads\/2022\/10\/C\u030cetnici-Zastava-1500x843.jpg\" data-image-id=\"2134\" class=\"ut-adaptive-image wp-post-image skip-lazy \">\r\n\r\n        <figcaption><h3>THE CHETNIKS BEFORE THE SECOND WORLD WAR<\/h3><\/figcaption><\/figure><\/a><\/div>[\/vc_column][vc_column width=&#8221;1\/4&#8243;]<style type=\"text\/css\">#ut_fancy_image_69e7a203ea92f .ut-fancy-image figcaption h3 { color: #ffffff; }#ut_fancy_image_69e7a203ea92f .ut-fancy-image { background: #141618; }#ut_fancy_image_69e7a203ea92f.ut-fancy-image-wrap { margin-bottom: 0px; }<\/style><div id=\"ut_fancy_image_69e7a203ea92f\" class=\"ut-fancy-image-wrap \"><a target=\"_self\" href=\"https:\/\/balkan-history.org\/en\/the-chetniks-in-the-second-world-war\/\" ><figure class=\"ut-fancy-image\">\r\n        <img loading=\"lazy\" decoding=\"async\" data-adaptive-images=\"{&quot;300&quot;:&quot;https:\\\/\\\/balkan-history.org\\\/wp-content\\\/uploads\\\/2022\\\/10\\\/C\\u030cetnici-i-Draz\\u030ca-Mihailovic\\u0301-300x169.jpeg&quot;,&quot;500&quot;:&quot;https:\\\/\\\/balkan-history.org\\\/wp-content\\\/uploads\\\/2022\\\/10\\\/C\\u030cetnici-i-Draz\\u030ca-Mihailovic\\u0301-500x281.jpeg&quot;,&quot;750&quot;:&quot;https:\\\/\\\/balkan-history.org\\\/wp-content\\\/uploads\\\/2022\\\/10\\\/C\\u030cetnici-i-Draz\\u030ca-Mihailovic\\u0301-750x422.jpeg&quot;,&quot;1000&quot;:&quot;https:\\\/\\\/balkan-history.org\\\/wp-content\\\/uploads\\\/2022\\\/10\\\/C\\u030cetnici-i-Draz\\u030ca-Mihailovic\\u0301-1000x562.jpeg&quot;,&quot;1500&quot;:&quot;https:\\\/\\\/balkan-history.org\\\/wp-content\\\/uploads\\\/2022\\\/10\\\/C\\u030cetnici-i-Draz\\u030ca-Mihailovic\\u0301-1500x843.jpeg&quot;,&quot;2500&quot;:&quot;https:\\\/\\\/balkan-history.org\\\/wp-content\\\/uploads\\\/2022\\\/10\\\/C\\u030cetnici-i-Draz\\u030ca-Mihailovic\\u0301-2500x1406.jpeg&quot;}\" src=\"data:image\/svg+xml;charset=utf-8,%3Csvg xmlns%3D'http%3A%2F%2Fwww.w3.org%2F2000%2Fsvg' viewBox%3D'0 0 1500 843'%2F%3E\" width=\"1500\" height=\"843\" data-src=\"https:\/\/balkan-history.org\/wp-content\/uploads\/2022\/10\/C\u030cetnici-i-Draz\u030ca-Mihailovic\u0301-1500x843.jpeg\" data-image-id=\"2130\" class=\"ut-adaptive-image wp-post-image skip-lazy \">\r\n\r\n        <figcaption><h3>THE CHETNIKS IN THE SECOND WORLD WAR<\/h3><\/figcaption><\/figure><\/a><\/div>[\/vc_column][vc_column width=&#8221;1\/4&#8243; css=&#8221;.vc_custom_1525096293340{margin-bottom: 0px !important;}&#8221;]<style type=\"text\/css\">#ut_fancy_image_69e7a203f1d8d .ut-fancy-image figcaption h3 { color: #ffffff; }#ut_fancy_image_69e7a203f1d8d .ut-fancy-image { background: #141618; }#ut_fancy_image_69e7a203f1d8d.ut-fancy-image-wrap { margin-bottom: 0px; }<\/style><div id=\"ut_fancy_image_69e7a203f1d8d\" class=\"ut-fancy-image-wrap \"><a target=\"_self\" href=\"https:\/\/balkan-history.org\/en\/the-end-of-world-war-ii-and-the-chetnik-movement-in-yugoslavia\/\" ><figure class=\"ut-fancy-image\">\r\n        <img loading=\"lazy\" decoding=\"async\" data-adaptive-images=\"{&quot;300&quot;:&quot;https:\\\/\\\/balkan-history.org\\\/wp-content\\\/uploads\\\/2022\\\/10\\\/C\\u030cetnici-u-Zagrebu-300x169.jpg&quot;,&quot;500&quot;:&quot;https:\\\/\\\/balkan-history.org\\\/wp-content\\\/uploads\\\/2022\\\/10\\\/C\\u030cetnici-u-Zagrebu-500x281.jpg&quot;,&quot;750&quot;:&quot;https:\\\/\\\/balkan-history.org\\\/wp-content\\\/uploads\\\/2022\\\/10\\\/C\\u030cetnici-u-Zagrebu-750x422.jpg&quot;,&quot;1000&quot;:&quot;https:\\\/\\\/balkan-history.org\\\/wp-content\\\/uploads\\\/2022\\\/10\\\/C\\u030cetnici-u-Zagrebu-1000x562.jpg&quot;,&quot;1500&quot;:&quot;https:\\\/\\\/balkan-history.org\\\/wp-content\\\/uploads\\\/2022\\\/10\\\/C\\u030cetnici-u-Zagrebu-1500x843.jpg&quot;,&quot;2500&quot;:&quot;https:\\\/\\\/balkan-history.org\\\/wp-content\\\/uploads\\\/2022\\\/10\\\/C\\u030cetnici-u-Zagrebu-2500x1406.jpg&quot;}\" src=\"data:image\/svg+xml;charset=utf-8,%3Csvg xmlns%3D'http%3A%2F%2Fwww.w3.org%2F2000%2Fsvg' viewBox%3D'0 0 1500 843'%2F%3E\" width=\"1500\" height=\"843\" data-src=\"https:\/\/balkan-history.org\/wp-content\/uploads\/2022\/10\/C\u030cetnici-u-Zagrebu-1500x843.jpg\" data-image-id=\"2184\" class=\"ut-adaptive-image wp-post-image skip-lazy \">\r\n\r\n        <figcaption><h3>THE END OF WORLD WAR II AND THE CHETNIK MOVEMENT IN YUGOSLAVIA<\/h3><\/figcaption><\/figure><\/a><\/div>[\/vc_column][vc_column width=&#8221;1\/4&#8243;]<style type=\"text\/css\">#ut_fancy_image_69e7a204052bb .ut-fancy-image figcaption h3 { color: #ffffff; }#ut_fancy_image_69e7a204052bb .ut-fancy-image { background: #141618; }#ut_fancy_image_69e7a204052bb.ut-fancy-image-wrap { margin-bottom: 0px; }<\/style><div id=\"ut_fancy_image_69e7a204052bb\" class=\"ut-fancy-image-wrap \"><a target=\"_self\" href=\"https:\/\/balkan-history.org\/en\/the-chetniks-atrocities\/\" ><figure class=\"ut-fancy-image\">\r\n        <img loading=\"lazy\" decoding=\"async\" data-adaptive-images=\"{&quot;300&quot;:&quot;https:\\\/\\\/balkan-history.org\\\/wp-content\\\/uploads\\\/2022\\\/10\\\/C\\u030cetnici-zloc\\u030cini-03-300x169.jpg&quot;,&quot;500&quot;:&quot;https:\\\/\\\/balkan-history.org\\\/wp-content\\\/uploads\\\/2022\\\/10\\\/C\\u030cetnici-zloc\\u030cini-03-500x281.jpg&quot;,&quot;750&quot;:&quot;https:\\\/\\\/balkan-history.org\\\/wp-content\\\/uploads\\\/2022\\\/10\\\/C\\u030cetnici-zloc\\u030cini-03-750x422.jpg&quot;,&quot;1000&quot;:&quot;https:\\\/\\\/balkan-history.org\\\/wp-content\\\/uploads\\\/2022\\\/10\\\/C\\u030cetnici-zloc\\u030cini-03-1000x562.jpg&quot;,&quot;1500&quot;:&quot;https:\\\/\\\/balkan-history.org\\\/wp-content\\\/uploads\\\/2022\\\/10\\\/C\\u030cetnici-zloc\\u030cini-03-1500x843.jpg&quot;,&quot;2500&quot;:&quot;https:\\\/\\\/balkan-history.org\\\/wp-content\\\/uploads\\\/2022\\\/10\\\/C\\u030cetnici-zloc\\u030cini-03-2500x1406.jpg&quot;}\" src=\"data:image\/svg+xml;charset=utf-8,%3Csvg xmlns%3D'http%3A%2F%2Fwww.w3.org%2F2000%2Fsvg' viewBox%3D'0 0 1500 843'%2F%3E\" width=\"1500\" height=\"843\" data-src=\"https:\/\/balkan-history.org\/wp-content\/uploads\/2022\/10\/C\u030cetnici-zloc\u030cini-03-1500x843.jpg\" data-image-id=\"2215\" class=\"ut-adaptive-image wp-post-image skip-lazy \">\r\n\r\n        <figcaption><h3>THE CHETNIKS' ATROCITIES<\/h3><\/figcaption><\/figure><\/a><\/div>[\/vc_column][\/vc_row][vc_section css=&#8221;.vc_custom_1525220216628{background-color: #353234 !important;background-position: center !important;background-repeat: no-repeat !important;background-size: cover !important;}&#8221; el_name=&#8221;Social Section&#8221;][vc_row el_name=&#8221;Social Title&#8221;][vc_column]<div class=\"wpb_content_element \"><style type=\"text\/css\">#ut_header_69e7a2040d60d h2.section-title, #ut_header_69e7a2040d60d h2.section-title span { color:#ffffff; }#ut_header_69e7a2040d60d h2.section-title { font-size:50px !important;letter-spacing:-0.02em; }#ut_header_69e7a2040d60d .lead { color:rgba(255, 255, 255, 0.5); }#ut_header_69e7a2040d60d .lead p { color:rgba(255, 255, 255, 0.5); }<\/style><header id=\"ut_header_69e7a2040d60d\" class=\"section-header  ut-no-title-linebreak-mobile ut-no-lead-linebreak-mobile pt-style-7 header-center header-tablet-center header-mobile-center\"><h2 data-title=\"Let's connect\"  data-responsive-font=\"section_title\" data-responsive-font-settings=\"{&quot;base-font-size&quot;:&quot;global&quot;,&quot;font-size&quot;:{&quot;desktop_large&quot;:&quot;50&quot;},&quot;base-line-height&quot;:&quot;global&quot;,&quot;base-letter-spacing&quot;:&quot;global&quot;,&quot;letter-spacing&quot;:{&quot;desktop_large&quot;:&quot;-0.02&quot;}}\" class=\"section-title  \"><span>Let's connect<\/span><\/h2><div data-delay=\"0\" class=\"lead \"><p>Connect with us on social networks<\/p>\n<\/div><\/header><\/div><div class=\"wpb_content_element \"><style class=\"bklyn-inline-styles\" type=\"text\/css\">#ut_sf_69e7a20412462 li a i { color: rgba(204,173,143,0.5); }#ut_sf_69e7a20412462 li a:hover i { color: #ccad8f; }#ut_sf_69e7a20412462 li a:focus i { color: #ccad8f; }#ut_sf_69e7a20412462 { font-size: 30px; }<\/style><ul id=\"ut_sf_69e7a20412462\" class=\"ut-social-follow-module  ut-social-follow-module-center ut-social-follow-module-tablet-center ut-social-follow-module-mobile-center ut-social-follow-module-20\" data-settings=\"{&quot;animate&quot;:false,&quot;effect&quot;:&quot;&quot;,&quot;delay_animation&quot;:false,&quot;global_delay_animation&quot;:false,&quot;delay_timer&quot;:100,&quot;global_delay_timer&quot;:100}\"><li  class=\"ut-social-follow-0 ut-social-follow-icon-only \"><a class=\"ut-social-follow-link\" title=\"\" href=\"https:\/\/www.facebook.com\/Bleiburg-%C4%8Dinjenice-i-interpretacije-107580081471610\" target=\" _blank\" ><i class=\"fa fa-facebook-square\"><\/i><\/a><\/li><\/ul><\/div>[\/vc_column][\/vc_row][\/vc_section]<\/p>\n","protected":false},"excerpt":{"rendered":"<p>[vc_section el_name=&#8221;Text area&#8221; css=&#8221;.vc_custom_1628861801859{padding-bottom: 10px !important;background-color: rgba(189, 187, 187, 0.58) !important;*background-color: rgba(189,187, 187, 0.58) !important;}&#8221;][vc_row css=&#8221;.vc_custom_1666870684700{padding-top: 0px !important;}&#8221; el_name=&#8221;\u010cETNICI PRIJE DRUGOG SVJETSKOG RATA&#8221;][vc_column][vc_column_text] The Chetniks before the Second World War The word \u010detnik\/\u0447\u0435\u0442\u043d\u0438\u043a denotes a member of a \u010deta\/\u0447\u0435\u0442\u0430, i.e. a small armed formation. The term came into use in Serbia under Ottoman rule, as [&hellip;]<\/p>\n","protected":false},"author":1,"featured_media":0,"parent":0,"menu_order":0,"comment_status":"closed","ping_status":"closed","template":"","meta":{"footnotes":""},"class_list":["post-2240","page","type-page","status-publish","hentry"],"_links":{"self":[{"href":"https:\/\/balkan-history.org\/en\/wp-json\/wp\/v2\/pages\/2240","targetHints":{"allow":["GET"]}}],"collection":[{"href":"https:\/\/balkan-history.org\/en\/wp-json\/wp\/v2\/pages"}],"about":[{"href":"https:\/\/balkan-history.org\/en\/wp-json\/wp\/v2\/types\/page"}],"author":[{"embeddable":true,"href":"https:\/\/balkan-history.org\/en\/wp-json\/wp\/v2\/users\/1"}],"replies":[{"embeddable":true,"href":"https:\/\/balkan-history.org\/en\/wp-json\/wp\/v2\/comments?post=2240"}],"version-history":[{"count":4,"href":"https:\/\/balkan-history.org\/en\/wp-json\/wp\/v2\/pages\/2240\/revisions"}],"predecessor-version":[{"id":2287,"href":"https:\/\/balkan-history.org\/en\/wp-json\/wp\/v2\/pages\/2240\/revisions\/2287"}],"wp:attachment":[{"href":"https:\/\/balkan-history.org\/en\/wp-json\/wp\/v2\/media?parent=2240"}],"curies":[{"name":"wp","href":"https:\/\/api.w.org\/{rel}","templated":true}]}}