{"id":2246,"date":"2022-10-27T21:35:27","date_gmt":"2022-10-27T19:35:27","guid":{"rendered":"https:\/\/balkan-history.org\/the-end-of-world-war-ii-and-the-chetnik-movement-in-yugoslavia\/"},"modified":"2022-11-15T15:32:18","modified_gmt":"2022-11-15T14:32:18","slug":"the-end-of-world-war-ii-and-the-chetnik-movement-in-yugoslavia","status":"publish","type":"page","link":"https:\/\/balkan-history.org\/en\/the-end-of-world-war-ii-and-the-chetnik-movement-in-yugoslavia\/","title":{"rendered":"The End of World War II and the Chetnik Movement in Yugoslavia"},"content":{"rendered":"<p>[vc_section el_name=&#8221;Text area&#8221; css=&#8221;.vc_custom_1628861801859{padding-bottom: 10px !important;background-color: rgba(189, 187, 187, 0.58) !important;*background-color: rgba(189,187, 187, 0.58) !important;}&#8221;][vc_row css=&#8221;.vc_custom_1666873223771{padding-top: 0px !important;}&#8221; el_name=&#8221;Kraj Drugog svjetskog rata i kraj djelovanja \u010detni\u010dkog pokreta na tlu Jugoslavije&#8221;][vc_column][vc_column_text]<\/p>\n<h3><strong>The End of World War II and the Chetnik Movement in Yugoslavia<\/strong><\/h3>\n<p><img loading=\"lazy\" decoding=\"async\" class=\"alignleft wp-image-1347\" src=\"https:\/\/balkan-history.org\/wp-content\/uploads\/2021\/05\/point_big.png\" alt=\"\" width=\"15\" height=\"15\" \/><\/p>\n<p>The 1943 surrender of fascist Italy, the movement\u2019s erstwhile most reliable ally, as well as the withdrawal of political and military support from the Yugoslav government in exile and the West in 1944 resulted in increasingly substantial and formal collaboration between Chetnik formations and the armed forces of the Third Reich. This fact also sealed the fate of the Chetnik movement at the end of World War II. During summer 1944, the Chetniks, as part of a German-led coalition, participated in its attempt at preventing the Partisans from crossing into Serbia and simultaneously played an important part in securing the German army\u2019s smooth retreat from Greece. After losing the battle for Serbia, the Germans and Chetniks retreated west, while Dra\u017ea Mihailovi\u0107 relocated his headquarters to Bosnia. He was joined there in late 1944 by Chetniks from Sand\u017eak and, in early 1945, by several thousand Chetniks from Montenegro led by Pavle \u0110uri\u0161i\u0107. Unlike Mihailovi\u0107, who decided to return to Serbia, \u0110uri\u0161i\u0107 headed west. He was going to catch up with Chetnik units from Lika that were already there, led by Dobroslav Jev\u0111evi\u0107, as well as Chetnik units from Dalmatia, western Bosnia, and southern Lika commanded by Father Mom\u010dilo \u0110uji\u0107. In late 1944 and early 1945, the Germans organised their transfer to the Slovene Littoral to have them fight local Partisan units there. However, despite a previously reached agreement allowing them passage across <em>NDH <\/em>territory, near Banja Luka (in Lijev\u010de polje) there was an armed clash with <em>Usta\u0161e <\/em>forces at the end of March and beginning of April, in which the Montenegrin Chetniks were defeated, while Pavle \u0110uri\u0161i\u0107 was captured and later murdered. The <em>Usta\u0161e <\/em>authorities allowed those Chetniks who survived and surrendered to continue toward Slovenia and Austria. On 15 May 1945, these Chetniks, along with members of the <em>NDH<\/em> armed forces, surrendered at Bleiburg to the representatives of the Yugoslav Army. Over the following few weeks, around 2,000 of them were murdered in various killing grounds across Slovenia. More fortunate were the Chetniks commanded by Jev\u0111evi\u0107 and \u0110uji\u0107, who surrendered to the British on 5 May 1945 in the vicinity of Trieste. Following a short spell in captivity, they were released and did not return to Yugoslavia. Dobroslav Jev\u0111evi\u0107 settled in Italy, dying there in 1962, while Mom\u010dilo \u0110uji\u0107 emigrated to the United Stated, where he died in 1999.<\/p>\n<p>In their attempt to reach Serbia from Bosnia in mid May 1945, the Chetnik units under the command of Dra\u017ea Mihailovi\u0107 suffered great losses in fighting with Partisan formations, which in the meantime had been renamed the Yugoslav Army. Mihailovi\u0107 himself successfully evaded capture, hiding in eastern Bosnia, and it was only due to a ploy performed by <em>OZNA<\/em> (<em>Odjeljenje za za\u0161titu naroda \/ \u041e\u0434\u0435\u043b\u0435\u045a\u0435 \u0437\u0430 \u0437\u0430\u0448\u0442\u0438\u0442\u0443 \u043d\u0430\u0440\u043e\u0434\u0430, <\/em>the earliest security and intelligence agency of communist Yugoslavia) and the treachery of the Chetnik commander Nikola Kalabi\u0107 that he was caught in the vicinity of Vi\u0161egrad on 13 March 1946. Following a brief trial in Belgrade, on 15 July 1946 Dra\u017ea Mihailovi\u0107 was found guilty of war crimes and collaboration with the occupiers and their allies in Yugoslavia. He was sentenced to death and shot on 17 July 1946.[\/vc_column_text][vc_column_text css=&#8221;.vc_custom_1666873304028{margin-bottom: 0px !important;border-bottom-width: 0px !important;padding-bottom: 0px !important;}&#8221;]<img loading=\"lazy\" decoding=\"async\" class=\"alignnone wp-image-2185\" src=\"https:\/\/balkan-history.org\/wp-content\/uploads\/2022\/10\/C\u030cetnici-u-Zagrebu-650x433.jpg\" alt=\"\" width=\"640\" height=\"367\" srcset=\"https:\/\/balkan-history.org\/wp-content\/uploads\/2022\/10\/C\u030cetnici-u-Zagrebu-768x440.jpg 768w, https:\/\/balkan-history.org\/wp-content\/uploads\/2022\/10\/C\u030cetnici-u-Zagrebu.jpg 960w\" sizes=\"auto, (max-width: 640px) 100vw, 640px\" \/>[\/vc_column_text][vc_column_text css=&#8221;.vc_custom_1668522683191{margin-top: -5px !important;border-top-width: 0px !important;padding-top: 0px !important;}&#8221;]<em>Image 16 \u2013 Chetniks in Zagreb<\/em>[\/vc_column_text][vc_column_text css=&#8221;.vc_custom_1666873364504{margin-bottom: 0px !important;border-bottom-width: 0px !important;padding-bottom: 0px !important;}&#8221;]<img loading=\"lazy\" decoding=\"async\" class=\"alignnone wp-image-2189 size-medium\" src=\"https:\/\/balkan-history.org\/wp-content\/uploads\/2022\/10\/Momc\u030cilo-Dujic\u0301-01-650x433.jpg\" alt=\"\" width=\"650\" height=\"433\" srcset=\"https:\/\/balkan-history.org\/wp-content\/uploads\/2022\/10\/Momc\u030cilo-Dujic\u0301-01-650x433.jpg 650w, https:\/\/balkan-history.org\/wp-content\/uploads\/2022\/10\/Momc\u030cilo-Dujic\u0301-01-325x217.jpg 325w\" sizes=\"auto, (max-width: 650px) 100vw, 650px\" \/>[\/vc_column_text][vc_column_text css=&#8221;.vc_custom_1668522695377{margin-top: -5px !important;border-top-width: 0px !important;padding-top: 0px !important;}&#8221;]<em>Image 17 \u2013 Mom\u010dilo \u0110uji\u0107<\/em>[\/vc_column_text][vc_column_text css=&#8221;.vc_custom_1666873461921{margin-bottom: 0px !important;border-bottom-width: 0px !important;padding-bottom: 0px !important;}&#8221;]<img loading=\"lazy\" decoding=\"async\" class=\"alignnone wp-image-2193 size-medium\" src=\"https:\/\/balkan-history.org\/wp-content\/uploads\/2022\/10\/Nikola-Kalabic\u0301-01-650x433.jpg\" alt=\"\" width=\"650\" height=\"433\" srcset=\"https:\/\/balkan-history.org\/wp-content\/uploads\/2022\/10\/Nikola-Kalabic\u0301-01-650x433.jpg 650w, https:\/\/balkan-history.org\/wp-content\/uploads\/2022\/10\/Nikola-Kalabic\u0301-01-325x217.jpg 325w, https:\/\/balkan-history.org\/wp-content\/uploads\/2022\/10\/Nikola-Kalabic\u0301-01-768x512.jpg 768w, https:\/\/balkan-history.org\/wp-content\/uploads\/2022\/10\/Nikola-Kalabic\u0301-01-1080x720.jpg 1080w, https:\/\/balkan-history.org\/wp-content\/uploads\/2022\/10\/Nikola-Kalabic\u0301-01.jpg 1152w\" sizes=\"auto, (max-width: 650px) 100vw, 650px\" \/>[\/vc_column_text][vc_column_text css=&#8221;.vc_custom_1668522708426{margin-top: -5px !important;border-top-width: 0px !important;padding-top: 0px !important;}&#8221;]<em>Image 18 \u2013 Nikola Kalabi\u0107<\/em>[\/vc_column_text][vc_column_text css=&#8221;.vc_custom_1666873511575{margin-bottom: 0px !important;border-bottom-width: 0px !important;padding-bottom: 0px !important;}&#8221;]<img loading=\"lazy\" decoding=\"async\" class=\"alignnone wp-image-2197 size-medium\" src=\"https:\/\/balkan-history.org\/wp-content\/uploads\/2022\/10\/Pavle_Djurisic-s-Nemcima-u-Beogradu-650x433.jpg\" alt=\"\" width=\"650\" height=\"433\" srcset=\"https:\/\/balkan-history.org\/wp-content\/uploads\/2022\/10\/Pavle_Djurisic-s-Nemcima-u-Beogradu-650x433.jpg 650w, https:\/\/balkan-history.org\/wp-content\/uploads\/2022\/10\/Pavle_Djurisic-s-Nemcima-u-Beogradu-325x217.jpg 325w\" sizes=\"auto, (max-width: 650px) 100vw, 650px\" \/>[\/vc_column_text][vc_column_text css=&#8221;.vc_custom_1668522723877{margin-top: -5px !important;border-top-width: 0px !important;padding-top: 0px !important;}&#8221;]<em>Image 19 \u2013 Pavle \u0110uri\u0161i\u0107 with Germans in Belgrade<\/em>[\/vc_column_text][vc_column_text css=&#8221;.vc_custom_1666873602146{margin-bottom: 0px !important;border-bottom-width: 0px !important;padding-bottom: 0px !important;}&#8221;]<img loading=\"lazy\" decoding=\"async\" class=\"alignnone wp-image-2201 size-medium\" src=\"https:\/\/balkan-history.org\/wp-content\/uploads\/2022\/10\/Sudenje-draza-2-650x433.jpg\" alt=\"\" width=\"650\" height=\"433\" srcset=\"https:\/\/balkan-history.org\/wp-content\/uploads\/2022\/10\/Sudenje-draza-2-650x433.jpg 650w, https:\/\/balkan-history.org\/wp-content\/uploads\/2022\/10\/Sudenje-draza-2-325x217.jpg 325w\" sizes=\"auto, (max-width: 650px) 100vw, 650px\" \/>[\/vc_column_text][vc_column_text css=&#8221;.vc_custom_1668522736127{margin-top: -5px !important;border-top-width: 0px !important;padding-top: 0px !important;}&#8221;]<em>Image 20 \u2013 Dra\u017ea Mihailovi\u0107 at his trial in Belgrade<\/em>[\/vc_column_text][\/vc_column][\/vc_row][\/vc_section][vc_row full_width=&#8221;stretch_row_content_no_spaces&#8221; el_name=&#8221;Obradene teme&#8221; css=&#8221;.vc_custom_1619732500987{margin-top: 0px !important;}&#8221;][vc_column width=&#8221;1\/4&#8243; css=&#8221;.vc_custom_1525096300190{margin-bottom: 0px !important;}&#8221;]<style type=\"text\/css\">#ut_fancy_image_69e79e803a861 .ut-fancy-image figcaption h3 { color: #ffffff; }#ut_fancy_image_69e79e803a861 .ut-fancy-image { background: #141618; }#ut_fancy_image_69e79e803a861.ut-fancy-image-wrap { margin-bottom: 0px; }<\/style><div id=\"ut_fancy_image_69e79e803a861\" class=\"ut-fancy-image-wrap \"><a target=\"_self\" href=\"https:\/\/balkan-history.org\/en\/the-chetniks-before-the-second-world-war\/\" ><figure class=\"ut-fancy-image\">\r\n        <img loading=\"lazy\" decoding=\"async\" data-adaptive-images=\"{&quot;300&quot;:&quot;https:\\\/\\\/balkan-history.org\\\/wp-content\\\/uploads\\\/2022\\\/10\\\/C\\u030cetnici-Zastava-300x169.jpg&quot;,&quot;500&quot;:&quot;https:\\\/\\\/balkan-history.org\\\/wp-content\\\/uploads\\\/2022\\\/10\\\/C\\u030cetnici-Zastava-500x281.jpg&quot;,&quot;750&quot;:&quot;https:\\\/\\\/balkan-history.org\\\/wp-content\\\/uploads\\\/2022\\\/10\\\/C\\u030cetnici-Zastava-750x422.jpg&quot;,&quot;1000&quot;:&quot;https:\\\/\\\/balkan-history.org\\\/wp-content\\\/uploads\\\/2022\\\/10\\\/C\\u030cetnici-Zastava-1000x562.jpg&quot;,&quot;1500&quot;:&quot;https:\\\/\\\/balkan-history.org\\\/wp-content\\\/uploads\\\/2022\\\/10\\\/C\\u030cetnici-Zastava-1500x843.jpg&quot;,&quot;2500&quot;:&quot;https:\\\/\\\/balkan-history.org\\\/wp-content\\\/uploads\\\/2022\\\/10\\\/C\\u030cetnici-Zastava-2500x1406.jpg&quot;}\" src=\"data:image\/svg+xml;charset=utf-8,%3Csvg xmlns%3D'http%3A%2F%2Fwww.w3.org%2F2000%2Fsvg' viewBox%3D'0 0 1500 843'%2F%3E\" width=\"1500\" height=\"843\" data-src=\"https:\/\/balkan-history.org\/wp-content\/uploads\/2022\/10\/C\u030cetnici-Zastava-1500x843.jpg\" data-image-id=\"2134\" class=\"ut-adaptive-image wp-post-image skip-lazy \">\r\n\r\n        <figcaption><h3>THE CHETNIKS BEFORE THE SECOND WORLD WAR<\/h3><\/figcaption><\/figure><\/a><\/div>[\/vc_column][vc_column width=&#8221;1\/4&#8243;]<style type=\"text\/css\">#ut_fancy_image_69e79e8040e8f .ut-fancy-image figcaption h3 { color: #ffffff; }#ut_fancy_image_69e79e8040e8f .ut-fancy-image { background: #141618; }#ut_fancy_image_69e79e8040e8f.ut-fancy-image-wrap { margin-bottom: 0px; }<\/style><div id=\"ut_fancy_image_69e79e8040e8f\" class=\"ut-fancy-image-wrap \"><a target=\"_self\" href=\"https:\/\/balkan-history.org\/en\/the-chetniks-in-the-second-world-war\/\" ><figure class=\"ut-fancy-image\">\r\n        <img loading=\"lazy\" decoding=\"async\" data-adaptive-images=\"{&quot;300&quot;:&quot;https:\\\/\\\/balkan-history.org\\\/wp-content\\\/uploads\\\/2022\\\/10\\\/C\\u030cetnici-i-Draz\\u030ca-Mihailovic\\u0301-300x169.jpeg&quot;,&quot;500&quot;:&quot;https:\\\/\\\/balkan-history.org\\\/wp-content\\\/uploads\\\/2022\\\/10\\\/C\\u030cetnici-i-Draz\\u030ca-Mihailovic\\u0301-500x281.jpeg&quot;,&quot;750&quot;:&quot;https:\\\/\\\/balkan-history.org\\\/wp-content\\\/uploads\\\/2022\\\/10\\\/C\\u030cetnici-i-Draz\\u030ca-Mihailovic\\u0301-750x422.jpeg&quot;,&quot;1000&quot;:&quot;https:\\\/\\\/balkan-history.org\\\/wp-content\\\/uploads\\\/2022\\\/10\\\/C\\u030cetnici-i-Draz\\u030ca-Mihailovic\\u0301-1000x562.jpeg&quot;,&quot;1500&quot;:&quot;https:\\\/\\\/balkan-history.org\\\/wp-content\\\/uploads\\\/2022\\\/10\\\/C\\u030cetnici-i-Draz\\u030ca-Mihailovic\\u0301-1500x843.jpeg&quot;,&quot;2500&quot;:&quot;https:\\\/\\\/balkan-history.org\\\/wp-content\\\/uploads\\\/2022\\\/10\\\/C\\u030cetnici-i-Draz\\u030ca-Mihailovic\\u0301-2500x1406.jpeg&quot;}\" src=\"data:image\/svg+xml;charset=utf-8,%3Csvg xmlns%3D'http%3A%2F%2Fwww.w3.org%2F2000%2Fsvg' viewBox%3D'0 0 1500 843'%2F%3E\" width=\"1500\" height=\"843\" data-src=\"https:\/\/balkan-history.org\/wp-content\/uploads\/2022\/10\/C\u030cetnici-i-Draz\u030ca-Mihailovic\u0301-1500x843.jpeg\" data-image-id=\"2130\" class=\"ut-adaptive-image wp-post-image skip-lazy \">\r\n\r\n        <figcaption><h3>THE CHETNIKS IN THE SECOND WORLD WAR<\/h3><\/figcaption><\/figure><\/a><\/div>[\/vc_column][vc_column width=&#8221;1\/4&#8243; css=&#8221;.vc_custom_1525096293340{margin-bottom: 0px !important;}&#8221;]<style type=\"text\/css\">#ut_fancy_image_69e79e804654e .ut-fancy-image figcaption h3 { color: #ffffff; }#ut_fancy_image_69e79e804654e .ut-fancy-image { background: #141618; }#ut_fancy_image_69e79e804654e.ut-fancy-image-wrap { margin-bottom: 0px; }<\/style><div id=\"ut_fancy_image_69e79e804654e\" class=\"ut-fancy-image-wrap \"><a target=\"_self\" href=\"https:\/\/balkan-history.org\/en\/the-end-of-world-war-ii-and-the-chetnik-movement-in-yugoslavia\/\" ><figure class=\"ut-fancy-image\">\r\n        <img loading=\"lazy\" decoding=\"async\" data-adaptive-images=\"{&quot;300&quot;:&quot;https:\\\/\\\/balkan-history.org\\\/wp-content\\\/uploads\\\/2022\\\/10\\\/C\\u030cetnici-u-Zagrebu-300x169.jpg&quot;,&quot;500&quot;:&quot;https:\\\/\\\/balkan-history.org\\\/wp-content\\\/uploads\\\/2022\\\/10\\\/C\\u030cetnici-u-Zagrebu-500x281.jpg&quot;,&quot;750&quot;:&quot;https:\\\/\\\/balkan-history.org\\\/wp-content\\\/uploads\\\/2022\\\/10\\\/C\\u030cetnici-u-Zagrebu-750x422.jpg&quot;,&quot;1000&quot;:&quot;https:\\\/\\\/balkan-history.org\\\/wp-content\\\/uploads\\\/2022\\\/10\\\/C\\u030cetnici-u-Zagrebu-1000x562.jpg&quot;,&quot;1500&quot;:&quot;https:\\\/\\\/balkan-history.org\\\/wp-content\\\/uploads\\\/2022\\\/10\\\/C\\u030cetnici-u-Zagrebu-1500x843.jpg&quot;,&quot;2500&quot;:&quot;https:\\\/\\\/balkan-history.org\\\/wp-content\\\/uploads\\\/2022\\\/10\\\/C\\u030cetnici-u-Zagrebu-2500x1406.jpg&quot;}\" src=\"data:image\/svg+xml;charset=utf-8,%3Csvg xmlns%3D'http%3A%2F%2Fwww.w3.org%2F2000%2Fsvg' viewBox%3D'0 0 1500 843'%2F%3E\" width=\"1500\" height=\"843\" data-src=\"https:\/\/balkan-history.org\/wp-content\/uploads\/2022\/10\/C\u030cetnici-u-Zagrebu-1500x843.jpg\" data-image-id=\"2184\" class=\"ut-adaptive-image wp-post-image skip-lazy \">\r\n\r\n        <figcaption><h3>THE END OF WORLD WAR II AND THE CHETNIK MOVEMENT IN YUGOSLAVIA<\/h3><\/figcaption><\/figure><\/a><\/div>[\/vc_column][vc_column width=&#8221;1\/4&#8243;]<style type=\"text\/css\">#ut_fancy_image_69e79e804c4a7 .ut-fancy-image figcaption h3 { color: #ffffff; }#ut_fancy_image_69e79e804c4a7 .ut-fancy-image { background: #141618; }#ut_fancy_image_69e79e804c4a7.ut-fancy-image-wrap { margin-bottom: 0px; }<\/style><div id=\"ut_fancy_image_69e79e804c4a7\" class=\"ut-fancy-image-wrap \"><a target=\"_self\" href=\"https:\/\/balkan-history.org\/en\/the-chetniks-atrocities\/\" ><figure class=\"ut-fancy-image\">\r\n        <img loading=\"lazy\" decoding=\"async\" data-adaptive-images=\"{&quot;300&quot;:&quot;https:\\\/\\\/balkan-history.org\\\/wp-content\\\/uploads\\\/2022\\\/10\\\/C\\u030cetnici-zloc\\u030cini-03-300x169.jpg&quot;,&quot;500&quot;:&quot;https:\\\/\\\/balkan-history.org\\\/wp-content\\\/uploads\\\/2022\\\/10\\\/C\\u030cetnici-zloc\\u030cini-03-500x281.jpg&quot;,&quot;750&quot;:&quot;https:\\\/\\\/balkan-history.org\\\/wp-content\\\/uploads\\\/2022\\\/10\\\/C\\u030cetnici-zloc\\u030cini-03-750x422.jpg&quot;,&quot;1000&quot;:&quot;https:\\\/\\\/balkan-history.org\\\/wp-content\\\/uploads\\\/2022\\\/10\\\/C\\u030cetnici-zloc\\u030cini-03-1000x562.jpg&quot;,&quot;1500&quot;:&quot;https:\\\/\\\/balkan-history.org\\\/wp-content\\\/uploads\\\/2022\\\/10\\\/C\\u030cetnici-zloc\\u030cini-03-1500x843.jpg&quot;,&quot;2500&quot;:&quot;https:\\\/\\\/balkan-history.org\\\/wp-content\\\/uploads\\\/2022\\\/10\\\/C\\u030cetnici-zloc\\u030cini-03-2500x1406.jpg&quot;}\" src=\"data:image\/svg+xml;charset=utf-8,%3Csvg xmlns%3D'http%3A%2F%2Fwww.w3.org%2F2000%2Fsvg' viewBox%3D'0 0 1500 843'%2F%3E\" width=\"1500\" height=\"843\" data-src=\"https:\/\/balkan-history.org\/wp-content\/uploads\/2022\/10\/C\u030cetnici-zloc\u030cini-03-1500x843.jpg\" data-image-id=\"2215\" class=\"ut-adaptive-image wp-post-image skip-lazy \">\r\n\r\n        <figcaption><h3>THE CHETNIKS' ATROCITIES<\/h3><\/figcaption><\/figure><\/a><\/div>[\/vc_column][\/vc_row][vc_section css=&#8221;.vc_custom_1525220216628{background-color: #353234 !important;background-position: center !important;background-repeat: no-repeat !important;background-size: cover !important;}&#8221; el_name=&#8221;Social Section&#8221;][vc_row el_name=&#8221;Social Title&#8221;][vc_column]<div class=\"wpb_content_element \"><style type=\"text\/css\">#ut_header_69e79e805316d h2.section-title, #ut_header_69e79e805316d h2.section-title span { color:#ffffff; }#ut_header_69e79e805316d h2.section-title { font-size:50px !important;letter-spacing:-0.02em; }#ut_header_69e79e805316d .lead { color:rgba(255, 255, 255, 0.5); }#ut_header_69e79e805316d .lead p { color:rgba(255, 255, 255, 0.5); }<\/style><header id=\"ut_header_69e79e805316d\" class=\"section-header  ut-no-title-linebreak-mobile ut-no-lead-linebreak-mobile pt-style-7 header-center header-tablet-center header-mobile-center\"><h2 data-title=\"Let's connect\"  data-responsive-font=\"section_title\" data-responsive-font-settings=\"{&quot;base-font-size&quot;:&quot;global&quot;,&quot;font-size&quot;:{&quot;desktop_large&quot;:&quot;50&quot;},&quot;base-line-height&quot;:&quot;global&quot;,&quot;base-letter-spacing&quot;:&quot;global&quot;,&quot;letter-spacing&quot;:{&quot;desktop_large&quot;:&quot;-0.02&quot;}}\" class=\"section-title  \"><span>Let's connect<\/span><\/h2><div data-delay=\"0\" class=\"lead \"><p>Connect with us on social networks<\/p>\n<\/div><\/header><\/div><div class=\"wpb_content_element \"><style class=\"bklyn-inline-styles\" type=\"text\/css\">#ut_sf_69e79e805668e li a i { color: rgba(204,173,143,0.5); }#ut_sf_69e79e805668e li a:hover i { color: #ccad8f; }#ut_sf_69e79e805668e li a:focus i { color: #ccad8f; }#ut_sf_69e79e805668e { font-size: 30px; }<\/style><ul id=\"ut_sf_69e79e805668e\" class=\"ut-social-follow-module  ut-social-follow-module-center ut-social-follow-module-tablet-center ut-social-follow-module-mobile-center ut-social-follow-module-20\" data-settings=\"{&quot;animate&quot;:false,&quot;effect&quot;:&quot;&quot;,&quot;delay_animation&quot;:false,&quot;global_delay_animation&quot;:false,&quot;delay_timer&quot;:100,&quot;global_delay_timer&quot;:100}\"><li  class=\"ut-social-follow-0 ut-social-follow-icon-only \"><a class=\"ut-social-follow-link\" title=\"\" href=\"https:\/\/www.facebook.com\/Bleiburg-%C4%8Dinjenice-i-interpretacije-107580081471610\" target=\" _blank\" ><i class=\"fa fa-facebook-square\"><\/i><\/a><\/li><\/ul><\/div>[\/vc_column][\/vc_row][\/vc_section]<\/p>\n","protected":false},"excerpt":{"rendered":"<p>[vc_section el_name=&#8221;Text area&#8221; css=&#8221;.vc_custom_1628861801859{padding-bottom: 10px !important;background-color: rgba(189, 187, 187, 0.58) !important;*background-color: rgba(189,187, 187, 0.58) !important;}&#8221;][vc_row css=&#8221;.vc_custom_1666873223771{padding-top: 0px !important;}&#8221; el_name=&#8221;Kraj Drugog svjetskog rata i kraj djelovanja \u010detni\u010dkog pokreta na tlu Jugoslavije&#8221;][vc_column][vc_column_text] The End of World War II and the Chetnik Movement in Yugoslavia The 1943 surrender of fascist Italy, the movement\u2019s erstwhile most reliable ally, as [&hellip;]<\/p>\n","protected":false},"author":1,"featured_media":0,"parent":0,"menu_order":0,"comment_status":"closed","ping_status":"closed","template":"","meta":{"footnotes":""},"class_list":["post-2246","page","type-page","status-publish","hentry"],"_links":{"self":[{"href":"https:\/\/balkan-history.org\/en\/wp-json\/wp\/v2\/pages\/2246","targetHints":{"allow":["GET"]}}],"collection":[{"href":"https:\/\/balkan-history.org\/en\/wp-json\/wp\/v2\/pages"}],"about":[{"href":"https:\/\/balkan-history.org\/en\/wp-json\/wp\/v2\/types\/page"}],"author":[{"embeddable":true,"href":"https:\/\/balkan-history.org\/en\/wp-json\/wp\/v2\/users\/1"}],"replies":[{"embeddable":true,"href":"https:\/\/balkan-history.org\/en\/wp-json\/wp\/v2\/comments?post=2246"}],"version-history":[{"count":4,"href":"https:\/\/balkan-history.org\/en\/wp-json\/wp\/v2\/pages\/2246\/revisions"}],"predecessor-version":[{"id":2295,"href":"https:\/\/balkan-history.org\/en\/wp-json\/wp\/v2\/pages\/2246\/revisions\/2295"}],"wp:attachment":[{"href":"https:\/\/balkan-history.org\/en\/wp-json\/wp\/v2\/media?parent=2246"}],"curies":[{"name":"wp","href":"https:\/\/api.w.org\/{rel}","templated":true}]}}