{"id":2248,"date":"2022-10-27T21:40:11","date_gmt":"2022-10-27T19:40:11","guid":{"rendered":"https:\/\/balkan-history.org\/the-chetniks-atrocities\/"},"modified":"2022-11-15T15:36:04","modified_gmt":"2022-11-15T14:36:04","slug":"the-chetniks-atrocities","status":"publish","type":"page","link":"https:\/\/balkan-history.org\/en\/the-chetniks-atrocities\/","title":{"rendered":"The Chetniks\u2019 Atrocities"},"content":{"rendered":"<p>[vc_section el_name=&#8221;Text area&#8221; css=&#8221;.vc_custom_1628861801859{padding-bottom: 10px !important;background-color: rgba(189, 187, 187, 0.58) !important;*background-color: rgba(189,187, 187, 0.58) !important;}&#8221;][vc_row css=&#8221;.vc_custom_1666873806854{padding-top: 0px !important;}&#8221; el_name=&#8221;\u010cetni\u010dki zlo\u010dini&#8221;][vc_column][vc_column_text]<\/p>\n<h3><strong>The Chetniks\u2019 Atrocities<\/strong><\/h3>\n<p><img loading=\"lazy\" decoding=\"async\" class=\"alignleft wp-image-1347\" src=\"https:\/\/balkan-history.org\/wp-content\/uploads\/2021\/05\/point_big.png\" alt=\"\" width=\"15\" height=\"15\" \/><\/p>\n<p>Over the course of World War II in Yugoslavia members of the Chetnik movement \/ Yugoslav Army in the Homeland committed numerous mass atrocities. Some of these crimes were motivated by ideological reasons (targeting Partisans and their sympathisers), some by ethnic hatred (targeting Muslim and ethnic Croat civilians). At the end of 1941 and beginning of 1942, in western Serbia the Chetniks murdered several hundred captured Partisans and handed over a similar number of Partisans to the Germans, to be shot. By the end of the war, the Chetniks would murder another several hundred civilians across Serbia, accusing them of collaboration with the Partisans. The most notorious case occurred in late 1943 in the village of Vrani\u0107 near Belgrade, where Chetniks murdered 67 civilians. Most of them were elderly people, women, and children, including two babies. The biggest mass crimes against Muslim civilians were committed in the area of Sand\u017eak and eastern Bosnia. There was the notorious \u2018instruction\u2019 from Dra\u017ea Mihailovi\u0107, which he sent on 20 December 1941 to Chetnik commanders in Montenegro and Sand\u017eak, citing the creation of an ethnically pure Greater Serbia (within a Greater Yugoslavia) as the aim of the Chetniks\u2019 struggle. To accomplish that, Mihailovi\u0107 stressed the need \u2018to cleanse Sand\u017eak of its Muslim population and Bosnia of its Muslim and ethnic Croat population\u2019. In line with the instruction, during late 1941 and early 1942 the Chetniks murdered around 2,000 Muslims in the eastern Bosnian town of Fo\u010da and the vicinity. In early 1943, the Chetnik forces commanded by Pavle \u0110uri\u0161i\u0107 resumed mass killings of Muslim civilians and burnings of Muslim-populated villages around Priboj (Serbia), Pljevlja (Montenegro), and Fo\u010da. In a report to Dra\u017ea Mihailovi\u0107 sent on 13 February 1943, \u0110uri\u0161i\u0107 himself wrote that they had killed \u2018around 1,200 fighters and up to 8,000 other victims: women, old people, and children\u2019. There had been no recorded mass crimes committed by Muslim militias or <em>Usta\u0161e <\/em>units against Serb civilians in the area, so this was obviously not a punitive expedition. In October 1943, Chetniks, i.e. troops belonging to the Drina Corps of the Yugoslav Army in the Homeland, murdered several hundred Muslim civilians in the eastern Bosnian town of Vi\u0161egrad. One of the main killing grounds that witnessed mass atrocities on this occasion was the famous bridge in Vi\u0161egrad, <em>\u0107uprija<\/em>, over the river Drina. Likewise targeted by the Chetniks were many ethnic Croat civilians, especially in Lika, Dalmatia, and Herzegovina. One of the most notorious mass crimes committed against ethnic Croats was the massacre of around a hundred people from the Dalmatian village of Gati and the vicinity, perpetrated in October 1942 by Chetniks under the command of Father Mom\u010dilo \u0110uji\u0107.<\/p>\n<p>The exact number of Muslims and ethnic Croats killed in Chetnik mass crimes has not been accurately determined. According to estimates by the demographer Vladimir \u017derjavi\u0107, over the course of World War II in Yugoslavia the Chetniks killed around 33,000 Muslim and 32,000 ethnic Croats.[\/vc_column_text][vc_column_text css=&#8221;.vc_custom_1666873896113{margin-bottom: 0px !important;border-bottom-width: 0px !important;padding-bottom: 0px !important;}&#8221;]<img loading=\"lazy\" decoding=\"async\" class=\"alignnone wp-image-2208\" src=\"https:\/\/balkan-history.org\/wp-content\/uploads\/2022\/10\/C\u030cetnici-zloc\u030cini-01-477x433.jpg\" alt=\"\" width=\"640\" height=\"1020\" srcset=\"https:\/\/balkan-history.org\/wp-content\/uploads\/2022\/10\/C\u030cetnici-zloc\u030cini-01-452x720.jpg 452w, https:\/\/balkan-history.org\/wp-content\/uploads\/2022\/10\/C\u030cetnici-zloc\u030cini-01.jpg 477w\" sizes=\"auto, (max-width: 640px) 100vw, 640px\" \/>[\/vc_column_text][vc_column_text css=&#8221;.vc_custom_1668522907689{margin-top: -5px !important;border-top-width: 0px !important;padding-top: 0px !important;}&#8221;]<em>Image 21 \u2013 The Chetniks\u2019 atrocities 01<\/em>[\/vc_column_text][vc_column_text css=&#8221;.vc_custom_1666873958089{margin-bottom: 0px !important;border-bottom-width: 0px !important;padding-bottom: 0px !important;}&#8221;]<img loading=\"lazy\" decoding=\"async\" class=\"alignnone wp-image-2212\" src=\"https:\/\/balkan-history.org\/wp-content\/uploads\/2022\/10\/C\u030cetnici-zloc\u030cini-02-595x433.jpg\" alt=\"\" width=\"640\" height=\"934\" srcset=\"https:\/\/balkan-history.org\/wp-content\/uploads\/2022\/10\/C\u030cetnici-zloc\u030cini-02-494x720.jpg 494w, https:\/\/balkan-history.org\/wp-content\/uploads\/2022\/10\/C\u030cetnici-zloc\u030cini-02.jpg 595w\" sizes=\"auto, (max-width: 640px) 100vw, 640px\" \/>[\/vc_column_text][vc_column_text css=&#8221;.vc_custom_1668522945876{margin-top: -5px !important;border-top-width: 0px !important;padding-top: 0px !important;}&#8221;]<em>Image 22 \u2013 The Chetniks\u2019 atrocities 02<\/em>[\/vc_column_text][vc_column_text css=&#8221;.vc_custom_1666874011912{margin-bottom: 0px !important;border-bottom-width: 0px !important;padding-bottom: 0px !important;}&#8221;]<img loading=\"lazy\" decoding=\"async\" class=\"alignnone wp-image-2216\" src=\"https:\/\/balkan-history.org\/wp-content\/uploads\/2022\/10\/C\u030cetnici-zloc\u030cini-03-650x433.jpg\" alt=\"\" width=\"640\" height=\"489\" \/>[\/vc_column_text][vc_column_text css=&#8221;.vc_custom_1668522933025{margin-top: -5px !important;border-top-width: 0px !important;padding-top: 0px !important;}&#8221;]<em>Image 23 \u2013 The Chetniks\u2019 atrocities 03<\/em>[\/vc_column_text][vc_column_text css=&#8221;.vc_custom_1666874059807{margin-bottom: 0px !important;border-bottom-width: 0px !important;padding-bottom: 0px !important;}&#8221;]<img loading=\"lazy\" decoding=\"async\" class=\"alignnone wp-image-2220 size-medium\" src=\"https:\/\/balkan-history.org\/wp-content\/uploads\/2022\/10\/C\u030cetnici-zloc\u030cini-04-650x433.webp\" alt=\"\" width=\"650\" height=\"433\" srcset=\"https:\/\/balkan-history.org\/wp-content\/uploads\/2022\/10\/C\u030cetnici-zloc\u030cini-04-650x433.webp 650w, https:\/\/balkan-history.org\/wp-content\/uploads\/2022\/10\/C\u030cetnici-zloc\u030cini-04-325x217.webp 325w\" sizes=\"auto, (max-width: 650px) 100vw, 650px\" \/>[\/vc_column_text][vc_column_text css=&#8221;.vc_custom_1668522962639{margin-top: -5px !important;border-top-width: 0px !important;padding-top: 0px !important;}&#8221;]<em>Image 24 \u2013 The Chetniks\u2019 atrocities 04<\/em>[\/vc_column_text][\/vc_column][\/vc_row][\/vc_section][vc_row full_width=&#8221;stretch_row_content_no_spaces&#8221; el_name=&#8221;Obradene teme&#8221; css=&#8221;.vc_custom_1619732500987{margin-top: 0px !important;}&#8221;][vc_column width=&#8221;1\/4&#8243; css=&#8221;.vc_custom_1525096300190{margin-bottom: 0px !important;}&#8221;]<style type=\"text\/css\">#ut_fancy_image_69de6c577cd74 .ut-fancy-image figcaption h3 { color: #ffffff; }#ut_fancy_image_69de6c577cd74 .ut-fancy-image { background: #141618; }#ut_fancy_image_69de6c577cd74.ut-fancy-image-wrap { margin-bottom: 0px; }<\/style><div id=\"ut_fancy_image_69de6c577cd74\" class=\"ut-fancy-image-wrap \"><a target=\"_self\" href=\"https:\/\/balkan-history.org\/en\/the-chetniks-before-the-second-world-war\/\" ><figure class=\"ut-fancy-image\">\r\n        <img loading=\"lazy\" decoding=\"async\" data-adaptive-images=\"{&quot;300&quot;:&quot;https:\\\/\\\/balkan-history.org\\\/wp-content\\\/uploads\\\/2022\\\/10\\\/C\\u030cetnici-Zastava-300x169.jpg&quot;,&quot;500&quot;:&quot;https:\\\/\\\/balkan-history.org\\\/wp-content\\\/uploads\\\/2022\\\/10\\\/C\\u030cetnici-Zastava-500x281.jpg&quot;,&quot;750&quot;:&quot;https:\\\/\\\/balkan-history.org\\\/wp-content\\\/uploads\\\/2022\\\/10\\\/C\\u030cetnici-Zastava-750x422.jpg&quot;,&quot;1000&quot;:&quot;https:\\\/\\\/balkan-history.org\\\/wp-content\\\/uploads\\\/2022\\\/10\\\/C\\u030cetnici-Zastava-1000x562.jpg&quot;,&quot;1500&quot;:&quot;https:\\\/\\\/balkan-history.org\\\/wp-content\\\/uploads\\\/2022\\\/10\\\/C\\u030cetnici-Zastava-1500x843.jpg&quot;,&quot;2500&quot;:&quot;https:\\\/\\\/balkan-history.org\\\/wp-content\\\/uploads\\\/2022\\\/10\\\/C\\u030cetnici-Zastava-2500x1406.jpg&quot;}\" src=\"data:image\/svg+xml;charset=utf-8,%3Csvg xmlns%3D'http%3A%2F%2Fwww.w3.org%2F2000%2Fsvg' viewBox%3D'0 0 1500 843'%2F%3E\" width=\"1500\" height=\"843\" data-src=\"https:\/\/balkan-history.org\/wp-content\/uploads\/2022\/10\/C\u030cetnici-Zastava-1500x843.jpg\" data-image-id=\"2134\" class=\"ut-adaptive-image wp-post-image skip-lazy \">\r\n\r\n        <figcaption><h3>THE CHETNIKS BEFORE THE SECOND WORLD WAR<\/h3><\/figcaption><\/figure><\/a><\/div>[\/vc_column][vc_column width=&#8221;1\/4&#8243;]<style type=\"text\/css\">#ut_fancy_image_69de6c57841fb .ut-fancy-image figcaption h3 { color: #ffffff; }#ut_fancy_image_69de6c57841fb .ut-fancy-image { background: #141618; }#ut_fancy_image_69de6c57841fb.ut-fancy-image-wrap { margin-bottom: 0px; }<\/style><div id=\"ut_fancy_image_69de6c57841fb\" class=\"ut-fancy-image-wrap \"><a target=\"_self\" href=\"https:\/\/balkan-history.org\/en\/the-chetniks-in-the-second-world-war\/\" ><figure class=\"ut-fancy-image\">\r\n        <img loading=\"lazy\" decoding=\"async\" data-adaptive-images=\"{&quot;300&quot;:&quot;https:\\\/\\\/balkan-history.org\\\/wp-content\\\/uploads\\\/2022\\\/10\\\/C\\u030cetnici-i-Draz\\u030ca-Mihailovic\\u0301-300x169.jpeg&quot;,&quot;500&quot;:&quot;https:\\\/\\\/balkan-history.org\\\/wp-content\\\/uploads\\\/2022\\\/10\\\/C\\u030cetnici-i-Draz\\u030ca-Mihailovic\\u0301-500x281.jpeg&quot;,&quot;750&quot;:&quot;https:\\\/\\\/balkan-history.org\\\/wp-content\\\/uploads\\\/2022\\\/10\\\/C\\u030cetnici-i-Draz\\u030ca-Mihailovic\\u0301-750x422.jpeg&quot;,&quot;1000&quot;:&quot;https:\\\/\\\/balkan-history.org\\\/wp-content\\\/uploads\\\/2022\\\/10\\\/C\\u030cetnici-i-Draz\\u030ca-Mihailovic\\u0301-1000x562.jpeg&quot;,&quot;1500&quot;:&quot;https:\\\/\\\/balkan-history.org\\\/wp-content\\\/uploads\\\/2022\\\/10\\\/C\\u030cetnici-i-Draz\\u030ca-Mihailovic\\u0301-1500x843.jpeg&quot;,&quot;2500&quot;:&quot;https:\\\/\\\/balkan-history.org\\\/wp-content\\\/uploads\\\/2022\\\/10\\\/C\\u030cetnici-i-Draz\\u030ca-Mihailovic\\u0301-2500x1406.jpeg&quot;}\" src=\"data:image\/svg+xml;charset=utf-8,%3Csvg xmlns%3D'http%3A%2F%2Fwww.w3.org%2F2000%2Fsvg' viewBox%3D'0 0 1500 843'%2F%3E\" width=\"1500\" height=\"843\" data-src=\"https:\/\/balkan-history.org\/wp-content\/uploads\/2022\/10\/C\u030cetnici-i-Draz\u030ca-Mihailovic\u0301-1500x843.jpeg\" data-image-id=\"2130\" class=\"ut-adaptive-image wp-post-image skip-lazy \">\r\n\r\n        <figcaption><h3>THE CHETNIKS IN THE SECOND WORLD WAR<\/h3><\/figcaption><\/figure><\/a><\/div>[\/vc_column][vc_column width=&#8221;1\/4&#8243; css=&#8221;.vc_custom_1525096293340{margin-bottom: 0px !important;}&#8221;]<style type=\"text\/css\">#ut_fancy_image_69de6c578a2f7 .ut-fancy-image figcaption h3 { color: #ffffff; }#ut_fancy_image_69de6c578a2f7 .ut-fancy-image { background: #141618; }#ut_fancy_image_69de6c578a2f7.ut-fancy-image-wrap { margin-bottom: 0px; }<\/style><div id=\"ut_fancy_image_69de6c578a2f7\" class=\"ut-fancy-image-wrap \"><a target=\"_self\" href=\"https:\/\/balkan-history.org\/en\/the-end-of-world-war-ii-and-the-chetnik-movement-in-yugoslavia\/\" ><figure class=\"ut-fancy-image\">\r\n        <img loading=\"lazy\" decoding=\"async\" data-adaptive-images=\"{&quot;300&quot;:&quot;https:\\\/\\\/balkan-history.org\\\/wp-content\\\/uploads\\\/2022\\\/10\\\/C\\u030cetnici-u-Zagrebu-300x169.jpg&quot;,&quot;500&quot;:&quot;https:\\\/\\\/balkan-history.org\\\/wp-content\\\/uploads\\\/2022\\\/10\\\/C\\u030cetnici-u-Zagrebu-500x281.jpg&quot;,&quot;750&quot;:&quot;https:\\\/\\\/balkan-history.org\\\/wp-content\\\/uploads\\\/2022\\\/10\\\/C\\u030cetnici-u-Zagrebu-750x422.jpg&quot;,&quot;1000&quot;:&quot;https:\\\/\\\/balkan-history.org\\\/wp-content\\\/uploads\\\/2022\\\/10\\\/C\\u030cetnici-u-Zagrebu-1000x562.jpg&quot;,&quot;1500&quot;:&quot;https:\\\/\\\/balkan-history.org\\\/wp-content\\\/uploads\\\/2022\\\/10\\\/C\\u030cetnici-u-Zagrebu-1500x843.jpg&quot;,&quot;2500&quot;:&quot;https:\\\/\\\/balkan-history.org\\\/wp-content\\\/uploads\\\/2022\\\/10\\\/C\\u030cetnici-u-Zagrebu-2500x1406.jpg&quot;}\" src=\"data:image\/svg+xml;charset=utf-8,%3Csvg xmlns%3D'http%3A%2F%2Fwww.w3.org%2F2000%2Fsvg' viewBox%3D'0 0 1500 843'%2F%3E\" width=\"1500\" height=\"843\" data-src=\"https:\/\/balkan-history.org\/wp-content\/uploads\/2022\/10\/C\u030cetnici-u-Zagrebu-1500x843.jpg\" data-image-id=\"2184\" class=\"ut-adaptive-image wp-post-image skip-lazy \">\r\n\r\n        <figcaption><h3>THE END OF WORLD WAR II AND THE CHETNIK MOVEMENT IN YUGOSLAVIA<\/h3><\/figcaption><\/figure><\/a><\/div>[\/vc_column][vc_column width=&#8221;1\/4&#8243;]<style type=\"text\/css\">#ut_fancy_image_69de6c5791822 .ut-fancy-image figcaption h3 { color: #ffffff; }#ut_fancy_image_69de6c5791822 .ut-fancy-image { background: #141618; }#ut_fancy_image_69de6c5791822.ut-fancy-image-wrap { margin-bottom: 0px; }<\/style><div id=\"ut_fancy_image_69de6c5791822\" class=\"ut-fancy-image-wrap \"><a target=\"_self\" href=\"https:\/\/balkan-history.org\/en\/the-chetniks-atrocities\/\" ><figure class=\"ut-fancy-image\">\r\n        <img loading=\"lazy\" decoding=\"async\" data-adaptive-images=\"{&quot;300&quot;:&quot;https:\\\/\\\/balkan-history.org\\\/wp-content\\\/uploads\\\/2022\\\/10\\\/C\\u030cetnici-zloc\\u030cini-03-300x169.jpg&quot;,&quot;500&quot;:&quot;https:\\\/\\\/balkan-history.org\\\/wp-content\\\/uploads\\\/2022\\\/10\\\/C\\u030cetnici-zloc\\u030cini-03-500x281.jpg&quot;,&quot;750&quot;:&quot;https:\\\/\\\/balkan-history.org\\\/wp-content\\\/uploads\\\/2022\\\/10\\\/C\\u030cetnici-zloc\\u030cini-03-750x422.jpg&quot;,&quot;1000&quot;:&quot;https:\\\/\\\/balkan-history.org\\\/wp-content\\\/uploads\\\/2022\\\/10\\\/C\\u030cetnici-zloc\\u030cini-03-1000x562.jpg&quot;,&quot;1500&quot;:&quot;https:\\\/\\\/balkan-history.org\\\/wp-content\\\/uploads\\\/2022\\\/10\\\/C\\u030cetnici-zloc\\u030cini-03-1500x843.jpg&quot;,&quot;2500&quot;:&quot;https:\\\/\\\/balkan-history.org\\\/wp-content\\\/uploads\\\/2022\\\/10\\\/C\\u030cetnici-zloc\\u030cini-03-2500x1406.jpg&quot;}\" src=\"data:image\/svg+xml;charset=utf-8,%3Csvg xmlns%3D'http%3A%2F%2Fwww.w3.org%2F2000%2Fsvg' viewBox%3D'0 0 1500 843'%2F%3E\" width=\"1500\" height=\"843\" data-src=\"https:\/\/balkan-history.org\/wp-content\/uploads\/2022\/10\/C\u030cetnici-zloc\u030cini-03-1500x843.jpg\" data-image-id=\"2215\" class=\"ut-adaptive-image wp-post-image skip-lazy \">\r\n\r\n        <figcaption><h3>THE CHETNIKS' ATROCITIES<\/h3><\/figcaption><\/figure><\/a><\/div>[\/vc_column][\/vc_row][vc_section css=&#8221;.vc_custom_1525220216628{background-color: #353234 !important;background-position: center !important;background-repeat: no-repeat !important;background-size: cover !important;}&#8221; el_name=&#8221;Social Section&#8221;][vc_row el_name=&#8221;Social Title&#8221;][vc_column]<div class=\"wpb_content_element \"><style type=\"text\/css\">#ut_header_69de6c579ea26 h2.section-title, #ut_header_69de6c579ea26 h2.section-title span { color:#ffffff; }#ut_header_69de6c579ea26 h2.section-title { font-size:50px !important;letter-spacing:-0.02em; }#ut_header_69de6c579ea26 .lead { color:rgba(255, 255, 255, 0.5); }#ut_header_69de6c579ea26 .lead p { color:rgba(255, 255, 255, 0.5); }<\/style><header id=\"ut_header_69de6c579ea26\" class=\"section-header  ut-no-title-linebreak-mobile ut-no-lead-linebreak-mobile pt-style-7 header-center header-tablet-center header-mobile-center\"><h2 data-title=\"Let's connect\"  data-responsive-font=\"section_title\" data-responsive-font-settings=\"{&quot;base-font-size&quot;:&quot;global&quot;,&quot;font-size&quot;:{&quot;desktop_large&quot;:&quot;50&quot;},&quot;base-line-height&quot;:&quot;global&quot;,&quot;base-letter-spacing&quot;:&quot;global&quot;,&quot;letter-spacing&quot;:{&quot;desktop_large&quot;:&quot;-0.02&quot;}}\" class=\"section-title  \"><span>Let's connect<\/span><\/h2><div data-delay=\"0\" class=\"lead \"><p>Connect with us on social networks<\/p>\n<\/div><\/header><\/div><div class=\"wpb_content_element \"><style class=\"bklyn-inline-styles\" type=\"text\/css\">#ut_sf_69de6c57a2c78 li a i { color: rgba(204,173,143,0.5); }#ut_sf_69de6c57a2c78 li a:hover i { color: #ccad8f; }#ut_sf_69de6c57a2c78 li a:focus i { color: #ccad8f; }#ut_sf_69de6c57a2c78 { font-size: 30px; }<\/style><ul id=\"ut_sf_69de6c57a2c78\" class=\"ut-social-follow-module  ut-social-follow-module-center ut-social-follow-module-tablet-center ut-social-follow-module-mobile-center ut-social-follow-module-20\" data-settings=\"{&quot;animate&quot;:false,&quot;effect&quot;:&quot;&quot;,&quot;delay_animation&quot;:false,&quot;global_delay_animation&quot;:false,&quot;delay_timer&quot;:100,&quot;global_delay_timer&quot;:100}\"><li  class=\"ut-social-follow-0 ut-social-follow-icon-only \"><a class=\"ut-social-follow-link\" title=\"\" href=\"https:\/\/www.facebook.com\/Bleiburg-%C4%8Dinjenice-i-interpretacije-107580081471610\" target=\" _blank\" ><i class=\"fa fa-facebook-square\"><\/i><\/a><\/li><\/ul><\/div>[\/vc_column][\/vc_row][\/vc_section]<\/p>\n","protected":false},"excerpt":{"rendered":"<p>[vc_section el_name=&#8221;Text area&#8221; css=&#8221;.vc_custom_1628861801859{padding-bottom: 10px !important;background-color: rgba(189, 187, 187, 0.58) !important;*background-color: rgba(189,187, 187, 0.58) !important;}&#8221;][vc_row css=&#8221;.vc_custom_1666873806854{padding-top: 0px !important;}&#8221; el_name=&#8221;\u010cetni\u010dki zlo\u010dini&#8221;][vc_column][vc_column_text] The Chetniks\u2019 Atrocities Over the course of World War II in Yugoslavia members of the Chetnik movement \/ Yugoslav Army in the Homeland committed numerous mass atrocities. Some of these crimes were motivated by ideological [&hellip;]<\/p>\n","protected":false},"author":1,"featured_media":0,"parent":0,"menu_order":0,"comment_status":"closed","ping_status":"closed","template":"","meta":{"footnotes":""},"class_list":["post-2248","page","type-page","status-publish","hentry"],"_links":{"self":[{"href":"https:\/\/balkan-history.org\/en\/wp-json\/wp\/v2\/pages\/2248","targetHints":{"allow":["GET"]}}],"collection":[{"href":"https:\/\/balkan-history.org\/en\/wp-json\/wp\/v2\/pages"}],"about":[{"href":"https:\/\/balkan-history.org\/en\/wp-json\/wp\/v2\/types\/page"}],"author":[{"embeddable":true,"href":"https:\/\/balkan-history.org\/en\/wp-json\/wp\/v2\/users\/1"}],"replies":[{"embeddable":true,"href":"https:\/\/balkan-history.org\/en\/wp-json\/wp\/v2\/comments?post=2248"}],"version-history":[{"count":4,"href":"https:\/\/balkan-history.org\/en\/wp-json\/wp\/v2\/pages\/2248\/revisions"}],"predecessor-version":[{"id":2299,"href":"https:\/\/balkan-history.org\/en\/wp-json\/wp\/v2\/pages\/2248\/revisions\/2299"}],"wp:attachment":[{"href":"https:\/\/balkan-history.org\/en\/wp-json\/wp\/v2\/media?parent=2248"}],"curies":[{"name":"wp","href":"https:\/\/api.w.org\/{rel}","templated":true}]}}